{"id":2226,"date":"2017-03-14T10:03:37","date_gmt":"2017-03-14T09:03:37","guid":{"rendered":"http:\/\/agora.xtec.cat\/ceip-masiperera\/?page_id=2226"},"modified":"2021-09-28T10:28:00","modified_gmt":"2021-09-28T08:28:00","slug":"projecte-musica","status":"publish","type":"page","link":"https:\/\/agora.xtec.cat\/ceip-masiperera\/lescola\/els-projectes-de-lescola\/projecte-musica\/","title":{"rendered":"Projecte + m\u00fasica"},"content":{"rendered":"<p style=\"text-align: justify;\">El projecte <span style=\"color: #ff0000;\"><strong><em>+ m\u00fasica<\/em><\/strong>,<\/span> \u00e9s un projecte innovador per oferir un espai on portar a la pr\u00e0ctica l\u2019<strong>aprenentatge d\u2019un instrument musical<\/strong>\u00a0dins de l\u2019escola.<\/p>\n<p style=\"text-align: justify;\">Es reconeixen tots els valors associats a una activitat coral, de la qual tothom en forma part i on l\u2019aportaci\u00f3 individual \u00e9s indispensable, on totes les peces s\u00f3n necess\u00e0ries. I es percep alhora la satisfacci\u00f3 personal i com a grup, ja que l\u2019atenci\u00f3, concentraci\u00f3, inter\u00e8s, i curiositat i predisposici\u00f3 per aprendre s\u00f3n <strong>conceptes indispensables de l\u2019aprenentatge i d\u2019alt\u00edssim valor.<\/strong><\/p>\n<p style=\"text-align: justify;\">L\u2019activitat es duu terme <strong>dins l\u2019horari lectiu<\/strong>, est\u00e0 pensat per treballar amb els alumnes de Cicle Mitj\u00e0 i Cicle Superior de l&#8217;escola.<\/p>\n<p style=\"text-align: justify;\">Aquest projecte va rebre, en el seu inici, el suport de l\u2019Ajuntament de Vilafranca.<\/p>\n<p style=\"text-align: justify;\">A la nostra escola estem aprenent a tocar els clarinets, els sax\u00f2fons i els trombons.<\/p>\n<p style=\"text-align: justify;\"><a href=\"http:\/\/agora.xtec.cat\/ceip-masiperera\/categoria\/musica\/musica-musica\/\">Voleu est\u00e0 al dia d&#8217;aquest projecte?\u00a0<\/a><\/p>\n<h2 style=\"text-align: justify;\"><span style=\"color: #33cccc;\">Passeu, passeu i escolteu com sonem!!!<\/span><\/h2>\n<p>&nbsp;<\/p>\n<p><a href=\"http:\/\/agora.xtec.cat\/ceip-masiperera\/wp-content\/uploads\/usu690\/2017\/03\/IMG_9484-1.jpg\"><img loading=\"lazy\" decoding=\"async\" class=\"alignnone size-full wp-image-2227\" src=\"http:\/\/agora.xtec.cat\/ceip-masiperera\/wp-content\/uploads\/usu690\/2017\/03\/IMG_9484-1.jpg\" alt=\"img_9484-1\" width=\"1024\" height=\"768\" srcset=\"https:\/\/agora.xtec.cat\/ceip-masiperera\/wp-content\/uploads\/usu690\/2017\/03\/IMG_9484-1.jpg 1024w, https:\/\/agora.xtec.cat\/ceip-masiperera\/wp-content\/uploads\/usu690\/2017\/03\/IMG_9484-1-300x225.jpg 300w, https:\/\/agora.xtec.cat\/ceip-masiperera\/wp-content\/uploads\/usu690\/2017\/03\/IMG_9484-1-768x576.jpg 768w, https:\/\/agora.xtec.cat\/ceip-masiperera\/wp-content\/uploads\/usu690\/2017\/03\/IMG_9484-1-200x150.jpg 200w\" sizes=\"auto, (max-width: 1024px) 100vw, 1024px\" \/><\/a><\/p>\n","protected":false},"excerpt":{"rendered":"<p>El projecte + m\u00fasica, \u00e9s un projecte innovador per oferir un espai on portar a la pr\u00e0ctica l\u2019aprenentatge d\u2019un instrument musical\u00a0dins de l\u2019escola.<br \/>\nEs reconeixen tots els valors associats a una activitat coral, de la qual tothom en forma part i on l\u2019aportaci\u00f3 individual \u00e9s indispensable,&hellip;  <a href=\"https:\/\/agora.xtec.cat\/ceip-masiperera\/lescola\/els-projectes-de-lescola\/projecte-musica\/\" title=\"Read Projecte + m\u00fasica\">Llegeix m\u00e9s\u00bb<\/a><\/p>\n","protected":false},"author":1,"featured_media":0,"parent":429,"menu_order":5,"comment_status":"closed","ping_status":"closed","template":"","meta":{"_bbp_topic_count":0,"_bbp_reply_count":0,"_bbp_total_topic_count":0,"_bbp_total_reply_count":0,"_bbp_voice_count":0,"_bbp_anonymous_reply_count":0,"_bbp_topic_count_hidden":0,"_bbp_reply_count_hidden":0,"_bbp_forum_subforum_count":0,"footnotes":""},"class_list":["post-2226","page","type-page","status-publish","hentry"],"post_mailing_queue_ids":[],"_links":{"self":[{"href":"https:\/\/agora.xtec.cat\/ceip-masiperera\/wp-json\/wp\/v2\/pages\/2226","targetHints":{"allow":["GET"]}}],"collection":[{"href":"https:\/\/agora.xtec.cat\/ceip-masiperera\/wp-json\/wp\/v2\/pages"}],"about":[{"href":"https:\/\/agora.xtec.cat\/ceip-masiperera\/wp-json\/wp\/v2\/types\/page"}],"author":[{"embeddable":true,"href":"https:\/\/agora.xtec.cat\/ceip-masiperera\/wp-json\/wp\/v2\/users\/1"}],"replies":[{"embeddable":true,"href":"https:\/\/agora.xtec.cat\/ceip-masiperera\/wp-json\/wp\/v2\/comments?post=2226"}],"version-history":[{"count":2,"href":"https:\/\/agora.xtec.cat\/ceip-masiperera\/wp-json\/wp\/v2\/pages\/2226\/revisions"}],"predecessor-version":[{"id":9421,"href":"https:\/\/agora.xtec.cat\/ceip-masiperera\/wp-json\/wp\/v2\/pages\/2226\/revisions\/9421"}],"up":[{"embeddable":true,"href":"https:\/\/agora.xtec.cat\/ceip-masiperera\/wp-json\/wp\/v2\/pages\/429"}],"wp:attachment":[{"href":"https:\/\/agora.xtec.cat\/ceip-masiperera\/wp-json\/wp\/v2\/media?parent=2226"}],"curies":[{"name":"wp","href":"https:\/\/api.w.org\/{rel}","templated":true}]}}