{"id":2207,"date":"2017-03-14T09:17:49","date_gmt":"2017-03-14T08:17:49","guid":{"rendered":"http:\/\/agora.xtec.cat\/ceip-masiperera\/?page_id=2207"},"modified":"2018-02-18T10:28:28","modified_gmt":"2018-02-18T09:28:28","slug":"projecte-de-reutilitzacio-de-llibres-de-text","status":"publish","type":"page","link":"https:\/\/agora.xtec.cat\/ceip-masiperera\/lescola\/els-projectes-de-lescola\/projecte-de-reutilitzacio-de-llibres-de-text\/","title":{"rendered":"Projecte de Reutilitzaci\u00f3 de Llibres de Text"},"content":{"rendered":"<p style=\"text-align: justify;\"><span style=\"color: #000000;\">Aquest\u00a0 programa \u00a0disposa d\u2019un fons de llibres i material did\u00e0ctic d\u2019escola. Entren al programa, en servei de pr\u00e9stec a les fam\u00edlies, els llibres de text de 1r a 6\u00e8 que s\u00f3n reutilitzables, els diccionaris, els\u00a0atles\u2026que s\u00f3n a l\u2019abast dels i de les alumnes.<\/span><\/p>\n<p style=\"text-align: justify;\"><span style=\"color: #000000;\">Treballem perqu\u00e8 l\u2019alumnat conservi els llibres en bon estat, no estiguin guixats ni estripats i es puguin\u00a0 reutilitzar.<\/span><\/p>\n<p style=\"text-align: justify;\"><span style=\"color: #000000;\">El m\u00e9s valu\u00f3s d\u2019aquest programa \u00e9s que \u00e9s una gran oportunitat\u00a0 que tenim per educar millor els nostres fills i filles i a la vegada representa un gran estalvi familiar.<\/span><\/p>\n<p style=\"text-align: center;\"><span style=\"color: #000000;\">.<a href=\"http:\/\/agora.xtec.cat\/ceip-masiperera\/wp-content\/uploads\/usu690\/2017\/03\/reutilitzaci\u00f3.jpe\"><img loading=\"lazy\" decoding=\"async\" class=\"alignnone size-full wp-image-2208\" src=\"http:\/\/agora.xtec.cat\/ceip-masiperera\/wp-content\/uploads\/usu690\/2017\/03\/reutilitzaci\u00f3.jpe\" alt=\"reutilitzacio\" width=\"150\" height=\"200\" \/><\/a><\/span><\/p>\n","protected":false},"excerpt":{"rendered":"<p>Aquest\u00a0 programa \u00a0disposa d\u2019un fons de llibres i material did\u00e0ctic d\u2019escola. Entren al programa, en servei de pr\u00e9stec a les fam\u00edlies, els llibres de text de 1r a 6\u00e8 que s\u00f3n reutilitzables, els diccionaris, els\u00a0atles\u2026que s\u00f3n a l\u2019abast dels i de les alumnes.<br \/>\nTreballem perqu\u00e8 l\u2019alumnat&hellip;  <a href=\"https:\/\/agora.xtec.cat\/ceip-masiperera\/lescola\/els-projectes-de-lescola\/projecte-de-reutilitzacio-de-llibres-de-text\/\" title=\"Read Projecte de Reutilitzaci\u00f3 de Llibres de Text\">Llegeix m\u00e9s\u00bb<\/a><\/p>\n","protected":false},"author":1,"featured_media":0,"parent":429,"menu_order":3,"comment_status":"closed","ping_status":"closed","template":"","meta":{"_bbp_topic_count":0,"_bbp_reply_count":0,"_bbp_total_topic_count":0,"_bbp_total_reply_count":0,"_bbp_voice_count":0,"_bbp_anonymous_reply_count":0,"_bbp_topic_count_hidden":0,"_bbp_reply_count_hidden":0,"_bbp_forum_subforum_count":0,"footnotes":""},"class_list":["post-2207","page","type-page","status-publish","hentry"],"post_mailing_queue_ids":[],"_links":{"self":[{"href":"https:\/\/agora.xtec.cat\/ceip-masiperera\/wp-json\/wp\/v2\/pages\/2207","targetHints":{"allow":["GET"]}}],"collection":[{"href":"https:\/\/agora.xtec.cat\/ceip-masiperera\/wp-json\/wp\/v2\/pages"}],"about":[{"href":"https:\/\/agora.xtec.cat\/ceip-masiperera\/wp-json\/wp\/v2\/types\/page"}],"author":[{"embeddable":true,"href":"https:\/\/agora.xtec.cat\/ceip-masiperera\/wp-json\/wp\/v2\/users\/1"}],"replies":[{"embeddable":true,"href":"https:\/\/agora.xtec.cat\/ceip-masiperera\/wp-json\/wp\/v2\/comments?post=2207"}],"version-history":[{"count":3,"href":"https:\/\/agora.xtec.cat\/ceip-masiperera\/wp-json\/wp\/v2\/pages\/2207\/revisions"}],"predecessor-version":[{"id":2214,"href":"https:\/\/agora.xtec.cat\/ceip-masiperera\/wp-json\/wp\/v2\/pages\/2207\/revisions\/2214"}],"up":[{"embeddable":true,"href":"https:\/\/agora.xtec.cat\/ceip-masiperera\/wp-json\/wp\/v2\/pages\/429"}],"wp:attachment":[{"href":"https:\/\/agora.xtec.cat\/ceip-masiperera\/wp-json\/wp\/v2\/media?parent=2207"}],"curies":[{"name":"wp","href":"https:\/\/api.w.org\/{rel}","templated":true}]}}