{"id":22,"date":"2014-09-18T12:19:57","date_gmt":"2014-09-18T11:19:57","guid":{"rendered":"http:\/\/agora.xtec.cat\/ceip-masiperera\/?page_id=22"},"modified":"2022-02-07T18:04:59","modified_gmt":"2022-02-07T17:04:59","slug":"lescola","status":"publish","type":"page","link":"https:\/\/agora.xtec.cat\/ceip-masiperera\/lescola\/","title":{"rendered":"L&#8217;ESCOLA"},"content":{"rendered":"<ul>\n<li style=\"text-align: justify;\"><span style=\"font-family: 'trebuchet ms', sans-serif; font-size: medium; color: #000000;\">Entenem l&#8217;escola com un centre de conviv\u00e8ncia i de formaci\u00f3, desvetllador i desenvolupador de totes les capacitats de l&#8217;infant, tant intel\u00b7lectuals com f\u00edsiques, afectives, art\u00edstiques i creatives, de relaci\u00f3 i comunicaci\u00f3 en el cam\u00ed per aconseguir una educaci\u00f3 harm\u00f2nica i integral, tot respectant les difer\u00e8ncies individuals, aix\u00ed mateix, l&#8217;escola ha d&#8217;acomplir una funci\u00f3 compensadora i anivelladora de les desigualtats s\u00f2cio-culturals.<\/span><\/li>\n<\/ul>\n<ul style=\"text-align: justify;\">\n<li><span style=\"font-family: 'trebuchet ms', sans-serif; font-size: medium; color: #000000;\">L&#8217;escola ha d&#8217;estar inserida i arrelada al medi i a la societat, de la qual forma part. Cal tenir present la interacci\u00f3 nen-medi en totes les activitats escolars, aix\u00ed com el coneixement i comprensi\u00f3 de l&#8217;entorn geogr\u00e0fic, hist\u00f2ric i s\u00f2cio-cultural a nivell de municipi, comarca i de la realitat nacional de Catalunya. Igualment l&#8217;escola ha d&#8217;\u00e9sser estimuladora dels valors democr\u00e0tics, del respecte, la conviv\u00e8ncia i la pau.<\/span><\/li>\n<\/ul>\n<ul>\n<li style=\"text-align: justify;\"><span style=\"font-family: 'trebuchet ms', sans-serif; font-size: medium; color: #000000;\">L&#8217;escola \u00e9s el lloc de treball obert on nens i nenes, mestres, pares i mares i altres entitats, vinculades al m\u00f3n educatiu o que puguin vincular-s&#8217;hi, &#8211; cadasc\u00fa des de la seva responsabilitat, treballen conjuntament per ajudar els nens i nenes a entendre el m\u00f3n a partir de la seva realitat i a adoptar davant la societat una actitud positiva, transformadora i activa.<\/span><\/li>\n<\/ul>\n","protected":false},"excerpt":{"rendered":"<ul>\n<li style=\"text-align: justify;\">Entenem l&#8217;escola com un centre de conviv\u00e8ncia i de formaci\u00f3, desvetllador i desenvolupador de totes les capacitats de l&#8217;infant, tant intel\u00b7lectuals com f\u00edsiques, afectives, art\u00edstiques i creatives, de relaci\u00f3 i comunicaci\u00f3 en el cam\u00ed per aconseguir una educaci\u00f3 harm\u00f2nica i integral, tot respectant&hellip;  <a href=\"https:\/\/agora.xtec.cat\/ceip-masiperera\/lescola\/\" title=\"Read L&#8217;ESCOLA\">Llegeix m\u00e9s\u00bb<\/a><br \/>\n","protected":false},"author":1,"featured_media":0,"parent":0,"menu_order":0,"comment_status":"closed","ping_status":"closed","template":"page-templates\/side-menu.php","meta":{"_bbp_topic_count":0,"_bbp_reply_count":0,"_bbp_total_topic_count":0,"_bbp_total_reply_count":0,"_bbp_voice_count":0,"_bbp_anonymous_reply_count":0,"_bbp_topic_count_hidden":0,"_bbp_reply_count_hidden":0,"_bbp_forum_subforum_count":0,"footnotes":""},"class_list":["post-22","page","type-page","status-publish","hentry"],"post_mailing_queue_ids":[],"_links":{"self":[{"href":"https:\/\/agora.xtec.cat\/ceip-masiperera\/wp-json\/wp\/v2\/pages\/22","targetHints":{"allow":["GET"]}}],"collection":[{"href":"https:\/\/agora.xtec.cat\/ceip-masiperera\/wp-json\/wp\/v2\/pages"}],"about":[{"href":"https:\/\/agora.xtec.cat\/ceip-masiperera\/wp-json\/wp\/v2\/types\/page"}],"author":[{"embeddable":true,"href":"https:\/\/agora.xtec.cat\/ceip-masiperera\/wp-json\/wp\/v2\/users\/1"}],"replies":[{"embeddable":true,"href":"https:\/\/agora.xtec.cat\/ceip-masiperera\/wp-json\/wp\/v2\/comments?post=22"}],"version-history":[{"count":3,"href":"https:\/\/agora.xtec.cat\/ceip-masiperera\/wp-json\/wp\/v2\/pages\/22\/revisions"}],"predecessor-version":[{"id":9848,"href":"https:\/\/agora.xtec.cat\/ceip-masiperera\/wp-json\/wp\/v2\/pages\/22\/revisions\/9848"}],"wp:attachment":[{"href":"https:\/\/agora.xtec.cat\/ceip-masiperera\/wp-json\/wp\/v2\/media?parent=22"}],"curies":[{"name":"wp","href":"https:\/\/api.w.org\/{rel}","templated":true}]}}