{"id":2192,"date":"2017-03-14T08:14:51","date_gmt":"2017-03-14T07:14:51","guid":{"rendered":"http:\/\/agora.xtec.cat\/ceip-masiperera\/?page_id=2192"},"modified":"2025-02-20T12:28:48","modified_gmt":"2025-02-20T11:28:48","slug":"la-biblioteca","status":"publish","type":"page","link":"https:\/\/agora.xtec.cat\/ceip-masiperera\/lescola\/els-projectes-de-lescola\/la-biblioteca\/","title":{"rendered":"La Biblioteca"},"content":{"rendered":"<p style=\"text-align: justify;\"><span style=\"color: #000000;\">L\u2019escola disposa de Biblioteca des dels seus inicis, el curs 80-81, i des del curs 07-08 som biblioteca Punt<em>edu.\u00a0<\/em>En horari escolar l&#8217;alumnat hi fa activitats de lectura, d\u2019animaci\u00f3 lectora, de recerca d&#8217;informaci\u00f3, de pensament computacional i de llenguatge audiovisual.\u00a0<\/span><\/p>\n<p style=\"text-align: justify;\"><span style=\"color: #000000;\">Volem fomentar tamb\u00e9 la lectura en temps lliure, i la lectura compartida fam\u00edlia-fills\/es. \u00c9s per aix\u00f2 que considerem molt important que els vostres fills i filles vagin a la biblioteca un cop acabades les classes, de manera m\u00e9s l\u00fadica. Els m\u00e9s petits acompanyats per les fam\u00edlies. La Biblioteca est\u00e0 oberta de dilluns a divendres durant l\u2019hora del pati i de 16:30 a 18h per : LLEGIR, ESTUDIAR, BUSCAR INFORMACI\u00d3, DEMANAR LLIBRES O REVISTES EN PR\u00c9STEC\u2026<\/span><\/p>\n<p style=\"text-align: justify;\"><span style=\"color: #000000;\">Per Nadal, Sant Jordi i Final de Curs rebreu una guia de lectura amb algunes recomanacions per llegir a casa.\u00a0<\/span><\/p>\n<p style=\"text-align: justify;\"><span style=\"color: #000000;\">I des de ja fa uns anys, la Biblioteca organitza unes Jornades Liter\u00e0ries i la Primavera Cultural. Les Jornades Liter\u00e0ries s\u00f3n un conjunt d&#8217;activitats liter\u00e0ries, adre\u00e7ades a nens i nenes i fam\u00edlies, que es fan durant un dissabte al mat\u00ed. S&#8217;han fet Jornades del Tint\u00edn, Roald Dahl, Contes tradicionals&#8230; I la Primavera Cultural s\u00f3n diferents activitats liter\u00e0ries setmanals que es fan a la tarda fora d&#8217;horari escolar, durant un mes. A m\u00e9s a m\u00e9s, durant l&#8217;any, a la Biblioteca tamb\u00e9 es fan Biblitots (hores del conte), concursos, activitats&#8230;<\/span><\/p>\n<p><span style=\"color: #008080;\"><strong>Altres aspectes a destacar de la Biblioteca:<\/strong><\/span><\/p>\n<p><span style=\"color: #000000;\">El curs 2020\/2021 vam guanyar el <b>Premi Nacional<\/b> de Bones Pr\u00e0ctiques que atorga el Ministeri d&#8217;Educaci\u00f3 i Formaci\u00f3 professional adre\u00e7at a centres escolars amb el projecte \u201cL&#8217;ess\u00e8ncia de l&#8217;escola: una forma de ser, veure i entendre l&#8217;educaci\u00f3&#8221;.\u00a0<\/span><\/p>\n<p><span style=\"color: #000000;\">El curs 2021\/2022 i el 2022\/2023 vam participar en un programa Erasmus + subvencionat per la Uni\u00f3 Europea que ens va permetre descobrir Biblioteques Escolars d&#8217;It\u00e0lia, Gr\u00e8cia, Portugal i Finl\u00e0ndia.\u00a0<\/span><\/p>\n<p><span style=\"color: #000000;\">El curs 2023\/2024 vam ser seleccionats per la Fundaci\u00f3 Bofill per formar part del Projecte Bibliotech; \u00a0un projecte de transformaci\u00f3 de les biblioteques escolars pel desenvolupament d&#8217;aprenentatges i noves alfabetitzacions digitals.<\/span><\/p>\n<p style=\"text-align: justify;\"><span style=\"color: #000000;\">Si voleu estar al dia de totes les coses que passen a la Biblioteca de l\u2019escola, podeu consultar el seu bloc! (<a href=\"https:\/\/blocs.xtec.cat\/masibiblioteca\/\">https:\/\/blocs.xtec.cat\/masibiblioteca\/<\/a>)<\/span><\/p>\n<p>&nbsp;<\/p>\n\n\t\t<style type=\"text\/css\">\n\t\t\t#gallery-1 {\n\t\t\t\tmargin: auto;\n\t\t\t}\n\t\t\t#gallery-1 .gallery-item {\n\t\t\t\tfloat: left;\n\t\t\t\tmargin-top: 10px;\n\t\t\t\ttext-align: center;\n\t\t\t\twidth: 100%;\n\t\t\t}\n\t\t\t#gallery-1 img {\n\t\t\t\tborder: 2px solid #cfcfcf;\n\t\t\t}\n\t\t\t#gallery-1 .gallery-caption {\n\t\t\t\tmargin-left: 0;\n\t\t\t}\n\t\t\t\/* see gallery_shortcode() in wp-includes\/media.php *\/\n\t\t<\/style>\n\t\t<div id='gallery-1' class='gallery galleryid-2192 gallery-columns-1 gallery-size-full'><dl class='gallery-item'>\n\t\t\t<dt class='gallery-icon landscape'>\n\t\t\t\t<a href='https:\/\/agora.xtec.cat\/ceip-masiperera\/lescola\/els-projectes-de-lescola\/la-biblioteca\/attachment\/hora-del-conte\/'><img loading=\"lazy\" decoding=\"async\" width=\"1600\" height=\"900\" src=\"https:\/\/agora.xtec.cat\/ceip-masiperera\/wp-content\/uploads\/usu690\/2025\/02\/Hora-del-conte.jpg\" class=\"attachment-full size-full\" alt=\"\" srcset=\"https:\/\/agora.xtec.cat\/ceip-masiperera\/wp-content\/uploads\/usu690\/2025\/02\/Hora-del-conte.jpg 1600w, https:\/\/agora.xtec.cat\/ceip-masiperera\/wp-content\/uploads\/usu690\/2025\/02\/Hora-del-conte-300x169.jpg 300w, https:\/\/agora.xtec.cat\/ceip-masiperera\/wp-content\/uploads\/usu690\/2025\/02\/Hora-del-conte-1024x576.jpg 1024w, https:\/\/agora.xtec.cat\/ceip-masiperera\/wp-content\/uploads\/usu690\/2025\/02\/Hora-del-conte-768x432.jpg 768w, https:\/\/agora.xtec.cat\/ceip-masiperera\/wp-content\/uploads\/usu690\/2025\/02\/Hora-del-conte-1536x864.jpg 1536w\" sizes=\"auto, (max-width: 1600px) 100vw, 1600px\" \/><\/a>\n\t\t\t<\/dt><\/dl><br style=\"clear: both\" \/><dl class='gallery-item'>\n\t\t\t<dt class='gallery-icon landscape'>\n\t\t\t\t<a href='https:\/\/agora.xtec.cat\/ceip-masiperera\/lescola\/els-projectes-de-lescola\/la-biblioteca\/attachment\/biblioteca-2\/'><img loading=\"lazy\" decoding=\"async\" width=\"2000\" height=\"1333\" src=\"https:\/\/agora.xtec.cat\/ceip-masiperera\/wp-content\/uploads\/usu690\/2025\/02\/biblioteca-2.jpg\" class=\"attachment-full size-full\" alt=\"\" srcset=\"https:\/\/agora.xtec.cat\/ceip-masiperera\/wp-content\/uploads\/usu690\/2025\/02\/biblioteca-2.jpg 2000w, https:\/\/agora.xtec.cat\/ceip-masiperera\/wp-content\/uploads\/usu690\/2025\/02\/biblioteca-2-300x200.jpg 300w, https:\/\/agora.xtec.cat\/ceip-masiperera\/wp-content\/uploads\/usu690\/2025\/02\/biblioteca-2-1024x682.jpg 1024w, https:\/\/agora.xtec.cat\/ceip-masiperera\/wp-content\/uploads\/usu690\/2025\/02\/biblioteca-2-768x512.jpg 768w, https:\/\/agora.xtec.cat\/ceip-masiperera\/wp-content\/uploads\/usu690\/2025\/02\/biblioteca-2-1536x1024.jpg 1536w\" sizes=\"auto, (max-width: 2000px) 100vw, 2000px\" \/><\/a>\n\t\t\t<\/dt><\/dl><br style=\"clear: both\" \/>\n\t\t<\/div>\n\n","protected":false},"excerpt":{"rendered":"<p>L\u2019escola disposa de Biblioteca des dels seus inicis, el curs 80-81, i des del curs 07-08 som biblioteca Puntedu.\u00a0En horari escolar l&#8217;alumnat hi fa activitats de lectura, d\u2019animaci\u00f3 lectora, de recerca d&#8217;informaci\u00f3, de pensament computacional i de llenguatge audiovisual.\u00a0<br \/>\nVolem fomentar tamb\u00e9 la lectura en temps&hellip;  <a href=\"https:\/\/agora.xtec.cat\/ceip-masiperera\/lescola\/els-projectes-de-lescola\/la-biblioteca\/\" title=\"Read La Biblioteca\">Llegeix m\u00e9s\u00bb<\/a><\/p>\n","protected":false},"author":1,"featured_media":0,"parent":429,"menu_order":1,"comment_status":"closed","ping_status":"closed","template":"","meta":{"_bbp_topic_count":0,"_bbp_reply_count":0,"_bbp_total_topic_count":0,"_bbp_total_reply_count":0,"_bbp_voice_count":0,"_bbp_anonymous_reply_count":0,"_bbp_topic_count_hidden":0,"_bbp_reply_count_hidden":0,"_bbp_forum_subforum_count":0,"footnotes":""},"class_list":["post-2192","page","type-page","status-publish","hentry"],"post_mailing_queue_ids":[],"_links":{"self":[{"href":"https:\/\/agora.xtec.cat\/ceip-masiperera\/wp-json\/wp\/v2\/pages\/2192","targetHints":{"allow":["GET"]}}],"collection":[{"href":"https:\/\/agora.xtec.cat\/ceip-masiperera\/wp-json\/wp\/v2\/pages"}],"about":[{"href":"https:\/\/agora.xtec.cat\/ceip-masiperera\/wp-json\/wp\/v2\/types\/page"}],"author":[{"embeddable":true,"href":"https:\/\/agora.xtec.cat\/ceip-masiperera\/wp-json\/wp\/v2\/users\/1"}],"replies":[{"embeddable":true,"href":"https:\/\/agora.xtec.cat\/ceip-masiperera\/wp-json\/wp\/v2\/comments?post=2192"}],"version-history":[{"count":7,"href":"https:\/\/agora.xtec.cat\/ceip-masiperera\/wp-json\/wp\/v2\/pages\/2192\/revisions"}],"predecessor-version":[{"id":12103,"href":"https:\/\/agora.xtec.cat\/ceip-masiperera\/wp-json\/wp\/v2\/pages\/2192\/revisions\/12103"}],"up":[{"embeddable":true,"href":"https:\/\/agora.xtec.cat\/ceip-masiperera\/wp-json\/wp\/v2\/pages\/429"}],"wp:attachment":[{"href":"https:\/\/agora.xtec.cat\/ceip-masiperera\/wp-json\/wp\/v2\/media?parent=2192"}],"curies":[{"name":"wp","href":"https:\/\/api.w.org\/{rel}","templated":true}]}}