{"id":2090,"date":"2017-03-07T09:00:32","date_gmt":"2017-03-07T08:00:32","guid":{"rendered":"http:\/\/agora.xtec.cat\/ceip-masiperera\/?page_id=2090"},"modified":"2022-02-07T17:55:01","modified_gmt":"2022-02-07T16:55:01","slug":"els-nostres-gegants-i-capgrossos","status":"publish","type":"page","link":"https:\/\/agora.xtec.cat\/ceip-masiperera\/lescola\/els-nostres-gegants-i-capgrossos\/","title":{"rendered":"ELS NOSTRES GEGANTS I CAPGROSSOS"},"content":{"rendered":"<h5><span style=\"color: #008080;\"><strong>ELS NOSTRES GEGANTS<\/strong><\/span><\/h5>\n<p>En <span style=\"color: #3366ff;\"><strong>Jan Perera<\/strong><\/span> i la <span style=\"color: #3366ff;\"><strong>Jana Masi<\/strong> <\/span>s\u00f3n els <strong>gegants de l&#8217;escola.<\/strong><\/p>\n<p>Al <strong>Jan Perera <\/strong>el van batejar l&#8217;any 1990! Ja fa molts anys que viu a l&#8217;escola. \u00a0El 2008 es va enamorar de la <strong>Jana Masi <\/strong>\u2026 i ara els tenim tots dos vivint a l&#8217;escola!!El primer dia de curs ens v\u00e9nen a rebre.<\/p>\n<p>A vegades ens envien missatges demanant-nos que procurem no fer residus o que no malgastem l&#8217;aigua\u2026 Si fem una exposici\u00f3 surten a visitar-la\u2026 I ens acompanyen a la majoria de festes i dies especials que celebrem: Sant Jordi, a les Jornades Liter\u00e0ries,&#8230;<\/p>\n<p>I a final de curs sempre v\u00e9nen a ballar amb tots nosaltres i a dir un fort ad\u00e9u als nens i nenes que ja acaben l&#8217;escola.<\/p>\n<p><a href=\"https:\/\/agora.xtec.cat\/ceip-masiperera\/wp-content\/uploads\/usu690\/2022\/02\/LA-LLEGENDA-DEN-JAN-PERERA.pdf\">Voleu con\u00e8ixer la Llegenda del Jan Perera?<\/a><\/p>\n<p><a href=\"https:\/\/agora.xtec.cat\/ceip-masiperera\/wp-content\/uploads\/usu690\/2017\/03\/Jan-i-Joana.jpeg\"><img loading=\"lazy\" decoding=\"async\" class=\"wp-image-2093 aligncenter\" src=\"https:\/\/agora.xtec.cat\/ceip-masiperera\/wp-content\/uploads\/usu690\/2017\/03\/Jan-i-Joana.jpeg\" alt=\"\" width=\"298\" height=\"397\" srcset=\"https:\/\/agora.xtec.cat\/ceip-masiperera\/wp-content\/uploads\/usu690\/2017\/03\/Jan-i-Joana.jpeg 768w, https:\/\/agora.xtec.cat\/ceip-masiperera\/wp-content\/uploads\/usu690\/2017\/03\/Jan-i-Joana-225x300.jpeg 225w\" sizes=\"auto, (max-width: 298px) 100vw, 298px\" \/><\/a><\/p>\n<p>&nbsp;<\/p>\n<h5><span style=\"color: #008080;\"><strong>ELS NOSTRES CAPGROSSOS<\/strong><\/span><\/h5>\n<p><span style=\"color: #3366ff;\"><strong>*El Bombeta Energ\u00e8tic<\/strong><\/span><strong>\u00a0<\/strong>\u00e9s qui ens ajuda a aprendre consci\u00e8ncia i a conservar el medi ambient. Ens visita a les classes, a les Jornades verdes, algun dia ve a escoltar el Masinot\u00edcies amb nosaltres&#8230;ens agrada molt compartir moments amb ell!<\/p>\n<p><a href=\"https:\/\/agora.xtec.cat\/ceip-masiperera\/wp-content\/uploads\/usu690\/2017\/03\/Pers.-Bombeta1.jpg\"><img loading=\"lazy\" decoding=\"async\" class=\"wp-image-2202 aligncenter\" src=\"https:\/\/agora.xtec.cat\/ceip-masiperera\/wp-content\/uploads\/usu690\/2017\/03\/Pers.-Bombeta1.jpg\" alt=\"\" width=\"283\" height=\"504\" srcset=\"https:\/\/agora.xtec.cat\/ceip-masiperera\/wp-content\/uploads\/usu690\/2017\/03\/Pers.-Bombeta1.jpg 575w, https:\/\/agora.xtec.cat\/ceip-masiperera\/wp-content\/uploads\/usu690\/2017\/03\/Pers.-Bombeta1-168x300.jpg 168w\" sizes=\"auto, (max-width: 283px) 100vw, 283px\" \/><\/a><\/p>\n<p><span style=\"color: #3366ff;\">\u00a0<\/span><strong><span style=\"color: #3366ff;\">*La Cant\u00e0nia:<\/span>\u00a0<\/strong>sempre canta i balla durant la Diada de Santa Cec\u00edlia, el primer dia d&#8217;escola&#8230;i ens\u00a0fa viure i gaudir de la m\u00fasica!<\/p>\n<p><a href=\"https:\/\/agora.xtec.cat\/ceip-masiperera\/wp-content\/uploads\/usu690\/2022\/02\/da7c9d8b-321e-458f-9e8d-ae9b2d3828fc.jpg\"><img loading=\"lazy\" decoding=\"async\" class=\"wp-image-9843 aligncenter\" src=\"https:\/\/agora.xtec.cat\/ceip-masiperera\/wp-content\/uploads\/usu690\/2022\/02\/da7c9d8b-321e-458f-9e8d-ae9b2d3828fc.jpg\" alt=\"\" width=\"302\" height=\"402\" srcset=\"https:\/\/agora.xtec.cat\/ceip-masiperera\/wp-content\/uploads\/usu690\/2022\/02\/da7c9d8b-321e-458f-9e8d-ae9b2d3828fc.jpg 1200w, https:\/\/agora.xtec.cat\/ceip-masiperera\/wp-content\/uploads\/usu690\/2022\/02\/da7c9d8b-321e-458f-9e8d-ae9b2d3828fc-225x300.jpg 225w, https:\/\/agora.xtec.cat\/ceip-masiperera\/wp-content\/uploads\/usu690\/2022\/02\/da7c9d8b-321e-458f-9e8d-ae9b2d3828fc-768x1024.jpg 768w, https:\/\/agora.xtec.cat\/ceip-masiperera\/wp-content\/uploads\/usu690\/2022\/02\/da7c9d8b-321e-458f-9e8d-ae9b2d3828fc-1152x1536.jpg 1152w\" sizes=\"auto, (max-width: 302px) 100vw, 302px\" \/><\/a><\/p>\n<p>&nbsp;<\/p>\n","protected":false},"excerpt":{"rendered":"<p>ELS NOSTRES GEGANTS<br \/>\nEn Jan Perera i la Jana Masi s\u00f3n els gegants de l&#8217;escola.<br \/>\nAl Jan Perera el van batejar l&#8217;any 1990! Ja fa molts anys que viu a l&#8217;escola. \u00a0El 2008 es va enamorar de la Jana Masi \u2026 i ara els tenim tots dos&hellip;  <a href=\"https:\/\/agora.xtec.cat\/ceip-masiperera\/lescola\/els-nostres-gegants-i-capgrossos\/\" title=\"Read ELS NOSTRES GEGANTS I CAPGROSSOS\">Llegeix m\u00e9s\u00bb<\/a><\/p>\n","protected":false},"author":1,"featured_media":0,"parent":22,"menu_order":4,"comment_status":"closed","ping_status":"closed","template":"page-templates\/side-menu.php","meta":{"_bbp_topic_count":0,"_bbp_reply_count":0,"_bbp_total_topic_count":0,"_bbp_total_reply_count":0,"_bbp_voice_count":0,"_bbp_anonymous_reply_count":0,"_bbp_topic_count_hidden":0,"_bbp_reply_count_hidden":0,"_bbp_forum_subforum_count":0,"footnotes":""},"class_list":["post-2090","page","type-page","status-publish","hentry"],"post_mailing_queue_ids":[],"_links":{"self":[{"href":"https:\/\/agora.xtec.cat\/ceip-masiperera\/wp-json\/wp\/v2\/pages\/2090","targetHints":{"allow":["GET"]}}],"collection":[{"href":"https:\/\/agora.xtec.cat\/ceip-masiperera\/wp-json\/wp\/v2\/pages"}],"about":[{"href":"https:\/\/agora.xtec.cat\/ceip-masiperera\/wp-json\/wp\/v2\/types\/page"}],"author":[{"embeddable":true,"href":"https:\/\/agora.xtec.cat\/ceip-masiperera\/wp-json\/wp\/v2\/users\/1"}],"replies":[{"embeddable":true,"href":"https:\/\/agora.xtec.cat\/ceip-masiperera\/wp-json\/wp\/v2\/comments?post=2090"}],"version-history":[{"count":3,"href":"https:\/\/agora.xtec.cat\/ceip-masiperera\/wp-json\/wp\/v2\/pages\/2090\/revisions"}],"predecessor-version":[{"id":9845,"href":"https:\/\/agora.xtec.cat\/ceip-masiperera\/wp-json\/wp\/v2\/pages\/2090\/revisions\/9845"}],"up":[{"embeddable":true,"href":"https:\/\/agora.xtec.cat\/ceip-masiperera\/wp-json\/wp\/v2\/pages\/22"}],"wp:attachment":[{"href":"https:\/\/agora.xtec.cat\/ceip-masiperera\/wp-json\/wp\/v2\/media?parent=2090"}],"curies":[{"name":"wp","href":"https:\/\/api.w.org\/{rel}","templated":true}]}}