{"id":12761,"date":"2026-02-20T07:41:04","date_gmt":"2026-02-20T06:41:04","guid":{"rendered":"https:\/\/agora.xtec.cat\/ceip-masiperera\/?page_id=12761"},"modified":"2026-02-20T07:41:04","modified_gmt":"2026-02-20T06:41:04","slug":"claki-projecte-reciclatge-oli-usat","status":"publish","type":"page","link":"https:\/\/agora.xtec.cat\/ceip-masiperera\/afa\/serveis-afa\/claki-projecte-reciclatge-oli-usat\/","title":{"rendered":"CLAKI &#8211; Projecte Reciclatge Oli Usat"},"content":{"rendered":"<h4 data-start=\"0\" data-end=\"70\"><a href=\"https:\/\/agora.xtec.cat\/ceip-masiperera\/wp-content\/uploads\/usu690\/2022\/09\/CLAKI.jpeg\"><img loading=\"lazy\" decoding=\"async\" class=\" wp-image-10482 alignleft\" src=\"https:\/\/agora.xtec.cat\/ceip-masiperera\/wp-content\/uploads\/usu690\/2022\/09\/CLAKI.jpeg\" alt=\"\" width=\"472\" height=\"339\" srcset=\"https:\/\/agora.xtec.cat\/ceip-masiperera\/wp-content\/uploads\/usu690\/2022\/09\/CLAKI.jpeg 404w, https:\/\/agora.xtec.cat\/ceip-masiperera\/wp-content\/uploads\/usu690\/2022\/09\/CLAKI-300x215.jpeg 300w\" sizes=\"auto, (max-width: 472px) 100vw, 472px\" \/><\/a>\u267b\ufe0f Projecte CLAKI: Recollida d\u2019oli vegetal de cuina usat a l\u2019escola<\/h4>\n<p data-start=\"72\" data-end=\"409\">A la nostra escola <strong data-start=\"91\" data-end=\"120\">acompanyem i donem suport<\/strong> al <strong data-start=\"124\" data-end=\"142\">Projecte CLAKI<\/strong>, una iniciativa de la cooperativa <strong data-start=\"177\" data-end=\"187\">Entrem<\/strong> que facilita la recollida d\u2019<strong data-start=\"216\" data-end=\"251\">oli vegetal de cuina fet servir<\/strong> de manera neta i segura. L\u2019objectiu \u00e9s evitar que l\u2019oli acabi a l\u2019aig\u00fcera, fomentar h\u00e0bits sostenibles i fer possible una gesti\u00f3 responsable d\u2019aquest residu.<\/p>\n<p data-start=\"411\" data-end=\"669\">Aquest projecte tamb\u00e9 t\u00e9 un valor educatiu i social: <strong data-start=\"464\" data-end=\"506\">refor\u00e7a la conscienciaci\u00f3 dels infants<\/strong> sobre el reciclatge i dona suport a un <strong data-start=\"546\" data-end=\"576\">centre especial de treball<\/strong> orientat a promoure la inserci\u00f3 laboral de persones amb discapacitat i\/o en risc d\u2019exclusi\u00f3.<\/p>\n<h4 data-start=\"676\" data-end=\"698\">\ud83e\uddf4 Qu\u00e8 \u00e9s el Claki?<\/h4>\n<p data-start=\"699\" data-end=\"887\">El <strong data-start=\"702\" data-end=\"711\">Claki<\/strong> \u00e9s un <strong data-start=\"718\" data-end=\"741\">env\u00e0s reutilitzable<\/strong> pensat espec\u00edficament per recollir <strong data-start=\"777\" data-end=\"806\">oli vegetal de cuina usat<\/strong> (oli d\u2019oliva, gira-sol, etc.) a casa i portar-lo despr\u00e9s a l\u2019escola quan \u00e9s ple.<\/p>\n<h4 data-start=\"894\" data-end=\"925\">\ud83d\udc63 Com funciona el projecte?<\/h4>\n<ol>\n<li data-start=\"929\" data-end=\"1020\">A casa, la fam\u00edlia va omplint el <strong data-start=\"962\" data-end=\"971\">Claki<\/strong> amb l\u2019oli vegetal que es fa servir a la cuina.<\/li>\n<li data-start=\"1024\" data-end=\"1081\"><strong data-start=\"1024\" data-end=\"1048\">Quan el Claki \u00e9s ple<\/strong>, cal <strong data-start=\"1054\" data-end=\"1078\">portar-lo a l\u2019escola<\/strong>.<\/li>\n<li data-start=\"1085\" data-end=\"1194\">L\u2019<strong data-start=\"1087\" data-end=\"1114\">administrativa de l\u2019AFA<\/strong> el <strong data-start=\"1118\" data-end=\"1148\">recull el dia de recollida<\/strong> i el <strong data-start=\"1154\" data-end=\"1193\">substitueix per un Claki buit i net<\/strong>.<\/li>\n<\/ol>\n<p data-start=\"1196\" data-end=\"1289\">\ud83d\udccc <strong data-start=\"1199\" data-end=\"1224\">Recollida a l\u2019escola:<\/strong><br data-start=\"1224\" data-end=\"1227\" \/>\ud83d\uddd3\ufe0f <strong data-start=\"1231\" data-end=\"1254\">Dimecres a la tarda<\/strong><br data-start=\"1254\" data-end=\"1257\" \/>\ud83d\udccd <strong data-start=\"1260\" data-end=\"1289\">A la porta de les classes<\/strong><\/p>\n<h4 data-start=\"1296\" data-end=\"1336\">\u2705 Quin oli podem posar dins el Claki?<\/h4>\n<p data-start=\"1337\" data-end=\"1406\">Dins el Claki hi podem posar <strong data-start=\"1366\" data-end=\"1396\">tot l\u2019oli d\u2019origen vegetal<\/strong>, com ara:<\/p>\n<ul>\n<li data-start=\"1409\" data-end=\"1447\">oli d\u2019oliva, gira-sol, colza, palma\u2026<\/li>\n<li data-start=\"1450\" data-end=\"1486\"><strong data-start=\"1450\" data-end=\"1486\">l\u2019oli de les llaunes de conserva<\/strong><\/li>\n<\/ul>\n<p data-start=\"1488\" data-end=\"1626\">No cal separar tipus d\u2019oli i <strong data-start=\"1517\" data-end=\"1536\">no cal colar-lo<\/strong>: encara que hi hagi petites restes de menjar, es pot posar <strong data-start=\"1596\" data-end=\"1611\">directament<\/strong> dins el Claki.<\/p>\n<h4 data-start=\"1633\" data-end=\"1662\">\ud83d\ude4b\u200d\u2640\ufe0f I si no tenim Claki?<\/h4>\n<p data-start=\"1663\" data-end=\"1734\">Cap problema. Si a casa <strong data-start=\"1687\" data-end=\"1702\">no en teniu<\/strong>, escriviu-nos i us el preparem:<\/p>\n<p data-start=\"1736\" data-end=\"1767\">\ud83d\udce9 <strong data-start=\"1739\" data-end=\"1767\"><a class=\"decorated-link cursor-pointer\" rel=\"noopener\" data-start=\"1741\" data-end=\"1765\">afa@escolamasiperera.cat<\/a><\/strong><\/p>\n<p data-start=\"1769\" data-end=\"1932\">Quan ens escrigueu, indiqueu <strong data-start=\"1798\" data-end=\"1832\">el nom de l\u2019infant i la classe<\/strong>, i <strong data-start=\"1836\" data-end=\"1895\">deixarem el Claki preparat a la porta de la seva classe<\/strong> perqu\u00e8 el pugueu recollir f\u00e0cilment.<\/p>\n<h4 data-start=\"1939\" data-end=\"1970\">\ud83d\udc9a Gr\u00e0cies per sumar-vos-hi!<\/h4>\n<p data-start=\"1971\" data-end=\"2140\">Amb un gest molt simple, entre totes les fam\u00edlies fem possible un projecte que <strong data-start=\"2050\" data-end=\"2059\">educa<\/strong>, <strong data-start=\"2061\" data-end=\"2092\">redueix l\u2019impacte ambiental<\/strong> i t\u00e9 <strong data-start=\"2098\" data-end=\"2116\">impacte social<\/strong>.<\/p>\n<p data-start=\"1971\" data-end=\"2140\">Cada Claki ple compta!<\/p>\n","protected":false},"excerpt":{"rendered":"<p><a href=\"https:\/\/agora.xtec.cat\/ceip-masiperera\/wp-content\/uploads\/usu690\/2022\/09\/CLAKI.jpeg\"><\/a>\u267b\ufe0f Projecte CLAKI: Recollida d\u2019oli vegetal de cuina usat a l\u2019escola<br \/>\nA la nostra escola acompanyem i donem suport al Projecte CLAKI, una iniciativa de la cooperativa Entrem que facilita la recollida d\u2019oli vegetal de cuina fet servir de manera neta i segura. L\u2019objectiu \u00e9s&hellip;  <a href=\"https:\/\/agora.xtec.cat\/ceip-masiperera\/afa\/serveis-afa\/claki-projecte-reciclatge-oli-usat\/\" title=\"Read CLAKI &#8211; Projecte Reciclatge Oli Usat\">Llegeix m\u00e9s\u00bb<\/a><\/p>\n","protected":false},"author":49,"featured_media":0,"parent":12436,"menu_order":0,"comment_status":"closed","ping_status":"closed","template":"page-templates\/side-menu.php","meta":{"_bbp_topic_count":0,"_bbp_reply_count":0,"_bbp_total_topic_count":0,"_bbp_total_reply_count":0,"_bbp_voice_count":0,"_bbp_anonymous_reply_count":0,"_bbp_topic_count_hidden":0,"_bbp_reply_count_hidden":0,"_bbp_forum_subforum_count":0,"footnotes":""},"class_list":["post-12761","page","type-page","status-publish","hentry"],"post_mailing_queue_ids":[],"_links":{"self":[{"href":"https:\/\/agora.xtec.cat\/ceip-masiperera\/wp-json\/wp\/v2\/pages\/12761","targetHints":{"allow":["GET"]}}],"collection":[{"href":"https:\/\/agora.xtec.cat\/ceip-masiperera\/wp-json\/wp\/v2\/pages"}],"about":[{"href":"https:\/\/agora.xtec.cat\/ceip-masiperera\/wp-json\/wp\/v2\/types\/page"}],"author":[{"embeddable":true,"href":"https:\/\/agora.xtec.cat\/ceip-masiperera\/wp-json\/wp\/v2\/users\/49"}],"replies":[{"embeddable":true,"href":"https:\/\/agora.xtec.cat\/ceip-masiperera\/wp-json\/wp\/v2\/comments?post=12761"}],"version-history":[{"count":1,"href":"https:\/\/agora.xtec.cat\/ceip-masiperera\/wp-json\/wp\/v2\/pages\/12761\/revisions"}],"predecessor-version":[{"id":12762,"href":"https:\/\/agora.xtec.cat\/ceip-masiperera\/wp-json\/wp\/v2\/pages\/12761\/revisions\/12762"}],"up":[{"embeddable":true,"href":"https:\/\/agora.xtec.cat\/ceip-masiperera\/wp-json\/wp\/v2\/pages\/12436"}],"wp:attachment":[{"href":"https:\/\/agora.xtec.cat\/ceip-masiperera\/wp-json\/wp\/v2\/media?parent=12761"}],"curies":[{"name":"wp","href":"https:\/\/api.w.org\/{rel}","templated":true}]}}