{"id":11787,"date":"2024-09-14T04:01:26","date_gmt":"2024-09-14T02:01:26","guid":{"rendered":"https:\/\/agora.xtec.cat\/ceip-masiperera\/?page_id=11787"},"modified":"2025-09-03T11:25:42","modified_gmt":"2025-09-03T09:25:42","slug":"comissio-inclusio","status":"publish","type":"page","link":"https:\/\/agora.xtec.cat\/ceip-masiperera\/afa\/serveis-afa\/comissio-inclusio\/","title":{"rendered":"COMISSI\u00d3 INCLUSI\u00d3"},"content":{"rendered":"<p><span style=\"font-weight: 400;\"><a href=\"https:\/\/agora.xtec.cat\/ceip-masiperera\/wp-content\/uploads\/usu690\/2024\/09\/infografia-objectius-comissio.png\"><img loading=\"lazy\" decoding=\"async\" class=\" wp-image-11789 alignleft\" src=\"https:\/\/agora.xtec.cat\/ceip-masiperera\/wp-content\/uploads\/usu690\/2024\/09\/infografia-objectius-comissio.png\" alt=\"\" width=\"428\" height=\"1070\" srcset=\"https:\/\/agora.xtec.cat\/ceip-masiperera\/wp-content\/uploads\/usu690\/2024\/09\/infografia-objectius-comissio.png 1667w, https:\/\/agora.xtec.cat\/ceip-masiperera\/wp-content\/uploads\/usu690\/2024\/09\/infografia-objectius-comissio-120x300.png 120w, https:\/\/agora.xtec.cat\/ceip-masiperera\/wp-content\/uploads\/usu690\/2024\/09\/infografia-objectius-comissio-410x1024.png 410w, https:\/\/agora.xtec.cat\/ceip-masiperera\/wp-content\/uploads\/usu690\/2024\/09\/infografia-objectius-comissio-768x1920.png 768w, https:\/\/agora.xtec.cat\/ceip-masiperera\/wp-content\/uploads\/usu690\/2024\/09\/infografia-objectius-comissio-614x1536.png 614w, https:\/\/agora.xtec.cat\/ceip-masiperera\/wp-content\/uploads\/usu690\/2024\/09\/infografia-objectius-comissio-819x2048.png 819w\" sizes=\"auto, (max-width: 428px) 100vw, 428px\" \/><\/a><strong>Tots som \u00fanics i aix\u00f2 ens enriqueix!<\/strong><\/span><\/p>\n<p><span style=\"font-weight: 400;\">La comissi\u00f3 d\u2019inclusi\u00f3 neix per <strong>col\u00b7laborar en l\u2019acompanyament de les necessitats espec\u00edfiques de l\u2019alumnat de l\u2019escola<\/strong>. I \u00e9s que perqu\u00e8 l\u2019educaci\u00f3 sigui inclusiva s\u2019han d\u2019identificar i donar resposta a les necessitats de tot l\u2019alumnat, que t\u00e9 caracter\u00edstiques, interessos i capacitats diferents. Per exemple: dificultats f\u00edsiques, dificultats psicol\u00f2giques, diversitats en les seves necessitats sensorials, cognitives o emocionals, un entorn socioecon\u00f2mic complicat, una identitat de g\u00e8nere diferent, un ritme d\u2019aprenentatge diferent\u2026 En definitiva, l<strong>a inclusi\u00f3 educativa ha de donar resposta a la diversitat i proporcionar equitat en les oportunitats d\u2019aprenentatge.<\/strong> No es tracta d\u2019eliminar difer\u00e8ncies, sin\u00f3 de donar-hi la rellev\u00e0ncia necess\u00e0ria per oferir en cada cas els suports adequats; i aix\u00ed optimitzar el desenvolupament personal i social de tot l\u2019alumnat de l\u2019escola.<\/span><\/p>\n<p><span style=\"font-weight: 400;\">A l\u2019escola, de sempre, s\u2019ha treballat i s\u2019ha cregut fermament en l\u2019educaci\u00f3 inclusiva. Ara tamb\u00e9 l\u2019AMPA s\u2019afegeix a aquest treball que ens ha d\u2019implicar a tots i a totes amb una <strong>comissi\u00f3 formada per un grup de fam\u00edlies sensibilitzades i compromeses amb la inclusi\u00f3<\/strong>. La comissi\u00f3 treballar\u00e0 colze a colze amb l\u2019equip directiu i la resta de la comunitat educativa per fian\u00e7ar i millorar, si cap, la bona experi\u00e8ncia de tots els infants en el seu pas per l\u2019escola, sigui quina sigui la seva condici\u00f3.<\/span><\/p>\n<p><span style=\"font-weight: 400;\">La comissi\u00f3 d\u2019inclusi\u00f3 de l\u2019AMPA \u00e9s oberta a totes les fam\u00edlies de l\u2019escola per compartir inquietuds i necessitats. Junts arribarem m\u00e9s lluny!\u00a0<\/span><span style=\"font-weight: 400;\"><strong>La inclusi\u00f3 real \u00e9s transversal en tots els \u00e0mbits de la vida.<\/strong> Constitueix un repte i alhora una responsabilitat de tothom i per a tothom. Tots som \u00fanics i especials i la diversitat ens enriqueix!<\/span><\/p>\n<p><span style=\"font-weight: 400;\">Siguis familiar, alumne o membre de la comunitat educativa et necessitem. T\u2019hi sumes?<\/span><\/p>\n<p><span style=\"font-weight: 400;\">Ens trobar\u00e0s a <\/span><a href=\"mailto:ampa@escolamasiperera.cat\"><span style=\"font-weight: 400;\">afa@escolamasiperera.cat<\/span><\/a><span style=\"font-weight: 400;\">.<\/span><\/p>\n","protected":false},"excerpt":{"rendered":"<p><a href=\"https:\/\/agora.xtec.cat\/ceip-masiperera\/wp-content\/uploads\/usu690\/2024\/09\/infografia-objectius-comissio.png\"><\/a>Tots som \u00fanics i aix\u00f2 ens enriqueix!<br \/>\nLa comissi\u00f3 d\u2019inclusi\u00f3 neix per col\u00b7laborar en l\u2019acompanyament de les necessitats espec\u00edfiques de l\u2019alumnat de l\u2019escola. I \u00e9s que perqu\u00e8 l\u2019educaci\u00f3 sigui inclusiva s\u2019han d\u2019identificar i donar resposta a les necessitats de tot l\u2019alumnat, que t\u00e9 caracter\u00edstiques, interessos&hellip;  <a href=\"https:\/\/agora.xtec.cat\/ceip-masiperera\/afa\/serveis-afa\/comissio-inclusio\/\" title=\"Read COMISSI\u00d3 INCLUSI\u00d3\">Llegeix m\u00e9s\u00bb<\/a><\/p>\n","protected":false},"author":49,"featured_media":0,"parent":12436,"menu_order":0,"comment_status":"closed","ping_status":"closed","template":"","meta":{"_bbp_topic_count":0,"_bbp_reply_count":0,"_bbp_total_topic_count":0,"_bbp_total_reply_count":0,"_bbp_voice_count":0,"_bbp_anonymous_reply_count":0,"_bbp_topic_count_hidden":0,"_bbp_reply_count_hidden":0,"_bbp_forum_subforum_count":0,"footnotes":""},"class_list":["post-11787","page","type-page","status-publish","hentry"],"post_mailing_queue_ids":[],"_links":{"self":[{"href":"https:\/\/agora.xtec.cat\/ceip-masiperera\/wp-json\/wp\/v2\/pages\/11787","targetHints":{"allow":["GET"]}}],"collection":[{"href":"https:\/\/agora.xtec.cat\/ceip-masiperera\/wp-json\/wp\/v2\/pages"}],"about":[{"href":"https:\/\/agora.xtec.cat\/ceip-masiperera\/wp-json\/wp\/v2\/types\/page"}],"author":[{"embeddable":true,"href":"https:\/\/agora.xtec.cat\/ceip-masiperera\/wp-json\/wp\/v2\/users\/49"}],"replies":[{"embeddable":true,"href":"https:\/\/agora.xtec.cat\/ceip-masiperera\/wp-json\/wp\/v2\/comments?post=11787"}],"version-history":[{"count":2,"href":"https:\/\/agora.xtec.cat\/ceip-masiperera\/wp-json\/wp\/v2\/pages\/11787\/revisions"}],"predecessor-version":[{"id":12446,"href":"https:\/\/agora.xtec.cat\/ceip-masiperera\/wp-json\/wp\/v2\/pages\/11787\/revisions\/12446"}],"up":[{"embeddable":true,"href":"https:\/\/agora.xtec.cat\/ceip-masiperera\/wp-json\/wp\/v2\/pages\/12436"}],"wp:attachment":[{"href":"https:\/\/agora.xtec.cat\/ceip-masiperera\/wp-json\/wp\/v2\/media?parent=11787"}],"curies":[{"name":"wp","href":"https:\/\/api.w.org\/{rel}","templated":true}]}}