{"id":908,"date":"2018-03-12T09:03:35","date_gmt":"2018-03-12T08:03:35","guid":{"rendered":"http:\/\/agora.xtec.cat\/ceip-marti-poch\/?page_id=908"},"modified":"2025-09-09T18:24:24","modified_gmt":"2025-09-09T16:24:24","slug":"seccio-esportiva","status":"publish","type":"page","link":"https:\/\/agora.xtec.cat\/ceip-marti-poch\/globalitzats\/seccio-esportiva\/","title":{"rendered":"Secci\u00f3 esportiva. PCEE"},"content":{"rendered":"<p style=\"text-align: justify;\">L\u2019escola des del curs 2007\/2008 forma part de Pla catal\u00e0 de l\u2019esport i participa en l\u2019organitzaci\u00f3 i realitzaci\u00f3 del programa d\u2019activitats del <strong>Pla Catal\u00e0 \u201cEsport a l\u2019Escola\u201d<\/strong>. Per aquest motiu s\u2019ha creat una Secci\u00f3 esportiva escolar, per tal d\u2019obtenir el reconeixement i inscripci\u00f3 al Registre d\u2019entitats esportives de la Generalitat de Catalunya.<\/p>\n<p style=\"text-align: justify;\">Aquesta SEE t\u00e9 com a objecte b\u00e0sic el foment, la organitzaci\u00f3, la coordinaci\u00f3 i la pr\u00e0ctica de l\u2019activitat f\u00edsica i esportiva a l\u2019 escola , fora de l\u2019horari lectiu, tot potenciant la dimensi\u00f3 educativa de l\u2019esport. Les activitats organitzades per l\u2019associaci\u00f3 esportiva escolar tindr\u00e0 en compte el projecte educatiu del centre.<\/p>\n<p style=\"text-align: justify;\"><strong>En aquesta Secci\u00f3 Esportiva Escolar:<\/strong><\/p>\n<p>-La gesti\u00f3 anir\u00e0 a c\u00e0rrec de mestres i AFA. Tamb\u00e9 es comptar\u00e0 amb la col\u00b7laboraci\u00f3 d\u2019exalumnes o d\u2019altres persones o entitats del municipi.<br \/>\n-La coordinaci\u00f3 de les activitats ser\u00e0 per part d\u2019un\/a mestre\/a del centre.<br \/>\n-L\u2019oferta d\u2019activitats f\u00edsiques i esportives han de respondre als interessos de l\u2019alumnat.<br \/>\n-Es fomentar\u00e0 la col\u00b7laboraci\u00f3 entre els centres educatius, l\u2019ajuntament i el consell esportiu.<br \/>\n-En la PAC s\u2019especificaran les activitats aprovades per a cada curs escolar.<\/p>\n<p>Aquesta secci\u00f3 pret\u00e9n posar a l\u2019abast de tots els alumnes de prim\u00e0ria la pr\u00e0ctica d\u2019activitats f\u00edsiques i esportives, i aprofitar el gran potencial d\u2019aquestes activitats per contribuir a la formaci\u00f3 personal i c\u00edvica dels nostres infants i joves.<\/p>\n<p>M\u00e9s concretament, podem destacar els objectius seg\u00fcents:<\/p>\n<p>-Incrementar la participaci\u00f3 en activitats f\u00edsiques i esportives en horari no lectiu de l\u2019alumnat dels centres educatius de prim\u00e0ria.<br \/>\n-Aprofitar el gran potencial educatiu i formatiu de les activitats f\u00edsiques i esportives, cercant la participaci\u00f3 per damunt de la competitivitat.<br \/>\n-Potenciar la funci\u00f3 integradora i de cohesi\u00f3 social de l\u2019esport escolar, facilitant l\u2019acc\u00e9s de tots els nens i nenes a la pr\u00e0ctica esportiva escolar, i en especial dels nouvinguts.<br \/>\n-Contribuir mitjan\u00e7ant la pr\u00e0ctica esportiva a la formaci\u00f3 en valors com la toler\u00e0ncia, el respecte als altres i a les regles, la confian\u00e7a en un mateix, l\u2019esfor\u00e7 de superaci\u00f3, l\u2019autocr\u00edtica, l\u2019autonomia, la capacitat de decisi\u00f3, l\u2019autogesti\u00f3, la cooperaci\u00f3, el treball en equip, entre d\u2019altres.<br \/>\n-Fomentar la pr\u00e0ctica regular d\u2019activitats f\u00edsiques i esportives i l\u2019adquisici\u00f3 d\u2019h\u00e0bits saludables que contribueixin a un millor benestar.<br \/>\n-Formar joves en els valors ciutadans mitjan\u00e7ant la seva participaci\u00f3 activa en la gesti\u00f3 de les associacions esportives escolars de nova creaci\u00f3.<br \/>\n<img loading=\"lazy\" decoding=\"async\" class=\"size-full wp-image-917 aligncenter\" src=\"http:\/\/agora.xtec.cat\/ceip-marti-poch\/wp-content\/uploads\/usu1040\/2018\/03\/images-3.jpg\" alt=\"\" width=\"272\" height=\"185\" \/><\/p>\n<p>Des de la Secci\u00f3 esportiva preparem un conjunt d\u2019activitats esportives en el centre, perqu\u00e8 tots els alumnes puguin realitzar esports.<\/p>\n<p><img loading=\"lazy\" decoding=\"async\" class=\"aligncenter wp-image-7006 size-large\" src=\"https:\/\/agora.xtec.cat\/ceip-marti-poch\/wp-content\/uploads\/usu1040\/2023\/05\/3-1-1024x1024.jpg\" alt=\"\" width=\"1024\" height=\"1024\" srcset=\"https:\/\/agora.xtec.cat\/ceip-marti-poch\/wp-content\/uploads\/usu1040\/2023\/05\/3-1-1024x1024.jpg 1024w, https:\/\/agora.xtec.cat\/ceip-marti-poch\/wp-content\/uploads\/usu1040\/2023\/05\/3-1-300x300.jpg 300w, https:\/\/agora.xtec.cat\/ceip-marti-poch\/wp-content\/uploads\/usu1040\/2023\/05\/3-1-150x150.jpg 150w, https:\/\/agora.xtec.cat\/ceip-marti-poch\/wp-content\/uploads\/usu1040\/2023\/05\/3-1-768x767.jpg 768w, https:\/\/agora.xtec.cat\/ceip-marti-poch\/wp-content\/uploads\/usu1040\/2023\/05\/3-1.jpg 1440w\" sizes=\"auto, (max-width: 1024px) 100vw, 1024px\" \/><\/p>\n<p><span style=\"font-family: inherit; font-size: 1em;\">Cada curs us donem informaci\u00f3 detallada dels horaris i preus de cada activitats perqu\u00e8 us hi pogueu inscriure.<\/span><\/p>\n<p>A partir del mes de novembre comencem les activitats esportives a nivell comarcal i nacional: cros, atletisme, BTT, tennis taula. L&#8217;alumnat inscrit rebr\u00e0 informaci\u00f3 puntual dels mestres d\u2019Educaci\u00f3 f\u00edsica del centre respecte les competicions i trobades.<\/p>\n<p>Els articles relacionats amb aquesta secci\u00f3 seran publicats a la p\u00e0gina principal de la p\u00e0gina web perqu\u00e8 els aneu consultant, de tota manera l\u2019alumnat inscrits a qualsevol activitat esportiva rebr\u00e0 informaci\u00f3 sobre els temes que li corresponguin.<\/p>\n<p><img loading=\"lazy\" decoding=\"async\" class=\"aligncenter wp-image-6807 size-large\" src=\"https:\/\/agora.xtec.cat\/ceip-marti-poch\/wp-content\/uploads\/usu1040\/2023\/03\/9-1-819x1024.jpg\" alt=\"\" width=\"819\" height=\"1024\" srcset=\"https:\/\/agora.xtec.cat\/ceip-marti-poch\/wp-content\/uploads\/usu1040\/2023\/03\/9-1-819x1024.jpg 819w, https:\/\/agora.xtec.cat\/ceip-marti-poch\/wp-content\/uploads\/usu1040\/2023\/03\/9-1-240x300.jpg 240w, https:\/\/agora.xtec.cat\/ceip-marti-poch\/wp-content\/uploads\/usu1040\/2023\/03\/9-1-768x960.jpg 768w, https:\/\/agora.xtec.cat\/ceip-marti-poch\/wp-content\/uploads\/usu1040\/2023\/03\/9-1-1229x1536.jpg 1229w, https:\/\/agora.xtec.cat\/ceip-marti-poch\/wp-content\/uploads\/usu1040\/2023\/03\/9-1.jpg 1280w\" sizes=\"auto, (max-width: 819px) 100vw, 819px\" \/><\/p>\n<p><img loading=\"lazy\" decoding=\"async\" class=\"aligncenter wp-image-7931 size-large\" src=\"https:\/\/agora.xtec.cat\/ceip-marti-poch\/wp-content\/uploads\/usu1040\/2024\/02\/Trobada-576x1024.png\" alt=\"\" width=\"576\" height=\"1024\" srcset=\"https:\/\/agora.xtec.cat\/ceip-marti-poch\/wp-content\/uploads\/usu1040\/2024\/02\/Trobada-576x1024.png 576w, https:\/\/agora.xtec.cat\/ceip-marti-poch\/wp-content\/uploads\/usu1040\/2024\/02\/Trobada-169x300.png 169w, https:\/\/agora.xtec.cat\/ceip-marti-poch\/wp-content\/uploads\/usu1040\/2024\/02\/Trobada-768x1365.png 768w, https:\/\/agora.xtec.cat\/ceip-marti-poch\/wp-content\/uploads\/usu1040\/2024\/02\/Trobada-864x1536.png 864w, https:\/\/agora.xtec.cat\/ceip-marti-poch\/wp-content\/uploads\/usu1040\/2024\/02\/Trobada.png 1080w\" sizes=\"auto, (max-width: 576px) 100vw, 576px\" \/><\/p>\n<p>&nbsp;<\/p>\n","protected":false},"excerpt":{"rendered":"<p>L\u2019escola des del curs 2007\/2008 forma part de Pla catal\u00e0 de l\u2019esport i participa en l\u2019organitzaci\u00f3 i realitzaci\u00f3 del programa d\u2019activitats del Pla Catal\u00e0 \u201cEsport a l\u2019Escola\u201d. Per aquest motiu s\u2019ha creat una Secci\u00f3 esportiva escolar, per tal d\u2019obtenir el reconeixement i inscripci\u00f3 al Registre&hellip;  <a href=\"https:\/\/agora.xtec.cat\/ceip-marti-poch\/globalitzats\/seccio-esportiva\/\" title=\"Read Secci\u00f3 esportiva. PCEE\">Llegeix m\u00e9s\u00bb<\/a><\/p>\n","protected":false},"author":1,"featured_media":0,"parent":1233,"menu_order":0,"comment_status":"closed","ping_status":"closed","template":"page-templates\/side-menu.php","meta":{"_bbp_topic_count":0,"_bbp_reply_count":0,"_bbp_total_topic_count":0,"_bbp_total_reply_count":0,"_bbp_voice_count":0,"_bbp_anonymous_reply_count":0,"_bbp_topic_count_hidden":0,"_bbp_reply_count_hidden":0,"_bbp_forum_subforum_count":0,"footnotes":""},"class_list":["post-908","page","type-page","status-publish","hentry"],"post_mailing_queue_ids":[],"_links":{"self":[{"href":"https:\/\/agora.xtec.cat\/ceip-marti-poch\/wp-json\/wp\/v2\/pages\/908","targetHints":{"allow":["GET"]}}],"collection":[{"href":"https:\/\/agora.xtec.cat\/ceip-marti-poch\/wp-json\/wp\/v2\/pages"}],"about":[{"href":"https:\/\/agora.xtec.cat\/ceip-marti-poch\/wp-json\/wp\/v2\/types\/page"}],"author":[{"embeddable":true,"href":"https:\/\/agora.xtec.cat\/ceip-marti-poch\/wp-json\/wp\/v2\/users\/1"}],"replies":[{"embeddable":true,"href":"https:\/\/agora.xtec.cat\/ceip-marti-poch\/wp-json\/wp\/v2\/comments?post=908"}],"version-history":[{"count":6,"href":"https:\/\/agora.xtec.cat\/ceip-marti-poch\/wp-json\/wp\/v2\/pages\/908\/revisions"}],"predecessor-version":[{"id":7940,"href":"https:\/\/agora.xtec.cat\/ceip-marti-poch\/wp-json\/wp\/v2\/pages\/908\/revisions\/7940"}],"up":[{"embeddable":true,"href":"https:\/\/agora.xtec.cat\/ceip-marti-poch\/wp-json\/wp\/v2\/pages\/1233"}],"wp:attachment":[{"href":"https:\/\/agora.xtec.cat\/ceip-marti-poch\/wp-json\/wp\/v2\/media?parent=908"}],"curies":[{"name":"wp","href":"https:\/\/api.w.org\/{rel}","templated":true}]}}