{"id":907,"date":"2018-03-12T09:03:34","date_gmt":"2018-03-12T08:03:34","guid":{"rendered":"http:\/\/agora.xtec.cat\/ceip-marti-poch\/?page_id=907"},"modified":"2025-09-09T19:13:37","modified_gmt":"2025-09-09T17:13:37","slug":"reutilitzacio-llibres-de-text","status":"publish","type":"page","link":"https:\/\/agora.xtec.cat\/ceip-marti-poch\/afa\/reutilitzacio-llibres-de-text\/","title":{"rendered":"Reutilitzaci\u00f3 llibres de text"},"content":{"rendered":"<p style=\"text-align: justify;\"><strong>L\u2019Escola Mart\u00ed Poch t\u00e9 el distintiu d\u2019escola verda, i seguint el seu comprom\u00eds amb la<\/strong><br \/>\n<strong>sostenibilitat, t\u00e9 un projecte de reutilitzaci\u00f3 de llibres de text.<\/strong><\/p>\n<p style=\"text-align: justify;\">o Tot alumnat de l\u2019escola pot fer \u00fas del servei; no cal que la fam\u00edlia sigui s\u00f2cia de l\u2019AFA.<br \/>\no L\u2019objectiu del servei \u00e9s aprofitar els llibres de text entre alumnes de diferents anys. Els<br \/>\nllibres els compra el centre i cal pagar una quota anual per llibre.<br \/>\no L\u2019AFA prepara la llista d\u2019alumnes usuaris del servei i supervisa que els alumnes han fet\u00a0un bon \u00fas dels llibres. En cas contrari, es penalitza la fam\u00edlia amb una quota extra.<\/p>\n<p>&nbsp;<\/p>\n<p><strong>Funcionament del servei de reutilitzaci\u00f3 de llibres de text:<\/strong><\/p>\n<p>\uf0b7 Durant els mesos de maig i juny el centre prepara la llista dels llibres del curs seg\u00fcent.<br \/>\n\uf0b7 L\u2019AFA s\u2019encarrega d\u2019enviar la informaci\u00f3 a les fam\u00edlies.<br \/>\n\uf0b7 Les fam\u00edlies s\u00f2cies tenen l\u2019avantatge de poder fer la comanda dels llibres que necessitin i l\u2019AFA s\u2019encarrega de tramitar-la amb la llibreria \u00cdndex de l\u2019Espluga de Francol\u00ed.<br \/>\n\uf0b7 L\u2019AFA tamb\u00e9 gestiona el repartiment de llibres a l\u2019inici de curs.<\/p>\n<p>&nbsp;<\/p>\n<p>&nbsp;<\/p>\n<p>&nbsp;<\/p>\n","protected":false},"excerpt":{"rendered":"<p>L\u2019Escola Mart\u00ed Poch t\u00e9 el distintiu d\u2019escola verda, i seguint el seu comprom\u00eds amb la<br \/>\nsostenibilitat, t\u00e9 un projecte de reutilitzaci\u00f3 de llibres de text.<br \/>\no Tot alumnat de l\u2019escola pot fer \u00fas del servei; no cal que la fam\u00edlia sigui s\u00f2cia de l\u2019AFA.<br \/>\no L\u2019objectiu del servei&hellip;  <a href=\"https:\/\/agora.xtec.cat\/ceip-marti-poch\/afa\/reutilitzacio-llibres-de-text\/\" title=\"Read Reutilitzaci\u00f3 llibres de text\">Llegeix m\u00e9s\u00bb<\/a><\/p>\n","protected":false},"author":1,"featured_media":0,"parent":903,"menu_order":3,"comment_status":"closed","ping_status":"closed","template":"","meta":{"_bbp_topic_count":0,"_bbp_reply_count":0,"_bbp_total_topic_count":0,"_bbp_total_reply_count":0,"_bbp_voice_count":0,"_bbp_anonymous_reply_count":0,"_bbp_topic_count_hidden":0,"_bbp_reply_count_hidden":0,"_bbp_forum_subforum_count":0,"footnotes":""},"class_list":["post-907","page","type-page","status-publish","hentry"],"post_mailing_queue_ids":[],"_links":{"self":[{"href":"https:\/\/agora.xtec.cat\/ceip-marti-poch\/wp-json\/wp\/v2\/pages\/907","targetHints":{"allow":["GET"]}}],"collection":[{"href":"https:\/\/agora.xtec.cat\/ceip-marti-poch\/wp-json\/wp\/v2\/pages"}],"about":[{"href":"https:\/\/agora.xtec.cat\/ceip-marti-poch\/wp-json\/wp\/v2\/types\/page"}],"author":[{"embeddable":true,"href":"https:\/\/agora.xtec.cat\/ceip-marti-poch\/wp-json\/wp\/v2\/users\/1"}],"replies":[{"embeddable":true,"href":"https:\/\/agora.xtec.cat\/ceip-marti-poch\/wp-json\/wp\/v2\/comments?post=907"}],"version-history":[{"count":6,"href":"https:\/\/agora.xtec.cat\/ceip-marti-poch\/wp-json\/wp\/v2\/pages\/907\/revisions"}],"predecessor-version":[{"id":9025,"href":"https:\/\/agora.xtec.cat\/ceip-marti-poch\/wp-json\/wp\/v2\/pages\/907\/revisions\/9025"}],"up":[{"embeddable":true,"href":"https:\/\/agora.xtec.cat\/ceip-marti-poch\/wp-json\/wp\/v2\/pages\/903"}],"wp:attachment":[{"href":"https:\/\/agora.xtec.cat\/ceip-marti-poch\/wp-json\/wp\/v2\/media?parent=907"}],"curies":[{"name":"wp","href":"https:\/\/api.w.org\/{rel}","templated":true}]}}