{"id":903,"date":"2018-03-12T09:02:35","date_gmt":"2018-03-12T08:02:35","guid":{"rendered":"http:\/\/agora.xtec.cat\/ceip-marti-poch\/?page_id=903"},"modified":"2025-09-09T18:52:39","modified_gmt":"2025-09-09T16:52:39","slug":"afa","status":"publish","type":"page","link":"https:\/\/agora.xtec.cat\/ceip-marti-poch\/afa\/","title":{"rendered":"AFA"},"content":{"rendered":"<p><img loading=\"lazy\" decoding=\"async\" class=\"aligncenter wp-image-8745 size-large\" src=\"https:\/\/agora.xtec.cat\/ceip-marti-poch\/wp-content\/uploads\/usu1040\/2024\/09\/WhatsApp-Image-2024-09-02-at-09.24.07-1024x305.jpeg\" alt=\"\" width=\"1024\" height=\"305\" srcset=\"https:\/\/agora.xtec.cat\/ceip-marti-poch\/wp-content\/uploads\/usu1040\/2024\/09\/WhatsApp-Image-2024-09-02-at-09.24.07-1024x305.jpeg 1024w, https:\/\/agora.xtec.cat\/ceip-marti-poch\/wp-content\/uploads\/usu1040\/2024\/09\/WhatsApp-Image-2024-09-02-at-09.24.07-300x89.jpeg 300w, https:\/\/agora.xtec.cat\/ceip-marti-poch\/wp-content\/uploads\/usu1040\/2024\/09\/WhatsApp-Image-2024-09-02-at-09.24.07-768x229.jpeg 768w, https:\/\/agora.xtec.cat\/ceip-marti-poch\/wp-content\/uploads\/usu1040\/2024\/09\/WhatsApp-Image-2024-09-02-at-09.24.07.jpeg 1257w\" sizes=\"auto, (max-width: 1024px) 100vw, 1024px\" \/><\/p>\n<p><strong>Som:<\/strong><\/p>\n<p>L&#8217;Associaci\u00f3 de Fam\u00edlies de l&#8217;Escola Mart\u00ed Poch<\/p>\n<p><strong>La seva funci\u00f3:<\/strong><\/p>\n<p>Vetlla per la formaci\u00f3 dels infants i ser part activa de la vida escolar.<br \/>\nDes de l\u2019AFA s\u2019administren i es gestionen recursos que s\u2019inverteixen en millores per a<br \/>\nl\u2019escola i l\u2019educaci\u00f3.<\/p>\n<p>L\u2019associaci\u00f3 organitza i coordina:<br \/>\n\uf0b7 servei d\u2019acollida matinal i\/o de tarda<br \/>\n\uf0b7 control del servei de menjador (amb cuina pr\u00f2pia)<br \/>\n\uf0b7 espai migdia<br \/>\n\uf0b7 activitats extraescolars<br \/>\n\uf0b7 projecte de reutilitzaci\u00f3 de llibres de text<br \/>\n\uf0b7 distribuci\u00f3 agenda anual del centre<br \/>\n\uf0b7 organitzaci\u00f3 d\u2019activitats i festes<br \/>\n\uf0b7 activitats matinals els dies de lliure disposici\u00f3<br \/>\n\uf0b7 fam\u00edlies col\u00b7laboradores amb l\u2019AFA<\/p>\n<p>A m\u00e9s a m\u00e9s, l\u2019AFA col\u00b7labora activament en activitats, festes, projectes escolars i de<br \/>\nmanteniment i millora de les instal\u00b7lacions de l\u2019escola.<\/p>\n<p>Contacte de l&#8217;AFA: afa<span class=\"\">@escolamartipoch.cat<\/span><\/p>\n<p><a href=\"https:\/\/drive.google.com\/file\/d\/1tv3ub7s0y1yvDaWZwxG6lYF3Nmm60v_Y\/view?usp=share_link\">Enlla\u00e7 al document explicatiu de l&#8217;AFA<\/a><\/p>\n<p style=\"text-align: justify;\"><a href=\"https:\/\/drive.google.com\/file\/d\/1op9uN5OdkEsDHi7O1Pr10hwZZusANNjz\/view?usp=share_link\">Enlla\u00e7 al document d&#8217;afiliaci\u00f3 a l&#8217;AFA<\/a><\/p>\n<p><img loading=\"lazy\" decoding=\"async\" class=\"aligncenter wp-image-9023 size-full\" src=\"https:\/\/agora.xtec.cat\/ceip-marti-poch\/wp-content\/uploads\/usu1040\/2025\/09\/Captura-de-pantalla-2025-09-09-a-les-18.51.31.png\" alt=\"\" width=\"538\" height=\"545\" srcset=\"https:\/\/agora.xtec.cat\/ceip-marti-poch\/wp-content\/uploads\/usu1040\/2025\/09\/Captura-de-pantalla-2025-09-09-a-les-18.51.31.png 538w, https:\/\/agora.xtec.cat\/ceip-marti-poch\/wp-content\/uploads\/usu1040\/2025\/09\/Captura-de-pantalla-2025-09-09-a-les-18.51.31-296x300.png 296w\" sizes=\"auto, (max-width: 538px) 100vw, 538px\" \/><\/p>\n<p>&nbsp;<\/p>\n","protected":false},"excerpt":{"rendered":"<p>Som:<br \/>\nL&#8217;Associaci\u00f3 de Fam\u00edlies de l&#8217;Escola Mart\u00ed Poch<br \/>\nLa seva funci\u00f3:<br \/>\nVetlla per la formaci\u00f3 dels infants i ser part activa de la vida escolar.<br \/>\nDes de l\u2019AFA s\u2019administren i es gestionen recursos que s\u2019inverteixen en millores per a<br \/>\nl\u2019escola i l\u2019educaci\u00f3.<br \/>\nL\u2019associaci\u00f3 organitza i coordina:<br \/>\n\uf0b7 servei d\u2019acollida matinal i\/o de&hellip;  <a href=\"https:\/\/agora.xtec.cat\/ceip-marti-poch\/afa\/\" title=\"Read AFA\">Llegeix m\u00e9s\u00bb<\/a><\/p>\n","protected":false},"author":1,"featured_media":0,"parent":0,"menu_order":0,"comment_status":"closed","ping_status":"closed","template":"page-templates\/side-menu.php","meta":{"_bbp_topic_count":0,"_bbp_reply_count":0,"_bbp_total_topic_count":0,"_bbp_total_reply_count":0,"_bbp_voice_count":0,"_bbp_anonymous_reply_count":0,"_bbp_topic_count_hidden":0,"_bbp_reply_count_hidden":0,"_bbp_forum_subforum_count":0,"footnotes":""},"class_list":["post-903","page","type-page","status-publish","hentry"],"post_mailing_queue_ids":[],"_links":{"self":[{"href":"https:\/\/agora.xtec.cat\/ceip-marti-poch\/wp-json\/wp\/v2\/pages\/903","targetHints":{"allow":["GET"]}}],"collection":[{"href":"https:\/\/agora.xtec.cat\/ceip-marti-poch\/wp-json\/wp\/v2\/pages"}],"about":[{"href":"https:\/\/agora.xtec.cat\/ceip-marti-poch\/wp-json\/wp\/v2\/types\/page"}],"author":[{"embeddable":true,"href":"https:\/\/agora.xtec.cat\/ceip-marti-poch\/wp-json\/wp\/v2\/users\/1"}],"replies":[{"embeddable":true,"href":"https:\/\/agora.xtec.cat\/ceip-marti-poch\/wp-json\/wp\/v2\/comments?post=903"}],"version-history":[{"count":6,"href":"https:\/\/agora.xtec.cat\/ceip-marti-poch\/wp-json\/wp\/v2\/pages\/903\/revisions"}],"predecessor-version":[{"id":9024,"href":"https:\/\/agora.xtec.cat\/ceip-marti-poch\/wp-json\/wp\/v2\/pages\/903\/revisions\/9024"}],"wp:attachment":[{"href":"https:\/\/agora.xtec.cat\/ceip-marti-poch\/wp-json\/wp\/v2\/media?parent=903"}],"curies":[{"name":"wp","href":"https:\/\/api.w.org\/{rel}","templated":true}]}}