{"id":9028,"date":"2025-09-09T19:24:13","date_gmt":"2025-09-09T17:24:13","guid":{"rendered":"https:\/\/agora.xtec.cat\/ceip-marti-poch\/?page_id=9028"},"modified":"2025-09-09T19:25:32","modified_gmt":"2025-09-09T17:25:32","slug":"dossier-de-benvinguda-a-les-families-curs-25-26","status":"publish","type":"page","link":"https:\/\/agora.xtec.cat\/ceip-marti-poch\/projecte-educatiu-2\/dossier-de-benvinguda-a-les-families-curs-25-26\/","title":{"rendered":"Dossier de benvinguda a les fam\u00edlies."},"content":{"rendered":"<p>Benvolguda fam\u00edlia,<\/p>\n<p>Iniciem amb il\u00b7lusi\u00f3 i comprom\u00eds un nou curs. En aquest dossier hi trobareu alguns dels aspectes m\u00e9s importants del funcionament i organitzaci\u00f3 per aquest curs 25\/26.<br \/>\nUs recomanem que el tingueu a m\u00e0 per si al llarg del curs necessiteu fer alguna consulta.<\/p>\n<p>Benvinguts i benvingudes al curs 2025 &#8211; 2026! Per accedir-hi cliqueu a la seg\u00fcent imatge:<\/p>\n<p><a href=\"https:\/\/drive.google.com\/file\/d\/1-U99EAUwbvC1405eg8QRyXVpdtZY3km6\/view?usp=sharing\"><img loading=\"lazy\" decoding=\"async\" class=\"aligncenter wp-image-9029 size-full\" src=\"https:\/\/agora.xtec.cat\/ceip-marti-poch\/wp-content\/uploads\/usu1040\/2025\/09\/Captura-de-pantalla-2025-09-09-a-les-19.21.57.png\" alt=\"\" width=\"600\" height=\"502\" srcset=\"https:\/\/agora.xtec.cat\/ceip-marti-poch\/wp-content\/uploads\/usu1040\/2025\/09\/Captura-de-pantalla-2025-09-09-a-les-19.21.57.png 600w, https:\/\/agora.xtec.cat\/ceip-marti-poch\/wp-content\/uploads\/usu1040\/2025\/09\/Captura-de-pantalla-2025-09-09-a-les-19.21.57-300x250.png 300w\" sizes=\"auto, (max-width: 600px) 100vw, 600px\" \/><\/a><\/p>\n","protected":false},"excerpt":{"rendered":"<p>Benvolguda fam\u00edlia,<br \/>\nIniciem amb il\u00b7lusi\u00f3 i comprom\u00eds un nou curs. En aquest dossier hi trobareu alguns dels aspectes m\u00e9s importants del funcionament i organitzaci\u00f3 per aquest curs 25\/26.<br \/>\nUs recomanem que el tingueu a m\u00e0 per si al llarg del curs necessiteu fer alguna consulta.<br \/>\nBenvinguts i benvingudes&hellip;  <a href=\"https:\/\/agora.xtec.cat\/ceip-marti-poch\/projecte-educatiu-2\/dossier-de-benvinguda-a-les-families-curs-25-26\/\" title=\"Read Dossier de benvinguda a les fam\u00edlies.\">Llegeix m\u00e9s\u00bb<\/a><\/p>\n","protected":false},"author":1,"featured_media":0,"parent":8910,"menu_order":0,"comment_status":"closed","ping_status":"closed","template":"","meta":{"_bbp_topic_count":0,"_bbp_reply_count":0,"_bbp_total_topic_count":0,"_bbp_total_reply_count":0,"_bbp_voice_count":0,"_bbp_anonymous_reply_count":0,"_bbp_topic_count_hidden":0,"_bbp_reply_count_hidden":0,"_bbp_forum_subforum_count":0,"footnotes":""},"class_list":["post-9028","page","type-page","status-publish","hentry"],"post_mailing_queue_ids":[],"_links":{"self":[{"href":"https:\/\/agora.xtec.cat\/ceip-marti-poch\/wp-json\/wp\/v2\/pages\/9028","targetHints":{"allow":["GET"]}}],"collection":[{"href":"https:\/\/agora.xtec.cat\/ceip-marti-poch\/wp-json\/wp\/v2\/pages"}],"about":[{"href":"https:\/\/agora.xtec.cat\/ceip-marti-poch\/wp-json\/wp\/v2\/types\/page"}],"author":[{"embeddable":true,"href":"https:\/\/agora.xtec.cat\/ceip-marti-poch\/wp-json\/wp\/v2\/users\/1"}],"replies":[{"embeddable":true,"href":"https:\/\/agora.xtec.cat\/ceip-marti-poch\/wp-json\/wp\/v2\/comments?post=9028"}],"version-history":[{"count":2,"href":"https:\/\/agora.xtec.cat\/ceip-marti-poch\/wp-json\/wp\/v2\/pages\/9028\/revisions"}],"predecessor-version":[{"id":9032,"href":"https:\/\/agora.xtec.cat\/ceip-marti-poch\/wp-json\/wp\/v2\/pages\/9028\/revisions\/9032"}],"up":[{"embeddable":true,"href":"https:\/\/agora.xtec.cat\/ceip-marti-poch\/wp-json\/wp\/v2\/pages\/8910"}],"wp:attachment":[{"href":"https:\/\/agora.xtec.cat\/ceip-marti-poch\/wp-json\/wp\/v2\/media?parent=9028"}],"curies":[{"name":"wp","href":"https:\/\/api.w.org\/{rel}","templated":true}]}}