{"id":9019,"date":"2025-09-09T18:27:12","date_gmt":"2025-09-09T16:27:12","guid":{"rendered":"https:\/\/agora.xtec.cat\/ceip-marti-poch\/?page_id=9019"},"modified":"2025-09-09T19:18:23","modified_gmt":"2025-09-09T17:18:23","slug":"reutilitzacio-del-xandall-de-lescola","status":"publish","type":"page","link":"https:\/\/agora.xtec.cat\/ceip-marti-poch\/afa\/reutilitzacio-del-xandall-de-lescola\/","title":{"rendered":"Reutilitzaci\u00f3 del xandall de l&#8217;escola"},"content":{"rendered":"<p>Amb l\u2019objectiu de fomentar la reutilitzaci\u00f3 dels xandalls escolars que es troben en bon estat quan els alumnes finalitzen 6\u00e8 curs o b\u00e9 necessiten un canvi de talla, l\u2019AFA impulsa una proposta d\u2019intercanvi de peces de roba.<\/p>\n<p><strong>Com funciona?:<\/strong><br \/>\nLes fam\u00edlies que disposin de xandalls en bon estat i ja no en facin \u00fas, poden lliurar-los a<br \/>\nl\u2019AFA perqu\u00e8 tinguin una segona vida. Com a compensaci\u00f3, s\u2019emetran xecs d\u2019intercanvi.<\/p>\n<p><a href=\"https:\/\/drive.google.com\/file\/d\/18JbZRYi8BcPlTpXYC1ABqpHnc_5FtCu1\/view?usp=drive_link\">Enlla\u00e7 al document informatiu<\/a><\/p>\n<p><img loading=\"lazy\" decoding=\"async\" class=\"aligncenter wp-image-9020 size-large\" src=\"https:\/\/agora.xtec.cat\/ceip-marti-poch\/wp-content\/uploads\/usu1040\/2025\/09\/Xandall-escolar-724x1024.jpg\" alt=\"\" width=\"724\" height=\"1024\" srcset=\"https:\/\/agora.xtec.cat\/ceip-marti-poch\/wp-content\/uploads\/usu1040\/2025\/09\/Xandall-escolar-724x1024.jpg 724w, https:\/\/agora.xtec.cat\/ceip-marti-poch\/wp-content\/uploads\/usu1040\/2025\/09\/Xandall-escolar-212x300.jpg 212w, https:\/\/agora.xtec.cat\/ceip-marti-poch\/wp-content\/uploads\/usu1040\/2025\/09\/Xandall-escolar-768x1086.jpg 768w, https:\/\/agora.xtec.cat\/ceip-marti-poch\/wp-content\/uploads\/usu1040\/2025\/09\/Xandall-escolar-1086x1536.jpg 1086w, https:\/\/agora.xtec.cat\/ceip-marti-poch\/wp-content\/uploads\/usu1040\/2025\/09\/Xandall-escolar-1448x2048.jpg 1448w, https:\/\/agora.xtec.cat\/ceip-marti-poch\/wp-content\/uploads\/usu1040\/2025\/09\/Xandall-escolar.jpg 1587w\" sizes=\"auto, (max-width: 724px) 100vw, 724px\" \/><\/p>\n","protected":false},"excerpt":{"rendered":"<p>Amb l\u2019objectiu de fomentar la reutilitzaci\u00f3 dels xandalls escolars que es troben en bon estat quan els alumnes finalitzen 6\u00e8 curs o b\u00e9 necessiten un canvi de talla, l\u2019AFA impulsa una proposta d\u2019intercanvi de peces de roba.<br \/>\nCom funciona?:<br \/>\nLes fam\u00edlies que disposin de xandalls en bon&hellip;  <a href=\"https:\/\/agora.xtec.cat\/ceip-marti-poch\/afa\/reutilitzacio-del-xandall-de-lescola\/\" title=\"Read Reutilitzaci\u00f3 del xandall de l&#8217;escola\">Llegeix m\u00e9s\u00bb<\/a><\/p>\n","protected":false},"author":1,"featured_media":0,"parent":903,"menu_order":6,"comment_status":"closed","ping_status":"closed","template":"","meta":{"_bbp_topic_count":0,"_bbp_reply_count":0,"_bbp_total_topic_count":0,"_bbp_total_reply_count":0,"_bbp_voice_count":0,"_bbp_anonymous_reply_count":0,"_bbp_topic_count_hidden":0,"_bbp_reply_count_hidden":0,"_bbp_forum_subforum_count":0,"footnotes":""},"class_list":["post-9019","page","type-page","status-publish","hentry"],"post_mailing_queue_ids":[],"_links":{"self":[{"href":"https:\/\/agora.xtec.cat\/ceip-marti-poch\/wp-json\/wp\/v2\/pages\/9019","targetHints":{"allow":["GET"]}}],"collection":[{"href":"https:\/\/agora.xtec.cat\/ceip-marti-poch\/wp-json\/wp\/v2\/pages"}],"about":[{"href":"https:\/\/agora.xtec.cat\/ceip-marti-poch\/wp-json\/wp\/v2\/types\/page"}],"author":[{"embeddable":true,"href":"https:\/\/agora.xtec.cat\/ceip-marti-poch\/wp-json\/wp\/v2\/users\/1"}],"replies":[{"embeddable":true,"href":"https:\/\/agora.xtec.cat\/ceip-marti-poch\/wp-json\/wp\/v2\/comments?post=9019"}],"version-history":[{"count":2,"href":"https:\/\/agora.xtec.cat\/ceip-marti-poch\/wp-json\/wp\/v2\/pages\/9019\/revisions"}],"predecessor-version":[{"id":9022,"href":"https:\/\/agora.xtec.cat\/ceip-marti-poch\/wp-json\/wp\/v2\/pages\/9019\/revisions\/9022"}],"up":[{"embeddable":true,"href":"https:\/\/agora.xtec.cat\/ceip-marti-poch\/wp-json\/wp\/v2\/pages\/903"}],"wp:attachment":[{"href":"https:\/\/agora.xtec.cat\/ceip-marti-poch\/wp-json\/wp\/v2\/media?parent=9019"}],"curies":[{"name":"wp","href":"https:\/\/api.w.org\/{rel}","templated":true}]}}