{"id":876,"date":"2018-03-09T13:01:35","date_gmt":"2018-03-09T12:01:35","guid":{"rendered":"http:\/\/agora.xtec.cat\/ceip-marti-poch\/?page_id=876"},"modified":"2024-02-11T20:43:51","modified_gmt":"2024-02-11T19:43:51","slug":"lectura","status":"publish","type":"page","link":"https:\/\/agora.xtec.cat\/ceip-marti-poch\/projecte-educatiu-2\/projecte-educatiu\/lectura\/","title":{"rendered":"Lectura"},"content":{"rendered":"<article id=\"post-1834\" class=\"post-1834 page type-page status-publish hentry\">\n<header class=\"entry-header\">\n<p class=\"entry-title\" style=\"text-align: justify;\">Tenim com a objectiu estrat\u00e8gic la millora de l&#8217;\u00e8xit escolar de tot l&#8217;alumnat. I ho fem potenciant la lectura sistem\u00e0tica en totes les \u00e0rees i mat\u00e8ries del curr\u00edculum al llarg de tota l&#8217;escolaritat b\u00e0sica per augmentar la compet\u00e8ncia comunicativa i ling\u00fc\u00edstica i el desenvolupament de l&#8217;h\u00e0bit lector dels infants i joves. La compet\u00e8ncia lectora \u00e9s la base de molts aprenentatges i un requisit per participar amb \u00e8xit en bona part dels \u00e0mbits de la vida adulta.<\/p>\n<p><img loading=\"lazy\" decoding=\"async\" class=\"aligncenter wp-image-7587 size-large\" src=\"https:\/\/agora.xtec.cat\/ceip-marti-poch\/wp-content\/uploads\/usu1040\/2023\/11\/400824173_17964889997651730_9016495203027050729_n-819x1024.jpg\" alt=\"\" width=\"819\" height=\"1024\" srcset=\"https:\/\/agora.xtec.cat\/ceip-marti-poch\/wp-content\/uploads\/usu1040\/2023\/11\/400824173_17964889997651730_9016495203027050729_n-819x1024.jpg 819w, https:\/\/agora.xtec.cat\/ceip-marti-poch\/wp-content\/uploads\/usu1040\/2023\/11\/400824173_17964889997651730_9016495203027050729_n-240x300.jpg 240w, https:\/\/agora.xtec.cat\/ceip-marti-poch\/wp-content\/uploads\/usu1040\/2023\/11\/400824173_17964889997651730_9016495203027050729_n-768x960.jpg 768w, https:\/\/agora.xtec.cat\/ceip-marti-poch\/wp-content\/uploads\/usu1040\/2023\/11\/400824173_17964889997651730_9016495203027050729_n.jpg 1080w\" sizes=\"auto, (max-width: 819px) 100vw, 819px\" \/><\/p>\n<section class=\"padding-xs padding-sm padding-md\">\n<article class=\"container fullcontainer-xs\">\n<div class=\"row\">\n<div>\n<div id=\"center_1R\">\n<div id=\"39d38ced-654d-11e4-b4dc-000c29cdf219\" class=\"fpca_article pd-15\">\n<div>\n<div>\n<div class=\"row\">\n<div class=\"basic_text_peq col-xs-12\">\n<div class=\"pd-15x\">\n<p>El pla t\u00e9 com a\u00a0<strong>objectius generals<\/strong>:<\/p>\n<ol>\n<li>Millorar la compet\u00e8ncia lectora per augmentar el rendiment acad\u00e8mic de tots els alumnes i afavorir aix\u00ed l&#8217;\u00e8xit educatiu.<\/li>\n<li>\u00a0Aconseguir que els infants i joves assumeixin les seves responsabilitats com a aprenents aut\u00f2noms\u00a0 amb capacitat per accedir a la informaci\u00f3 i al coneixement, fent de la lectura l&#8217;eina per a l&#8217;aprenentatge en totes les \u00e0rees i mat\u00e8ries del curr\u00edculum.<\/li>\n<li>Formar bons lectors que gaudeixin i aprenguin llegint.<\/li>\n<li><img loading=\"lazy\" decoding=\"async\" class=\"aligncenter wp-image-7584 size-large\" src=\"https:\/\/agora.xtec.cat\/ceip-marti-poch\/wp-content\/uploads\/usu1040\/2023\/11\/400210592_17964890045651730_6833478178274544240_n-819x1024.jpg\" alt=\"\" width=\"819\" height=\"1024\" srcset=\"https:\/\/agora.xtec.cat\/ceip-marti-poch\/wp-content\/uploads\/usu1040\/2023\/11\/400210592_17964890045651730_6833478178274544240_n-819x1024.jpg 819w, https:\/\/agora.xtec.cat\/ceip-marti-poch\/wp-content\/uploads\/usu1040\/2023\/11\/400210592_17964890045651730_6833478178274544240_n-240x300.jpg 240w, https:\/\/agora.xtec.cat\/ceip-marti-poch\/wp-content\/uploads\/usu1040\/2023\/11\/400210592_17964890045651730_6833478178274544240_n-768x960.jpg 768w, https:\/\/agora.xtec.cat\/ceip-marti-poch\/wp-content\/uploads\/usu1040\/2023\/11\/400210592_17964890045651730_6833478178274544240_n.jpg 1080w\" sizes=\"auto, (max-width: 819px) 100vw, 819px\" \/><\/li>\n<\/ol>\n<p>En aquest sentit, tamb\u00e9 es preveuen diversos\u00a0<strong>objectius estrat\u00e8gics<\/strong>\u00a0per a tots els sectors que formen la comunitat educativa.<\/p>\n<p><strong>Per als alumnes<\/strong>\u00a0es preveuen els objectius seg\u00fcents:<\/p>\n<ul>\n<li>Incorporar l&#8217;autoavaluaci\u00f3 com a estrat\u00e8gia d&#8217;aprenentatge que els permeti autoregular el proc\u00e9s de comprensi\u00f3.<\/li>\n<li>Incrementar l&#8217;estona de dedicaci\u00f3 a la lectura i el nombre de llibres llegits al llarg de l&#8217;any.<\/li>\n<li>Incorporar la reflexi\u00f3 sobre qu\u00e8 i com s&#8217;ha apr\u00e8s, explicitant les estrat\u00e8gies de lectura que s&#8217;utilitzen.<\/li>\n<li>Elaborar un dossier de lectura.<\/li>\n<li><img loading=\"lazy\" decoding=\"async\" class=\"aligncenter wp-image-7493 size-large\" src=\"https:\/\/agora.xtec.cat\/ceip-marti-poch\/wp-content\/uploads\/usu1040\/2023\/10\/395953680_17962607735651730_6721266186844429407_n-1024x768.jpg\" alt=\"\" width=\"1024\" height=\"768\" srcset=\"https:\/\/agora.xtec.cat\/ceip-marti-poch\/wp-content\/uploads\/usu1040\/2023\/10\/395953680_17962607735651730_6721266186844429407_n-1024x768.jpg 1024w, https:\/\/agora.xtec.cat\/ceip-marti-poch\/wp-content\/uploads\/usu1040\/2023\/10\/395953680_17962607735651730_6721266186844429407_n-300x225.jpg 300w, https:\/\/agora.xtec.cat\/ceip-marti-poch\/wp-content\/uploads\/usu1040\/2023\/10\/395953680_17962607735651730_6721266186844429407_n-768x576.jpg 768w, https:\/\/agora.xtec.cat\/ceip-marti-poch\/wp-content\/uploads\/usu1040\/2023\/10\/395953680_17962607735651730_6721266186844429407_n-200x150.jpg 200w, https:\/\/agora.xtec.cat\/ceip-marti-poch\/wp-content\/uploads\/usu1040\/2023\/10\/395953680_17962607735651730_6721266186844429407_n.jpg 1080w\" sizes=\"auto, (max-width: 1024px) 100vw, 1024px\" \/><\/li>\n<\/ul>\n<p><strong>Per als professors<\/strong>:<\/p>\n<ul>\n<li>Planificar les unitats did\u00e0ctiques desenvolupant les estrat\u00e8gies metodol\u00f2giques d&#8217;acord amb l&#8217;evoluci\u00f3 dels aprenentatges dels seus alumnes.<\/li>\n<li>Incorporar l&#8217;avaluaci\u00f3 com a eina del mateix proc\u00e9s d&#8217;ensenyament.<\/li>\n<li>Articular els objectius de les activitats a partir d&#8217;all\u00f2 que els alumnes hauran de demostrar que han apr\u00e8s.<\/li>\n<\/ul>\n<p><strong>Per als centres educatius<\/strong>:<\/p>\n<ul>\n<li>Incorporar la lectura i les estrat\u00e8gies de comprensi\u00f3 lectora en totes les \u00e0rees.<\/li>\n<li>Establir una estrat\u00e8gia de centre adequada a les necessitats diagnosticades a partir dels resultats d&#8217;avaluaci\u00f3 interna i externa, i complementada amb les avaluacions generals del sistema.<\/li>\n<\/ul>\n<p><strong>Per a les fam\u00edlies<\/strong>:<\/p>\n<ul>\n<li>Trobar una estona di\u00e0ria (de 10 a 20 minuts) per llegir amb els infants o llegir al seu costat per refor\u00e7ar els h\u00e0bits de bon lector i la lectura aut\u00f2noma.<\/li>\n<li>Con\u00e8ixer la metodologia de l&#8217;aprenentatge de la lectura a l&#8217;escola.<\/li>\n<li>Aplicar les orientacions de com poden contribuir a fer dels seus fills uns bons lectors.<\/li>\n<li><img loading=\"lazy\" decoding=\"async\" class=\"aligncenter wp-image-7491 size-large\" src=\"https:\/\/agora.xtec.cat\/ceip-marti-poch\/wp-content\/uploads\/usu1040\/2023\/10\/394787344_17962607726651730_3558876215500106667_n-1024x768.jpg\" alt=\"\" width=\"1024\" height=\"768\" srcset=\"https:\/\/agora.xtec.cat\/ceip-marti-poch\/wp-content\/uploads\/usu1040\/2023\/10\/394787344_17962607726651730_3558876215500106667_n-1024x768.jpg 1024w, https:\/\/agora.xtec.cat\/ceip-marti-poch\/wp-content\/uploads\/usu1040\/2023\/10\/394787344_17962607726651730_3558876215500106667_n-300x225.jpg 300w, https:\/\/agora.xtec.cat\/ceip-marti-poch\/wp-content\/uploads\/usu1040\/2023\/10\/394787344_17962607726651730_3558876215500106667_n-768x576.jpg 768w, https:\/\/agora.xtec.cat\/ceip-marti-poch\/wp-content\/uploads\/usu1040\/2023\/10\/394787344_17962607726651730_3558876215500106667_n-200x150.jpg 200w, https:\/\/agora.xtec.cat\/ceip-marti-poch\/wp-content\/uploads\/usu1040\/2023\/10\/394787344_17962607726651730_3558876215500106667_n.jpg 1080w\" sizes=\"auto, (max-width: 1024px) 100vw, 1024px\" \/><\/li>\n<\/ul>\n<p>Aquest pla es fonamenta en els eixos seg\u00fcents:<\/p>\n<ol>\n<li style=\"text-align: justify;\"><strong>Saber llegir<\/strong><br \/>\nL&#8217;aprenentatge de la lectura com a desenvolupament de la capacitat de llegir, de comprendre i d&#8217;interpretar textos.<br \/>\nL&#8217;assoliment de les habilitats funcionals b\u00e0siques de lectura correspon al cicle inicial de l&#8217;educaci\u00f3 prim\u00e0ria i \u00e9s en aquest cicle on s&#8217;han de prendre les mesures de suport necess\u00e0ries amb els alumnes que hi presenten dificultats. Correspon als cicles posteriors continuar el treball de les estrat\u00e8gies lectores, adaptades a les necessitats de cada moment.<\/li>\n<li style=\"text-align: justify;\"><strong>Llegir per aprendre<\/strong><br \/>\nL&#8217;\u00fas de la lectura per a l&#8217;aprenentatge. Els alumnes han de desenvolupar la seva responsabilitat en l&#8217;aprenentatge i tenir la capacitat d&#8217;utilitzar la lectura com a eina per a l&#8217;acc\u00e9s a la informaci\u00f3, la descoberta i l&#8217;ampliaci\u00f3 de coneixements, \u00e9s a dir, l&#8217;\u00fas de la lectura com a instrument d&#8217;aprenentatge en totes les \u00e0rees del curr\u00edculum.<\/li>\n<li style=\"text-align: justify;\"><strong>Gust per llegir<\/strong><br \/>\nEl gust per llegir s&#8217;adquireix desenvolupant l&#8217;h\u00e0bit lector i fomentant la lectura sistem\u00e0tica en qualsevol suport, aprenent a reflexionar sobre el que s&#8217;ha llegit, sabent-ho explicar mitjan\u00e7ant evid\u00e8ncies orals o escrites i sabent-ho compartir.<\/li>\n<\/ol>\n<\/div>\n<\/div>\n<\/div>\n<\/div>\n<\/div>\n<\/div>\n<\/div>\n<\/div>\n<\/div>\n<\/article>\n<\/section>\n<section class=\"padding-xs padding-sm padding-md\">\n<article class=\"container fullcontainer-xs\">\n<div class=\"row\">\n<div class=\"fpca_article\" style=\"text-align: justify;\"><img loading=\"lazy\" decoding=\"async\" class=\"aligncenter wp-image-7478 size-large\" src=\"https:\/\/agora.xtec.cat\/ceip-marti-poch\/wp-content\/uploads\/usu1040\/2023\/10\/394775494_17962608557651730_7390581464359952986_n-1024x768.jpg\" alt=\"\" width=\"1024\" height=\"768\" srcset=\"https:\/\/agora.xtec.cat\/ceip-marti-poch\/wp-content\/uploads\/usu1040\/2023\/10\/394775494_17962608557651730_7390581464359952986_n-1024x768.jpg 1024w, https:\/\/agora.xtec.cat\/ceip-marti-poch\/wp-content\/uploads\/usu1040\/2023\/10\/394775494_17962608557651730_7390581464359952986_n-300x225.jpg 300w, https:\/\/agora.xtec.cat\/ceip-marti-poch\/wp-content\/uploads\/usu1040\/2023\/10\/394775494_17962608557651730_7390581464359952986_n-768x576.jpg 768w, https:\/\/agora.xtec.cat\/ceip-marti-poch\/wp-content\/uploads\/usu1040\/2023\/10\/394775494_17962608557651730_7390581464359952986_n-200x150.jpg 200w, https:\/\/agora.xtec.cat\/ceip-marti-poch\/wp-content\/uploads\/usu1040\/2023\/10\/394775494_17962608557651730_7390581464359952986_n.jpg 1080w\" sizes=\"auto, (max-width: 1024px) 100vw, 1024px\" \/><\/div>\n<\/div>\n<\/article>\n<\/section>\n<\/header>\n<div class=\"entry-content\">\n<div>\n<h1><\/h1>\n<h1 style=\"text-align: center;\">CONSELLS PER A LES FAM\u00cdLIES<\/h1>\n<h1 style=\"text-align: center;\">3-6 anys<\/h1>\n<\/div>\n<div>\n<p style=\"text-align: justify;\">En aquesta etapa els nens ja dominen el llenguatge oral i s\u2019inicien en el proc\u00e9s d\u2019aprendre a llegir i escriure. Per despertar\u00a0<strong>l\u2019h\u00e0bit lector,<\/strong>\u00a0\u00e9s positiu compartir el gust pel m\u00f3n dels llibres dins l\u2019espai familiar<strong>.<\/strong><\/p>\n<p style=\"text-align: justify;\">Per escollir un conte per als vostres fills tingueu present que a partir dels 3 anys ja poden tenir una mica de text, amb vocabulari o frases senzilles i amb lletra grossa,\u00a0tot i que encara han de tenir imatges que els ajudin a comprendre el text.<\/p>\n<p style=\"text-align: justify;\">Per refor\u00e7ar el seu proc\u00e9s d\u2019aprenentatge de la lectura:<\/p>\n<ul style=\"text-align: justify;\">\n<li>Expliqueu o llegiu contes, inventeu hist\u00f2ries de manera habitual;<\/li>\n<li>Trieu contes adaptats als seus aprenentatges i rutines;<\/li>\n<li>Aneu sovint a les\u00a0<strong>biblioteques<\/strong>\u00a0amb ells, tant per triar llibres adequats per a la seva edat com per participar en les activitats que s\u2019organitzen;<\/li>\n<li>Visiteu\u00a0<strong>llibreries<\/strong>\u00a0per con\u00e8ixer les novetats, demanar consell sobre els temes que agraden m\u00e9s en aquestes edats o participar en les activitats que organitzen. A m\u00e9s, pot ser una activitat l\u00fadica i divertida per fer en fam\u00edlia.<\/li>\n<\/ul>\n<p style=\"text-align: justify;\"><img loading=\"lazy\" decoding=\"async\" class=\"aligncenter wp-image-7485 size-large\" src=\"https:\/\/agora.xtec.cat\/ceip-marti-poch\/wp-content\/uploads\/usu1040\/2023\/10\/394729436_17962607753651730_5278995618203094721_n-1024x768.jpg\" alt=\"\" width=\"1024\" height=\"768\" srcset=\"https:\/\/agora.xtec.cat\/ceip-marti-poch\/wp-content\/uploads\/usu1040\/2023\/10\/394729436_17962607753651730_5278995618203094721_n-1024x768.jpg 1024w, https:\/\/agora.xtec.cat\/ceip-marti-poch\/wp-content\/uploads\/usu1040\/2023\/10\/394729436_17962607753651730_5278995618203094721_n-300x225.jpg 300w, https:\/\/agora.xtec.cat\/ceip-marti-poch\/wp-content\/uploads\/usu1040\/2023\/10\/394729436_17962607753651730_5278995618203094721_n-768x576.jpg 768w, https:\/\/agora.xtec.cat\/ceip-marti-poch\/wp-content\/uploads\/usu1040\/2023\/10\/394729436_17962607753651730_5278995618203094721_n-200x150.jpg 200w, https:\/\/agora.xtec.cat\/ceip-marti-poch\/wp-content\/uploads\/usu1040\/2023\/10\/394729436_17962607753651730_5278995618203094721_n.jpg 1080w\" sizes=\"auto, (max-width: 1024px) 100vw, 1024px\" \/><\/p>\n<div style=\"text-align: justify;\">\n<div>\n<div>\n<h1><\/h1>\n<h1 style=\"text-align: center;\">6-12 anys<\/h1>\n<\/div>\n<\/div>\n<\/div>\n<div style=\"text-align: justify;\"><\/div>\n<div>\n<p style=\"text-align: justify;\">En els primers anys d\u2019aquesta etapa els fills estan acabant d\u2019assolir la mec\u00e0nica de la lectura. Necessiten, per tant, llibres amb cap\u00edtols curts, lletra grossa i amb imatges (dibuixos o fotografies) que ajudin a entendre la hist\u00f2ria.<\/p>\n<p style=\"text-align: justify;\">A partir dels 9 anys, s\u00f3n m\u00e9s aut\u00f2noms a l\u2019hora de llegir i tenen m\u00e9s criteri per escollir les lectures que els interessen. Els llibres ja poden tenir cap\u00edtols m\u00e9s llargs, hist\u00f2ries m\u00e9s complexes, menys il\u00b7lustracions i informacions de temes actuals que siguin del seu inter\u00e8s.<\/p>\n<p style=\"text-align: justify;\"><img loading=\"lazy\" decoding=\"async\" class=\"aligncenter wp-image-7488 size-large\" src=\"https:\/\/agora.xtec.cat\/ceip-marti-poch\/wp-content\/uploads\/usu1040\/2023\/10\/394753627_17962582022651730_2170776291423841819_n-1024x768.jpg\" alt=\"\" width=\"1024\" height=\"768\" srcset=\"https:\/\/agora.xtec.cat\/ceip-marti-poch\/wp-content\/uploads\/usu1040\/2023\/10\/394753627_17962582022651730_2170776291423841819_n-1024x768.jpg 1024w, https:\/\/agora.xtec.cat\/ceip-marti-poch\/wp-content\/uploads\/usu1040\/2023\/10\/394753627_17962582022651730_2170776291423841819_n-300x225.jpg 300w, https:\/\/agora.xtec.cat\/ceip-marti-poch\/wp-content\/uploads\/usu1040\/2023\/10\/394753627_17962582022651730_2170776291423841819_n-768x576.jpg 768w, https:\/\/agora.xtec.cat\/ceip-marti-poch\/wp-content\/uploads\/usu1040\/2023\/10\/394753627_17962582022651730_2170776291423841819_n-200x150.jpg 200w, https:\/\/agora.xtec.cat\/ceip-marti-poch\/wp-content\/uploads\/usu1040\/2023\/10\/394753627_17962582022651730_2170776291423841819_n.jpg 1080w\" sizes=\"auto, (max-width: 1024px) 100vw, 1024px\" \/><\/p>\n<p style=\"text-align: justify;\">Per estimular la seva imaginaci\u00f3 i educar-los en\u00a0<strong>l\u2019h\u00e0bit lector<\/strong>, heu de tenir en compte que:<\/p>\n<ul>\n<li style=\"text-align: justify;\">En els primers anys prefereixen els llibres que relaten hist\u00f2ries quotidianes i llegendes o faules amb varietat de personatges (reals i fant\u00e0stics);<\/li>\n<li style=\"text-align: justify;\">A partir dels 9 anys els agraden les hist\u00f2ries d\u2019acci\u00f3 m\u00e9s complexes (misteri, ci\u00e8ncia-ficci\u00f3, c\u00f2mics) i amb personatges que s\u2019enfronten a problemes propis d\u2019aquestes edats (la relaci\u00f3 amb els amics, les seves emocions\u2026);<\/li>\n<li style=\"text-align: justify;\">\u00c9s convenient que els acompanyeu a la\u00a0<strong>biblioteca<\/strong>\u00a0que tingueu m\u00e9s a prop de casa perqu\u00e8 mirin i tri\u00efn llibres, perqu\u00e8 participin en activitats l\u00fadiques sobre lectures o perqu\u00e8 puguin estudiar, fer deures o treballs escolars;<\/li>\n<li style=\"text-align: justify;\">Tamb\u00e9 podeu anar amb ells a alguna\u00a0<strong>llibreria<\/strong>, on us poden orientar sobre les darreres novetats, quins llibres els poden agradar m\u00e9s, etc.<\/li>\n<\/ul>\n<p><img loading=\"lazy\" decoding=\"async\" class=\"aligncenter wp-image-7486 size-large\" src=\"https:\/\/agora.xtec.cat\/ceip-marti-poch\/wp-content\/uploads\/usu1040\/2023\/10\/394742380_17962607780651730_7469221355379030592_n-1024x768.jpg\" alt=\"\" width=\"1024\" height=\"768\" srcset=\"https:\/\/agora.xtec.cat\/ceip-marti-poch\/wp-content\/uploads\/usu1040\/2023\/10\/394742380_17962607780651730_7469221355379030592_n-1024x768.jpg 1024w, https:\/\/agora.xtec.cat\/ceip-marti-poch\/wp-content\/uploads\/usu1040\/2023\/10\/394742380_17962607780651730_7469221355379030592_n-300x225.jpg 300w, https:\/\/agora.xtec.cat\/ceip-marti-poch\/wp-content\/uploads\/usu1040\/2023\/10\/394742380_17962607780651730_7469221355379030592_n-768x576.jpg 768w, https:\/\/agora.xtec.cat\/ceip-marti-poch\/wp-content\/uploads\/usu1040\/2023\/10\/394742380_17962607780651730_7469221355379030592_n-200x150.jpg 200w, https:\/\/agora.xtec.cat\/ceip-marti-poch\/wp-content\/uploads\/usu1040\/2023\/10\/394742380_17962607780651730_7469221355379030592_n.jpg 1080w\" sizes=\"auto, (max-width: 1024px) 100vw, 1024px\" \/><\/p>\n<p>&nbsp;<\/p>\n<\/div>\n<\/div>\n<\/div>\n<p><!-- .entry-content --><\/p>\n<footer class=\"entry-meta\"><\/footer>\n<p><!-- .entry-meta --><\/p>\n<\/article>\n","protected":false},"excerpt":{"rendered":"<p>Tenim com a objectiu estrat\u00e8gic la millora de l&#8217;\u00e8xit escolar de tot l&#8217;alumnat. I ho fem potenciant la lectura sistem\u00e0tica en totes les \u00e0rees i mat\u00e8ries del curr\u00edculum al llarg de tota l&#8217;escolaritat b\u00e0sica per augmentar la compet\u00e8ncia comunicativa i ling\u00fc\u00edstica i el desenvolupament de&hellip;  <a href=\"https:\/\/agora.xtec.cat\/ceip-marti-poch\/projecte-educatiu-2\/projecte-educatiu\/lectura\/\" title=\"Read Lectura\">Llegeix m\u00e9s\u00bb<\/a><\/p>\n","protected":false},"author":1,"featured_media":0,"parent":64,"menu_order":0,"comment_status":"closed","ping_status":"closed","template":"","meta":{"_bbp_topic_count":0,"_bbp_reply_count":0,"_bbp_total_topic_count":0,"_bbp_total_reply_count":0,"_bbp_voice_count":0,"_bbp_anonymous_reply_count":0,"_bbp_topic_count_hidden":0,"_bbp_reply_count_hidden":0,"_bbp_forum_subforum_count":0,"footnotes":""},"class_list":["post-876","page","type-page","status-publish","hentry"],"post_mailing_queue_ids":[],"_links":{"self":[{"href":"https:\/\/agora.xtec.cat\/ceip-marti-poch\/wp-json\/wp\/v2\/pages\/876","targetHints":{"allow":["GET"]}}],"collection":[{"href":"https:\/\/agora.xtec.cat\/ceip-marti-poch\/wp-json\/wp\/v2\/pages"}],"about":[{"href":"https:\/\/agora.xtec.cat\/ceip-marti-poch\/wp-json\/wp\/v2\/types\/page"}],"author":[{"embeddable":true,"href":"https:\/\/agora.xtec.cat\/ceip-marti-poch\/wp-json\/wp\/v2\/users\/1"}],"replies":[{"embeddable":true,"href":"https:\/\/agora.xtec.cat\/ceip-marti-poch\/wp-json\/wp\/v2\/comments?post=876"}],"version-history":[{"count":4,"href":"https:\/\/agora.xtec.cat\/ceip-marti-poch\/wp-json\/wp\/v2\/pages\/876\/revisions"}],"predecessor-version":[{"id":7953,"href":"https:\/\/agora.xtec.cat\/ceip-marti-poch\/wp-json\/wp\/v2\/pages\/876\/revisions\/7953"}],"up":[{"embeddable":true,"href":"https:\/\/agora.xtec.cat\/ceip-marti-poch\/wp-json\/wp\/v2\/pages\/64"}],"wp:attachment":[{"href":"https:\/\/agora.xtec.cat\/ceip-marti-poch\/wp-json\/wp\/v2\/media?parent=876"}],"curies":[{"name":"wp","href":"https:\/\/api.w.org\/{rel}","templated":true}]}}