{"id":787,"date":"2018-03-07T13:19:28","date_gmt":"2018-03-07T12:19:28","guid":{"rendered":"http:\/\/agora.xtec.cat\/ceip-marti-poch\/?page_id=787"},"modified":"2024-02-11T20:08:26","modified_gmt":"2024-02-11T19:08:26","slug":"escola-verda","status":"publish","type":"page","link":"https:\/\/agora.xtec.cat\/ceip-marti-poch\/projecte-educatiu-2\/projecte-educatiu\/escola-verda\/","title":{"rendered":"Escola verda"},"content":{"rendered":"<div id=\"content\">\n<article id=\"post-4148\" class=\"post-4148 page type-page status-publish hentry\">\n<header class=\"entry-header\">\n<h1 class=\"entry-title\"><span style=\"font-family: inherit; font-size: 1em; font-weight: normal; text-align: justify;\">Les Escoles Verdes s\u00f3n centres educatius compromesos amb la sostenibilitat que treballen per fomentar una educaci\u00f3 ecosocial que transformi el centre educatiu i el seu entorn, per a la qual cosa fan xarxa amb altres entitats del territori. Actualment, hi ha m\u00e9s de 800 centres que formen part de la Xarxa d\u2019Escoles Verdes.<\/span><\/h1>\n<\/header>\n<div class=\"entry-content\">\n<p><img loading=\"lazy\" decoding=\"async\" class=\"aligncenter wp-image-7822 size-full\" src=\"https:\/\/agora.xtec.cat\/ceip-marti-poch\/wp-content\/uploads\/usu1040\/2024\/02\/421853789_17975570348651730_6629542648340522437_n.jpg\" alt=\"\" width=\"867\" height=\"642\" srcset=\"https:\/\/agora.xtec.cat\/ceip-marti-poch\/wp-content\/uploads\/usu1040\/2024\/02\/421853789_17975570348651730_6629542648340522437_n.jpg 867w, https:\/\/agora.xtec.cat\/ceip-marti-poch\/wp-content\/uploads\/usu1040\/2024\/02\/421853789_17975570348651730_6629542648340522437_n-300x222.jpg 300w, https:\/\/agora.xtec.cat\/ceip-marti-poch\/wp-content\/uploads\/usu1040\/2024\/02\/421853789_17975570348651730_6629542648340522437_n-768x569.jpg 768w\" sizes=\"auto, (max-width: 867px) 100vw, 867px\" \/><\/p>\n<p style=\"text-align: justify;\">Els objectius estrat\u00e8gics plantejats pels anys 2023-2027 s\u00f3n:<\/p>\n<ol>\n<li style=\"text-align: justify;\"><strong>CURR\u00cdCULUM<\/strong>:<\/li>\n<\/ol>\n<ul>\n<li style=\"font-weight: 400;\" aria-level=\"1\"><span style=\"font-weight: 400;\">Trobar noves idees per treballar l&#8217;experimentaci\u00f3 a l\u2019hort escolar en un context de sequera.\u00a0<\/span><\/li>\n<li style=\"font-weight: 400;\" aria-level=\"1\"><span style=\"font-weight: 400;\">Continuar\u00a0 el treball\u00a0 sistem\u00e0tic dels ODS amb l\u2019ajut de la creaci\u00f3 d\u2019un espai al passad\u00eds amb una capsa per cada ODS.\u00a0<\/span><\/li>\n<li style=\"font-weight: 400;\" aria-level=\"1\"><span style=\"font-weight: 400;\">Portar a la pr\u00e0ctica projectes globalitzats on es treballi aspectes sostenibles com la reutilitzaci\u00f3 de roba, llibres, reducci\u00f3 de pl\u00e0stics\u2026 prenent consci\u00e8ncia d\u2019accions m\u00e9s respectuoses i responsables.\u00a0<\/span><\/li>\n<li style=\"font-weight: 400;\" aria-level=\"1\"><span style=\"font-weight: 400;\">Potenciar l\u00b4observaci\u00f3 d\u00b4ocells del voltant de l\u00b4escola.<\/span><\/li>\n<\/ul>\n<p><strong>2. GESTI\u00d3 SOSTENIBLE<\/strong>:<\/p>\n<ul>\n<li style=\"font-weight: 400;\" aria-level=\"1\"><span style=\"font-weight: 400;\">Revisar l&#8217;estalvi d&#8217;aigua ideant un sistema com l\u2019aplicaci\u00f3 de brides als polsadors de les aixetes.<\/span><\/li>\n<li style=\"font-weight: 400;\" aria-level=\"1\"><span style=\"font-weight: 400;\">Promocionar la mobilitat sostenible i evitar l\u2019\u00fas dels cotxes en els despla\u00e7aments al centre. <\/span><\/li>\n<\/ul>\n<p style=\"text-align: justify;\"><strong>3. IMPLICACI\u00d3 EN L\u2019ENTORN:<\/strong><\/p>\n<ul>\n<li style=\"font-weight: 400;\" aria-level=\"1\"><span style=\"font-weight: 400;\">Seguir amb el Projecte de Renaturalitzaci\u00f3 del pati i adequar la zona de l\u00b4entrada principal, treure els arbres malalts i acondicionar el sol i l\u00b4espai.<\/span><\/li>\n<li style=\"font-weight: 400;\" aria-level=\"1\"><span style=\"font-weight: 400;\">Acondicionar l\u00b4espai de la terrassa per fer-hi activitats a l\u00b4aire lliure, observant els nius de les orenetes.<\/span><\/li>\n<\/ul>\n<p><strong>4. ORGANITZACI\u00d3 I PARTICIPACI\u00d3:<\/strong><\/p>\n<ul>\n<li style=\"text-align: justify;\"><span style=\"font-weight: 400;\">Ampliar la participaci\u00f3 de familiars en els temes de sostenibilitat.<\/span><\/li>\n<li>Potenciar el comit\u00e8 verd de l&#8217;escola.<\/li>\n<\/ul>\n<p><img loading=\"lazy\" decoding=\"async\" class=\"aligncenter wp-image-7821 size-large\" src=\"https:\/\/agora.xtec.cat\/ceip-marti-poch\/wp-content\/uploads\/usu1040\/2024\/02\/421825091_17975570345651730_5757339307509763525_n-1024x768.jpg\" alt=\"\" width=\"1024\" height=\"768\" srcset=\"https:\/\/agora.xtec.cat\/ceip-marti-poch\/wp-content\/uploads\/usu1040\/2024\/02\/421825091_17975570345651730_5757339307509763525_n-1024x768.jpg 1024w, https:\/\/agora.xtec.cat\/ceip-marti-poch\/wp-content\/uploads\/usu1040\/2024\/02\/421825091_17975570345651730_5757339307509763525_n-300x225.jpg 300w, https:\/\/agora.xtec.cat\/ceip-marti-poch\/wp-content\/uploads\/usu1040\/2024\/02\/421825091_17975570345651730_5757339307509763525_n-768x576.jpg 768w, https:\/\/agora.xtec.cat\/ceip-marti-poch\/wp-content\/uploads\/usu1040\/2024\/02\/421825091_17975570345651730_5757339307509763525_n-200x150.jpg 200w, https:\/\/agora.xtec.cat\/ceip-marti-poch\/wp-content\/uploads\/usu1040\/2024\/02\/421825091_17975570345651730_5757339307509763525_n.jpg 1080w\" sizes=\"auto, (max-width: 1024px) 100vw, 1024px\" \/><\/p>\n<p><img loading=\"lazy\" decoding=\"async\" class=\"aligncenter wp-image-7684 size-large\" src=\"https:\/\/agora.xtec.cat\/ceip-marti-poch\/wp-content\/uploads\/usu1040\/2023\/12\/406645697_17968056284651730_6423023900569545779_n-1024x768.jpg\" alt=\"\" width=\"1024\" height=\"768\" srcset=\"https:\/\/agora.xtec.cat\/ceip-marti-poch\/wp-content\/uploads\/usu1040\/2023\/12\/406645697_17968056284651730_6423023900569545779_n-1024x768.jpg 1024w, https:\/\/agora.xtec.cat\/ceip-marti-poch\/wp-content\/uploads\/usu1040\/2023\/12\/406645697_17968056284651730_6423023900569545779_n-300x225.jpg 300w, https:\/\/agora.xtec.cat\/ceip-marti-poch\/wp-content\/uploads\/usu1040\/2023\/12\/406645697_17968056284651730_6423023900569545779_n-768x576.jpg 768w, https:\/\/agora.xtec.cat\/ceip-marti-poch\/wp-content\/uploads\/usu1040\/2023\/12\/406645697_17968056284651730_6423023900569545779_n-200x150.jpg 200w, https:\/\/agora.xtec.cat\/ceip-marti-poch\/wp-content\/uploads\/usu1040\/2023\/12\/406645697_17968056284651730_6423023900569545779_n.jpg 1080w\" sizes=\"auto, (max-width: 1024px) 100vw, 1024px\" \/><\/p>\n<p><a href=\"http:\/\/blocs.xtec.cat\/ceipmartipoch\/escola-verda\/escolaverda\/\" rel=\"attachment wp-att-4152\"><img loading=\"lazy\" decoding=\"async\" class=\"aligncenter wp-image-4152\" src=\"http:\/\/blocs.xtec.cat\/ceipmartipoch\/files\/2017\/06\/escolaverda.png\" alt=\"escolaverda\" width=\"169\" height=\"182\" \/><\/a><\/p>\n<p style=\"text-align: justify;\">\n<\/div>\n<\/article>\n<p><!-- #comments .comments-area --><\/p>\n<\/div>\n<p>&nbsp;<\/p>\n<p>&nbsp;<\/p>\n<h4 style=\"text-align: center;\"><\/h4>\n<p>&nbsp;<\/p>\n","protected":false},"excerpt":{"rendered":"<p>Les Escoles Verdes s\u00f3n centres educatius compromesos amb la sostenibilitat que treballen per fomentar una educaci\u00f3 ecosocial que transformi el centre educatiu i el seu entorn, per a la qual cosa fan xarxa amb altres entitats del territori. Actualment, hi ha m\u00e9s de 800 centres&hellip;  <a href=\"https:\/\/agora.xtec.cat\/ceip-marti-poch\/projecte-educatiu-2\/projecte-educatiu\/escola-verda\/\" title=\"Read Escola verda\">Llegeix m\u00e9s\u00bb<\/a><\/p>\n","protected":false},"author":1,"featured_media":0,"parent":64,"menu_order":10,"comment_status":"closed","ping_status":"closed","template":"","meta":{"_bbp_topic_count":0,"_bbp_reply_count":0,"_bbp_total_topic_count":0,"_bbp_total_reply_count":0,"_bbp_voice_count":0,"_bbp_anonymous_reply_count":0,"_bbp_topic_count_hidden":0,"_bbp_reply_count_hidden":0,"_bbp_forum_subforum_count":0,"footnotes":""},"class_list":["post-787","page","type-page","status-publish","hentry"],"post_mailing_queue_ids":[],"_links":{"self":[{"href":"https:\/\/agora.xtec.cat\/ceip-marti-poch\/wp-json\/wp\/v2\/pages\/787","targetHints":{"allow":["GET"]}}],"collection":[{"href":"https:\/\/agora.xtec.cat\/ceip-marti-poch\/wp-json\/wp\/v2\/pages"}],"about":[{"href":"https:\/\/agora.xtec.cat\/ceip-marti-poch\/wp-json\/wp\/v2\/types\/page"}],"author":[{"embeddable":true,"href":"https:\/\/agora.xtec.cat\/ceip-marti-poch\/wp-json\/wp\/v2\/users\/1"}],"replies":[{"embeddable":true,"href":"https:\/\/agora.xtec.cat\/ceip-marti-poch\/wp-json\/wp\/v2\/comments?post=787"}],"version-history":[{"count":5,"href":"https:\/\/agora.xtec.cat\/ceip-marti-poch\/wp-json\/wp\/v2\/pages\/787\/revisions"}],"predecessor-version":[{"id":7939,"href":"https:\/\/agora.xtec.cat\/ceip-marti-poch\/wp-json\/wp\/v2\/pages\/787\/revisions\/7939"}],"up":[{"embeddable":true,"href":"https:\/\/agora.xtec.cat\/ceip-marti-poch\/wp-json\/wp\/v2\/pages\/64"}],"wp:attachment":[{"href":"https:\/\/agora.xtec.cat\/ceip-marti-poch\/wp-json\/wp\/v2\/media?parent=787"}],"curies":[{"name":"wp","href":"https:\/\/api.w.org\/{rel}","templated":true}]}}