{"id":784,"date":"2018-03-07T13:14:35","date_gmt":"2018-03-07T12:14:35","guid":{"rendered":"http:\/\/agora.xtec.cat\/ceip-marti-poch\/?page_id=784"},"modified":"2023-10-22T18:37:19","modified_gmt":"2023-10-22T16:37:19","slug":"decaleg","status":"publish","type":"page","link":"https:\/\/agora.xtec.cat\/ceip-marti-poch\/projecte-educatiu-2\/projecte-educatiu\/decaleg\/","title":{"rendered":"Principis de l&#8217;escola"},"content":{"rendered":"<p><span style=\"font-weight: 400;\"><strong>&#8211; Pluriling\u00fce i intercultural.<\/strong> <\/span><span style=\"font-weight: 400;\">Una escola que proporciona una compet\u00e8ncia pluriling\u00fce i intercultural que inclou el catal\u00e0 com a llengua pr\u00f2pia i vehicular, el castell\u00e0 com a llengua cooficial i l\u2019angl\u00e8s com a llengua estrangera.\u00a0<\/span><\/p>\n<p><strong>&#8211; Inclusiva. <\/strong><span style=\"font-weight: 400;\">Una escola oberta a tothom sense restriccions, que considera la diversitat com una riquesa i un recurs, que mant\u00e9 les expectatives elevades pel que fa a les possibilitats de cada un dels alumnes i dedica els recursos necessaris a aconseguir aquest objectiu.<\/span><\/p>\n<p><strong>&#8211; Compromesa amb l&#8217;entorn. <\/strong><span style=\"font-weight: 400;\">Una escola compromesa, no solament des del punt de vista pedag\u00f2gic sin\u00f3 tamb\u00e9 ciutad\u00e0, amb els problemes m\u00e9s greus que t\u00e9 plantejat el m\u00f3n. Fomentant l\u2019esperit cr\u00edtic i el comprom\u00eds amb l\u2019entorn i la societat a trav\u00e9s del treball sistem\u00e0tic dels ODS i les aliances amb el MVR i les ONG.<\/span><\/p>\n<p><span style=\"font-weight: 400;\"><strong>&#8211; Democr\u00e0tica, oberta i participativa.<\/strong> <\/span><span style=\"font-weight: 400;\">Una escola que fa con\u00e8ixer a l\u2019alumnat els valors democr\u00e0tics i de respecte pels drets humans. Per\u00f2 sobretot, que funciona d\u2019acord amb aquests valors i procura projectar-los sobre l\u2019entorn.\u00a0<\/span><\/p>\n<p><span style=\"font-weight: 400;\"><strong>&#8211; Cr\u00edtica, creativa i innovadora.<\/strong> <\/span><span style=\"font-weight: 400;\">Una escola que abandona el model d\u2019educaci\u00f3 transmissora. Els nens i nenes han de construir els coneixements que adquireixen des d\u2019una perspectiva cr\u00edtica, amb les tecnologies i estrat\u00e8gies m\u00e9s actuals.<\/span><\/p>\n<p><span style=\"font-weight: 400;\"><strong>&#8211; Humana.<\/strong> <\/span><span style=\"font-weight: 400;\">Una escola que valora els sabers i les destreses importants per al futur, les refer\u00e8ncies culturals que ens enriqueixen les compet\u00e8ncies que ens permeten gestionar els problemes del present. Una escola que situa l\u2019\u00e9sser hum\u00e0 en el centre de les seves preocupacions i intenta promoure la felicitat i el benestar emocional de l\u2019alumnat.<\/span><\/p>\n<p><span style=\"font-weight: 400;\"><strong>&#8211; Lectora.<\/strong> <\/span><span style=\"font-weight: 400;\">Una escola que estima i viu la lectura, com a font de coneixement i de plaer, portant a terme diverses l\u00ednies d&#8217;actuaci\u00f3 al voltant de la lectura<\/span><\/p>\n<p><strong>&#8211; <\/strong><span style=\"font-weight: 400;\"><strong>Digital .<\/strong> <\/span><span style=\"font-weight: 400;\">Una escola que integra les tecnologies de l&#8217;aprenentatge en el dia a dia. Un centre que ofereix les eines digitals necess\u00e0ries perqu\u00e8 aquestes esdevinguin una realitat en totes les aules i siguin accessibles a tot l&#8217;alumnat i les seves fam\u00edlies.<\/span><\/p>\n<p><strong>&#8211; Aprenentatge amb sentit. <\/strong><span style=\"font-weight: 400;\">En definitiva <\/span><span style=\"font-weight: 400;\">volem que l\u2019alumnat aprengui amb sentit per aconseguir una societat m\u00e9s justa i democr\u00e0tica, cohesionada, inclusiva que contempli totes les persones i on sigui possible la igualtat d\u2019oportunitats i la igualtat real i efectiva. Una societat fonamentada en una ciutadania cr\u00edtica, activa i constructiva, que doni resposta a les aspiracions personals i col\u00b7lectives, sostenible, digitalitzada, m\u00e9s equitativa, m\u00e9s verda, m\u00e9s feminista, m\u00e9s cohesionada, sense desigualtats socioecon\u00f2miques i m\u00e9s democr\u00e0tica.<\/span><\/p>\n<p>&nbsp;<\/p>\n","protected":false},"excerpt":{"rendered":"<p>&#8211; Pluriling\u00fce i intercultural. Una escola que proporciona una compet\u00e8ncia pluriling\u00fce i intercultural que inclou el catal\u00e0 com a llengua pr\u00f2pia i vehicular, el castell\u00e0 com a llengua cooficial i l\u2019angl\u00e8s com a llengua estrangera.\u00a0<br \/>\n&#8211; Inclusiva. Una escola oberta a tothom sense restriccions, que considera&hellip;  <a href=\"https:\/\/agora.xtec.cat\/ceip-marti-poch\/projecte-educatiu-2\/projecte-educatiu\/decaleg\/\" title=\"Read Principis de l&#8217;escola\">Llegeix m\u00e9s\u00bb<\/a><\/p>\n","protected":false},"author":1,"featured_media":0,"parent":64,"menu_order":10,"comment_status":"closed","ping_status":"closed","template":"","meta":{"_bbp_topic_count":0,"_bbp_reply_count":0,"_bbp_total_topic_count":0,"_bbp_total_reply_count":0,"_bbp_voice_count":0,"_bbp_anonymous_reply_count":0,"_bbp_topic_count_hidden":0,"_bbp_reply_count_hidden":0,"_bbp_forum_subforum_count":0,"footnotes":""},"class_list":["post-784","page","type-page","status-publish","hentry"],"post_mailing_queue_ids":[],"_links":{"self":[{"href":"https:\/\/agora.xtec.cat\/ceip-marti-poch\/wp-json\/wp\/v2\/pages\/784","targetHints":{"allow":["GET"]}}],"collection":[{"href":"https:\/\/agora.xtec.cat\/ceip-marti-poch\/wp-json\/wp\/v2\/pages"}],"about":[{"href":"https:\/\/agora.xtec.cat\/ceip-marti-poch\/wp-json\/wp\/v2\/types\/page"}],"author":[{"embeddable":true,"href":"https:\/\/agora.xtec.cat\/ceip-marti-poch\/wp-json\/wp\/v2\/users\/1"}],"replies":[{"embeddable":true,"href":"https:\/\/agora.xtec.cat\/ceip-marti-poch\/wp-json\/wp\/v2\/comments?post=784"}],"version-history":[{"count":4,"href":"https:\/\/agora.xtec.cat\/ceip-marti-poch\/wp-json\/wp\/v2\/pages\/784\/revisions"}],"predecessor-version":[{"id":7386,"href":"https:\/\/agora.xtec.cat\/ceip-marti-poch\/wp-json\/wp\/v2\/pages\/784\/revisions\/7386"}],"up":[{"embeddable":true,"href":"https:\/\/agora.xtec.cat\/ceip-marti-poch\/wp-json\/wp\/v2\/pages\/64"}],"wp:attachment":[{"href":"https:\/\/agora.xtec.cat\/ceip-marti-poch\/wp-json\/wp\/v2\/media?parent=784"}],"curies":[{"name":"wp","href":"https:\/\/api.w.org\/{rel}","templated":true}]}}