{"id":77,"date":"2014-09-18T14:05:08","date_gmt":"2014-09-18T12:05:08","guid":{"rendered":"http:\/\/agora.xtec.cat\/ceip-marti-poch\/?page_id=77"},"modified":"2025-09-09T18:13:00","modified_gmt":"2025-09-09T16:13:00","slug":"acollida","status":"publish","type":"page","link":"https:\/\/agora.xtec.cat\/ceip-marti-poch\/afa\/acollida\/","title":{"rendered":"Acollida matinal"},"content":{"rendered":"<p>L\u2019AMPA de l\u2019escola ofereix a totes les fam\u00edlies s\u00f2cies la possibilitat que els seus fills facin \u00fas del servei d\u2019acollida matinal. Aquesta activitat es realitza a l\u2019escola segons l\u2019horari del Pla Anual de Centre. El nombre de monitors anir\u00e0 lligat a la demanda existent i a criteris organitzatius i pedag\u00f2gics.<\/p>\n<p>A inici de cada curs s\u2019explica el funcionament i les condicions econ\u00f2miques.<\/p>\n<table style=\"width: 864px; height: 361px;\">\n<tbody>\n<tr>\n<td style=\"width: 217px;\"><img loading=\"lazy\" decoding=\"async\" class=\"size-large aligncenter\" src=\"data:image\/png;base64,iVBORw0KGgoAAAANSUhEUgAAAFoAAADZCAMAAACXUtdGAAABQVBMVEX\/\/\/\/\/vgBaPBuJWyn\/wAD\/wgD8\/PyGWCr5+fmvr6+srKzx8fH09PTs7Oz\/xADLy8va2trExMTR0dHg4OC+vr62trb\/\/vhWORvm5uZRNRz1twBKLxxOMhxSMAD\/\/fP\/\/O7urwDfpACBVCuWZibUmQBPKwD\/9dtfQBqATAC1gQCGVh\/\/9NSlcyCbaiP\/57FWNxJBJh3\/88uDUBD\/3paQYAChcAC\/qZXe2NH\/8cB2RQCRaBSwfB2GXxWwgRDOlhF+WRdIIABxThj84KJvSQD\/zEz\/0W\/5ylygkIHRyMD52IGHbk7s4s3qukXNv6ne07qpl4DlsCZEFgDq16pkSC2DbVdyW0X7wza4r6bWsVrlyZikfkDBro6SgGljPQD\/3HHRoCyhimnBomzDnlQ2AACSaT6eeli2jVmDc2fDkzThwoTWp0R7ZgazAAAVvklEQVR4nLVci1\/iyLIOkEAkBJA3kUc3BpggA4OIqEgrDiLs6oy7Ks45Ow\/vOc6Zs\/f\/\/wNuVScBVJTn7d88IIQvlep6fFXdQRBeHUp4M7oR3Qz7Xj9lueEObgaCwUB0wxsNrRdZCavmC3XT691cp+CyAv\/EYhl8HY5uRNaH7ZYB+Oy81\/1eg3fKhjfiXhu0IFQkqjGN0mEBsKPewLqgBeFM06hDc2hU00DwxMZGeF3INZFpkgOGpDFpRxCC3uiaVJLt6iLgnp9rAK4TmM1N75pMsKIRQK74lAL8p5FzsMGNqLIyrKw27y91v8PRi6WdatfhEIleQZWsOpP9h8fH0iFFobuxrxfyEF6I2jAryNGNFcVWrx4PSy6C0I66kD3D\/x0aG6DYq2hb5s7d\/OwxoR2i6LAGKQjuyEpiB0P82wlNczwdOsxkwru5ArTgC4XCYMCX1IL0tyg3bwc9EISQN7gKNigF\/G5gKgQmsPjegVqR9GEMjXt1nzxjfg4t6cVc2XRLHWbSHVjdcbJDU9kiy7lyLiYCOCGADQE2GpZXwz7XTalZ0eXy5Mq6Q5KIXhdwMiKRQDgcDAWCy8RwmMcdS9max+NC8G2DSCLt7eCnPgVGyOuNLiOzjGJzbftZDrEB3LPdooTWC\/Y5oQ3vMmYO0Dua5TV6LgeSe1zFXFuTCPlxflarVSoYwr1LZTUZjUQSrYBdLrly2y2CtyESQg29l13e72XArlPCrU7EsEo0h+30hJyBiavRZU3cB1NZJ3SENx6EYiYOrcAfFJC7dgng0hNgjaEyfIGVvBKxs3XM6g5TdlQM0+qojMCKkVvhLKdyPtQppUTXdI1161lkbKsFKRyyii4dyxbqwHV6vUGlgGTKF1w9RyIMl9wXSYyPqOo6gPkAlcsJsAY3DFlW1sbPzOHrNyFwyLJ7zbgQq3xNn7BuVI4sc6n\/PwZCN9dcclialVHqxIxzFxuhyCY3M9kHUq\/P4GD4ZF+IR02Alp9B+5QVsyOk2I0QL2qeKkQORaPRlTTkA8lUkBumUQ6OpZbVYGQDxirQ\/Z8gmRqJJkwBw9FAQvGpYdWNd7Ma9FXJo2AsClrQm1CaBhKmkiOrQpce+5MH3Cq37uYV8LONpXiCPfZLrlJpX\/UpavPqqm+JKzcfdj+vDt0B8rHreXz07JZ2D10\/95tq4upnqXO4j9ArseHPJc5sPB6T4ZQO3x0eHsKrXYRerax56LieDfMaXOqVeLZv1\/Mc2hwodWQVmu1GfZR2373bfS76YR+hV1DIfinn2n3c7\/c\/uzh46d1uybwMSh1Yku7haCLKPn+pfH4HeD\/7qpK4eiwBY30EbUU3lhVb\/lly7V5Zb9wPpXf7plmrcNyDH4S80SXF7h\/mSj9H2TBR+mm\/VB\/BTh4V7I8sGftQaJgt9331FhEeMDWqPItdvXPlQGz3spatPsIcAtxmupr\/Cu\/3ATR4V7yD0KrCJOBNBL2RpaCbYHgIHT11pu9QVPj7K+88vecagYpMhUi+XDMK4imfRfUu7UTh0FQuLOgSOn1TkL3RpZIYQvNpVDgBaaImEnf\/\/gXxuwmWmCvBPHgjS0H\/C6Bd7\/atd\/Jv+c\/2J2iVIDWHXgI4c07Nes7EVh\/yzm82e9ovuUyFuJdoMmTPCGubkWnXtb+\/\/\/Dum9MZh5wAtgh5AI\/ntlWsGhcsZjJnQyigoS43RwmGKxd3Ol2lx58\/f7p4CHfljAM4VdmMhhYwktoPiuVy62k8LTpz5mWs9zmDYkEjJBagI3VCRF5k5VzvR0HU48oVn8bVXJtSvYK1x9w+WaGayOvZ9jZrMyuxtMouswHgcdn3UjSISOiXHd4emSvdZH+MSkOGPRDEK7Nyi2ve894wTD15tt\/r2CvReAsjMleYOrN7QpRtg4ittsezzbAXYsC792zb1UbLgasd66be6N+8ZzkH9KiTpbVzuZwn12YGXAMGK+fewzVcHvbeA9dw5ajZ4dFIDcWeTZCzNrLEymXGDJAZgN+jrg2GyPCHtVqgpxyz2hnkS0ZIzOwvyEJBt4UmLcOVaxkI1jLKRht80+MpGyD8Nl5ou2QLIZICJIXNGdYtCzu6VeeTa0TNARKq2eMxyqh5A\/RRRvW0WNnUNc5KRZAjs6IrQFOrP0Er7zhnYq024zYBKsZ74JOKs5vT7dYlHUC+mQ1dY6bUZODbPTEMMJIySunKASRrc4YGptgG6XP\/tTVCzsG0Z0G7hQM+Nxr9EhP+aWyDIbg4GIOLgLmY8wm69nhypT+JLfU80OCLqGuRDcCB\/y6hSXtMSyujy5gCe7joxn9\/HzlXb7ZCsBsECiQMY5rQL3GX2S4zbiUtcz5z7RafT6BPdTah6xlhBKD\/JhobZHkJqj6WwaRbRotr2GO0rYgC8wn38K4pZCz3Igg9s28W69EfKLKKXaUvDdbKIeo2zqfn\/Xu4BvzvMhhYPBAzofCDq1sH6MjMAJWl9QzWhEEBaovmYQ4kNCMHvkBdc6+HCd3jhC32Bb2dSz2TD9cq8E8Ce+6qCtm142LbPHKM5hPNGq5x9L8ZQcGwccY0biGb84RVN++3C+4g0gXARbvjBgimyGOhkfMcG5DNQ5wn7FxTsBAh8Da0jEFXDVl5FLtLnC94MBOAyAbEV2ysgo8bn92CmjDbDpmBcQnXmSF1IhQ0ReYD0ukOt+Zt1kJYPp8YQd5vP6r8rgRuVMLZMCuEZ1mIkphI\/bhYcLaXMzMBJhdzPsvgiEBIrBKSC74DoW8xQoKdvL8b77lxwHzCNVDXrIS0SX3W5Uss1g+WQSWxf+yVPGYIZGh3rtyxcYV9vqen+hZt2\/qQvVy5dsGaTY90lY93fzaxy\/JUBiWxMKtUEbv5Zc+y5u3yXutvEM+3jv6Wj9vBvafTaBwe7rL\/IOnj7Zc1QAOKL3zr7Kt\/Xl1dfeOUdz0tOVzC27w7zd\/dIG3\/9cfN\/VpgcUCYSOTvEyn3\/Y2vWb3vV2+T6+pQKglBvr33\/dHv38r9O+H+Tri9ENbTWHWDhbhlod9vNgXlonnTVG+hFIhG1tCmlANPeLmPr9Rgp2z1FW8Zo4q5HDtyEqC8gL2GHmgmm4nBFRIbXrgGtj+FlcW29HDQ7XZ75wUoeTf4IsqgjpkzsAq0EtoMqW4hO2w0dLr3HVguEuhuw6E3ehmg08t2FFBotxLEJF1vED+7hqKCl0JDw6\/p1wWADqxogKjYroNKoIMwjyU7fs0QgagHzcpcSSTUxcOJfG8lspr+cYC94LCiwJXqe3v4bmNTcKuBDa8XbCWy8M6ii+rX+35CkTOXxhmEj81oJJBARsg5hzcSDoXCuK0IRzQQVn3y\/OK7b0\/z6XT1zjskvczo6LmGTGnT3gMFokfRyPFvdDbJsYfvV9rpdFZP6VG7u8OPZHa6htHocY8U7KgthwObEVP6+a3Gd4PYRd3QHPr5oF7\/DuSRSsTB7yFx\/+vu10XfWv1Q1E3Enr8PpdylnfETqD\/EtkH39hqdYgOKMP1M7d\/fpvPVajV9enPRtKwwsJiHJu7SyTbTJNLuVJPJZDyeTKWS8ZsbwHWao5qv3n29uAfpE6DvRVYJE3egatEonqbvinnn9FFN5\/8NMTzsXXDbkvIZit6tPNy23L+pTofO3wHjkSMLL6TUdZZMX\/CX\/THapMx3fdAD2OOibhnr7XXid5a7fU1beLdp61U6\/4svUahLLMbu+HUnCK1+vblQhf6pBbgfvLjJp\/P5mwu+hKUkllnlHTAjDtD3eWx9hv+wlPAb2vXFhblulVhu+fhAbzeS1Vv5Io+tz5AF7cyPCIOshpdbl65pmthIOquB4E36po9NTwvabisuEpQmR3agH4mSAdA3Ci6aN29GZnELIXtzyd0KvubVF13DbRWUG9t9OHxfHdtcMYF5eJmk\/vvn34r5aofvgJDKW+gWxSfemO4LvugSKyf93B9pFHCLmZ2Ro60XHoiN282F26mxQTtlfj9+YrVSjuLx5859i0sQCzaBs90GLVpISbsBxJxbz8A\/ZiAeLdYVLwwJ9bOk+f2U1dBxiFq7k3wCnsZe\/sZCJtI1\/AB3knwK7XD4SSuemoT+JMjeheLzgGEPRyKmSpJ2A4iD+9vFoq2XODiNO7qxQBgtaOamQEl3gtzJY8eTQRgxTopFZ9xZLH78B7LABaAHe6TR5iLSzocPHTK5bYiU\/X4QXSO4a0Yz6rhoPL9hx4ask\/rAASUHpTB7Y2RJ14cNVL0oSnhng8U29RUk\/\/GHjo0lQSIfQ+uOs3pj\/JadQw5fYI30wKD+ye1NpGG\/8RvAzur+8UcNDj2\/1BWDTk6b37CND+IU6LbOxgrSerHFoP2TO7IkcmQ7zB7FjhRQ7dGHdEHoA0bFCeRjy0KoY4i7yYSzsdBiA6BDc0PLwg4bux\/IbO4e9RuNboHXXxWiSeKE1PND+8D4xjKzI9zfiXaMdga0C6CP2ozaze3uItBQFFWowW9XIq02LqCQNj3iag7iKsNVOpl0GqbcqJDA3N4IZCJ2bmh+v5+0j7jS\/eUPSVyMcoe8AYifn4DXxJP8E5EtBM1bXt9Jw2iUdQmUKkqOTr7YRDpn+gZCO7cM07q5hcydHANIhT790yCGLhLiIAb5+Bt8WbFjRROhkw3\/WCFzQ\/s2sNSPHQyuqcQaDsp6nwTcG2kjNJ1jqY3zhaAh\/0f4ybFCrVKpHOBOVHfQO9raHubQlo1w6AWyTCK6EXgiiQpl3CiVhOPOeOrEND5jUWjBHcBNPGFV8ck+RQ1GvJPlSfOk0ylrlvEtDA2Thk+vbERhYDX4ZNtl4doYuToPTwuvc8tqECrBSGQz9KxCBuhRWNWXgubDPWWnYXYUQazwtBz0tJEdmstjIgzSzawTWrhEd\/FD1qSUDDN252Ito4ezaHSKQIKLLWBmy247mQYNSf7IYjlVBTxsfdCDPbFlE+L074K6Rug61TrxMelT19Hrs0ZNI8UJaCW6PuiCoR8lbeir9UJTQpImdvLbn1DNrG9vaVbUgELEU8mU8xjYlLyOfrANfW1Ikqa3y22Kj+e4I2t7bkvIXhpI7CExiw583Gf+FtnMkelO0qeZi3UC7pudsz8a6xmj2KcNY7NX1MCIIvNZUaw3ZtjkemfWilomO5m03x6Z7ijLiLpREdxvblPI9rCxCzXxPDrJXk4wWdIzV\/ZeHeeMAjGcYARvQl83xoUBIQVzVfWVscOMxnUWa+J5NFIwn2+RkOGLFLvN8us3O4BTIBUBEZ0LmnBds4aBj6IQR+WNc7PXOu6SAEYx1ya0yh4+xqFvpbY6wKH8TMeHWl4ZZ21KG7htZL4NuD2+4aUFtXrciQvzbcfl\/qfpO8cLokOiJAvGNxe\/tx7c4u2SFLq8KDbSaWfn4WL\/r6tPzQSMrDkKleuG5tDOcQvaxjz6gDlHPILZMdnmvEE7iWP3KJ+GUS1WT35cD6+vh0Nd06mfIeufc7dpXecG4teLyVRKH0OPxlabMZG1HdSAekqiEArUORsbdnCSiNG2SjWxPdGXihexQhN5PcFp4dxNpOy49POPalfxKJmy20lFOlnRag2M6PMtH1j6eDb8tNFxbsGIH5Exsij5RYZ5aC4W5PsXEaWXz1U5JFGjOmNs\/NCV5HcQOKD\/DVLPxd2a1a2TNpGkl+AOCYcNLIp6ufgBbuPDgzAnT35IQ9FYPNa15+CSRqg26nWI2nHcbAtW77CUncNAMmbfM5k6YU8llxjwy86RPYVaZ9RYS6uCbx5fvLJbqvFUR5\/E5vwynkzxmh4K5HHLLo274WdHEPfXcRs47myMtOJv2XQqdYI9jjEpxOY8pM\/Zym4+WZVJdaj1iCn9MD54\/AzaefpJkGc\/7Pc\/Txd84k6zS\/zE0eOoqOOJA+kHfJJnBnL2uvi0XxvnTVHJ7r6axyBk+Sc9f6tcgImc4TR1jT1rYsc7EGH9R8+h4T5Gh5In2AwLzCArkG9Pkk+xizhrk7fvjDMecztWUEkWiXEN5ffbCaxCqaQdP5E7eWIYDuNjPj2xgMBjjAiFFMaU5BHxM1YDqvxW2s10uV0dOceCx5102BvU\/\/H5629OCz155LcdkjKDEf4cJLZe32KGNYZcT\/TrRx+2Uknw4+RWkg2sp2szzc+dUwRP2Z5kUMmOugYWxW\/lma65vxS+4dDbR8fHx+W2A7cXuGVrxeevm7QzWbYDVNteY4BMcQkk5w3z2+FniuSEBzlR00TaRnoTwiaB+Rhz8zad0kYRl44bEGIBkvrr0N+PzZw48m6RXuNPAGyGE6oaDkV4d+ZhbxRZmGRji4QCn30duiBRPI0YfmanGaRF451waiDoFmKD0QP3ZdHu80q68Sb0gCcmkRmDH4a1hXUPCPCkJyCHj2k2+dZ634nf1I6mvQVd+GF1scVRSif6jrkDcTRw41XFvinSzXQNky5rBM58dRrr5o8WaOw7ftmaKpicpz6m+IBcmZ9JBstmr7lKJGq8BU24PkBrNaGgm19gekF4Xv+AnZxbGiGkJhw4QAqJMAOEeC0bVBrWrQ2zdgUm6TT7glnD+7rV9RJJBbsQmthwJtNNmOXpyLGuqUAN1x1i383dtH5\/dtquqoqdHvfAvWtUwzSRB+hXQt+VKYmIXBksHAk2Sl2YBl2zp0I\/QxYsGRDPUOpXYsjXvG0VUKnhry6I2tFJh02Bdgu\/f2TWD1RAFKgZOn0Tupkumk\/Q6xpq5zuF6L8VT6Z\/nwbd\/CN+zH\/BBEKpcAC3cJyKo0KmZ8fPVaf5+MLeucC3AogE4+dpc5pCrk6dqRZWA6AvqJLwBounQUGZCt38Fo+bs07wuYSsaK1Fnl5Ng\/7rFNIaRl\/8aYoeeK7oIPRPwTcV+mt+69hvehVfmCGSyHlH\/q8Xp7rdwl8QWXGjijGEKH7Jy3nJGEwvLgttZpZzEG92QB+XexZ09WEa9Nd8kvMF3MZbMF1TasDradD1hs3k+O\/t1DQqiQx52BRoWYj9p3rEf47GMUSztjxNBAb1QgzILhMtiiyansh\/3GIrWf31AlqBGGLGO1G\/joGNcw4kUii3X0gN4afLbGRsrJgtVXBj4\/jb1xeC+HCJ1QpPP7Jwh6bfGvoUaAWDApNQEKLpBxiQzV+3AD\/HJcEXZx+0dTtIZ4SaGS8lTZsCjduJ61DkU63BzOW1Llb\/SMd44+nZ2bJQ061ihnYxyvO0QfH1C\/buDuLm57PecDioZLl+Dsg7TYO0x3RHbYogoGsqin6JtxyEHiF7utaAVOB+SfqUwES0V0KQVQrfh6RBgG5NaSlAeNvpNihpU62L4SY76PV652dZ4UVkx+ELhc2o7PYlfAJfkcgWdnZqO9kpO1XxEepspTu87OJDCShoDIbwasskEQyGYfBdPHIwOL6LKeeHzdmKmbKo1s65N3a94K8q2DBKMKgqPp\/sm75FWkko47ULt6zgqa\/ivryQj3\/hlW\/Apz63e8oN\/R89mrg+3mf7IwAAAABJRU5ErkJggg==\" width=\"90\" height=\"217\" \/><\/td>\n<td style=\"width: 639px;\"><strong>HORARI I ESPA<\/strong>I: De dilluns a divendres de 8.00 a 9.00h. Es realitza a l\u2019aula de ci\u00e8ncies.<\/p>\n<p>&nbsp;<\/p>\n<p><strong>PREU<\/strong>: Hi ha una quota mensual.<\/p>\n<p>&nbsp;<\/p>\n<p><strong>PERSONAL<\/strong>: Hi ha un monitor\/a qualificat que es fa c\u00e0rrec del alumnes que hi assisteixen.<\/td>\n<\/tr>\n<\/tbody>\n<\/table>\n<p><span style=\"text-decoration: underline;\"><strong><span style=\"color: #3f8226; text-decoration: underline;\">OBJECTIUS:<\/span><\/strong><\/span><\/p>\n<p>1. Ajudar a les fam\u00edlies a conciliar els horaris laborals amb els de l\u2019escola.<\/p>\n<p>2. Oferir als nens i nenes un espai agradable i enriquidor mentre esperen l\u2019inici de la jornada escolar.<\/p>\n<p><span style=\"text-decoration: underline;\"><strong><span style=\"color: #3f8226; text-decoration: underline;\">ACTIVITATS:<\/span><\/strong><\/span><\/p>\n<p>Realitzem diferents activitats l\u00fadiques tant dirigides com lliures:<\/p>\n<p>-Racons de fitxes, que giren entorn un eix tem\u00e0tic mensual.<\/p>\n<p>-Jocs de taula: puzzles, encaixos, \u2026<\/p>\n<p>-Dibuix, pintura, retallar, manualitats diverses,\u2026<\/p>\n<p>-Veure i explicar pel.l\u00edcules, contes, titelles\u2026<\/p>\n<p><img loading=\"lazy\" decoding=\"async\" class=\"aligncenter\" src=\"https:\/\/encrypted-tbn0.gstatic.com\/images?q=tbn:ANd9GcShudGmbuv10_ll3AxdzjAea4lJv3hmK-9MjCyB0YaP6HXcKglV\" alt=\"\" width=\"385\" height=\"256\" \/><\/p>\n","protected":false},"excerpt":{"rendered":"<p>L\u2019AMPA de l\u2019escola ofereix a totes les fam\u00edlies s\u00f2cies la possibilitat que els seus fills facin \u00fas del servei d\u2019acollida matinal. Aquesta activitat es realitza a l\u2019escola segons l\u2019horari del Pla Anual de Centre. El nombre de monitors anir\u00e0 lligat a la demanda existent i&hellip;  <a href=\"https:\/\/agora.xtec.cat\/ceip-marti-poch\/afa\/acollida\/\" title=\"Read Acollida matinal\">Llegeix m\u00e9s\u00bb<\/a><\/p>\n","protected":false},"author":1,"featured_media":0,"parent":903,"menu_order":20,"comment_status":"closed","ping_status":"closed","template":"page-templates\/side-menu.php","meta":{"_bbp_topic_count":0,"_bbp_reply_count":0,"_bbp_total_topic_count":0,"_bbp_total_reply_count":0,"_bbp_voice_count":0,"_bbp_anonymous_reply_count":0,"_bbp_topic_count_hidden":0,"_bbp_reply_count_hidden":0,"_bbp_forum_subforum_count":0,"footnotes":""},"class_list":["post-77","page","type-page","status-publish","hentry"],"post_mailing_queue_ids":[],"_links":{"self":[{"href":"https:\/\/agora.xtec.cat\/ceip-marti-poch\/wp-json\/wp\/v2\/pages\/77","targetHints":{"allow":["GET"]}}],"collection":[{"href":"https:\/\/agora.xtec.cat\/ceip-marti-poch\/wp-json\/wp\/v2\/pages"}],"about":[{"href":"https:\/\/agora.xtec.cat\/ceip-marti-poch\/wp-json\/wp\/v2\/types\/page"}],"author":[{"embeddable":true,"href":"https:\/\/agora.xtec.cat\/ceip-marti-poch\/wp-json\/wp\/v2\/users\/1"}],"replies":[{"embeddable":true,"href":"https:\/\/agora.xtec.cat\/ceip-marti-poch\/wp-json\/wp\/v2\/comments?post=77"}],"version-history":[{"count":4,"href":"https:\/\/agora.xtec.cat\/ceip-marti-poch\/wp-json\/wp\/v2\/pages\/77\/revisions"}],"predecessor-version":[{"id":1096,"href":"https:\/\/agora.xtec.cat\/ceip-marti-poch\/wp-json\/wp\/v2\/pages\/77\/revisions\/1096"}],"up":[{"embeddable":true,"href":"https:\/\/agora.xtec.cat\/ceip-marti-poch\/wp-json\/wp\/v2\/pages\/903"}],"wp:attachment":[{"href":"https:\/\/agora.xtec.cat\/ceip-marti-poch\/wp-json\/wp\/v2\/media?parent=77"}],"curies":[{"name":"wp","href":"https:\/\/api.w.org\/{rel}","templated":true}]}}