{"id":7402,"date":"2023-10-22T19:10:52","date_gmt":"2023-10-22T17:10:52","guid":{"rendered":"https:\/\/agora.xtec.cat\/ceip-marti-poch\/?page_id=7402"},"modified":"2024-02-14T23:34:09","modified_gmt":"2024-02-14T22:34:09","slug":"programes-i-projectes","status":"publish","type":"page","link":"https:\/\/agora.xtec.cat\/ceip-marti-poch\/programes-i-projectes\/","title":{"rendered":"Projectes i programes"},"content":{"rendered":"<p style=\"text-align: justify;\">L&#8217;equip docent<strong> de l\u2019escola Mart\u00ed Poch<\/strong>\u00a0es caracteritza per la participaci\u00f3 activa en moviments d\u2019innovaci\u00f3 i de renovaci\u00f3 pedag\u00f2gica, i per una formaci\u00f3 permanent constant que els ajudi a millorar la tasca di\u00e0ria. Formen un equip hum\u00e0 il\u00b7lusionat i comprom\u00e8s amb uns objectius a compartir amb les fam\u00edlies.<\/p>\n<p style=\"text-align: justify;\">Els\u00a0<strong>PROJECTES<\/strong>\u00a0i PROGRAMES que es duen a terme:<\/p>\n<p><img loading=\"lazy\" decoding=\"async\" class=\"aligncenter wp-image-7949 size-full\" src=\"https:\/\/agora.xtec.cat\/ceip-marti-poch\/wp-content\/uploads\/usu1040\/2024\/02\/Captura-de-Pantalla-2024-02-11-a-les-20.30.59.png\" alt=\"\" width=\"427\" height=\"895\" srcset=\"https:\/\/agora.xtec.cat\/ceip-marti-poch\/wp-content\/uploads\/usu1040\/2024\/02\/Captura-de-Pantalla-2024-02-11-a-les-20.30.59.png 427w, https:\/\/agora.xtec.cat\/ceip-marti-poch\/wp-content\/uploads\/usu1040\/2024\/02\/Captura-de-Pantalla-2024-02-11-a-les-20.30.59-143x300.png 143w\" sizes=\"auto, (max-width: 427px) 100vw, 427px\" \/><\/p>\n<p style=\"text-align: justify;\">Cada curs editem un dossier informatiu\u00a0on es detallen els aspectes de funcionament i organitzaci\u00f3, objectius, projectes, activitats, sortides, calendari\u2026 que posem a disposici\u00f3 de les fam\u00edlies:<\/p>\n<p><a href=\"https:\/\/drive.google.com\/file\/d\/1Ughd1ft1q_JfA-R59nX6q_QITg84R8--\/view?usp=share_link\">Dossier informatiu per les fam\u00edlies<\/a><\/p>\n","protected":false},"excerpt":{"rendered":"<p>L&#8217;equip docent de l\u2019escola Mart\u00ed Poch\u00a0es caracteritza per la participaci\u00f3 activa en moviments d\u2019innovaci\u00f3 i de renovaci\u00f3 pedag\u00f2gica, i per una formaci\u00f3 permanent constant que els ajudi a millorar la tasca di\u00e0ria. Formen un equip hum\u00e0 il\u00b7lusionat i comprom\u00e8s amb uns objectius a compartir amb&hellip;  <a href=\"https:\/\/agora.xtec.cat\/ceip-marti-poch\/programes-i-projectes\/\" title=\"Read Projectes i programes\">Llegeix m\u00e9s\u00bb<\/a><\/p>\n","protected":false},"author":1,"featured_media":0,"parent":0,"menu_order":0,"comment_status":"closed","ping_status":"closed","template":"","meta":{"_bbp_topic_count":0,"_bbp_reply_count":0,"_bbp_total_topic_count":0,"_bbp_total_reply_count":0,"_bbp_voice_count":0,"_bbp_anonymous_reply_count":0,"_bbp_topic_count_hidden":0,"_bbp_reply_count_hidden":0,"_bbp_forum_subforum_count":0,"footnotes":""},"class_list":["post-7402","page","type-page","status-publish","hentry"],"post_mailing_queue_ids":[],"_links":{"self":[{"href":"https:\/\/agora.xtec.cat\/ceip-marti-poch\/wp-json\/wp\/v2\/pages\/7402","targetHints":{"allow":["GET"]}}],"collection":[{"href":"https:\/\/agora.xtec.cat\/ceip-marti-poch\/wp-json\/wp\/v2\/pages"}],"about":[{"href":"https:\/\/agora.xtec.cat\/ceip-marti-poch\/wp-json\/wp\/v2\/types\/page"}],"author":[{"embeddable":true,"href":"https:\/\/agora.xtec.cat\/ceip-marti-poch\/wp-json\/wp\/v2\/users\/1"}],"replies":[{"embeddable":true,"href":"https:\/\/agora.xtec.cat\/ceip-marti-poch\/wp-json\/wp\/v2\/comments?post=7402"}],"version-history":[{"count":3,"href":"https:\/\/agora.xtec.cat\/ceip-marti-poch\/wp-json\/wp\/v2\/pages\/7402\/revisions"}],"predecessor-version":[{"id":8001,"href":"https:\/\/agora.xtec.cat\/ceip-marti-poch\/wp-json\/wp\/v2\/pages\/7402\/revisions\/8001"}],"wp:attachment":[{"href":"https:\/\/agora.xtec.cat\/ceip-marti-poch\/wp-json\/wp\/v2\/media?parent=7402"}],"curies":[{"name":"wp","href":"https:\/\/api.w.org\/{rel}","templated":true}]}}