{"id":73,"date":"2014-09-18T14:01:51","date_gmt":"2014-09-18T13:01:51","guid":{"rendered":"http:\/\/agora.xtec.cat\/ceip-marti-poch\/?page_id=73"},"modified":"2025-09-09T18:40:11","modified_gmt":"2025-09-09T16:40:11","slug":"menjador-escolar","status":"publish","type":"page","link":"https:\/\/agora.xtec.cat\/ceip-marti-poch\/afa\/menjador-escolar\/","title":{"rendered":"Espai migdia"},"content":{"rendered":"<p style=\"text-align: justify;\">L&#8217;espai migdia \u00e9s un servei d\u2019ajuda que persegueix fonamentalment dos grans objectius: l\u2019educaci\u00f3 aliment\u00e0ria i l\u2019educaci\u00f3 en el temps lliure. El menjador escolar ha de servir perqu\u00e8 l\u2019alumnat hi adquireixi uns h\u00e0bits adequats en tots els seus \u00e0mbits.<\/p>\n<p style=\"text-align: justify;\">El menjador del centre disposa de cuina pr\u00f2pia on una cuinera, la N\u00faria; fan que cada dia puguem degustar men\u00fas equilibrats, revisats per una nutricionista i amb productes de primera qualitat.<\/p>\n<p style=\"text-align: justify;\">La gesti\u00f3 del servei de menjador recau en el <a href=\"http:\/\/www.concadebarbera.cat\/menjadors-escolars\/el-servei-i-la-seva-gestio\">Consell Comarcal de la Conca de Barber\u00e0,<\/a> el qual en cedeix la concessi\u00f3 a l\u2019AFA de l\u2019escola, a trav\u00e9s de l\u2019empresa Hostesa.<\/p>\n<p style=\"text-align: justify;\">El servei de menjador es regir\u00e0 pel <strong>Pla de Funcionament de Menjador<\/strong>, que ser\u00e0 revisat i aprovat per Consell Escolar anualment. Hi ha una Comissi\u00f3 que ho vetllar\u00e0.<\/p>\n<p>&nbsp;<\/p>\n<p style=\"text-align: justify;\">L\u2019escola ofereix a tot l\u2019alumnat del centre el servei de menjador. Tots l&#8217;alumnat matriculat al centre t\u00e9 dret a fer \u00fas del servei de menjador de manera fixa o b\u00e9 espor\u00e0dica. En funci\u00f3 de la modalitat, el preu del servei tamb\u00e9 variar\u00e0, sempre per\u00f2 respectant els marges que dicta el Departament d\u2019Ensenyament.<\/p>\n<p style=\"text-align: justify;\">La reuni\u00f3 d\u2019inici de curs sobre aquest servei, explica la normativa.<\/p>\n<p style=\"text-align: justify;\">Tots\/es els\/les alumnes que utilitzin el servei de menjador hauran de respectar el personal encarregat del funcionament del servei.<\/p>\n<p style=\"text-align: justify;\">Els\/les alumnes s\u2019atendran a les normes d\u2019higiene i d\u2019ordre establertes i respectaran les normes d\u2019organitzaci\u00f3 i funcionament de l\u2019escola.<\/p>\n<p style=\"text-align: justify;\">Els\/les alumnes de menjador no podran abandonar el recinte escolar sense autoritzaci\u00f3 signada per la fam\u00edlia.<\/p>\n<p style=\"text-align: justify;\">L\u2019escola o AFA informar\u00e0 a les fam\u00edlies dels infants que fan \u00fas del menjador escolar, els documents i\/o requisits necessaris per tal de sol\u00b7licitar els ajuts econ\u00f2mics relatius a aquest servei que el Consell Comarcal de la Conca de Barber\u00e0 atorga anualment.<\/p>\n<p><big><big>Objectius<\/big><\/big><\/p>\n<ul>\n<li>Crear h\u00e0bits d\u2019higiene, rentar-se les mans abans i despr\u00e9s de dinar.<\/li>\n<li>Aprendre a utilitzar els coberts correctament.<\/li>\n<li>Aconseguir entrar i sortir del menjador en ordre.<\/li>\n<li>Aprendre a mastegar correctament.<\/li>\n<li>Motivar als nens\/es perqu\u00e8 tastin aliments nous.<\/li>\n<li>Ensenyar-los a tenir una correcta higiene bucal.<\/li>\n<li>Crear un ambient on es respectin les normes necess\u00e0ries per a una bona conviv\u00e8ncia.<\/li>\n<li>Donar informaci\u00f3 a les fam\u00edlies a trav\u00e9s d\u2019informes setmanals (ed. infantil) i\/o trimestrals (per tot l\u2019alumnat que assisteix fix al menjador).<\/li>\n<\/ul>\n<p><big><big>Objectius en el lleure:<\/big><\/big><\/p>\n<ul>\n<li>Potenciar el respecte, la toler\u00e0ncia i la no discriminaci\u00f3.<\/li>\n<li>Aprendre a compartir.<\/li>\n<li>Crear un clima de distenci\u00f3.<\/li>\n<li>Ajudar a desenvolupar els trets d\u2019identitat del centre que formen part del seu Projecte Educatiu de Centre.<\/li>\n<\/ul>\n<p style=\"text-align: justify;\"><big><big>El temps lliure:<\/big><\/big><br \/>\nEl temps per a realitzar una activitat \u00e9s d\u2019uns 45 minuts. Se solen fer tallers de pintura, m\u00e0scares, decorar el menjador \u2026<\/p>\n<p style=\"text-align: justify;\">Tot l&#8217;alumnat pot anar a la biblioteca de l&#8217;escola.<\/p>\n<p>Els infants d&#8217;i3 tenen opci\u00f3 de fer la migdiada a l&#8217;aula d&#8217;art.<\/p>\n<p style=\"text-align: justify;\"><big><big>Equip de monitors\/es:<\/big><\/big><br \/>\nL\u2019equip est\u00e0 format per monitors\/es que estan al c\u00e0rrec de l\u2019alumnat. Hi ha monitores assignades a l\u2019alumnat d\u2019Educaci\u00f3 infantil i monitores assignades a Educaci\u00f3 Prim\u00e0ria. Aquest equip de monitors\/es es reuneix abans de comen\u00e7ar el curs per fer una programaci\u00f3 de grups, tasques i activitats. Tamb\u00e9 es disposa d\u2019un coordinador\/a de monitores que les ajuda a planificar les seves tasques.<\/p>\n<p style=\"text-align: justify;\"><big><big>Els men\u00fas.<\/big><\/big><br \/>\nCada mes les fam\u00edlies podran descarregar-se el men\u00fa on hi ha anotats els \u00e0pats del mes, a trav\u00e9s d\u2019un codi que se\u2019ls facilitar\u00e0 un cop es donin d\u2019alta del servei.<\/p>\n<p><img loading=\"lazy\" decoding=\"async\" class=\"aligncenter size-full wp-image-1971\" src=\"https:\/\/agora.xtec.cat\/ceip-marti-poch\/wp-content\/uploads\/usu1040\/2019\/02\/4.jpg\" alt=\"\" width=\"336\" height=\"448\" srcset=\"https:\/\/agora.xtec.cat\/ceip-marti-poch\/wp-content\/uploads\/usu1040\/2019\/02\/4.jpg 336w, https:\/\/agora.xtec.cat\/ceip-marti-poch\/wp-content\/uploads\/usu1040\/2019\/02\/4-225x300.jpg 225w\" sizes=\"auto, (max-width: 336px) 100vw, 336px\" \/><\/p>\n<p>&nbsp;<\/p>\n<p>Instruccions per l&#8217;app colechef de gesti\u00f3 di\u00e0ria. Cliqueu la imatge:<\/p>\n<p><a href=\"https:\/\/drive.google.com\/file\/d\/18Wwmh_mEyplKu1imCkDltA4BrY0ny3p9\/view?usp=drive_link\"><img loading=\"lazy\" decoding=\"async\" class=\"aligncenter wp-image-9017 size-full\" src=\"https:\/\/agora.xtec.cat\/ceip-marti-poch\/wp-content\/uploads\/usu1040\/2025\/09\/Captura-de-pantalla-2025-09-09-a-les-18.05.48.png\" alt=\"\" width=\"594\" height=\"476\" srcset=\"https:\/\/agora.xtec.cat\/ceip-marti-poch\/wp-content\/uploads\/usu1040\/2025\/09\/Captura-de-pantalla-2025-09-09-a-les-18.05.48.png 594w, https:\/\/agora.xtec.cat\/ceip-marti-poch\/wp-content\/uploads\/usu1040\/2025\/09\/Captura-de-pantalla-2025-09-09-a-les-18.05.48-300x240.png 300w\" sizes=\"auto, (max-width: 594px) 100vw, 594px\" \/><\/a><\/p>\n<p>&nbsp;<\/p>\n","protected":false},"excerpt":{"rendered":"<p>L&#8217;espai migdia \u00e9s un servei d\u2019ajuda que persegueix fonamentalment dos grans objectius: l\u2019educaci\u00f3 aliment\u00e0ria i l\u2019educaci\u00f3 en el temps lliure. El menjador escolar ha de servir perqu\u00e8 l\u2019alumnat hi adquireixi uns h\u00e0bits adequats en tots els seus \u00e0mbits.<br \/>\nEl menjador del centre disposa de cuina pr\u00f2pia&hellip;  <a href=\"https:\/\/agora.xtec.cat\/ceip-marti-poch\/afa\/menjador-escolar\/\" title=\"Read Espai migdia\">Llegeix m\u00e9s\u00bb<\/a><\/p>\n","protected":false},"author":1,"featured_media":0,"parent":903,"menu_order":5,"comment_status":"closed","ping_status":"closed","template":"","meta":{"_bbp_topic_count":0,"_bbp_reply_count":0,"_bbp_total_topic_count":0,"_bbp_total_reply_count":0,"_bbp_voice_count":0,"_bbp_anonymous_reply_count":0,"_bbp_topic_count_hidden":0,"_bbp_reply_count_hidden":0,"_bbp_forum_subforum_count":0,"footnotes":""},"class_list":["post-73","page","type-page","status-publish","hentry"],"post_mailing_queue_ids":[],"_links":{"self":[{"href":"https:\/\/agora.xtec.cat\/ceip-marti-poch\/wp-json\/wp\/v2\/pages\/73","targetHints":{"allow":["GET"]}}],"collection":[{"href":"https:\/\/agora.xtec.cat\/ceip-marti-poch\/wp-json\/wp\/v2\/pages"}],"about":[{"href":"https:\/\/agora.xtec.cat\/ceip-marti-poch\/wp-json\/wp\/v2\/types\/page"}],"author":[{"embeddable":true,"href":"https:\/\/agora.xtec.cat\/ceip-marti-poch\/wp-json\/wp\/v2\/users\/1"}],"replies":[{"embeddable":true,"href":"https:\/\/agora.xtec.cat\/ceip-marti-poch\/wp-json\/wp\/v2\/comments?post=73"}],"version-history":[{"count":7,"href":"https:\/\/agora.xtec.cat\/ceip-marti-poch\/wp-json\/wp\/v2\/pages\/73\/revisions"}],"predecessor-version":[{"id":9018,"href":"https:\/\/agora.xtec.cat\/ceip-marti-poch\/wp-json\/wp\/v2\/pages\/73\/revisions\/9018"}],"up":[{"embeddable":true,"href":"https:\/\/agora.xtec.cat\/ceip-marti-poch\/wp-json\/wp\/v2\/pages\/903"}],"wp:attachment":[{"href":"https:\/\/agora.xtec.cat\/ceip-marti-poch\/wp-json\/wp\/v2\/media?parent=73"}],"curies":[{"name":"wp","href":"https:\/\/api.w.org\/{rel}","templated":true}]}}