{"id":66,"date":"2014-09-18T12:40:47","date_gmt":"2014-09-18T11:40:47","guid":{"rendered":"http:\/\/agora.xtec.cat\/ceip-marti-poch\/?page_id=66"},"modified":"2018-03-19T23:33:40","modified_gmt":"2018-03-19T22:33:40","slug":"serveis","status":"publish","type":"page","link":"https:\/\/agora.xtec.cat\/ceip-marti-poch\/serveis\/","title":{"rendered":"Serveis"},"content":{"rendered":"<p>Aquesta secci\u00f3 informar a les fam\u00edlies dels serveis que ofereix el centre.<\/p>\n<p>L&#8217;escola ofereix els seg\u00fcents serveis:<\/p>\n<ul>\n<li>l&#8217;acollida matinal<\/li>\n<li>el menjador escolar<\/li>\n<li>el transport escolar<\/li>\n<li>el casal de Nadal, Setmana Santa i estiu<\/li>\n<li>les activitats extraescolars<\/li>\n<li>les activitats relacionades amb el Pla Educatiu d&#8217;Entorn: el taller de contes per a l&#8217;alumnat d&#8217;educaci\u00f3 infantil i cicle inicial i el taller d&#8217;estudi assistit per l&#8217;alumnat de cicle mitj\u00e0 i cicle superior<\/li>\n<li>el Servei d&#8217;Atenci\u00f3 Di\u00fcrna o centre obert<\/li>\n<li>les activitats de Suport Escolar Personalitzat<\/li>\n<li>diversos projectes i tallers en funci\u00f3 l&#8217;edat de l&#8217;alumne<\/li>\n<li>el projecte de Reutilitzaci\u00f3 de llibres de text<\/li>\n<li>la biblioteca escolar Josep Vallverd\u00fa<\/li>\n<li>un programa de r\u00e0dio EMPr\u00e0dio i Mart\u00ed Poch en directe!<\/li>\n<\/ul>\n<p><img loading=\"lazy\" decoding=\"async\" class=\" wp-image-827 aligncenter\" src=\"http:\/\/agora.xtec.cat\/ceip-marti-poch\/wp-content\/uploads\/usu1040\/2018\/03\/fa\u00e7ana-1024x566.png\" alt=\"\" width=\"630\" height=\"348\" srcset=\"https:\/\/agora.xtec.cat\/ceip-marti-poch\/wp-content\/uploads\/usu1040\/2018\/03\/fa\u00e7ana-1024x566.png 1024w, https:\/\/agora.xtec.cat\/ceip-marti-poch\/wp-content\/uploads\/usu1040\/2018\/03\/fa\u00e7ana-300x166.png 300w, https:\/\/agora.xtec.cat\/ceip-marti-poch\/wp-content\/uploads\/usu1040\/2018\/03\/fa\u00e7ana-768x424.png 768w, https:\/\/agora.xtec.cat\/ceip-marti-poch\/wp-content\/uploads\/usu1040\/2018\/03\/fa\u00e7ana.png 1169w\" sizes=\"auto, (max-width: 630px) 100vw, 630px\" \/><\/p>\n","protected":false},"excerpt":{"rendered":"<p>Aquesta secci\u00f3 informar a les fam\u00edlies dels serveis que ofereix el centre.<br \/>\nL&#8217;escola ofereix els seg\u00fcents serveis:<\/p>\n<ul>\n<li>l&#8217;acollida matinal<\/li>\n<li>el menjador escolar<\/li>\n<li>el transport escolar<\/li>\n<li>el casal de Nadal, Setmana Santa i estiu<\/li>\n<li>les activitats extraescolars<\/li>\n<li>les activitats relacionades amb el Pla Educatiu d&#8217;Entorn: el taller de contes per a l&#8217;alumnat d&#8217;educaci\u00f3&hellip;  <a href=\"https:\/\/agora.xtec.cat\/ceip-marti-poch\/serveis\/\" title=\"Read Serveis\">Llegeix m\u00e9s\u00bb<\/a><br \/>\n","protected":false},"author":1,"featured_media":0,"parent":0,"menu_order":0,"comment_status":"closed","ping_status":"closed","template":"page-templates\/side-menu.php","meta":{"_bbp_topic_count":0,"_bbp_reply_count":0,"_bbp_total_topic_count":0,"_bbp_total_reply_count":0,"_bbp_voice_count":0,"_bbp_anonymous_reply_count":0,"_bbp_topic_count_hidden":0,"_bbp_reply_count_hidden":0,"_bbp_forum_subforum_count":0,"footnotes":""},"class_list":["post-66","page","type-page","status-publish","hentry"],"post_mailing_queue_ids":[],"_links":{"self":[{"href":"https:\/\/agora.xtec.cat\/ceip-marti-poch\/wp-json\/wp\/v2\/pages\/66","targetHints":{"allow":["GET"]}}],"collection":[{"href":"https:\/\/agora.xtec.cat\/ceip-marti-poch\/wp-json\/wp\/v2\/pages"}],"about":[{"href":"https:\/\/agora.xtec.cat\/ceip-marti-poch\/wp-json\/wp\/v2\/types\/page"}],"author":[{"embeddable":true,"href":"https:\/\/agora.xtec.cat\/ceip-marti-poch\/wp-json\/wp\/v2\/users\/1"}],"replies":[{"embeddable":true,"href":"https:\/\/agora.xtec.cat\/ceip-marti-poch\/wp-json\/wp\/v2\/comments?post=66"}],"version-history":[{"count":4,"href":"https:\/\/agora.xtec.cat\/ceip-marti-poch\/wp-json\/wp\/v2\/pages\/66\/revisions"}],"predecessor-version":[{"id":1082,"href":"https:\/\/agora.xtec.cat\/ceip-marti-poch\/wp-json\/wp\/v2\/pages\/66\/revisions\/1082"}],"wp:attachment":[{"href":"https:\/\/agora.xtec.cat\/ceip-marti-poch\/wp-json\/wp\/v2\/media?parent=66"}],"curies":[{"name":"wp","href":"https:\/\/api.w.org\/{rel}","templated":true}]}}