{"id":4090,"date":"2020-10-23T15:44:00","date_gmt":"2020-10-23T13:44:00","guid":{"rendered":"http:\/\/agora.xtec.cat\/ceip-marti-poch\/?page_id=4090"},"modified":"2024-02-11T20:45:39","modified_gmt":"2024-02-11T19:45:39","slug":"projecte-rius","status":"publish","type":"page","link":"https:\/\/agora.xtec.cat\/ceip-marti-poch\/projecte-rius\/","title":{"rendered":"Projecte RIUS"},"content":{"rendered":"<p style=\"text-align: justify;\">El\u00a0Projecte Rius\u00a0\u00e9s una iniciativa de l&#8217;<a href=\"http:\/\/www.projecterius.cat\/associacio-habitats\/\">Associaci\u00f3 H\u00e0bitats<\/a>\u00a0que neix l\u2019any 1997 amb l\u2019objectiu d\u2019estimular la participaci\u00f3 activa de la societat en la conservaci\u00f3 i millora dels rius. Fomenta l\u2019apropament de les persones al medi i permet con\u00e8ixer les caracter\u00edstiques dels ecosistemes fluvials, la biodiversitat, els valors ecol\u00f2gics i socioculturals, aix\u00ed com identificar els problemes que els afecten i reflexionar sobre com pal\u00b7liar-los.<\/p>\n<p style=\"text-align: justify;\">Mitjan\u00e7ant l\u2019educaci\u00f3 ambiental, el foment del teixit associatiu i el treball en xarxa del voluntariat ambiental, el projecte promou la implicaci\u00f3 de societat en la gesti\u00f3 dels espais fluvials, engegant i compartint iniciatives per la millora dels rius i de l\u2019entorn de ribera. L\u2019\u00e0mbit d\u2019intervenci\u00f3 de Projecte Rius \u00e9s el conjunt de conques fluvials de Catalunya. Actualment, el projecte tamb\u00e9 es desenvolupa al Pa\u00eds Valenci\u00e0, a Gal\u00edcia, a Madrid, a Cant\u00e0bria i a Portugal impulsat per entitats de cada regi\u00f3 sota el nom\u00a0<a href=\"http:\/\/www.projecterius.cat\/xarxa\/\" target=\"_blank\" rel=\"noopener noreferrer\">Xarxa Projecte Rius.<\/a><\/p>\n<p><img loading=\"lazy\" decoding=\"async\" class=\"aligncenter size-full wp-image-2339\" src=\"https:\/\/agora.xtec.cat\/ceip-marti-poch\/wp-content\/uploads\/usu1040\/2019\/07\/9.png\" alt=\"\" width=\"895\" height=\"596\" srcset=\"https:\/\/agora.xtec.cat\/ceip-marti-poch\/wp-content\/uploads\/usu1040\/2019\/07\/9.png 895w, https:\/\/agora.xtec.cat\/ceip-marti-poch\/wp-content\/uploads\/usu1040\/2019\/07\/9-300x200.png 300w, https:\/\/agora.xtec.cat\/ceip-marti-poch\/wp-content\/uploads\/usu1040\/2019\/07\/9-768x511.png 768w\" sizes=\"auto, (max-width: 895px) 100vw, 895px\" \/><\/p>\n<p>L&#8217;escola es va adherir al <a href=\"http:\/\/www.projecterius.cat\/trams\/760\/\"><strong>Projecte Rius<\/strong><\/a> el curs 2017-2018. Aquest curs 2018-2019 diversos mestres hem fet la formaci\u00f3 i apadrinat un tram del riu Francol\u00ed. Al llarg del curs els alumnes de tercer l&#8217;han estudiat i a trav\u00e9s de la p\u00e0gina web del projecte hi podeu anar observant els resultats que cada any anirem penjant.<\/p>\n<p>Les inspeccions de riu s\u2019emmarquen dins\u00a0<strong>dues campanyes d\u2019inspecci\u00f3<\/strong>: la\u00a0<strong>campanya de primavera<\/strong> (del 15 d&#8217;abril al 30 de maig) i la de la <strong>tardor\u00a0<\/strong>(del 15 de setembre al 30 d&#8217;octubre). Un cop el grup de voluntaris ha realitzat la seva inspecci\u00f3 ha d&#8217;enviar les dades al <a href=\"http:\/\/www.projecterius.cat\/mapa\/\">Projecte Rius<\/a> al seu lloc web: <a href=\"http:\/\/www.projecterius.cat\/trams\/760\/\">http:\/\/www.projecterius.cat\/trams\/760\/<\/a><\/p>\n<p><img loading=\"lazy\" decoding=\"async\" class=\"aligncenter wp-image-7594 size-large\" src=\"https:\/\/agora.xtec.cat\/ceip-marti-poch\/wp-content\/uploads\/usu1040\/2023\/11\/400746140_17965063661651730_3988884344233511717_n-819x1024.jpg\" alt=\"\" width=\"819\" height=\"1024\" srcset=\"https:\/\/agora.xtec.cat\/ceip-marti-poch\/wp-content\/uploads\/usu1040\/2023\/11\/400746140_17965063661651730_3988884344233511717_n-819x1024.jpg 819w, https:\/\/agora.xtec.cat\/ceip-marti-poch\/wp-content\/uploads\/usu1040\/2023\/11\/400746140_17965063661651730_3988884344233511717_n-240x300.jpg 240w, https:\/\/agora.xtec.cat\/ceip-marti-poch\/wp-content\/uploads\/usu1040\/2023\/11\/400746140_17965063661651730_3988884344233511717_n-768x960.jpg 768w, https:\/\/agora.xtec.cat\/ceip-marti-poch\/wp-content\/uploads\/usu1040\/2023\/11\/400746140_17965063661651730_3988884344233511717_n.jpg 1080w\" sizes=\"auto, (max-width: 819px) 100vw, 819px\" \/><\/p>\n<p><img loading=\"lazy\" decoding=\"async\" class=\"aligncenter wp-image-7593 size-large\" src=\"https:\/\/agora.xtec.cat\/ceip-marti-poch\/wp-content\/uploads\/usu1040\/2023\/11\/400737492_17965063667651730_3015287590789396633_n-819x1024.jpg\" alt=\"\" width=\"819\" height=\"1024\" srcset=\"https:\/\/agora.xtec.cat\/ceip-marti-poch\/wp-content\/uploads\/usu1040\/2023\/11\/400737492_17965063667651730_3015287590789396633_n-819x1024.jpg 819w, https:\/\/agora.xtec.cat\/ceip-marti-poch\/wp-content\/uploads\/usu1040\/2023\/11\/400737492_17965063667651730_3015287590789396633_n-240x300.jpg 240w, https:\/\/agora.xtec.cat\/ceip-marti-poch\/wp-content\/uploads\/usu1040\/2023\/11\/400737492_17965063667651730_3015287590789396633_n-768x960.jpg 768w, https:\/\/agora.xtec.cat\/ceip-marti-poch\/wp-content\/uploads\/usu1040\/2023\/11\/400737492_17965063667651730_3015287590789396633_n.jpg 1080w\" sizes=\"auto, (max-width: 819px) 100vw, 819px\" \/><\/p>\n<p><img loading=\"lazy\" decoding=\"async\" class=\"aligncenter wp-image-7592 size-large\" src=\"https:\/\/agora.xtec.cat\/ceip-marti-poch\/wp-content\/uploads\/usu1040\/2023\/11\/400734178_17965063643651730_6007343332427005214_n-819x1024.jpg\" alt=\"\" width=\"819\" height=\"1024\" srcset=\"https:\/\/agora.xtec.cat\/ceip-marti-poch\/wp-content\/uploads\/usu1040\/2023\/11\/400734178_17965063643651730_6007343332427005214_n-819x1024.jpg 819w, https:\/\/agora.xtec.cat\/ceip-marti-poch\/wp-content\/uploads\/usu1040\/2023\/11\/400734178_17965063643651730_6007343332427005214_n-240x300.jpg 240w, https:\/\/agora.xtec.cat\/ceip-marti-poch\/wp-content\/uploads\/usu1040\/2023\/11\/400734178_17965063643651730_6007343332427005214_n-768x960.jpg 768w, https:\/\/agora.xtec.cat\/ceip-marti-poch\/wp-content\/uploads\/usu1040\/2023\/11\/400734178_17965063643651730_6007343332427005214_n.jpg 1080w\" sizes=\"auto, (max-width: 819px) 100vw, 819px\" \/><\/p>\n<p><img loading=\"lazy\" decoding=\"async\" class=\"aligncenter wp-image-7591 size-large\" src=\"https:\/\/agora.xtec.cat\/ceip-marti-poch\/wp-content\/uploads\/usu1040\/2023\/11\/400976580_17965063676651730_602413331180146078_n-819x1024.jpg\" alt=\"\" width=\"819\" height=\"1024\" srcset=\"https:\/\/agora.xtec.cat\/ceip-marti-poch\/wp-content\/uploads\/usu1040\/2023\/11\/400976580_17965063676651730_602413331180146078_n-819x1024.jpg 819w, https:\/\/agora.xtec.cat\/ceip-marti-poch\/wp-content\/uploads\/usu1040\/2023\/11\/400976580_17965063676651730_602413331180146078_n-240x300.jpg 240w, https:\/\/agora.xtec.cat\/ceip-marti-poch\/wp-content\/uploads\/usu1040\/2023\/11\/400976580_17965063676651730_602413331180146078_n-768x960.jpg 768w, https:\/\/agora.xtec.cat\/ceip-marti-poch\/wp-content\/uploads\/usu1040\/2023\/11\/400976580_17965063676651730_602413331180146078_n.jpg 1080w\" sizes=\"auto, (max-width: 819px) 100vw, 819px\" \/><\/p>\n<p><img loading=\"lazy\" decoding=\"async\" class=\"aligncenter size-large wp-image-2332\" src=\"https:\/\/agora.xtec.cat\/ceip-marti-poch\/wp-content\/uploads\/usu1040\/2019\/07\/7-1024x768.jpg\" alt=\"\" width=\"1024\" height=\"768\" srcset=\"https:\/\/agora.xtec.cat\/ceip-marti-poch\/wp-content\/uploads\/usu1040\/2019\/07\/7-1024x768.jpg 1024w, https:\/\/agora.xtec.cat\/ceip-marti-poch\/wp-content\/uploads\/usu1040\/2019\/07\/7-300x225.jpg 300w, https:\/\/agora.xtec.cat\/ceip-marti-poch\/wp-content\/uploads\/usu1040\/2019\/07\/7-768x576.jpg 768w, https:\/\/agora.xtec.cat\/ceip-marti-poch\/wp-content\/uploads\/usu1040\/2019\/07\/7-200x150.jpg 200w, https:\/\/agora.xtec.cat\/ceip-marti-poch\/wp-content\/uploads\/usu1040\/2019\/07\/7.jpg 1032w\" sizes=\"auto, (max-width: 1024px) 100vw, 1024px\" \/><\/p>\n<p>&nbsp;<\/p>\n","protected":false},"excerpt":{"rendered":"<p>El\u00a0Projecte Rius\u00a0\u00e9s una iniciativa de l&#8217;<a href=\"http:\/\/www.projecterius.cat\/associacio-habitats\/\">Associaci\u00f3 H\u00e0bitats<\/a>\u00a0que neix l\u2019any 1997 amb l\u2019objectiu d\u2019estimular la participaci\u00f3 activa de la societat en la conservaci\u00f3 i millora dels rius. Fomenta l\u2019apropament de les persones al medi i permet con\u00e8ixer les caracter\u00edstiques dels ecosistemes fluvials, la biodiversitat, els&hellip;  <a href=\"https:\/\/agora.xtec.cat\/ceip-marti-poch\/projecte-rius\/\" title=\"Read Projecte RIUS\">Llegeix m\u00e9s\u00bb<\/a><\/p>\n","protected":false},"author":1,"featured_media":0,"parent":0,"menu_order":0,"comment_status":"closed","ping_status":"closed","template":"","meta":{"_bbp_topic_count":0,"_bbp_reply_count":0,"_bbp_total_topic_count":0,"_bbp_total_reply_count":0,"_bbp_voice_count":0,"_bbp_anonymous_reply_count":0,"_bbp_topic_count_hidden":0,"_bbp_reply_count_hidden":0,"_bbp_forum_subforum_count":0,"footnotes":""},"class_list":["post-4090","page","type-page","status-publish","hentry"],"post_mailing_queue_ids":[],"_links":{"self":[{"href":"https:\/\/agora.xtec.cat\/ceip-marti-poch\/wp-json\/wp\/v2\/pages\/4090","targetHints":{"allow":["GET"]}}],"collection":[{"href":"https:\/\/agora.xtec.cat\/ceip-marti-poch\/wp-json\/wp\/v2\/pages"}],"about":[{"href":"https:\/\/agora.xtec.cat\/ceip-marti-poch\/wp-json\/wp\/v2\/types\/page"}],"author":[{"embeddable":true,"href":"https:\/\/agora.xtec.cat\/ceip-marti-poch\/wp-json\/wp\/v2\/users\/1"}],"replies":[{"embeddable":true,"href":"https:\/\/agora.xtec.cat\/ceip-marti-poch\/wp-json\/wp\/v2\/comments?post=4090"}],"version-history":[{"count":4,"href":"https:\/\/agora.xtec.cat\/ceip-marti-poch\/wp-json\/wp\/v2\/pages\/4090\/revisions"}],"predecessor-version":[{"id":7954,"href":"https:\/\/agora.xtec.cat\/ceip-marti-poch\/wp-json\/wp\/v2\/pages\/4090\/revisions\/7954"}],"wp:attachment":[{"href":"https:\/\/agora.xtec.cat\/ceip-marti-poch\/wp-json\/wp\/v2\/media?parent=4090"}],"curies":[{"name":"wp","href":"https:\/\/api.w.org\/{rel}","templated":true}]}}