{"id":38,"date":"2014-09-18T12:34:08","date_gmt":"2014-09-18T10:34:08","guid":{"rendered":"http:\/\/agora.xtec.cat\/ceip-marti-poch\/?page_id=38"},"modified":"2022-07-04T17:00:49","modified_gmt":"2022-07-04T15:00:49","slug":"salut","status":"publish","type":"page","link":"https:\/\/agora.xtec.cat\/ceip-marti-poch\/lescola\/salut\/","title":{"rendered":"Salut"},"content":{"rendered":"<p style=\"text-align: justify;\">S&#8217;administraran en el centre les vacunes estipulades pel Departament de Sanitat aix\u00ed com la revisi\u00f3 dental. Us avisarem amb antelaci\u00f3 quan es dur\u00e0 a terme.<\/p>\n<p style=\"text-align: justify;\">Recomanem la m\u00e0xima higiene en la cura dels vostres fills. Aconsellem que no porteu els infants a l\u2019escola quan estan malalts i tenen febre, diarrea, xarampi\u00f3, varicel\u00b7la, polls, &#8230;, ja que pot ser perill\u00f3s tant pel que fa al propi nen com pel contagi que suposa per als seus companys. Cal que informeu\u200b \u200bpuntualment\u200b \u200bal\u200b \u200btutor\u200b \u200bo\u200b \u200ba\u200b \u200bla\u200b \u200btutora.<\/p>\n<p style=\"text-align: justify;\">Quan un alumne hagi de prendre <strong>medicaci\u00f3 dins de l&#8217;horari<\/strong> escolar, la fam\u00edlia ha de lliurar una autoritzaci\u00f3 signada (veure agenda) a la tutora i la recepta del metge on especifiqui l&#8217;horari i la dosi. No oblideu posar el nom de l&#8217;alumne a la capsa.<\/p>\n<p style=\"text-align: justify;\">L\u2019escola mant\u00e9 el programa <strong>\u201cESMORZARS SALUDABLES\u200b\u201d<\/strong>. Els alumnes han de portar: dilluns, fruita; dimarts, entrep\u00e0, dimecres, fruits secs i\/o fruita i dijous: entrep\u00e0.<\/p>\n<p style=\"text-align: justify;\">Aquest curs ens tornem a adherir al <strong>Pla de consum de fruita a l\u2019escola,<\/strong> per la qual cosa entre els mesos de novembre a juny oferirem gratu\u00eftament a tot l\u2019alumnat diversitat de fruites i hortalisses fresques. Rebreu informaci\u00f3 anticipada dels dies que es dur\u00e0 a terme.<\/p>\n<p><img loading=\"lazy\" decoding=\"async\" class=\"aligncenter size-large\" src=\"data:image\/jpeg;base64,\/9j\/4AAQSkZJRgABAQAAAQABAAD\/2wCEAAkGBxMSEhUSEhIWFhUWFx8VFRcVGBUYGBcWFRgYGBUVFxcYHSggGBolHRUVITEhJSkrLi4uGB8zODMtNygtLisBCgoKDg0OGxAQGy0fHyUvLS0tLS0tLS0tLS0tLS0tLS0tLS0tLS0tLS0tLS0tLS0tLS0tLS0tLS0tLS0tLS0tLf\/AABEIAKABOwMBEQACEQEDEQH\/xAAcAAABBQEBAQAAAAAAAAAAAAAAAgQFBgcDAQj\/xABHEAABAwIDAwgFCAgGAgMAAAABAAIDBBEFEiEGMVEHE0FhcYGRwSIyUqGxIzVCcnOSstEUFiQzNFTC4RUlU2KCouLwF0OT\/8QAGgEAAgMBAQAAAAAAAAAAAAAAAAQDBQYBAv\/EADIRAAICAgAFAwMEAQQCAwAAAAABAgMEEQUSITFREzJBIjNxFBU0YYEjJEJSkfAGFqH\/2gAMAwEAAhEDEQA\/AKQro3oIAEACABAErBsdXVMTXwUrnscbh2aNoI4jM4GyUyLFrRRcVyK5Q9NdyAxnCZqSUwTsyyNAJFwdHC4II0KQM01oYlDPD7F1p8OlMAm5t3NAAF9vRvoND068EjNddmdupnty102cV4YqzoxRSOD2BLTHKh\/ClZj8B7ElbO\/QbiO40nMniLXg9jPFv3Tu0fiCaxveMY\/uK7PuVxEtI9xupPgmHWHesezzCXyew7ie4uw2XApP0kyknJnDQ0AC\/QSd\/uXp4C9H1NkL4lL1\/S18kExUrLSXQdRqKX9EclocRqKR4ehxGomRscMUbI2LXDgLgHq78AZhtb\/GTdrfwNWx4f8Ax4l9g\/ZREJ0cBAAg4CAYlBGzxdImBQRsSV0iYkoImfQPJ5820v2fmU1HsZbK+9L8mDLQGsBAAgAQB61hcQ0bybDtOgXJdjxN6i2fSWGRspYKeEm2jYm9bg2\/9JKqJvctmKuk5zcjIOXiiy1kEoH7yEtJ643ae558F5F5GZlcZE+xuDYsuzzOtrXDveCFDNfQJ3JrHZUKDZ+qmAdFA9zTudaw8Tol+RvsU8MWya3FHmIYRPTkCaJzL7r2sewjRRzg49zzZjzr9yCBKTJai9YHso2al57O4vc12RosBmFwLk9FwpoYashvZdVUJw2OsN2ep7hktQDKfoMc0WPDdqooYdXtlLqTwrihvjmD\/ozgAczHXyk7wRvB8d6reIYbo012JOXQ9wXZwzMEj35WncANSOPUp8Phfqw5pM9KI9rNiYpGlvOvF7a+idxurGPCoRe0z3B8r2ZptHhjqaV8LjfKQQfaadQer+xUUocknFlnTLmWx9szsZNVt5wkRxdDiLl3HK3h1n3pivHc1sLsiMHoksc2Vho2ktqc0lh8m7KCWki7gBqoc2iMYb2M8PyZzs010LnQ0omw9kZdlDogC7gLJqutTxlF+BG2bhlOS8lExGlZFKWMfnaLelpqencs1lVxrnyx6o0ONbK2vmmtMsOC4A2alMguZDmDRew9E2GisMbh8baOb5KvJzJV38vwPYdkDlBdLZ3AC4BXpcDTjty6kUuKvm6LoMaPCgS4SStZldlPTfQG48VW1cPhKTU5a0T2Zb0uWOyXZs40tuyW\/DQW9ydfAq5w3CWxT9wmnqSIWaIscWuFiDYrO30Spm4SLKqanHaOahPZ6j4AzDa3+Mm7W\/gatjw\/+PEvsH7KIhOjgIAEHAQDEoI2eLpEwKCNiSukTElBEz6B5PPm2l+z8ymo9jLZX3pfkwZaA1gIAEACAJvYmh5+up2dGfOexgzH4KK6WoMSz7eSls2vabC55paN0LmtbDOJZMxIzNDS2wsNT6RVX8GSTWmU3l8pb09PJ7Epaex7f\/FcIpGJlBE+xv1VFbZ+IEbqeI+5pUU\/YLZPTGZRMPx2rYWNiml9AWYxurbcMgFnd4SsZyXYpqr7VpQZqGNsNThZfKzLJzQksRYte3U2B1B3jvU8\/qg2y7uXqY+5LroyyBVM31KWtaNd2JfmoWdWZvg4hWWM91Ggx3upFAF2uNt4NwesHQrOzk42bXkiTfMX\/aZvOUjXneMr\/HQ+4lW3EI8+LzfPQcfYkML0pWW6I7jttdNY7ccZNeA+CE2XxmWSXJI\/MC0kaAWItw6rqu4fm2WXOMmCZAcrNKBJDJ7bS0\/8CCPc\/wBydzIrmTH8N90NtneUB8IZFOwPjFm5m+i5rRpe251u5dqydfSz1di73JMktvcHbnbWMPrgMePwOHDQW8EvxKH0qQ1wmzU3Bkk2X\/KBY\/8A1299lJz\/AOz2vBFyf73T8lIjWZm38mj0kuhpOxjr0jbbwXD\/ALFabhj\/ANt\/5MtxHrkMr42gqA53yl9SLECwsSOhUlnE71NrZYxwaHBNIZRNLjbUk95JVXqdktLqxmWoR8Fs2YppGZg9pa0gEA8enRaXg9N1e\/U7FNnWVz1y9xntNHaa\/FvwVXx2vV3MM4E\/o0RKo\/kfBc+AMw2t\/jJu1v4GrY8P\/jxL7B+yiITo4CABBwEAxKCNni6RMCgjYkrpExJQRM+geTz5tpfs\/MpqPYy2V96X5MGWgNYCABAHoQBo\/IvQXmmqD9Bojb2u1d7gPFJ5MnrRR8Ys6KCOO2vKhVQzSspeaEcbsgLmlxcW+ub3ta9xu6FDKnUNlfbhqvHU5dyw8r55zCRId+aJ\/wB61\/iUuVrMDk3HsQRH0FtHVxtweOMPbmMMTQ24vub0KKyS5dCuZOPotbHWzmHyQUEbqOKN00gDnukJA1F7m2ptuA0XILUehzHr5KlyLqSe0E72YfKZi3nOaIdkuBndp6N9bXKLJfQ9k18uWl77mQwKms7lDW+pqPJxLele32ZSPFrXeZT+HLdbRfYr3WU2o0c\/qc74lUVy1Yzn\/I0DaD0aIDqY34K1zpcuGv8AA38DjZiYPpmj2bsPd\/aym4dYrKNAuwzwfZ98M+cuBYAbWvfXcLdl\/cocXh7pudga0VvlYkzPp4xqbONh05ywN\/CVPltOSHcTptkNguwdTMQZW8yzpLrZrdTeg9q8V48n1ZNZkxS0iybeYpGGMpGODnNs59jfKG6NB6yfgvHEbIqCgifhVUpW87HWyAbUUT6cncS3szatP\/vBGHq2hwPPEN05KsK\/XbPzwXLmXaPpN1Fh0ngqfJwba+uuhZ059Vq1vTLZsJL8g5vB59+vmrbhU16XKVHE4NWplYrmZZpBwefjdZrLjq6S\/stqHzVp\/wBFo2TpwInSgXeSQO7o6rlXvB6Yqp2a2yp4jY\/UUPgl8PM5LjNlA6A33qzxnc5N2dhK309fSQO0z7zW4N+KzPHbN3aLPAj9GyKVJ8j+wXPgDMNrf4ybtb+Bq2PD\/wCPEvsH7KIhOjgIAEHAQDEoI2eLpEwKCNiV0iYkoImfQPJ5820v2fmU1HsZbK+9L8mDLQGsBAAgAQA5pq+WMERyvYCbkNcQCeJsvLgn3IpU1ze5LZH1+re\/81BkLUCt4t0p6DR9TI4WdI8jgXuI03aEquMntnEoZx9i1wAZW6dA+CQn3Mxc9zZJRYzUNaGNnlDRoAHuAA4AXQ5v4OrJsS0mIlrZJPXke76znH4lRSk2eHdOXdnaBKTJ6ibwzFJoQWxSFgJuQA03NrX1BUSulBaRZUzlFaQpriSSdSdT370lPb6jMNt7JF9ZI8WfI5w4EkjwS9t9klpvoMJs7YfiMkJJjda+8HUHtHmu0ZdlHWLPSeiSqdtJY4y4xMcRbpI3kBW9HFpzfK0S1Lmeih7QYm+pkMslrmwAG5oG4D36qWVjnLbLOqCj0HFZthWSMbHzuVoblOQWc6wtdzt9+yymlfLWkeljwT2yLoPWPZf3hIZT2lss8Jan0JvDq+SF2eJ5aengeog70rXfKp\/Sxy\/HhcvrRO1e1k0sTonNb6QsXC97dOilu4nZZBxZXw4ZXXNSTIuGQjcSOwkfBVfqyj7XocnXGT+pHdhUEpbe2edJdESVFiEsYyseWi99zfMKerPupjywYrbjQse5Dr\/FJjvld7h8AvMuJZD\/AORGsSpfBwe8k3JJPE6pKyyU3zSeyWEVFaQleD0eoAzDa3+Mm7W\/gatjw\/8AjxL7B+wiITo2C4dBdOAgGJQRs8XSJgUEUhJXSNiSgjkfQPJ5820v2fmU1HsZXK+9L8mDLQGsBABdGzgI6ACDo3rvV7wlsr2FTxf7IwVcZHR4UHJdi2Qeq36o+ASEu5mLvexYXhkQtijkcH0CXmOVD+JKTeh+BomGUbRht8ouY3OvYX9IuO\/vVmqo\/pt6LSEVy7KlGstYciLXj4PQ0xb907tH4gmcb7hPj+4rs+7vVxEtYdxupX2JWOsP9Y9nmEvkLaHcN6kSLSq59H2LJ9v6HfNltswIuLi4tccQorISh7kQqyM\/admJdnGOY1GzwxxGo2RMcsUTPApcOAgD1AGYbW\/xk3a38DVseH\/x4l9g\/ZREJ0b2CDoLhwCugxKCJnhXSNnhKCGT0JuunhvoKlgc0Nc5rg13qkggOtvLSd\/cu6F1OMui+DfuTz5tpfs\/MpmPYzOX96X5MIY0kgAXJNgBvJOgA71ft6WzUzlyrbNY2X5LowxslYS55F+babNb1EjVx8EjZkvekZ7J4rNtxr7E7W4Zg9N6MrKZh4Py39+qjUrGKRnlWdVsRiWzOHPpZJ44Iy3m3Pa5m42aSCCF2Nk1LTPVWTfGxRb+TGMFwyWqlZDE273eAA3uJ6AE\/KxRW2aa65U180jXcI5LqONg\/SAZ37zmJDQf9rRuHaq625y6GXy86d612Rl3KI7DM7G4aLFhc2WwdkO6xaXbyCDu0UBWyZE7L7L1GISGOBug9eR2jGdp6T1DVBxR2jXKTksYGASVL8wAByNaBoOu5UPo\/JXy4bCTbbKTjuFfo1Q+AOzZSADa181rXCXnDT0VN9HJbyI1TA9iaWGNueMSPI9Jz9demw3AJmFMddS8owqoxW+rJQ7O0n8vH90LvowfwMqit\/BQ9rsJbTTgRizHtzNHAg2cB7j3qnzKlCXQUurUZdC7UsdsPa0\/6H9KfS\/2+v6HY+0qmCmmDSZw4m\/ogX3W36dZKz+PLHj905DRaMOjo5wQxjbjeCLOtxVxjxxLukCRaKxt3g4gZmZ6jiBb2SCNL8D5JLJwlTZzx7EtEfqKFPuXuHcs4mh8nuBU8tLzskLXPL3Nu7XQbtNyssetOG2K5NklPSH2xuyQgdJLM0F5e5sYNiGxh2h7Tp3WXurHjtto8WZMmkkKi2Zaa57yz5IASAW9EvNwR7r2Sqwl6+\/gcefL9Mop9RPKDELROHEt9yW4xBaTPfCZvmkiAwXDH1D8rdANXO6APzVPi4kr58vwWOVkxpjv5LpT7N08Yu4F1t5cVoIcLx61uRRzzrpvoLhpaN5ytDCeAOui5GjDm+VHmVmRFbeyLxqiZHKxrBYG1+82VNxLFqrvjCPyOY905VttklX4LGGaWZY3c48OlWORwmhVprp5Fa8uzm69TlRMpHHmxqT0uvr3qLFhgzfpx7nuyWQlzMj8cw8ROBb6rt1+g8FWcVwI48k4dmM4eQ7FqXcrOFbDtraqonnc4RNe1rWtNi8iNlyT0AbvFX3C6+bHi\/6Hb+Kyx64119yzR7D4a6NxjhY6wIzBxdqBxvvVl6cNdCt\/c8tTSlIwpzbEjgSPA2SZuIz+jmZqGyfJg17Gy1hcC4BwiabWB1Aed5PUmYUbW2ZjN45Lmcav\/JYazA8HprMlbAw8HuF\/ebr041or4ZOfd1i2zhjGyeGvpJKiGFhHNuex7CbGwNiLdi664cuztGdkxuUJMhOSTZ6mnp3zTQte8SFoLhfQAdC81RjKOxri+VbCxQi9LRL7JbBthqqieaMEc4RTtNiAw657d5A7F6hVpieVxGVlUYJ\/kbYlsIyXFmvMdqcx868NFmmRhADT23BPYuOv6z1DiEo4zjvqc+W2jaKWB4AGSXKLdAc0i3\/UIujpIOFWP1Wn8k9yefNtL9n5leo9iHL+9L8meck+ENnrM7xdsDecAO7OTZh7tT4cFbZM+WOi14re4V8q+TcHBV6MyimVXJ5QSPdLKZHPe4uc50p1J18OroU6tmiwhm3wjqK\/\/CXlp6eGjfTRvaGNicxoLwSAWmwuTfpXlcznshhzytUmvkwDCcSlpntlheWPAtcWOh3gg7xorJxUo6Zq50QthyzNY2F5QnVUopqhjQ9w9BzdziBctIO42+BSN1Ch1Rn87h6ojzx7Gb8quzLKCrHNaRTNMrB7LgfTb2XII7UqU7RtWwOCspKGGNu8t5x7ulz3+kT77dy6el0RWdq+UF7JHw0oAyEtdI7XUGxyjx1KXtt10RUZPEGm4wKPTVT5qmN8ri5zpWZnG2ozNHR1KBPctsrK5udqkzbNppC2jnLSQRE4gjQg23gpuzpB6NHe2qm14KHyd4rKanI+R7g9hFnOLrFtiDr\/AMknRY+bqyuwLpSlpssfKLT3hY\/pa63c4fmAjiEdxTLHIW0iey2pbcIrf9VPJap\/wTL2mb07CbAAkncBvKxrhKb0kRxLLgGDzsmZI5mVove5F7FpG4ddlbcPwrq7FJrRJFPY75Ro70Lz7L2Ed7w3+pXOYt1k9PuMkn3Kqj3LOBqfJc69F2SuHwPmrfF9ghlr6xjtFtnJHVuhhtlitnuL5naEgcAAbdqWysyVcunYcw8JWx+os8+PwsiileSBLbLYX3i+vABMvKgopv5FP0tjnKK+CM2+F4WH\/f8AEFIcX06kxvhbcbWh5sdRCOna63pP9I+Q8FPwyhQp38sg4hbz2teCSxGkZK3JISBe+htft6kzkQrnHU3oWqlKL3FDSiwunhcHtOo3Xdx6knTjY1MuZPqTW3XWLTRHbQyAyxuaQeNuohVfFLISvhJPfUZxIyVck0TGNG9O\/s\/JW3EHvFb\/AKEqPuop8TiHAjeCCO4rF41jjbFryXtq3Bpln2ljvDm4OB8dPNavjEOfFTfcp8N8tuhrsl+7m+0P4GpnhH8SP4PWZ9xELyRxkYaWuaWuD3ghwINyAdx6iE3T7GT8TcXkRcfCKBsBhQqMSDHi7Yy+VwP+x1h\/2c1QUx3I0HE8j0sNKL76N6Ke7IxSWylV+w2HSyOlle5z3nM4mY9PfoOpQuqLey1qz8quHJBaX4JCtbSw0L6aKRgaInMYC8E7j0k3K9PlUNIhrVtmQrJLrsr\/ACIn9klHCXwu1q80Ppob42v9WL\/o4com381LUCnpct2AOkLhe5OojHDTUnrXmyxp6QYHDY3V88yzHbSnZQw1sxLWygCwGY5je4t1WPgpFYtbYjLDn6sq4\/BEcsBD8ND2m45xjmniDu9xXLXuJNw1ct+n\/ZIcnh\/y2l+z8yux7HMv70vyVnkQIvVcfk7dnp3Vjlb6DfGd7izRNoKN01NNCx2V0jHMa7gSLA6JWLSfUp6pKM02YDi+CVlOcs0cot9IZ3MPWHDTxVlGdbRqqrsaxJrWyIJ4371IlF9huMYa2jpBTvecrGOeeDWlx8AhyjHuErIwX1PRpHJ1sNUMqGVdQOaEdyxh9ZxII1H0RYnrSV9sWtIouJZ1dkeSJXuW\/FmT1kcMZvzEZa8ggjO8g5e4NHj1JMoJM0\/k12gZWUMViOciaIpW31Dm6A9jgAR2oPSZCba7DPfI6opRcuN3x7jfpc09fBQWVb6oqMzAc3zQM9np5IX2kY5j22dlcLHfcH3Jd7i+pU8rqmuY3lhbUU3QWyx93pN\/unUuaJp01ZX\/AIKdsnslPTVTXyZSxodZzTvJ0Gh1G9KU0ONm2JY+I67OYmOUCW0LGe1IPdcozX9KQ7c+xO17ssD79EZ+CmteqX+CX\/iV\/YakbkdKRd18o6gBr7yqvhdK05\/J5giRpKiqfKM8Yji1vqC61jYX7bJuueRKzqtI9\/Iy5R32oXD2nsHg8O\/pUma9V6JqfcZJPuVXDuWUDTOSd\/7LKOExPixn5FWuK\/oYnlr60UKqfmqp3Hpe\/wDGqnNey74ctI7OeSLEkgDQEkgdg6EhzNtdSycYpPoaDtiP2OPjdv4VccQ\/jr\/BnMH+RL\/JPYG4Gnit7A+Cfw2nStCGQmrXsi9qcKklLXx62BBb5hV\/E8Oy3UoPsNYN8IbUysupXt9Zjh2grM21Xxb2mW0bK5Lo0LZuSik+ZHZR0tFzrnZqUniwH3BbbIfNhf4KGtau1\/ZUW7x2rFY63bFf2XdnsZa9oz+zkdbfiPyWw4q+XE6lNiLdxmlBtsaCrqI5GF8T3NdobOY7m2AkX0INhp1I4ZbyY8UaC7hTyaozg9Pqanh1Y2eBszAQ2RmcAixsR0hW\/eJmZQcLOR90zLuSSRor6oEgEglvE2kN7eIS1PSRouMJ\/pa2l\/7o1TFKYywyRB2UvY5gI6C5pF\/empdV0M3VJRkpGA4xsdW05OeF7wPpx3eD4ajwSMoTXU3GPxDEtj8JkBLEWmzmkHg4EHwK8vwOR5Gvo0axyHy\/JVLOD2u+80j+lNUdDMceWrY\/goG3TycQqSf9S3gBZQz9zLbh8UsaJBSyuLMpc4tF7NJJaOxu4Lw96JnXFPeupsm23zDF9SH+lMy9iM1jfzH\/AJJnk8+baX7PzK9x7EOV96X5MUwnFZqaTnIJCx27TcRwcNxCvJwU+5pbqK7o6mi7UHKzUtFpYYpOtpcw9+8JaWKvgq58Hg39L0PTyvHppB\/+n\/iufpH5I1weS7SKVtXj\/wCmzCXmmxANyhrTfpJzE2GuvuTFUHAs8TGdENN7Hmw21ZoJXuc0vje30mi1849UgnwXm6rnXQjz8R5EVrudtrOUqsnYWxEQMJt6Hrka73nd3AJW2jkjsqMzAjRVzb6mdpYo29j3B8XnpJBNTyFjx0jcRwcNxC4w5mjVqblPqcjc0MRNhc+kLm3C+igd2irs4nKMmtFbx7F31cxme1rSQG2be1m9val7Jcz2VmRe7ZczJ3ZfbaWlYIXMEkY9XWzmg7wD0heo5HL0aG8biDrSiy4U3KFTuHpMkaewH4Fe3mRXwWcOIQl8Fe2kx79KkY5oLWMHog9JJ1Jt3eCrcvIc2mvg82Xqb6Dip2lqJWljnNDXCxAb0dqVvzbJQ5SZWto7YPjkkDCxgaQTf0r8AOgpenPsoWorZNCQ8ftVOd2QdjT5lSy4xc\/B62Qm0mKSzQkSOuAQQALC9xr71HHMsumlJk9D+oqE+5OxLOHcsOxm1baJr2Ojc8PcDdpGlhbcd\/inablBaI76HN7IgTB88r23Ac5zhffZzri6Qy3tbLTAWnodNVeWkuqaLVj+0DKiJkbGuGUgkm3QLaJvMzY21KESnxMKdVrnIZYZi00OkbyBwOo8EjTm3U9IvoT34tVvfuTkO1s3Sxh8R5ptcatXdCM+GV\/DFzbSyPaW5GAEW6b6qK7jE5xcXFdTkeHxi97ZGRqhbHdaRJHFZOb5vTLly7tbBWT4pb6XpLsKLDjz84yY6xBHRqq6E3CSkhlpSWhzV4jJILPNxe9gLapy\/PuvjyyfQhrxq63tEGzYSOed1VUztbE4hwYCASGtaCHE7hcHctRw2pPHiSz4pZXX6NUevksOM7e0VLHkjkbI4NytZFqBYWALhoArKVsYrQhj8LyLp7ktLyzEoqx7JOdY4sfmLgWmxBcSTbq1SibT2jafp4Ov05dUWyg5TK+MAOdHILfTab+LSLqVXSRV2cBx59V0JD\/5bqbfw8N+N328P7r0r5eBb\/69X\/2ZUNptoJK6USytY0gZQGAgW7ySSo5S5izxcOONDli9kpsFte3DnS5onSCTLfK4C2XN0Hf6y9QnyifEsCWVpxetEHtFXtqKmWdgIbI\/MA61xcDh2LxKW3snxanVUoS+CMcNEEkur2i9bUbbQ1GHx0cccgc0MBc6wHyYF+3cpHPcdFLRhThe7H2NF5PPm2l+z8ypo9iry\/vS\/Jg91oDWbBGgBAAgF0YIAb1vq9480vk+wqeL\/YGCrTJHhXGcfYtkPqt+qPgkZ+4y9v3GLXjREdGLwzm+o9gS1g5VsfxJSY9BaHsSVmOQHcaTnsYidoYnPNmNLj1AldjTOfZbPehjjDSI3AixBAPbmCmx01bpk2P7iuT7lcRLWD6jdSpaJmOsP9Y9nmErk+0dwvcSTVXy6FkzuxQT6EbexyxQsik14HLF4ZGybwTBzPc5srQbXte53p\/C4a8lOW9IQy8z0npIQ+lcJDGPScDbTpskbMWUbnVHqz0rYyrU2dKihkYMz2kC9uhduwLqY801pHIZEJvliN0kT68Ag4Zlte8mrlBJsCLC5sPQbuC2OB\/HiXmDXH0k9ENZO9R5JJAuACABGgYldRFI8XSOWgKCKTEldI5eBJXNETPoHk8+baX7PzKbj2Mtl\/el+TBloDWAgAQAIAEAN631e8eaXyvYVPF\/sDBVpkjwoPMuxa4PVb2D4BIS9xmLvezoF4Ih9hFA6eVkLCA55sL7tASb+BXOXmeiSmr1J8pYsa2Wko2MfI9rszstmg6aE3ud+7gor6XBFnPE9KKZHxKuke4D2JLNbekNwL1gmyzQ0Pn1J1ydA6jxPuVvicMilzWdRyMdFhPNxN+ixo7GgKz1VTHwezMtpW53S82C+77tygkkFwOgAv0rMvU8iUoHuh6nsqVU0i4IIINiCCCCNCCDuIPQnoLXctIS31GwKka6EyY6w\/1j2eYS+T7RzD93UkmlVz6llJpHdigkeJDmNRMje\/gcxqNojb0TuDY06BpZkDgTca2392qscPijxocqWyuycL1Zc2ztg8xfVNed7iSfulGBbK7O538keTDko5fBMbUn5Jv1vIq2479lJCOD9wq6xzWnpl1voerh0zDa3+Mm7R+Bq2OB\/HiX2C9UoiU4N7PF06CDgIBiUEbPF0iYFBGxJXSJiSgiZ9A8nnzbS\/Z+ZTUexlsr70vyYMtAawEACABAAgBvW+r3jzS+V7Cp4v8AYGCrTJHhQcfYtcHqt7B8AkJe4y93vZ0C8MjLBsMbV1P9Y+9jl2r3IbwPvI0TlFpXyQRiNjnkSg2aCTbK7Ww6Nymy4uUeheZkHKCSKR\/hM7Gl74Xta3eXDLbo6dekKnspsUdtCkappbaOtB67Prt\/EEnD7i\/KGazXVrE9IeM7x2udLM4k+i1xa0dAtpfvWQz8mVljW+iPDZM7Dt\/ensHxVjwWO97OxHZ2TgdUyVEoDy8ghhHotIABNvpE26Vc+hHm5mTq2SWkJ2h2donQSOkiZGGtLs7AGubYXuLb+xFtcHFs7XZPm6GfcnlAyerLZG5mCNzrHp1AFx3pGmqM56ZY3WyhXtPTNCxzCqeGmleyFgIabHKN9rBT5NNcKm9C+NfbO1JyZnMayUjUa6Fx2Lw6OVrzIwOsQBfsVzwnHhZFua2UfE7pwklF6Gm0UDWTuaxoaABoFXcTrjC\/litE+FNyq2yamweFtNzmU5wwG93bzbourG7Aphi8+uuhCOVY7uXfTYw2fPy7O\/8ACVUcJesqI5m\/ZZbMQdG1t5QC0HS4vr1DitdlyqhDmt7FJVGTeoFQxCVr5C5gs3oFre5YfNtrttcq+xe48HGvr3Cgha99nuytsSTp0dqMKmu2erHpBkTlGO4LbOP+AYPNUPa94fOSMzXSuafVbazQQDpbUBbPFroVaUOqIHl51cFrovwJx7kvpXxONKHRygXZd7ixxA0Ds17A8QmZULW0esbjd8J\/6j2jHqiBzHOY8Wc0lrhwINilX0NjVYrIKcezOSCQEAxKCNni6RMCgjYkrpExJQRM+gOTz5tpfs\/MpuPYy2V96X5MHV+awEACABAAgBvW+r3jzS+V7Cp4v9gYKtMkeFBx9i1weq3sHwCQl7jL3e9kps9hoqaiOAvyZyRmtfcCd3cuQjzPR7xqlbNRZq2A7DU9M9sl3SSN1a5xsAeOUWF9em6ajUkX9GDXU9rqy0ONtSpW9LqOt6KltZj9O6F8LX53ut6moFiDqd3Qq7MyIem4\/ItbamtFOpTZzTwcD71RR96ZDX3NeB07lqn1r3\/Q+jK23trv6e1Ya33tkZa9h3fvR2H4q+4I+kj1EieVGvmiMLY5Xsa4OJDCW3ILd5GvSrLKnKLWh3GgpdykT7QVT4jC+d743WuHG501AzH0rXA0ulnbLWh1UQT2ie5LH2rHDjE4Duc0+S94r+sjy47hsvu2n8JJ3fEKbP8AssXwPvIzWNZGSNY30NE2Ggy0+b2nE9w0HwWn4VDlpTMvxKfNdrwQu1o\/aHfVCpuKr\/coewH\/AKJZcb9GlI6gPgrbiD5cN\/grcZbvK5grrTMP+63josxw16yYlrlr\/SZP7V\/u2fW8itBxxv0UVvD\/ALhWVjy5QIDoZhtabVk2ttWkdRyN16lsMDf6eLLvEUHjrmNx2GrXzUFPJI7M4s1cd7raXPXoruptxMPnVxryJRh22Y\/yl0nN4lPpYPyyD\/kwA\/8AZrj3pS1ano1\/BJueMv6Kuoy3BdBiUEbPF0iYFBFISV0jYkoIpH0Bye\/NtL9n5lNx7GWyvvS\/Jg6vzWAgAQAIAEAN631e8eaXyvYVPF\/sDBVpkjwoOPsWuD1W9g+ASEvcZe73sdUVU+J7ZIzle03adDYkEX8CV5Ta6o81zcHtdy37C45O+vj52eR4e1zbOcct7XByD0b+jvspKrG5aZZYOTOVupMvm3TL0UvVY+DgpcjpBlxkfbZl0Kz0ysiPGGwvwS69w3WbBEfRHYPgtbX1gvwPop+N7PNiY+USX1uG2H0nbr36L+5Z3NwIQTs2eWhWxD\/lJB0loPgdfiu8Ff1tBEY8rkXycD+D3N+80O\/oVvmLoh7D9xmiRLFFj2AnyVsZ4gt+8vdTUbUyO6LlVI2GspmyMcxwu1wse9Ws4KyOmVEJuEuZdyqM2EaL\/Lut0eiL269dVUvhEG97LX93nrWi1UFKIo2xt3NFla1VquCiirtm5ycmUraU3qnD6oWW4m95ei8wlrH2WLag2p7dYVpxXpildhLdxWaN+V7XcCD71k8aXLdF\/wBlteuatotW0UBfEC3XKc1hwt\/dazi1Dvo3H4KbEmoWaZVAsU0\/kvPwd6GlMrwwaX3ngBvKcwsX9RbyEN9qri5EjiEOGURD6gQte83zSBrnuLQBcAgnQAbtBotxTTCitQK2EsrI6Q21\/RO4TXxzxMlivkcLtuLXG69kzFproKWwlCbjPuY5yxEf4hp0QMv956Uv95r\/AP4\/v9O\/yUdRF+CAYlBC2eLpGwKCKQkrpGxJQRM+geTwf5bS\/Z+ZTcOxlsv70vyYMr81gIAEACABADet9XvHml8r2FTxf7AwVaZE8KAfYtcHqt7B8AkJdzL3e9iwvBGP8GrOZnjltfI8OsOkDeF5jLleySiz07FIuWPbbmpjMLIsjXesXG7rDoAGgRfkc0eVFvZnKyPKkV+JVUzxAeN3HsS\/yOVmvUjrsYeLQfctXS9wX4Hl2M7xe\/PSZiSQ879dL6D4LH5sp+pJNnlnmG4sKRxmLS4ZcpAtf0iLb+sBScNu9O7Z6rjt6GW2e1bKyERiJzS14eCS07gRuHUVe25KsWtFhj1OEtlMUA6PcIlLJA4b26juIKhsly6Y1jw5k4m2YdjMUsbXiRuo1BIBB6QQekK6qvhKK6lBbROEmtDwVTDue094Ujth5IvTl4OVRiMTBd0jQO0LxZkVwjts9QpnJ6SKBWVgkndJrlL7jjlG73BY7IvjPIdnwaKqlxp5PklMXxzn2hgZlAN9TclS5\/E\/1EOSK0LY+E6Zc0mR7AqXemmNy7FswfF2OaGPNnAW13G3SCtjw7iNU4KEn1KPIxpRk2ux2rcNhcC8tAsL3abfDQqXKw8WyLlpHiq62L0iI2ZeBKfqG1+0f2VPwaVcb5b6D2am60KxzZvD6mXnqmzngBusz2iw1AyhwHStS4wn9QtRlZFMeWvpv+h3HjFBSxtjE8MbGDK1ucaAbhqV6UoxWtnh499sublbbMT24xRtTXTTMdmYS1rD0ZWMaNOokOPek7HuWzacLolTjKMu5AleSzBBwEBoLIOcqPLIOckfAWHBBz04eAyjgg46oeDetgh\/l9N9n5lOQ9qMPnLWRP8AJg60BqAQAIAEACAG9b6vePNL5XsKni\/2Bgq0yJ4UA+xa4PVb9UfAJCXuMvd72LXgiOrFHI4PYEvPQ5WP4krMfgPY0pLuNwLxQbVxsiYwskJa0NPq20Fr3zK2hxauFai11HIyK7iFQJJXvAIDjcA7++yocmz1LHNHG+pF4r+6d2j8QXrG1zk2N7iuz7u9XMdlrDexupSZjrD\/AFj2eYSmT7RzC6SJFrRwSUmyycU\/gcRqByl5IpRj4HLAoZSb+Tw4ocxqKWjw9PsOI1FI8P8AscsUZGxS5vXY4KzHdc+Kl\/UWa5ds8enHe2jxRxk12Z70n0Zl+19v0ybtb+Bq12DLePHfgu8HkVKIgW6k3uI5zR\/oC7rXU0+hzniu7PM44he9PwHqw8hnHEI5X4D1YeQzjiEcr8B6sPIZxxCOV+A9WHkM44hHK\/AerDyGccQjlfgPVh5DnBxCOV+Djth5N72B+b6b7PzKbrX0ow+c08if5MHWgNQCABAAgAQBwrfV7woMiO4FXxWMp1aS2MMp4FV3JLwZb9Pb\/wBTwtPAocJeDjx7Ne1lvgpn5W\/Jv9UfRdw7Eg4y5uxlbqZ88uj7nQU0n+m\/7jvyXhxl4I\/Rn4Z0ZTP\/ANN\/3Hfko3GXg56NngewU7\/Yf9135JecJeBqqqa7ofRQP9h33XfklpVT8DsK5eB5FC72Hfdd+SVnTPwNwgx3HE72XeBSs6bP+rJ4pi+ad7LvAqP0LP8Aqz20xni8buad6J6Og+0ExRVKMtyWkMY8W56K3O023FWUZx33LaMJb7DfKeCl50TenLfYdYePSPYl8hpobw4yUuqJFiQZYs7xqCRGxyxQsjY5Yo2RscRqJnhjhijZGxa8nAQALoHoXtWSXZhsLrvqz8hsltmReY\/UPxarzgc5O57YhxCX0ItWQcAtgU\/Mw5scAgOZ+Q5scAgOZ+Q5scAgOZ+Q5scAgOZ+Q5scAgOZ+QMY4BAcz8gAjQf5PlpXRvAQAIAEACAC6H1WjjSfc9uuaR59OPgS86HsXGlo5KEddj6bwYfs8P2bfwhVMvczE3RXqS\/I8AXkj5Ue5UByoLLmg0gyo0g0FkcqOhZc5V4ALLnJHwBD7V075KZ7WNLnEt0G82e0n4JPOpcqtQXUZxJxjanLsUCtwioa27ongXCzLx7atua0jR1ZVMpaTI79Bl9hy8+vHyN+pAP0GX2HI9ePyzqtrXY9bQyew5eHbDyHqx8nZlHJ7BUMrI+SN2xO7KZ\/slRuSPDmjuyF3slRuSPPMjuyM8FG2jw2d2BeGeGKXk4CABdAFwAQBL7L\/vj9Q\/Fqv+A\/eZX8R9iLYtiinBdAEACABAAgAsgAQB8+fqHiH8s7xb+atP1EPJrf3PH8h+oeIfyzvFv5o\/UQ8h+54\/kP1DxD+Wd4t\/NH6iHkP3PH8h+oeIfyzvFv5o\/UQ8h+54\/kP1DxD+Wd4t\/NH6iHkP3PH8h+oeIfyzvFv5o\/UQ8h+54\/kP1DxD+Wd4t\/NH6iHkP3PH8njtg8Qt\/DO+8380O+Hk4+JUNdzecLjLYYmu0LWNBHAhoBCrJdZbMtbJSm2vI8C4eAQAIAEACABAHiABcOETtN+5\/5D4qp4z\/GY3h\/cRU1hi+XYEHQQcPEACABAAgAQALgAgAQAIAEAS+y\/wC+P1D8Wq\/4D95lfxH2otq2RTggAQAIAEACABAHiAP\/2Q==\" width=\"315\" height=\"160\" \/><\/p>\n<p>&nbsp;<\/p>\n<p>&nbsp;<\/p>\n<p>&nbsp;<\/p>\n","protected":false},"excerpt":{"rendered":"<p>S&#8217;administraran en el centre les vacunes estipulades pel Departament de Sanitat aix\u00ed com la revisi\u00f3 dental. Us avisarem amb antelaci\u00f3 quan es dur\u00e0 a terme.<br \/>\nRecomanem la m\u00e0xima higiene en la cura dels vostres fills. Aconsellem que no porteu els infants a l\u2019escola quan estan malalts&hellip;  <a href=\"https:\/\/agora.xtec.cat\/ceip-marti-poch\/lescola\/salut\/\" title=\"Read Salut\">Llegeix m\u00e9s\u00bb<\/a><\/p>\n","protected":false},"author":1,"featured_media":0,"parent":22,"menu_order":80,"comment_status":"closed","ping_status":"closed","template":"page-templates\/side-menu.php","meta":{"_bbp_topic_count":0,"_bbp_reply_count":0,"_bbp_total_topic_count":0,"_bbp_total_reply_count":0,"_bbp_voice_count":0,"_bbp_anonymous_reply_count":0,"_bbp_topic_count_hidden":0,"_bbp_reply_count_hidden":0,"_bbp_forum_subforum_count":0,"footnotes":""},"class_list":["post-38","page","type-page","status-publish","hentry"],"post_mailing_queue_ids":[],"_links":{"self":[{"href":"https:\/\/agora.xtec.cat\/ceip-marti-poch\/wp-json\/wp\/v2\/pages\/38","targetHints":{"allow":["GET"]}}],"collection":[{"href":"https:\/\/agora.xtec.cat\/ceip-marti-poch\/wp-json\/wp\/v2\/pages"}],"about":[{"href":"https:\/\/agora.xtec.cat\/ceip-marti-poch\/wp-json\/wp\/v2\/types\/page"}],"author":[{"embeddable":true,"href":"https:\/\/agora.xtec.cat\/ceip-marti-poch\/wp-json\/wp\/v2\/users\/1"}],"replies":[{"embeddable":true,"href":"https:\/\/agora.xtec.cat\/ceip-marti-poch\/wp-json\/wp\/v2\/comments?post=38"}],"version-history":[{"count":3,"href":"https:\/\/agora.xtec.cat\/ceip-marti-poch\/wp-json\/wp\/v2\/pages\/38\/revisions"}],"predecessor-version":[{"id":6295,"href":"https:\/\/agora.xtec.cat\/ceip-marti-poch\/wp-json\/wp\/v2\/pages\/38\/revisions\/6295"}],"up":[{"embeddable":true,"href":"https:\/\/agora.xtec.cat\/ceip-marti-poch\/wp-json\/wp\/v2\/pages\/22"}],"wp:attachment":[{"href":"https:\/\/agora.xtec.cat\/ceip-marti-poch\/wp-json\/wp\/v2\/media?parent=38"}],"curies":[{"name":"wp","href":"https:\/\/api.w.org\/{rel}","templated":true}]}}