{"id":34,"date":"2014-09-18T12:32:18","date_gmt":"2014-09-18T10:32:18","guid":{"rendered":"http:\/\/agora.xtec.cat\/ceip-marti-poch\/?page_id=34"},"modified":"2024-02-11T20:24:32","modified_gmt":"2024-02-11T19:24:32","slug":"oferta-educativa","status":"publish","type":"page","link":"https:\/\/agora.xtec.cat\/ceip-marti-poch\/lescola\/oferta-educativa\/","title":{"rendered":"Oferta educativa"},"content":{"rendered":"<p style=\"color: #444444;\">Som una escola p\u00fablica del Departament d\u2019Educaci\u00f3 de la Generalitat de Catalunya, on el vostre fill\/filla pot assistir-hi dels 3 als 12 anys:<\/p>\n<p><strong>L\u2019horari que ofereix l\u2019escola \u00e9s de 9:00h del mat\u00ed a 16:30h de la tarda.<\/strong><\/p>\n<p>-De 8 a 9h del mat\u00ed hi ha el servei d\u2019<strong>acollida matinal<\/strong> a c\u00e0rrec de l\u2019AFA.<br \/>\n-De 9 a 12,30h. i de 15,00 a 16:30h. \u00e9s l\u2019<strong>horari escolar<\/strong> pels alumnes.<br \/>\n-De 12,30 a 15,00h. \u00e9s l&#8217;espai migdia.\u00a0(opcional)<br \/>\n-De 14 a 15h es poden realitzar <strong>activitats extraescolars:<\/strong>\u00a0multiesports, tennis taula, dansa, teatre, angl\u00e8s, patinatge, ci\u00e8ncia m\u00e0gica, rob\u00f2tica i mecanografia.<\/p>\n<p><img loading=\"lazy\" decoding=\"async\" class=\"aligncenter wp-image-7945 size-large\" src=\"https:\/\/agora.xtec.cat\/ceip-marti-poch\/wp-content\/uploads\/usu1040\/2024\/02\/IMG_8065-1024x761.jpg\" alt=\"\" width=\"1024\" height=\"761\" srcset=\"https:\/\/agora.xtec.cat\/ceip-marti-poch\/wp-content\/uploads\/usu1040\/2024\/02\/IMG_8065-1024x761.jpg 1024w, https:\/\/agora.xtec.cat\/ceip-marti-poch\/wp-content\/uploads\/usu1040\/2024\/02\/IMG_8065-300x223.jpg 300w, https:\/\/agora.xtec.cat\/ceip-marti-poch\/wp-content\/uploads\/usu1040\/2024\/02\/IMG_8065-768x570.jpg 768w, https:\/\/agora.xtec.cat\/ceip-marti-poch\/wp-content\/uploads\/usu1040\/2024\/02\/IMG_8065-200x150.jpg 200w, https:\/\/agora.xtec.cat\/ceip-marti-poch\/wp-content\/uploads\/usu1040\/2024\/02\/IMG_8065.jpg 1170w\" sizes=\"auto, (max-width: 1024px) 100vw, 1024px\" \/><\/p>\n<p>Els <strong>nivells educatius<\/strong> que ofereix s\u00f3n:<\/p>\n<p>-Educaci\u00f3 Infantil: Comunitat de petits I-3, I-4, I-5.<br \/>\n-Educaci\u00f3 Prim\u00e0ria: Comunitat de mitjans (1r, 2n i 3r) Comunitat de grans (4t, 5\u00e8 i 6\u00e8)<\/p>\n<p><img loading=\"lazy\" decoding=\"async\" class=\"aligncenter wp-image-7830 size-large\" src=\"https:\/\/agora.xtec.cat\/ceip-marti-poch\/wp-content\/uploads\/usu1040\/2024\/02\/421848391_17976084251651730_446641445172426021_n-820x1024.jpg\" alt=\"\" width=\"820\" height=\"1024\" srcset=\"https:\/\/agora.xtec.cat\/ceip-marti-poch\/wp-content\/uploads\/usu1040\/2024\/02\/421848391_17976084251651730_446641445172426021_n-820x1024.jpg 820w, https:\/\/agora.xtec.cat\/ceip-marti-poch\/wp-content\/uploads\/usu1040\/2024\/02\/421848391_17976084251651730_446641445172426021_n-240x300.jpg 240w, https:\/\/agora.xtec.cat\/ceip-marti-poch\/wp-content\/uploads\/usu1040\/2024\/02\/421848391_17976084251651730_446641445172426021_n-768x959.jpg 768w, https:\/\/agora.xtec.cat\/ceip-marti-poch\/wp-content\/uploads\/usu1040\/2024\/02\/421848391_17976084251651730_446641445172426021_n.jpg 1080w\" sizes=\"auto, (max-width: 820px) 100vw, 820px\" \/><\/p>\n<p><strong>QU\u00c8 VOLEM ACONSEGUIR?<\/strong><\/p>\n<ul>\n<li style=\"text-align: justify;\">Que l\u2019alumnat sigui el protagonista del seu propi aprenentatge, aprendre a aprendre.<\/li>\n<li style=\"text-align: justify;\">Afavorir el desenvolupament de les capacitats i formar persones amb capacitat de superaci\u00f3.<\/li>\n<li style=\"text-align: justify;\">Potenciar l\u2019autonomia i la iniciativa personal.<\/li>\n<li style=\"text-align: justify;\">Afavorir una actitud responsable davant del compliment dels drets i deures.<\/li>\n<li style=\"text-align: justify;\">Donar a con\u00e8ixer les habilitats socials per saber estar i saber fer.<\/li>\n<li style=\"text-align: justify;\">Formar persones capaces d\u2019identificar, expressar i gestionar les pr\u00f2pies emocions.<\/li>\n<li style=\"text-align: justify;\">Formar persones capaces de respectar les emocions dels altres.<\/li>\n<li style=\"text-align: justify;\">Fomentem una escola repectuosa amb l\u2019entorn natural i que compti amb recursos i sigui, alhora, innovadora i integradora.<\/li>\n<li style=\"text-align: justify;\">Promoure la participaci\u00f3 i implicaci\u00f3 de les fam\u00edlies en el proc\u00e9s educatiu amb la finalitat de col\u00b7laborar en el proc\u00e9s formatiu de l\u2019alumne.<\/li>\n<\/ul>\n<p><img loading=\"lazy\" decoding=\"async\" class=\"aligncenter wp-image-7801 size-full\" src=\"https:\/\/agora.xtec.cat\/ceip-marti-poch\/wp-content\/uploads\/usu1040\/2024\/02\/419216336_17974370357651730_4216406727098692119_n.jpg\" alt=\"\" width=\"768\" height=\"576\" srcset=\"https:\/\/agora.xtec.cat\/ceip-marti-poch\/wp-content\/uploads\/usu1040\/2024\/02\/419216336_17974370357651730_4216406727098692119_n.jpg 768w, https:\/\/agora.xtec.cat\/ceip-marti-poch\/wp-content\/uploads\/usu1040\/2024\/02\/419216336_17974370357651730_4216406727098692119_n-300x225.jpg 300w, https:\/\/agora.xtec.cat\/ceip-marti-poch\/wp-content\/uploads\/usu1040\/2024\/02\/419216336_17974370357651730_4216406727098692119_n-200x150.jpg 200w\" sizes=\"auto, (max-width: 768px) 100vw, 768px\" \/><\/p>\n<p><img loading=\"lazy\" decoding=\"async\" class=\"aligncenter wp-image-7738 size-large\" src=\"https:\/\/agora.xtec.cat\/ceip-marti-poch\/wp-content\/uploads\/usu1040\/2023\/12\/WhatsApp-Image-2023-12-13-at-13.35.44-1024x768.jpeg\" alt=\"\" width=\"1024\" height=\"768\" srcset=\"https:\/\/agora.xtec.cat\/ceip-marti-poch\/wp-content\/uploads\/usu1040\/2023\/12\/WhatsApp-Image-2023-12-13-at-13.35.44-1024x768.jpeg 1024w, https:\/\/agora.xtec.cat\/ceip-marti-poch\/wp-content\/uploads\/usu1040\/2023\/12\/WhatsApp-Image-2023-12-13-at-13.35.44-300x225.jpeg 300w, https:\/\/agora.xtec.cat\/ceip-marti-poch\/wp-content\/uploads\/usu1040\/2023\/12\/WhatsApp-Image-2023-12-13-at-13.35.44-768x576.jpeg 768w, https:\/\/agora.xtec.cat\/ceip-marti-poch\/wp-content\/uploads\/usu1040\/2023\/12\/WhatsApp-Image-2023-12-13-at-13.35.44-200x150.jpeg 200w, https:\/\/agora.xtec.cat\/ceip-marti-poch\/wp-content\/uploads\/usu1040\/2023\/12\/WhatsApp-Image-2023-12-13-at-13.35.44.jpeg 1280w\" sizes=\"auto, (max-width: 1024px) 100vw, 1024px\" \/><\/p>\n<p><img loading=\"lazy\" decoding=\"async\" class=\"aligncenter wp-image-7727 size-large\" src=\"https:\/\/agora.xtec.cat\/ceip-marti-poch\/wp-content\/uploads\/usu1040\/2023\/12\/WhatsApp-Image-2023-12-13-at-13.27.02-1024x768.jpeg\" alt=\"\" width=\"1024\" height=\"768\" srcset=\"https:\/\/agora.xtec.cat\/ceip-marti-poch\/wp-content\/uploads\/usu1040\/2023\/12\/WhatsApp-Image-2023-12-13-at-13.27.02-1024x768.jpeg 1024w, https:\/\/agora.xtec.cat\/ceip-marti-poch\/wp-content\/uploads\/usu1040\/2023\/12\/WhatsApp-Image-2023-12-13-at-13.27.02-300x225.jpeg 300w, https:\/\/agora.xtec.cat\/ceip-marti-poch\/wp-content\/uploads\/usu1040\/2023\/12\/WhatsApp-Image-2023-12-13-at-13.27.02-768x576.jpeg 768w, https:\/\/agora.xtec.cat\/ceip-marti-poch\/wp-content\/uploads\/usu1040\/2023\/12\/WhatsApp-Image-2023-12-13-at-13.27.02-1536x1152.jpeg 1536w, https:\/\/agora.xtec.cat\/ceip-marti-poch\/wp-content\/uploads\/usu1040\/2023\/12\/WhatsApp-Image-2023-12-13-at-13.27.02-200x150.jpeg 200w, https:\/\/agora.xtec.cat\/ceip-marti-poch\/wp-content\/uploads\/usu1040\/2023\/12\/WhatsApp-Image-2023-12-13-at-13.27.02.jpeg 2048w\" sizes=\"auto, (max-width: 1024px) 100vw, 1024px\" \/><\/p>\n<p>&nbsp;<\/p>\n<p style=\"text-align: justify;\">\n","protected":false},"excerpt":{"rendered":"<p>Som una escola p\u00fablica del Departament d\u2019Educaci\u00f3 de la Generalitat de Catalunya, on el vostre fill\/filla pot assistir-hi dels 3 als 12 anys:<br \/>\nL\u2019horari que ofereix l\u2019escola \u00e9s de 9:00h del mat\u00ed a 16:30h de la tarda.<br \/>\n-De 8 a 9h del mat\u00ed hi ha el servei&hellip;  <a href=\"https:\/\/agora.xtec.cat\/ceip-marti-poch\/lescola\/oferta-educativa\/\" title=\"Read Oferta educativa\">Llegeix m\u00e9s\u00bb<\/a><\/p>\n","protected":false},"author":1,"featured_media":0,"parent":22,"menu_order":60,"comment_status":"closed","ping_status":"closed","template":"page-templates\/side-menu.php","meta":{"_bbp_topic_count":0,"_bbp_reply_count":0,"_bbp_total_topic_count":0,"_bbp_total_reply_count":0,"_bbp_voice_count":0,"_bbp_anonymous_reply_count":0,"_bbp_topic_count_hidden":0,"_bbp_reply_count_hidden":0,"_bbp_forum_subforum_count":0,"footnotes":""},"class_list":["post-34","page","type-page","status-publish","hentry"],"post_mailing_queue_ids":[],"_links":{"self":[{"href":"https:\/\/agora.xtec.cat\/ceip-marti-poch\/wp-json\/wp\/v2\/pages\/34","targetHints":{"allow":["GET"]}}],"collection":[{"href":"https:\/\/agora.xtec.cat\/ceip-marti-poch\/wp-json\/wp\/v2\/pages"}],"about":[{"href":"https:\/\/agora.xtec.cat\/ceip-marti-poch\/wp-json\/wp\/v2\/types\/page"}],"author":[{"embeddable":true,"href":"https:\/\/agora.xtec.cat\/ceip-marti-poch\/wp-json\/wp\/v2\/users\/1"}],"replies":[{"embeddable":true,"href":"https:\/\/agora.xtec.cat\/ceip-marti-poch\/wp-json\/wp\/v2\/comments?post=34"}],"version-history":[{"count":6,"href":"https:\/\/agora.xtec.cat\/ceip-marti-poch\/wp-json\/wp\/v2\/pages\/34\/revisions"}],"predecessor-version":[{"id":7948,"href":"https:\/\/agora.xtec.cat\/ceip-marti-poch\/wp-json\/wp\/v2\/pages\/34\/revisions\/7948"}],"up":[{"embeddable":true,"href":"https:\/\/agora.xtec.cat\/ceip-marti-poch\/wp-json\/wp\/v2\/pages\/22"}],"wp:attachment":[{"href":"https:\/\/agora.xtec.cat\/ceip-marti-poch\/wp-json\/wp\/v2\/media?parent=34"}],"curies":[{"name":"wp","href":"https:\/\/api.w.org\/{rel}","templated":true}]}}