{"id":28,"date":"2014-09-18T12:29:35","date_gmt":"2014-09-18T11:29:35","guid":{"rendered":"http:\/\/agora.xtec.cat\/ceip-marti-poch\/?page_id=28"},"modified":"2025-09-09T18:00:42","modified_gmt":"2025-09-09T16:00:42","slug":"consell-escolar","status":"publish","type":"page","link":"https:\/\/agora.xtec.cat\/ceip-marti-poch\/lescola\/consell-escolar\/","title":{"rendered":"Consell escolar"},"content":{"rendered":"<p style=\"text-align: justify;\">El consell escolar \u00e9s l&#8217;\u00f2rgan de participaci\u00f3 dels diferents sectors de la comunitat educativa en el govern dels centres.<\/p>\n<p><strong>Actualment el Consell Escolar est\u00e0 format per:<\/strong><\/p>\n<ul>\n<li>Les representants de <strong>fam\u00edlies<\/strong> s\u00f3n: Gemma Valls Mateu i Siham Lemkellech, Jordi Vidal Ayesa i Cristina Cots Carceller.<\/li>\n<li>Representants per part de les <strong>mestres:<\/strong> actuals que s\u00f3n Anna Maria L\u00f3pez Casanovas, Anna Farr\u00e9 Gin\u00e9, Sandra Sala Serra i Raquel Gaseni de la Torre (Aina Bov\u00e9 Saura) i els tres membres de l\u2019equip directiu: Montse Farr\u00e9 Gin\u00e9 com a directora, Noem\u00ed Puentes Mesas com a Cap d\u2019Estudis i Ferran Asensio Albareda com a secretari.<\/li>\n<li>Seguim amb la representaci\u00f3 per part de <strong>l\u2019Ajuntament d<\/strong>&#8230;&#8230;.., Regidora d\u2019Educaci\u00f3, de la presidenta de l\u2019AFA Carlota Randu\u00e0 Pradas i la representaci\u00f3 per part del personal PAS, M. Teresa Mart\u00ed Esplugas (administrativa)<\/li>\n<\/ul>\n<h4 id=\"FW_bloc_951ef9be-5613-11e4-9770-000c29cdf219_3\" class=\"FW_ancora\">Qui forma el consell escolar?<\/h4>\n<div class=\"FW_sArticleFoto\">\n<div class=\"FW_sEditPro\">\n<p style=\"text-align: justify;\">El formen els representants de tota la comunitat educativa, \u00e9s a dir, direcci\u00f3, professors, fam\u00edlies, personal d&#8217;administraci\u00f3 i serveis, representant de l&#8217;administraci\u00f3 local i altres persones que el mateix consell consideri necess\u00e0ries.<\/p>\n<p style=\"text-align: justify;\">El consell escolar designa un\/a dels membres com a responsable per impulsar les mesures educatives de foment de la igualtat real i efectiva entre homes i dones.<\/p>\n<h4 id=\"FW_bloc_951ef9be-5613-11e4-9770-000c29cdf219_5\" class=\"FW_ancora\">Quina \u00e9s la funci\u00f3 del consell escolar?<\/h4>\n<div class=\"FW_sArticleFoto\">\n<p>Corresponen al consell escolar les funcions seg\u00fcents:<\/p>\n<ul>\n<li style=\"text-align: justify;\">Participar en l&#8217;aprovaci\u00f3 del projecte educatiu i les seves modificacions. El consell escolar ha de ser consultat pel director de manera preceptiva per valorar la proposta del projecte educatiu i manifestar el seu suport amb una majoria de les tres cinquenes parts dels membres.<\/li>\n<li style=\"text-align: justify;\">Participar en l&#8217;aprovaci\u00f3 de la programaci\u00f3 general anual, de les normes de funcionament i de la gesti\u00f3 econ\u00f2mica del centre. El consell escolar ha de ser consultat de manera preceptiva per valorar cada una de les propostes i manifestar el seu suport per majoria simple dels membres.<\/li>\n<li style=\"text-align: justify;\">Avaluar l&#8217;aplicaci\u00f3 del projecte educatiu i de les seves modificacions aix\u00ed com de la resta de documents de gesti\u00f3 del centre.<\/li>\n<li style=\"text-align: justify;\">Aprovar les propostes d&#8217;acords de coresponsabilitat, convenis i altres acords de col\u00b7laboraci\u00f3 del centre amb entitats i institucions.<\/li>\n<li style=\"text-align: justify;\">Intervenir en el procediment d&#8217;admissi\u00f3 d&#8217;alumnes.<\/li>\n<li style=\"text-align: justify;\">Participar en el procediment de selecci\u00f3 i en la proposta de cessament del director o directora.<\/li>\n<li style=\"text-align: justify;\">Intervenir en la resoluci\u00f3 dels conflictes i, si escau, revisar les sancions als alumnes.<\/li>\n<li style=\"text-align: justify;\">Aprovar les directrius per a la programaci\u00f3 d&#8217;activitats escolars complement\u00e0ries i d&#8217;activitats extraescolars, i avaluar-ne el desenvolupament.<\/li>\n<li style=\"text-align: justify;\">Participar en les an\u00e0lisis i les avaluacions del funcionament general del centre i con\u00e8ixer l&#8217;evoluci\u00f3 del rendiment escolar.<\/li>\n<li style=\"text-align: justify;\">Aprovar els criteris de col\u00b7laboraci\u00f3 amb altres centres i amb l&#8217;entorn.<\/li>\n<li style=\"text-align: justify;\">Qualsevol altre que li sigui atribu\u00efda per les normes legals o reglament\u00e0ries.<\/li>\n<\/ul>\n<div class=\"FW_sEditPro\">\n<h4 style=\"text-align: justify;\"><strong>Qui forma part del consell escolar de centre?<\/strong><\/h4>\n<p>Per ra\u00f3 del c\u00e0rrec:<br \/>\n\u2013 El director o la directora del centre, que en tindr\u00e0 la presid\u00e8ncia.<br \/>\n\u2013 El cap d\u2019estudis.<br \/>\n\u2013 El secretari, que tindr\u00e0 la funci\u00f3 de fer l\u2019acta de la reuni\u00f3 del Consell Escolar, amb veu i sense vot.<\/p>\n<p>Com a membres electes:<br \/>\n\u2013 Representants del professorat.<br \/>\n\u2013 Representants dels pares i les mares.<br \/>\n\u2013 Un representant del personal d\u2019administraci\u00f3 i serveis.<\/p>\n<p>Com a membres designats:<br \/>\n\u2013 Un regidor o representant municipal.<br \/>\n\u2013 Un membre de l\u2019AFA.<\/p>\n<h4>Funcionament<\/h4>\n<p style=\"text-align: justify;\">El consell escolar del centre es reuneix preceptivament una vegada al trimestre i sempre que el convoca el director o directora del centre o ho sol\u00b7licita al menys un ter\u00e7 de les seves persones membres. A m\u00e9s, s&#8217;ha de fer una reuni\u00f3 a principi de curs i una altra a la seva finalitzaci\u00f3.<\/p>\n<p style=\"text-align: justify;\">El consell escolar actua normalment en ple. Es poden constituir comissions espec\u00edfiques d\u2019estudi i informaci\u00f3, a les quals, en tot cas, s\u2019hi ha d\u2019incorporar la direcci\u00f3 del centre, o en la seva representaci\u00f3, un altre \u00f2rgan\u00a0unipersonal de direcci\u00f3,\u00a0un mestre i\u00a0 un representant o una representant de les mares i els pares. Els centres de titularitat p\u00fablica, a m\u00e9s, hi ha d&#8217;haver preceptivament\u00a0una\u00a0<strong>comissi\u00f3 econ\u00f2mica<\/strong>\u00a0que supervisa la gesti\u00f3 econ\u00f2mica del centre.<\/p>\n<h4 id=\"FW_bloc_951ef9be-5613-11e4-9770-000c29cdf219_6\" class=\"FW_ancora\">Cada quan es convoquen eleccions?<\/h4>\n<div class=\"FW_sArticleFoto\">\n<div class=\"FW_sEditPro\">\n<p>Els representants del consell escolar s\u00f3n escollits per un per\u00edode de quatre anys, per\u00f2 cada dos anys es convoquen eleccions per renovar la meitat dels seus membres.<\/p>\n<p>Les eleccions per a la renovaci\u00f3 del consell escolar les convoca el director del centre p\u00fablic.<\/p>\n<p style=\"text-align: justify;\">Les <strong>vacants<\/strong> del consell escolar s&#8217;ocupen segons els resultats de les eleccions. Si un membre deixa el consell, passar\u00e0 a ocupar el seu lloc la seg\u00fcent candidatura m\u00e9s votada en les darreres eleccions. Si no hi ha m\u00e9s candidats per cobrir la pla\u00e7a, queda vacant fins a la propera renovaci\u00f3 del consell escolar.<\/p>\n<p style=\"text-align: justify;\">La condici\u00f3 de membre del consell escolar es perd quan es deixa el c\u00e0rrec que comporta ser-ne membre, quan es deixa de complir algun dels requisits per ser elegible o quan l&#8217;\u00f2rgan que l&#8217;ha designat en revoca la designaci\u00f3.<\/p>\n<h4 id=\"FW_bloc_951ef9be-5613-11e4-9770-000c29cdf219_7\" class=\"FW_ancora\">Com podeu participar en les eleccions del consell escolar?<\/h4>\n<div class=\"FW_sArticleFoto\">\n<div class=\"FW_sEditPro\">\n<p>En les eleccions, les fam\u00edlies hi podeu participar de dues maneres diferents:<\/p>\n<ul>\n<li>Presentant-vos com a candidats per representar els pares i mares al consell escolar.<\/li>\n<li>Participant el dia que el centre convoqui les eleccions votant els candidats que considereu m\u00e9s representatius.<\/li>\n<\/ul>\n<h4 id=\"FW_bloc_951ef9be-5613-11e4-9770-000c29cdf219_8\" class=\"FW_ancora\">Per qu\u00e8 \u00e9s important que les fam\u00edlies participeu en el consell escolar?<\/h4>\n<div class=\"FW_sArticleFoto\">\n<div class=\"FW_sEditPro\">\n<p style=\"text-align: justify;\">Els professionals dels centres i les fam\u00edlies compartim un objectiu:<strong>\u00a0l&#8217;\u00e8xit social i personal dels fills<\/strong>. Les decisions que es prenen al consell escolar s\u00f3n claus\u00a0per al funcionament i la millora del centre i, per tant, tamb\u00e9 per a l&#8217;\u00e8xit educatiu de tots els alumnes. \u00c9s per aquest motiu que la participaci\u00f3 i implicaci\u00f3 dels pares i mares en les eleccions al consell escolar \u00e9s tan important.<\/p>\n<p style=\"text-align: justify;\">Quan les fam\u00edlies participeu en les eleccions, doneu suport al vostre candidat i delegueu en la seva veu i representaci\u00f3. Aix\u00ed feu arribar les seves opinions i aportacions. \u00c9s important que participeu en les eleccions al consell escolar perqu\u00e8:<\/p>\n<ul>\n<li style=\"text-align: justify;\">Sou els responsables de la formaci\u00f3 dels vostres fills i \u00e9s important tenir uns bons representants al consell escolar que us informin i facin arribar la vostra veu.<\/li>\n<li style=\"text-align: justify;\">Les fam\u00edlies i els docents compartim un mateix objectiu. Per aix\u00f2 hem de ser capa\u00e7os de decidir, entre tots, a qu\u00e8 ens comprometem per aconseguir-ho.<\/li>\n<li style=\"text-align: justify;\">Les fam\u00edlies teniu el dret de participar de manera democr\u00e0tica en l\u2019organitzaci\u00f3 del centre. Aquesta \u00e9s una manera de valorar l&#8217;escola i tamb\u00e9 contribu\u00efu que el vostre fill la valori.<\/li>\n<li style=\"text-align: justify;\">L&#8217;\u00e8xit educatiu del vostre fill tamb\u00e9 dep\u00e8n del funcionament i el clima de centre. Implicar-vos en el seguiment i l&#8217;avaluaci\u00f3 d&#8217;aquest funcionament incideix en el desenvolupament i creixement personal dels vostres fills.<\/li>\n<li style=\"text-align: justify;\">\u00c9s la manera de fer arribar la vostra veu en temes que us poden preocupar, com activitats extraescolars o quina \u00e9s l&#8217;alimentaci\u00f3 que han de rebre en el menjador escolar.<\/li>\n<li style=\"text-align: justify;\">\u00c9s important tenir una escola oberta a l&#8217;entorn, que col\u00b7labori amb els altres centres i les diferents entitats i que entre tots puguem fer del nostre municipi o poble un entorn m\u00e9s educatiu i cohesionat. El consell escolar decideix quines han de ser aquestes relacions.<\/li>\n<\/ul>\n<h4 id=\"FW_bloc_951ef9be-5613-11e4-9770-000c29cdf219_9\" class=\"FW_ancora\">Qu\u00e8 poden fer les AFA per millorar la participaci\u00f3 de les fam\u00edlies en les eleccions de representants als consells escolars?<\/h4>\n<div class=\"FW_sArticleFoto\">\n<div class=\"FW_sEditPro\">\n<p>Perqu\u00e8 les fam\u00edlies participin en la renovaci\u00f3 dels seus representants al consell escolar cal que les AFA:<\/p>\n<ul>\n<li style=\"text-align: justify;\">informin les fam\u00edlies de les funcions del consell escolar i de com els afecten les decisions que s\u2019hi prenen;<\/li>\n<li style=\"text-align: justify;\">transmetin el valor afegit que suposa que les fam\u00edlies estiguin representades;<\/li>\n<li style=\"text-align: justify;\">difonguin les dates del proc\u00e9s electoral.<\/li>\n<\/ul>\n<h4 id=\"FW_bloc_951ef9be-5613-11e4-9770-000c29cdf219_11\" class=\"FW_ancora\">Qu\u00e8 vol dir ser representant de les fam\u00edlies al consell escolar?<\/h4>\n<div class=\"FW_sArticleFoto\">\n<div class=\"FW_sEditPro\">\n<p style=\"text-align: justify;\">Les fam\u00edlies representants al consell opinen, aproven, avaluen i elaboren propostes per a la millora del funcionament del centre educatiu.<\/p>\n<p style=\"text-align: justify;\">La seva participaci\u00f3 en el consell escolar vol dir, tamb\u00e9, fer una tasca de representaci\u00f3. Aix\u00f2 significa que, com a membres del consell, la seva participaci\u00f3 no \u00e9s a t\u00edtol individual sin\u00f3 en representaci\u00f3 de totes les fam\u00edlies, donant veu a les seves peticions, preocupacions i iniciatives.<\/p>\n<p style=\"text-align: justify;\">Per representar de manera efica\u00e7 totes les fam\u00edlies del centre, s&#8217;han de recollir les seves propostes i opinions i portar-les al consell escolar. D&#8217;altra banda, tamb\u00e9 cal que els representats informin de tots els assumptes que es tracten en el consell escolar.<\/p>\n<h4>Acords del consell escolar<\/h4>\n<ul>\n<li><a href=\"https:\/\/agora.xtec.cat\/ceip-marti-poch\/wp-content\/uploads\/usu1040\/2021\/07\/Liquidaci\u00f3-del-pressupost-2020.pdf\">Liquidaci\u00f3 del pressupost 2020<\/a><\/li>\n<li><a href=\"https:\/\/agora.xtec.cat\/ceip-marti-poch\/wp-content\/uploads\/usu1040\/2021\/07\/Dades-del-pressupost-2020.pdf\">Dades del pressupost 2020<\/a><\/li>\n<li><a href=\"https:\/\/agora.xtec.cat\/ceip-marti-poch\/wp-content\/uploads\/usu1040\/2021\/07\/Dades-del-pressupost-2021.pdf\">Dades del pressupost 2021<\/a><\/li>\n<li><a href=\"https:\/\/agora.xtec.cat\/ceip-marti-poch\/wp-content\/uploads\/usu1040\/2023\/05\/Liquidacio-del-pressupost-2021.pdf\">Liquidaci\u00f3 del pressupost 2021<\/a><\/li>\n<li><a href=\"https:\/\/agora.xtec.cat\/ceip-marti-poch\/wp-content\/uploads\/usu1040\/2021\/07\/Certificat-Consell-2020-2021.pdf\">Certificat Consell Escolar 2020-2021<\/a><\/li>\n<li><a href=\"https:\/\/agora.xtec.cat\/ceip-marti-poch\/wp-content\/uploads\/usu1040\/2021\/10\/Certificat-CE1-21-22.pdf\">Certificat Consell Escolar 1 2021-2022<\/a><\/li>\n<li><a href=\"https:\/\/agora.xtec.cat\/ceip-marti-poch\/wp-content\/uploads\/usu1040\/2021\/12\/Certificat-CE2-21-22.pdf\">Certificat Consell Escolar 2 2021-2022<\/a><\/li>\n<li><a href=\"https:\/\/agora.xtec.cat\/ceip-marti-poch\/wp-content\/uploads\/usu1040\/2021\/12\/Certificat-CE3-21-22.pdf\">Certificat Consell Escolar 3\u00a0 2021-2022<\/a><\/li>\n<li><a href=\"https:\/\/agora.xtec.cat\/ceip-marti-poch\/wp-content\/uploads\/usu1040\/2022\/02\/Certificat-CE4-21-22.pdf\">Certificat Consell Escolar 4 2021-2022<\/a><\/li>\n<li><a href=\"https:\/\/agora.xtec.cat\/ceip-marti-poch\/wp-content\/uploads\/usu1040\/2022\/07\/Certificat-CE5-21-22.pdf\">Certificat Consell Escolar 5 2021-2022<\/a><\/li>\n<li><a href=\"https:\/\/agora.xtec.cat\/ceip-marti-poch\/wp-content\/uploads\/usu1040\/2023\/05\/Certificat-CE1-22-23.pdf\">Certificat Consell Escolar 1 2022-2023<\/a><\/li>\n<li><a href=\"https:\/\/agora.xtec.cat\/ceip-marti-poch\/wp-content\/uploads\/usu1040\/2023\/05\/Liquidacio-del-pressupost.pdf\">Liquidaci\u00f3 del pressupost 2022<\/a><\/li>\n<li><a href=\"https:\/\/agora.xtec.cat\/ceip-marti-poch\/wp-content\/uploads\/usu1040\/2023\/05\/Dades-del-pressupost.pdf\">Dades del pressupost 2023<\/a><\/li>\n<li><a href=\"https:\/\/drive.google.com\/file\/d\/1UsqKl2hlZ_aO-XcpH527xLJM9L2uHyOJ\/view?usp=drive_link\">Certificat Consell Escolar 1 2023-2024<\/a><\/li>\n<\/ul>\n<\/div>\n<\/div>\n<\/div>\n<\/div>\n<\/div>\n<\/div>\n<\/div>\n<\/div>\n<\/div>\n<\/div>\n<\/div>\n<\/div>\n<\/div>\n<\/div>\n","protected":false},"excerpt":{"rendered":"<p>El consell escolar \u00e9s l&#8217;\u00f2rgan de participaci\u00f3 dels diferents sectors de la comunitat educativa en el govern dels centres.<br \/>\nActualment el Consell Escolar est\u00e0 format per:<\/p>\n<ul>\n<li>Les representants de fam\u00edlies s\u00f3n: Gemma Valls Mateu i Siham Lemkellech, Jordi Vidal Ayesa i Cristina Cots Carceller.<\/li>\n<li>Representants per part de&hellip;  <a href=\"https:\/\/agora.xtec.cat\/ceip-marti-poch\/lescola\/consell-escolar\/\" title=\"Read Consell escolar\">Llegeix m\u00e9s\u00bb<\/a><br \/>\n","protected":false},"author":1,"featured_media":0,"parent":22,"menu_order":30,"comment_status":"closed","ping_status":"closed","template":"page-templates\/side-menu.php","meta":{"_bbp_topic_count":0,"_bbp_reply_count":0,"_bbp_total_topic_count":0,"_bbp_total_reply_count":0,"_bbp_voice_count":0,"_bbp_anonymous_reply_count":0,"_bbp_topic_count_hidden":0,"_bbp_reply_count_hidden":0,"_bbp_forum_subforum_count":0,"footnotes":""},"class_list":["post-28","page","type-page","status-publish","hentry"],"post_mailing_queue_ids":[],"_links":{"self":[{"href":"https:\/\/agora.xtec.cat\/ceip-marti-poch\/wp-json\/wp\/v2\/pages\/28","targetHints":{"allow":["GET"]}}],"collection":[{"href":"https:\/\/agora.xtec.cat\/ceip-marti-poch\/wp-json\/wp\/v2\/pages"}],"about":[{"href":"https:\/\/agora.xtec.cat\/ceip-marti-poch\/wp-json\/wp\/v2\/types\/page"}],"author":[{"embeddable":true,"href":"https:\/\/agora.xtec.cat\/ceip-marti-poch\/wp-json\/wp\/v2\/users\/1"}],"replies":[{"embeddable":true,"href":"https:\/\/agora.xtec.cat\/ceip-marti-poch\/wp-json\/wp\/v2\/comments?post=28"}],"version-history":[{"count":6,"href":"https:\/\/agora.xtec.cat\/ceip-marti-poch\/wp-json\/wp\/v2\/pages\/28\/revisions"}],"predecessor-version":[{"id":9014,"href":"https:\/\/agora.xtec.cat\/ceip-marti-poch\/wp-json\/wp\/v2\/pages\/28\/revisions\/9014"}],"up":[{"embeddable":true,"href":"https:\/\/agora.xtec.cat\/ceip-marti-poch\/wp-json\/wp\/v2\/pages\/22"}],"wp:attachment":[{"href":"https:\/\/agora.xtec.cat\/ceip-marti-poch\/wp-json\/wp\/v2\/media?parent=28"}],"curies":[{"name":"wp","href":"https:\/\/api.w.org\/{rel}","templated":true}]}}