{"id":1235,"date":"2018-04-09T12:19:18","date_gmt":"2018-04-09T10:19:18","guid":{"rendered":"http:\/\/agora.xtec.cat\/ceip-marti-poch\/?page_id=1235"},"modified":"2023-10-22T19:17:11","modified_gmt":"2023-10-22T17:17:11","slug":"taller-de-radio-2","status":"publish","type":"page","link":"https:\/\/agora.xtec.cat\/ceip-marti-poch\/taller-de-radio-2\/","title":{"rendered":"Taller de r\u00e0dio"},"content":{"rendered":"<p>Considerem el taller de r\u00e0dio com un espai d\u2019aprenentatge interdisciplinar configurat per grups d\u2019infants d\u2019edats i nivells diferents.<\/p>\n<p style=\"text-align: justify;\">Al llarg del curs escolar cada alumne de prim\u00e0ria haur\u00e0 passat pel <strong>Taller de r\u00e0dio<\/strong> durant dues sessions: una ser\u00e0 de preparaci\u00f3 i la segona ser\u00e0 d\u2019enregistrament d\u2019un programa de r\u00e0dio amb un format de magaz\u00edn. Al taller de r\u00e0dio es potencia la iniciativa dels alumnes, les noves idees, la participaci\u00f3, la bona entesa del grup, l\u2019ajut mutu. Tamb\u00e9 compta poder dur les idees a pr\u00e0ctica, l\u2019emprenedoria, l\u2019argumentaci\u00f3 i la presa de decisions. Naturalment la lectura, l\u2019expressi\u00f3 escrita i oral s\u00f3n elements b\u00e0sics per la configuraci\u00f3 del resultat final.<br \/>\nJa sabeu que podeu trobar i escoltar els programes resultants del taller a seu bloc: <a href=\"http:\/\/empradio.blogspot.com\/\">http:\/\/empradio.blogspot.com\/<\/a><\/p>\n<p style=\"text-align: justify;\">En una altra l\u00ednia radiof\u00f2nica, cada dia tamb\u00e9 podreu escoltar en directe pels voltants de l\u2019escola: <strong>Mart\u00ed Poch, en directe!<\/strong>. \u00c9s el programa que condueixen di\u00e0riament els alumnes de sis\u00e8, per parelles. A m\u00e9s de donar les dades principals del dia, ofereixen alguna not\u00edcia destacada de la jornada.<br \/>\nEn aquest cas la lectura, la preparaci\u00f3 i l\u2019autonomia dels alumnes s\u00f3n els punts forts de l\u2019activitat.<\/p>\n<p style=\"text-align: justify;\"><img loading=\"lazy\" decoding=\"async\" class=\"aligncenter size-medium wp-image-7404\" src=\"https:\/\/agora.xtec.cat\/ceip-marti-poch\/wp-content\/uploads\/usu1040\/2023\/10\/WhatsApp-Image-2023-10-22-at-19.16.22-300x225.jpeg\" alt=\"\" width=\"300\" height=\"225\" srcset=\"https:\/\/agora.xtec.cat\/ceip-marti-poch\/wp-content\/uploads\/usu1040\/2023\/10\/WhatsApp-Image-2023-10-22-at-19.16.22-300x225.jpeg 300w, https:\/\/agora.xtec.cat\/ceip-marti-poch\/wp-content\/uploads\/usu1040\/2023\/10\/WhatsApp-Image-2023-10-22-at-19.16.22-768x576.jpeg 768w, https:\/\/agora.xtec.cat\/ceip-marti-poch\/wp-content\/uploads\/usu1040\/2023\/10\/WhatsApp-Image-2023-10-22-at-19.16.22-200x150.jpeg 200w, https:\/\/agora.xtec.cat\/ceip-marti-poch\/wp-content\/uploads\/usu1040\/2023\/10\/WhatsApp-Image-2023-10-22-at-19.16.22.jpeg 1024w\" sizes=\"auto, (max-width: 300px) 100vw, 300px\" \/><\/p>\n<p><img loading=\"lazy\" decoding=\"async\" class=\"aligncenter size-medium wp-image-7405\" src=\"https:\/\/agora.xtec.cat\/ceip-marti-poch\/wp-content\/uploads\/usu1040\/2023\/10\/WhatsApp-Image-2023-10-22-at-19.16.21-300x225.jpeg\" alt=\"\" width=\"300\" height=\"225\" srcset=\"https:\/\/agora.xtec.cat\/ceip-marti-poch\/wp-content\/uploads\/usu1040\/2023\/10\/WhatsApp-Image-2023-10-22-at-19.16.21-300x225.jpeg 300w, https:\/\/agora.xtec.cat\/ceip-marti-poch\/wp-content\/uploads\/usu1040\/2023\/10\/WhatsApp-Image-2023-10-22-at-19.16.21-768x576.jpeg 768w, https:\/\/agora.xtec.cat\/ceip-marti-poch\/wp-content\/uploads\/usu1040\/2023\/10\/WhatsApp-Image-2023-10-22-at-19.16.21-200x150.jpeg 200w, https:\/\/agora.xtec.cat\/ceip-marti-poch\/wp-content\/uploads\/usu1040\/2023\/10\/WhatsApp-Image-2023-10-22-at-19.16.21.jpeg 1024w\" sizes=\"auto, (max-width: 300px) 100vw, 300px\" \/><\/p>\n","protected":false},"excerpt":{"rendered":"<p>Considerem el taller de r\u00e0dio com un espai d\u2019aprenentatge interdisciplinar configurat per grups d\u2019infants d\u2019edats i nivells diferents.<br \/>\nAl llarg del curs escolar cada alumne de prim\u00e0ria haur\u00e0 passat pel Taller de r\u00e0dio durant dues sessions: una ser\u00e0 de preparaci\u00f3 i la segona ser\u00e0 d\u2019enregistrament d\u2019un&hellip;  <a href=\"https:\/\/agora.xtec.cat\/ceip-marti-poch\/taller-de-radio-2\/\" title=\"Read Taller de r\u00e0dio\">Llegeix m\u00e9s\u00bb<\/a><\/p>\n","protected":false},"author":1,"featured_media":0,"parent":0,"menu_order":0,"comment_status":"closed","ping_status":"closed","template":"","meta":{"_bbp_topic_count":0,"_bbp_reply_count":0,"_bbp_total_topic_count":0,"_bbp_total_reply_count":0,"_bbp_voice_count":0,"_bbp_anonymous_reply_count":0,"_bbp_topic_count_hidden":0,"_bbp_reply_count_hidden":0,"_bbp_forum_subforum_count":0,"footnotes":""},"class_list":["post-1235","page","type-page","status-publish","hentry"],"post_mailing_queue_ids":[],"_links":{"self":[{"href":"https:\/\/agora.xtec.cat\/ceip-marti-poch\/wp-json\/wp\/v2\/pages\/1235","targetHints":{"allow":["GET"]}}],"collection":[{"href":"https:\/\/agora.xtec.cat\/ceip-marti-poch\/wp-json\/wp\/v2\/pages"}],"about":[{"href":"https:\/\/agora.xtec.cat\/ceip-marti-poch\/wp-json\/wp\/v2\/types\/page"}],"author":[{"embeddable":true,"href":"https:\/\/agora.xtec.cat\/ceip-marti-poch\/wp-json\/wp\/v2\/users\/1"}],"replies":[{"embeddable":true,"href":"https:\/\/agora.xtec.cat\/ceip-marti-poch\/wp-json\/wp\/v2\/comments?post=1235"}],"version-history":[{"count":4,"href":"https:\/\/agora.xtec.cat\/ceip-marti-poch\/wp-json\/wp\/v2\/pages\/1235\/revisions"}],"predecessor-version":[{"id":7406,"href":"https:\/\/agora.xtec.cat\/ceip-marti-poch\/wp-json\/wp\/v2\/pages\/1235\/revisions\/7406"}],"wp:attachment":[{"href":"https:\/\/agora.xtec.cat\/ceip-marti-poch\/wp-json\/wp\/v2\/media?parent=1235"}],"curies":[{"name":"wp","href":"https:\/\/api.w.org\/{rel}","templated":true}]}}