{"id":1229,"date":"2018-04-09T10:53:29","date_gmt":"2018-04-09T08:53:29","guid":{"rendered":"http:\/\/agora.xtec.cat\/ceip-marti-poch\/?page_id=1229"},"modified":"2026-01-15T22:21:56","modified_gmt":"2026-01-15T21:21:56","slug":"equip-huma","status":"publish","type":"page","link":"https:\/\/agora.xtec.cat\/ceip-marti-poch\/equip-huma\/","title":{"rendered":"Equip hum\u00e0"},"content":{"rendered":"<p><b>EQUIP DIRECTIU:<\/b><\/p>\n<p><span style=\"font-weight: 400;\">Directora: Montse Farr\u00e9 Gin\u00e9<\/span><\/p>\n<p><span style=\"font-weight: 400;\">Cap d\u2019Estudis: Noem\u00ed Puentes Mesas<\/span><\/p>\n<p><span style=\"font-weight: 400;\">Secretari: Ferran Asensio Albareda<\/span><\/p>\n<p>&nbsp;<\/p>\n<p><b>MESTRES COMUNITAT DE PETITS:<\/b><\/p>\n<p><span style=\"font-weight: 400;\">Infantil 3 anys i mestra coordinadora: N\u00faria March Farr\u00e9\u00a0<\/span><\/p>\n<p><span style=\"font-weight: 400;\">Infantil 4 anys: Anna Maria L\u00f3pez Casanovas<\/span><\/p>\n<p><span style=\"font-weight: 400;\">Infantil 5 anys: Maria Feliu Corbacho<\/span><\/p>\n<p><span style=\"font-weight: 400;\">Suport: Montse Farr\u00e9 Gin\u00e9, Ferran Asensio Albareda, Carla Manero Amor\u00f3s, Aina Bov\u00e9 Saura, Marta Amig\u00f3 Vilalta.\u00a0<\/span><\/p>\n<p>&nbsp;<\/p>\n<p><b>MESTRES D\u2019EDUCACI\u00d3 B\u00c0SICA \u00b7 COMUNITAT DE MITJANS<\/b><\/p>\n<p><span style=\"font-weight: 400;\">Primer i mestra coordinadora: Anna Farr\u00e9 Gin\u00e9 \/ Albert Pi\u00f1ol Sol\u00e9<\/span><\/p>\n<p><span style=\"font-weight: 400;\">Segon: Noem\u00ed Puentes Mesas<\/span><\/p>\n<p><span style=\"font-weight: 400;\">Tercer: N\u00faria Serra Par\u00e9s<\/span><\/p>\n<p>&nbsp;<\/p>\n<p><b>MESTRES D\u2019EDUCACI\u00d3 B\u00c0SICA \u00b7 COMUNITAT DE GRANS<\/b><\/p>\n<p><span style=\"font-weight: 400;\">Quart: Raquel Gaseni de la Torre \/ Aleix Erra Valencia<\/span><\/p>\n<p><span style=\"font-weight: 400;\">Cinqu\u00e8: Ester Angl\u00e8s Iglesias<\/span><\/p>\n<p><span style=\"font-weight: 400;\">Sis\u00e8: Judit Rosell\u00f3 Morgades<\/span><\/p>\n<p>Mestra coordinadora: Maria Hern\u00e1ndez Duart<\/p>\n<p>&nbsp;<\/p>\n<p><b>MESTRES ESPECIALISTES<\/b><\/p>\n<p><span style=\"font-weight: 400;\">Educaci\u00f3 musical: \u00a0Aina Bov\u00e9 Saura i Carla Manero Amor\u00f3s<\/span><\/p>\n<p><span style=\"font-weight: 400;\">Educaci\u00f3 f\u00edsica i psicomotricitat: \u00a0Ferran Asensio Albareda, Anna Farr\u00e9 Gin\u00e9 i Montse Farr\u00e9 Gin\u00e9<\/span><\/p>\n<p><span style=\"font-weight: 400;\">Especialista d\u2019angl\u00e8s: Sandra Sala Serra\u00a0<\/span><\/p>\n<p><span style=\"font-weight: 400;\">Mestra de religi\u00f3: Merc\u00e8 Palau Berengu\u00e9<\/span><\/p>\n<p><span style=\"font-weight: 400;\">Pedagogia terap\u00e8utica: Merc\u00e8 Corominas Vidal<\/span><\/p>\n<p>Mestra de suport a prim\u00e0ria: Maria Hern\u00e1ndez Duart<\/p>\n<p>&nbsp;<\/p>\n<p><span style=\"font-weight: 400;\"><strong>COORDINACIONS:<\/strong><\/span><\/p>\n<p>Coordinador de la Biblioteca JV: Merc\u00e8 Palau Berenguel<\/p>\n<p>Coordinaci\u00f3 Escoles Verdes: Judit Rosell\u00f3 Morgades<\/p>\n<p>Coordinaci\u00f3 Pla Catal\u00e0 de l&#8217;Esport: Ferran Asensio Albareda<\/p>\n<p>Coordinaci\u00f3 coeducaci\u00f3 i benestar: Anna Farr\u00e9 Gin\u00e9<\/p>\n<p>Coordinaci\u00f3 digital: Aleix Erra Valencia<\/p>\n<p>Coordinaci\u00f3 Riscos Laborals: Merc\u00e8 Corominas Vidal<\/p>\n<p>Coordinaci\u00f3 LIC: Sandra Sala Serra<\/p>\n<p>Coordinaci\u00f3 r\u00e0dio: Aina Bov\u00e9 Saura i Carla Manero Amor\u00f3s<\/p>\n<p>Coordinaci\u00f3 de festes:\u00a0 Aina Bov\u00e9 Saura i Carla Manero Amor\u00f3s<\/p>\n<p>Coordinaci\u00f3 escacs: Marta Amig\u00f3 Vilata<\/p>\n<p>Coordinaci\u00f3 Escola &#8211; AFA: Equip directiu<\/p>\n<p>&nbsp;<\/p>\n<p><span style=\"font-weight: 400;\"><strong>ALTRE PERSONAL:<\/strong><\/span><\/p>\n<p><span style=\"font-weight: 400;\">Vetlladora: Cristina Palau Cots<\/span><\/p>\n<p><span style=\"font-weight: 400;\">Psicopedagoga: Noem\u00ed Or\u00f3<\/span><\/p>\n<p><span style=\"font-weight: 400;\">Treballadora social: Ester Escorial<\/span><\/p>\n<p>Fisioterapeuta: Carol Bergel<\/p>\n<p><span style=\"font-weight: 400;\">Logopeda: David Tovar<\/span><\/p>\n<p><span style=\"font-weight: 400;\">Administrativa: M Teresa Mart\u00ed Esplugas<\/span><\/p>\n<p><span style=\"font-weight: 400;\">Mestres volunt\u00e0ries: Elvira Farr\u00e9, Goretti Puig, Merc\u00e8 Badia, Gl\u00f2ria Canosa i Fina Minguell.\u00a0<\/span><\/p>\n<p><span style=\"font-weight: 400;\">Auxiliar administrativa: Meritxell Lorca Requena<\/span><\/p>\n<p>&nbsp;<\/p>\n<p><span style=\"font-weight: 400;\"><strong>ESPAI MIGDIA<\/strong><\/span><\/p>\n<p>Acollida matinal: Rosa Castro<\/p>\n<p>Monitoratge de menjador:<\/p>\n<ul>\n<li>Adela Pardo i Pili Mart\u00ednez: Comunitat de petits<\/li>\n<li>Cristina Palau: Comunitat de mitjans<\/li>\n<li><span style=\"font-family: inherit; font-size: 1em;\">Rosa Castro i J\u00falia Alcalde : Comunitat de grans<\/span><\/li>\n<\/ul>\n<p>Monitora coordinadora: Cristina Palau<\/p>\n<p>Mail de contacte: espaimigdia@escolamartipoch.cat<\/p>\n<p><img loading=\"lazy\" decoding=\"async\" class=\"aligncenter size-medium wp-image-7360\" src=\"https:\/\/agora.xtec.cat\/ceip-marti-poch\/wp-content\/uploads\/usu1040\/2023\/10\/394394561_17962181012651730_7036472964874408021_n-300x226.jpg\" alt=\"\" width=\"300\" height=\"226\" srcset=\"https:\/\/agora.xtec.cat\/ceip-marti-poch\/wp-content\/uploads\/usu1040\/2023\/10\/394394561_17962181012651730_7036472964874408021_n-300x226.jpg 300w, https:\/\/agora.xtec.cat\/ceip-marti-poch\/wp-content\/uploads\/usu1040\/2023\/10\/394394561_17962181012651730_7036472964874408021_n-1024x770.jpg 1024w, https:\/\/agora.xtec.cat\/ceip-marti-poch\/wp-content\/uploads\/usu1040\/2023\/10\/394394561_17962181012651730_7036472964874408021_n-768x577.jpg 768w, https:\/\/agora.xtec.cat\/ceip-marti-poch\/wp-content\/uploads\/usu1040\/2023\/10\/394394561_17962181012651730_7036472964874408021_n-200x150.jpg 200w, https:\/\/agora.xtec.cat\/ceip-marti-poch\/wp-content\/uploads\/usu1040\/2023\/10\/394394561_17962181012651730_7036472964874408021_n.jpg 1080w\" sizes=\"auto, (max-width: 300px) 100vw, 300px\" \/><\/p>\n<p>&nbsp;<\/p>\n<p>&nbsp;<\/p>\n<p>&nbsp;<\/p>\n<p>&nbsp;<\/p>\n<p>&nbsp;<\/p>\n<p><img loading=\"lazy\" decoding=\"async\" class=\"aligncenter size-medium wp-image-6290\" src=\"https:\/\/agora.xtec.cat\/ceip-marti-poch\/wp-content\/uploads\/usu1040\/2022\/07\/image30-291x300.png\" alt=\"\" width=\"291\" height=\"300\" srcset=\"https:\/\/agora.xtec.cat\/ceip-marti-poch\/wp-content\/uploads\/usu1040\/2022\/07\/image30-291x300.png 291w, https:\/\/agora.xtec.cat\/ceip-marti-poch\/wp-content\/uploads\/usu1040\/2022\/07\/image30.png 500w\" sizes=\"auto, (max-width: 291px) 100vw, 291px\" \/><\/p>\n","protected":false},"excerpt":{"rendered":"<p>EQUIP DIRECTIU:<br \/>\nDirectora: Montse Farr\u00e9 Gin\u00e9<br \/>\nCap d\u2019Estudis: Noem\u00ed Puentes Mesas<br \/>\nSecretari: Ferran Asensio Albareda<br \/>\n&nbsp;<br \/>\nMESTRES COMUNITAT DE PETITS:<br \/>\nInfantil 3 anys i mestra coordinadora: N\u00faria March Farr\u00e9\u00a0<br \/>\nInfantil 4 anys: Anna Maria L\u00f3pez Casanovas<br \/>\nInfantil 5 anys: Maria Feliu Corbacho<br \/>\nSuport: Montse Farr\u00e9 Gin\u00e9, Ferran Asensio Albareda, Carla Manero Amor\u00f3s, Aina Bov\u00e9&hellip;  <a href=\"https:\/\/agora.xtec.cat\/ceip-marti-poch\/equip-huma\/\" title=\"Read Equip hum\u00e0\">Llegeix m\u00e9s\u00bb<\/a><\/p>\n","protected":false},"author":1,"featured_media":0,"parent":0,"menu_order":0,"comment_status":"closed","ping_status":"closed","template":"","meta":{"_bbp_topic_count":0,"_bbp_reply_count":0,"_bbp_total_topic_count":0,"_bbp_total_reply_count":0,"_bbp_voice_count":0,"_bbp_anonymous_reply_count":0,"_bbp_topic_count_hidden":0,"_bbp_reply_count_hidden":0,"_bbp_forum_subforum_count":0,"footnotes":""},"class_list":["post-1229","page","type-page","status-publish","hentry"],"post_mailing_queue_ids":[],"_links":{"self":[{"href":"https:\/\/agora.xtec.cat\/ceip-marti-poch\/wp-json\/wp\/v2\/pages\/1229","targetHints":{"allow":["GET"]}}],"collection":[{"href":"https:\/\/agora.xtec.cat\/ceip-marti-poch\/wp-json\/wp\/v2\/pages"}],"about":[{"href":"https:\/\/agora.xtec.cat\/ceip-marti-poch\/wp-json\/wp\/v2\/types\/page"}],"author":[{"embeddable":true,"href":"https:\/\/agora.xtec.cat\/ceip-marti-poch\/wp-json\/wp\/v2\/users\/1"}],"replies":[{"embeddable":true,"href":"https:\/\/agora.xtec.cat\/ceip-marti-poch\/wp-json\/wp\/v2\/comments?post=1229"}],"version-history":[{"count":7,"href":"https:\/\/agora.xtec.cat\/ceip-marti-poch\/wp-json\/wp\/v2\/pages\/1229\/revisions"}],"predecessor-version":[{"id":9087,"href":"https:\/\/agora.xtec.cat\/ceip-marti-poch\/wp-json\/wp\/v2\/pages\/1229\/revisions\/9087"}],"wp:attachment":[{"href":"https:\/\/agora.xtec.cat\/ceip-marti-poch\/wp-json\/wp\/v2\/media?parent=1229"}],"curies":[{"name":"wp","href":"https:\/\/api.w.org\/{rel}","templated":true}]}}