{"id":1104,"date":"2018-03-21T08:59:08","date_gmt":"2018-03-21T07:59:08","guid":{"rendered":"http:\/\/agora.xtec.cat\/ceip-marti-poch\/?page_id=1104"},"modified":"2018-04-08T20:55:20","modified_gmt":"2018-04-08T18:55:20","slug":"eap","status":"publish","type":"page","link":"https:\/\/agora.xtec.cat\/ceip-marti-poch\/eap\/","title":{"rendered":"EAP"},"content":{"rendered":"<p>Els equips d\u2019assessorament i orientaci\u00f3 psicopedag\u00f2gica (EAP) s\u00f3n un servei de suport i assessorament psicopedag\u00f2gic i social als centres educatius i a la comunitat educativa. Desenvolupen les seves actuacions en els centres educatius i en el seu entorn amb estreta col\u00b7laboraci\u00f3 amb els altres serveis i professionals del sector.<\/p>\n<h2>Destinataris<\/h2>\n<p>Els destinataris s\u00f3n els centres educatius, els equips directius, el professorat i altres professionals implicats en l\u2019atenci\u00f3 a l\u2019alumnat amb dificultats o amb necessitats educatives especials, l\u2019alumnat i les seves fam\u00edlies.<\/p>\n<h2>Objectius<\/h2>\n<ul>\n<li>Identificar i avaluar les necessitats educatives especials de l&#8217;alumnat i fer la proposta d\u2019escolaritzaci\u00f3, en col\u00b7laboraci\u00f3 amb els serveis educatius espec\u00edfics quan s\u2019escaigui.<\/li>\n<li>Assessorar el professorat i les fam\u00edlies en la resposta educativa a l\u2019alumnat amb necessitats educatives especials, en col\u00b7laboraci\u00f3 amb els docents especialitzats i els serveis educatius espec\u00edfics.<\/li>\n<li>Assessorar els equips docents, l\u2019alumnat i les fam\u00edlies sobre aspectes d\u2019orientaci\u00f3 personal, educativa i professional.<\/li>\n<li>Donar suport als centres educatius en la millora de l\u2019atenci\u00f3 a la diversitat i la inclusi\u00f3.<\/li>\n<li>Col\u00b7laborar conjuntament amb els altres equips del servei educatiu de zona i els espec\u00edfics per tal de promoure activitats d\u2019intercanvi i de formaci\u00f3 del professorat.<\/li>\n<li>Col\u00b7laborar amb els serveis socials i sanitaris de l\u2019\u00e0mbit territorial d\u2019actuaci\u00f3, per tal d\u2019oferir una atenci\u00f3 coordinada als alumnes i fam\u00edlies que ho necessitin.<\/li>\n<li>Col.laborat a les<strong> comissions socials dels centres educatius<\/strong>\u00a0que tenen per objectiu general reduir i\/o prevenir els possibles factors de risc en els infants i els adolescents escolaritzats, mitjan\u00e7ant el treball conjunt dels diferents serveis que incideixen tant en els menors com en les seves fam\u00edlies, per garantir llur desenvolupament integral.<\/li>\n<\/ul>\n<div class=\"\">\n<div class=\"\"><\/div>\n<div class=\"\">\n<div class=\"content centres\">\n<p>&nbsp;<\/p>\n<\/div>\n<\/div>\n<\/div>\n<p>&nbsp;<\/p>\n","protected":false},"excerpt":{"rendered":"<p>Els equips d\u2019assessorament i orientaci\u00f3 psicopedag\u00f2gica (EAP) s\u00f3n un servei de suport i assessorament psicopedag\u00f2gic i social als centres educatius i a la comunitat educativa. Desenvolupen les seves actuacions en els centres educatius i en el seu entorn amb estreta col\u00b7laboraci\u00f3 amb els altres serveis&hellip;  <a href=\"https:\/\/agora.xtec.cat\/ceip-marti-poch\/eap\/\" title=\"Read EAP\">Llegeix m\u00e9s\u00bb<\/a><\/p>\n","protected":false},"author":1,"featured_media":0,"parent":0,"menu_order":0,"comment_status":"closed","ping_status":"closed","template":"","meta":{"_bbp_topic_count":0,"_bbp_reply_count":0,"_bbp_total_topic_count":0,"_bbp_total_reply_count":0,"_bbp_voice_count":0,"_bbp_anonymous_reply_count":0,"_bbp_topic_count_hidden":0,"_bbp_reply_count_hidden":0,"_bbp_forum_subforum_count":0,"footnotes":""},"class_list":["post-1104","page","type-page","status-publish","hentry"],"post_mailing_queue_ids":[],"_links":{"self":[{"href":"https:\/\/agora.xtec.cat\/ceip-marti-poch\/wp-json\/wp\/v2\/pages\/1104","targetHints":{"allow":["GET"]}}],"collection":[{"href":"https:\/\/agora.xtec.cat\/ceip-marti-poch\/wp-json\/wp\/v2\/pages"}],"about":[{"href":"https:\/\/agora.xtec.cat\/ceip-marti-poch\/wp-json\/wp\/v2\/types\/page"}],"author":[{"embeddable":true,"href":"https:\/\/agora.xtec.cat\/ceip-marti-poch\/wp-json\/wp\/v2\/users\/1"}],"replies":[{"embeddable":true,"href":"https:\/\/agora.xtec.cat\/ceip-marti-poch\/wp-json\/wp\/v2\/comments?post=1104"}],"version-history":[{"count":3,"href":"https:\/\/agora.xtec.cat\/ceip-marti-poch\/wp-json\/wp\/v2\/pages\/1104\/revisions"}],"predecessor-version":[{"id":1172,"href":"https:\/\/agora.xtec.cat\/ceip-marti-poch\/wp-json\/wp\/v2\/pages\/1104\/revisions\/1172"}],"wp:attachment":[{"href":"https:\/\/agora.xtec.cat\/ceip-marti-poch\/wp-json\/wp\/v2\/media?parent=1104"}],"curies":[{"name":"wp","href":"https:\/\/api.w.org\/{rel}","templated":true}]}}