{"id":1101,"date":"2018-03-21T08:59:08","date_gmt":"2018-03-21T07:59:08","guid":{"rendered":"http:\/\/agora.xtec.cat\/ceip-marti-poch\/?page_id=1101"},"modified":"2025-09-09T18:47:33","modified_gmt":"2025-09-09T16:47:33","slug":"pla-educatiu-dentorn","status":"publish","type":"page","link":"https:\/\/agora.xtec.cat\/ceip-marti-poch\/programes-i-projectes\/pla-educatiu-dentorn\/","title":{"rendered":"Pla Educatiu d&#8217;Entorn"},"content":{"rendered":"<p style=\"text-align: justify;\">Els Plans educatius d\u2019entorn s\u00f3n una proposta educativa innovadora que vol donar resposta a les m\u00faltiples necessitats de la nostra societat. Aquest\u00a0instrument\u00a0vol donar una resposta integrada i comunit\u00e0ria a les necessitats educatives que hi ha a l&#8217;Espluga de Francol\u00ed, coordinant i dinamitzant l\u2019acci\u00f3 educativa en els diferents \u00e0mbits de la vida dels infants i joves.<\/p>\n<p style=\"text-align: justify;\">Un Pla Educatiu d&#8217;Entorn planteja una nova manera d&#8217;entendre la nostra realitat quotidiana. Perqu\u00e8\u00a0convida\u00a0a entendre el m\u00f3n d&#8217;una manera on tothom hi cap. Un projecte com aquest ens permet avan\u00e7ar vers una societat diversa i multicultural on\u00a0parlar d&#8217;igualtat d&#8217;oportunitats sigui un fet i no un somni. Perqu\u00e8 tal com diu\u00a0el pensador\u00a0Amartya Kumar Sean tothom\u00a0ha de tenir el dret\u00a0\u00a0a escollir una vida digna. Per aix\u00f2,\u00a0s\u00f3n tan necessaris projectes com els Plans Educatius d&#8217;Entorn\u00a0que\u00a0tracten d&#8217;aconseguir l&#8217;equitat, la cohesi\u00f3 i la inclusi\u00f3\u00a0social de tots els nens, nenes, nois i noies que viuen en un municipi.\u00a0Per\u00f2, tots aquests objectius\u00a0seran possibles s&#8217;hi avancem cap a models educatius integradors . \u00c9s per tot aix\u00f2 que l&#8217;Espluga de Francol\u00ed\u00a0compta\u00a0des de l&#8217;any 2006 amb un PEE al municipi.<strong><br \/>\n<\/strong><\/p>\n<p style=\"text-align: justify;\"><img loading=\"lazy\" decoding=\"async\" class=\"aligncenter size-large\" src=\"http:\/\/www.l-h.cat\/utils\/obreFitxer.ashx?Fw9EVw48XS7DQnrbqazCGqijvqxigbqazCWD2tBb1v9bC7Qhiw5g6f3UWjatBrWo09vADM\" width=\"700\" height=\"428\" \/><\/p>\n<p>L\u2019educaci\u00f3 de ciutadans i ciutadanes per a un m\u00f3n complex i divers hauria de ser:<\/p>\n<ul>\n<li>Integral: per abastar tots els aspectes de la persona. No solament ha d\u2019instruir i ensinistrar en unes habilitats intel\u00b7lectuals determinades sin\u00f3 que ha de facilitar tamb\u00e9 compet\u00e8ncies socials i proporcionar capacitats per adaptar-se i conviure en una societat canviant.<\/li>\n<li>Cont\u00ednua: per comprendre tot l\u2019espai-temps vital. El temps de formaci\u00f3 ja no es pot entendre avui parcel\u00b7lat, unes hores al dia (escola) i una \u00e8poca de la vida (inf\u00e0ncia i joventut), ha d\u2019abastar tota la vida.<\/li>\n<li>Arrelada: per tenir uns referents compartits. La incertesa que caracteritza els nostres temps fa que esdevinguin indispensables uns referents identitaris compartits que vinculin les persones a projectes de futur i que donin un sentit al treball i a la conviv\u00e8ncia.<\/li>\n<li>Cohesionadora: per promoure la integraci\u00f3 social. L\u2019arribada de nous ciutadans i ciutadanes al nostre pa\u00eds planteja nous reptes que requereixen una s\u00e8rie d\u2019accions innovadores per promoure la cohesi\u00f3 social mitjan\u00e7ant l\u2019educaci\u00f3 intercultural i l\u2019\u00fas normalitzat de la llengua catalana en un marc multiling\u00fce.<\/li>\n<li>Inclusiva: per incloure a tothom. I per fer-ho possible ha de garantir la igualtat d\u2019oportunitats i evitar qualsevol tipus de marginaci\u00f3 i exclusi\u00f3.<\/li>\n<li>En xarxa: per ser-ne tots coresponsables. \u00c9s necessari teixir entre tots una xarxa educativa molt ben cohesionada i aix\u00f2 requereix un treball ben articulat, coordinat i coherent de tots els organismes que treballen en l\u2019atenci\u00f3 i l\u2019educaci\u00f3 dels membres m\u00e9s joves de la societat catalana.<\/li>\n<\/ul>\n","protected":false},"excerpt":{"rendered":"<p>Els Plans educatius d\u2019entorn s\u00f3n una proposta educativa innovadora que vol donar resposta a les m\u00faltiples necessitats de la nostra societat. Aquest\u00a0instrument\u00a0vol donar una resposta integrada i comunit\u00e0ria a les necessitats educatives que hi ha a l&#8217;Espluga de Francol\u00ed, coordinant i dinamitzant l\u2019acci\u00f3 educativa en&hellip;  <a href=\"https:\/\/agora.xtec.cat\/ceip-marti-poch\/programes-i-projectes\/pla-educatiu-dentorn\/\" title=\"Read Pla Educatiu d&#8217;Entorn\">Llegeix m\u00e9s\u00bb<\/a><\/p>\n","protected":false},"author":1,"featured_media":0,"parent":7402,"menu_order":0,"comment_status":"closed","ping_status":"closed","template":"","meta":{"_bbp_topic_count":0,"_bbp_reply_count":0,"_bbp_total_topic_count":0,"_bbp_total_reply_count":0,"_bbp_voice_count":0,"_bbp_anonymous_reply_count":0,"_bbp_topic_count_hidden":0,"_bbp_reply_count_hidden":0,"_bbp_forum_subforum_count":0,"footnotes":""},"class_list":["post-1101","page","type-page","status-publish","hentry"],"post_mailing_queue_ids":[],"_links":{"self":[{"href":"https:\/\/agora.xtec.cat\/ceip-marti-poch\/wp-json\/wp\/v2\/pages\/1101","targetHints":{"allow":["GET"]}}],"collection":[{"href":"https:\/\/agora.xtec.cat\/ceip-marti-poch\/wp-json\/wp\/v2\/pages"}],"about":[{"href":"https:\/\/agora.xtec.cat\/ceip-marti-poch\/wp-json\/wp\/v2\/types\/page"}],"author":[{"embeddable":true,"href":"https:\/\/agora.xtec.cat\/ceip-marti-poch\/wp-json\/wp\/v2\/users\/1"}],"replies":[{"embeddable":true,"href":"https:\/\/agora.xtec.cat\/ceip-marti-poch\/wp-json\/wp\/v2\/comments?post=1101"}],"version-history":[{"count":2,"href":"https:\/\/agora.xtec.cat\/ceip-marti-poch\/wp-json\/wp\/v2\/pages\/1101\/revisions"}],"predecessor-version":[{"id":1173,"href":"https:\/\/agora.xtec.cat\/ceip-marti-poch\/wp-json\/wp\/v2\/pages\/1101\/revisions\/1173"}],"up":[{"embeddable":true,"href":"https:\/\/agora.xtec.cat\/ceip-marti-poch\/wp-json\/wp\/v2\/pages\/7402"}],"wp:attachment":[{"href":"https:\/\/agora.xtec.cat\/ceip-marti-poch\/wp-json\/wp\/v2\/media?parent=1101"}],"curies":[{"name":"wp","href":"https:\/\/api.w.org\/{rel}","templated":true}]}}