{"id":73,"date":"2014-09-18T14:01:51","date_gmt":"2014-09-18T13:01:51","guid":{"rendered":"http:\/\/agora.xtec.cat\/ceip-mariustorres\/?page_id=73"},"modified":"2026-04-09T15:20:00","modified_gmt":"2026-04-09T13:20:00","slug":"menjador-escolar","status":"publish","type":"page","link":"https:\/\/agora.xtec.cat\/ceip-mariustorres\/menjador\/menjador-escolar\/","title":{"rendered":"Menjador escolar"},"content":{"rendered":"<p>El servei de menjador de l&#8217;escola \u00e9s proporcionat per la <a href=\"https:\/\/cuinajusta.com\/\" target=\"_blank\" rel=\"noopener\">Fundaci\u00f3 Cuina Justa<\/a>. La Fundaci\u00f3 Cassi\u00e0 Just-Cuina Justa va n\u00e8ixer el 1995 amb la vocaci\u00f3 d&#8217;inserir persones especialment fr\u00e0gils (salut mental i d&#8217;altres col\u00b7lectius amb risc d&#8217;exclusi\u00f3 social) a l&#8217;entorn laboral alhora que oferir un menjar d&#8217;alta qualitat.<\/p>\n<p>Des del web de la nostra escola publicarem els men\u00fas de cada mes per a que les fam\u00edlies puguin consultar qu\u00e8 \u00e9s el que mengen els seus fills cada dia al menjador. A m\u00e9s a m\u00e9s, podeu descarregar i consultar el dossier de Cuina Justa, on expliquen la seva filosofia com a empresa, el seu funcionament i el reconeixement que ha rebut de diferents associacions i institucions.<\/p>\n<p>Per a m\u00e9s informaci\u00f3 sobre els preus, beques a altres consideracions, no dubteu a posar-se en contacte amb l&#8217;<strong>Araceli<\/strong>\u00a0que us atendr\u00e0 a la consergeria del nostre centre e<strong>n horari de 08.30 h a 10.30 h de dilluns a divendres.\u00a0<\/strong><\/p>\n<h4>\u00a0<\/h4>\n<h4>\u00a0 \u00a0 \u00a0 \u00a0 \u00a0 \u00a0 \u00a0 \u00a0 \u00a0 \u00a0 \u00a0 \u00a0 \u00a0 \u00a0 \u00a0 \u00a0 \u00a0 \u00a0 \u00a0 \u00a0 \u00a0 \u00a0 \u00a0 \u00a0 \u00a0 \u00a0 \u00a0 \u00a0 \u00a0 MEN\u00da D&#8217;ABRIL<\/h4>\n\n\n<figure class=\"wp-block-image size-large\"><a href=\"https:\/\/agora.xtec.cat\/ceip-mariustorres\/wp-content\/uploads\/usu915\/2026\/04\/Men\u251c\u2551-Basal-MARIUS-ABRIL-im\u251cigenes-0-scaled.jpg\"><img loading=\"lazy\" decoding=\"async\" width=\"1024\" height=\"724\" src=\"https:\/\/agora.xtec.cat\/ceip-mariustorres\/wp-content\/uploads\/usu915\/2026\/04\/Men\u251c\u2551-Basal-MARIUS-ABRIL-im\u251cigenes-0-1024x724.jpg\" alt=\"\" class=\"wp-image-3526\" srcset=\"https:\/\/agora.xtec.cat\/ceip-mariustorres\/wp-content\/uploads\/usu915\/2026\/04\/Men\u251c\u2551-Basal-MARIUS-ABRIL-im\u251cigenes-0-1024x724.jpg 1024w, https:\/\/agora.xtec.cat\/ceip-mariustorres\/wp-content\/uploads\/usu915\/2026\/04\/Men\u251c\u2551-Basal-MARIUS-ABRIL-im\u251cigenes-0-300x212.jpg 300w, https:\/\/agora.xtec.cat\/ceip-mariustorres\/wp-content\/uploads\/usu915\/2026\/04\/Men\u251c\u2551-Basal-MARIUS-ABRIL-im\u251cigenes-0-768x543.jpg 768w, https:\/\/agora.xtec.cat\/ceip-mariustorres\/wp-content\/uploads\/usu915\/2026\/04\/Men\u251c\u2551-Basal-MARIUS-ABRIL-im\u251cigenes-0-1536x1086.jpg 1536w, https:\/\/agora.xtec.cat\/ceip-mariustorres\/wp-content\/uploads\/usu915\/2026\/04\/Men\u251c\u2551-Basal-MARIUS-ABRIL-im\u251cigenes-0-2048x1447.jpg 2048w\" sizes=\"auto, (max-width: 1024px) 100vw, 1024px\" \/><\/a><\/figure>\n","protected":false},"excerpt":{"rendered":"<p>El servei de menjador de l&#8217;escola \u00e9s proporcionat per la Fundaci\u00f3 Cuina Justa. La Fundaci\u00f3 Cassi\u00e0 Just-Cuina Justa va n\u00e8ixer el 1995 amb la vocaci\u00f3 d&#8217;inserir persones especialment fr\u00e0gils (salut mental i d&#8217;altres col\u00b7lectius amb risc d&#8217;exclusi\u00f3 social) a l&#8217;entorn laboral alhora que oferir un menjar d&#8217;alta qualitat. Des del web de la nostra escola [&hellip;]<\/p>\n","protected":false},"author":1,"featured_media":3433,"parent":349,"menu_order":30,"comment_status":"closed","ping_status":"closed","template":"","meta":{"_bbp_topic_count":0,"_bbp_reply_count":0,"_bbp_total_topic_count":0,"_bbp_total_reply_count":0,"_bbp_voice_count":0,"_bbp_anonymous_reply_count":0,"_bbp_topic_count_hidden":0,"_bbp_reply_count_hidden":0,"_bbp_forum_subforum_count":0,"site-sidebar-layout":"default","site-content-layout":"","ast-site-content-layout":"default","site-content-style":"default","site-sidebar-style":"default","ast-global-header-display":"","ast-banner-title-visibility":"","ast-main-header-display":"","ast-hfb-above-header-display":"","ast-hfb-below-header-display":"","ast-hfb-mobile-header-display":"","site-post-title":"","ast-breadcrumbs-content":"","ast-featured-img":"","footer-sml-layout":"","theme-transparent-header-meta":"","adv-header-id-meta":"","stick-header-meta":"","header-above-stick-meta":"","header-main-stick-meta":"","header-below-stick-meta":"","astra-migrate-meta-layouts":"set","ast-page-background-enabled":"default","ast-page-background-meta":{"desktop":{"background-color":"var(--ast-global-color-4)","background-image":"","background-repeat":"repeat","background-position":"center center","background-size":"auto","background-attachment":"scroll","background-type":"","background-media":"","overlay-type":"","overlay-color":"","overlay-opacity":"","overlay-gradient":""},"tablet":{"background-color":"","background-image":"","background-repeat":"repeat","background-position":"center center","background-size":"auto","background-attachment":"scroll","background-type":"","background-media":"","overlay-type":"","overlay-color":"","overlay-opacity":"","overlay-gradient":""},"mobile":{"background-color":"","background-image":"","background-repeat":"repeat","background-position":"center center","background-size":"auto","background-attachment":"scroll","background-type":"","background-media":"","overlay-type":"","overlay-color":"","overlay-opacity":"","overlay-gradient":""}},"ast-content-background-meta":{"desktop":{"background-color":"var(--ast-global-color-5)","background-image":"","background-repeat":"repeat","background-position":"center center","background-size":"auto","background-attachment":"scroll","background-type":"","background-media":"","overlay-type":"","overlay-color":"","overlay-opacity":"","overlay-gradient":""},"tablet":{"background-color":"var(--ast-global-color-5)","background-image":"","background-repeat":"repeat","background-position":"center center","background-size":"auto","background-attachment":"scroll","background-type":"","background-media":"","overlay-type":"","overlay-color":"","overlay-opacity":"","overlay-gradient":""},"mobile":{"background-color":"var(--ast-global-color-5)","background-image":"","background-repeat":"repeat","background-position":"center center","background-size":"auto","background-attachment":"scroll","background-type":"","background-media":"","overlay-type":"","overlay-color":"","overlay-opacity":"","overlay-gradient":""}},"footnotes":""},"class_list":["post-73","page","type-page","status-publish","has-post-thumbnail","hentry"],"post_mailing_queue_ids":[],"_links":{"self":[{"href":"https:\/\/agora.xtec.cat\/ceip-mariustorres\/wp-json\/wp\/v2\/pages\/73","targetHints":{"allow":["GET"]}}],"collection":[{"href":"https:\/\/agora.xtec.cat\/ceip-mariustorres\/wp-json\/wp\/v2\/pages"}],"about":[{"href":"https:\/\/agora.xtec.cat\/ceip-mariustorres\/wp-json\/wp\/v2\/types\/page"}],"author":[{"embeddable":true,"href":"https:\/\/agora.xtec.cat\/ceip-mariustorres\/wp-json\/wp\/v2\/users\/1"}],"replies":[{"embeddable":true,"href":"https:\/\/agora.xtec.cat\/ceip-mariustorres\/wp-json\/wp\/v2\/comments?post=73"}],"version-history":[{"count":6,"href":"https:\/\/agora.xtec.cat\/ceip-mariustorres\/wp-json\/wp\/v2\/pages\/73\/revisions"}],"predecessor-version":[{"id":3527,"href":"https:\/\/agora.xtec.cat\/ceip-mariustorres\/wp-json\/wp\/v2\/pages\/73\/revisions\/3527"}],"up":[{"embeddable":true,"href":"https:\/\/agora.xtec.cat\/ceip-mariustorres\/wp-json\/wp\/v2\/pages\/349"}],"wp:featuredmedia":[{"embeddable":true,"href":"https:\/\/agora.xtec.cat\/ceip-mariustorres\/wp-json\/wp\/v2\/media\/3433"}],"wp:attachment":[{"href":"https:\/\/agora.xtec.cat\/ceip-mariustorres\/wp-json\/wp\/v2\/media?parent=73"}],"curies":[{"name":"wp","href":"https:\/\/api.w.org\/{rel}","templated":true}]}}