{"id":34,"date":"2014-09-18T12:32:18","date_gmt":"2014-09-18T11:32:18","guid":{"rendered":"http:\/\/agora.xtec.cat\/ceip-mariustorres\/?page_id=34"},"modified":"2024-04-24T11:12:42","modified_gmt":"2024-04-24T09:12:42","slug":"documents","status":"publish","type":"page","link":"https:\/\/agora.xtec.cat\/ceip-mariustorres\/lescola\/documents\/","title":{"rendered":"Documents de Centre"},"content":{"rendered":"<p>Publiquem els seg\u00fcents documents d\u2019escola:<\/p>\n<table class=\"aligncenter\" style=\"height: 419px; width: 100.435%; border-collapse: collapse; border-style: dotted;\" border=\"2\">\n<tbody>\n<tr style=\"height: 32px;\">\n<td style=\"width: 50%; height: 10px;\"><b>Pla d&#8217;Organitzaci\u00f3 de Centre pel curs 2023\/2024<\/b><\/td>\n<td style=\"width: 50.3623%; height: 10px;\">\n<h6><\/h6>\n<\/td>\n<\/tr>\n<tr style=\"height: 32px;\">\n<td style=\"width: 50%; height: 32px;\"><strong>Carta de Comprom\u00eds Educatiu vigent<\/strong><\/td>\n<td style=\"width: 50.3623%; height: 32px;\">\n<h6><\/h6>\n<\/td>\n<\/tr>\n<tr style=\"height: 32px;\">\n<td style=\"width: 50%; height: 32px;\"><strong>Mem\u00f2ria Anual de Centre curs 2022-2023<\/strong><\/td>\n<td style=\"width: 50.3623%; height: 32px;\">\n<h6><\/h6>\n<\/td>\n<\/tr>\n<tr style=\"height: 32px;\">\n<td style=\"width: 50%; height: 32px;\"><strong>Projecte de Conviv\u00e8ncia <\/strong><\/td>\n<td style=\"width: 50.3623%; height: 32px;\">\n<h6><\/h6>\n<\/td>\n<\/tr>\n<tr style=\"height: 32px;\">\n<td style=\"width: 50%; height: 32px;\"><\/td>\n<td style=\"width: 50.3623%; height: 32px;\"><\/td>\n<\/tr>\n<tr style=\"height: 32px;\">\n<td style=\"width: 50%; height: 32px;\"><strong>Programaci\u00f3 General Anual (PGA)\u00a0<\/strong><\/td>\n<td style=\"width: 50.3623%; height: 32px;\"><\/td>\n<\/tr>\n<tr style=\"height: 32px;\">\n<td style=\"width: 50%; height: 31px;\"><strong>Pla Educatiu de Centre (PEC)<\/strong><\/td>\n<td style=\"width: 50.3623%; height: 31px;\"><a href=\"https:\/\/agora.xtec.cat\/ceip-mariustorres\/wp-content\/uploads\/usu915\/2024\/04\/Extracte-del-PEC.pdf\"><em>Document<\/em><\/a><\/td>\n<\/tr>\n<tr style=\"height: 32px;\">\n<td style=\"width: 50%; height: 32px;\"><strong>Normes d&#8217;Organitzaci\u00f3 i Funcionamnet del Centre (NOFC)<\/strong><\/td>\n<td style=\"width: 50.3623%; height: 32px;\"><\/td>\n<\/tr>\n<tr style=\"height: 32px;\">\n<td style=\"width: 50%; height: 32px;\"><strong>Pla Ling\u00fc\u00edstic de Centre<\/strong><\/td>\n<td style=\"width: 50.3623%; height: 32px;\"><\/td>\n<\/tr>\n<tr style=\"height: 32px;\">\n<td style=\"width: 50%; height: 32px;\"><strong>Pla d&#8217;Emerg\u00e8ncia del Centre<\/strong><\/td>\n<td style=\"width: 50.3623%; height: 32px;\"><\/td>\n<\/tr>\n<tr style=\"height: 32px;\">\n<td style=\"width: 50%; height: 32px;\"><strong>Acords del Consell Escolar<\/strong><\/td>\n<td style=\"width: 50.3623%; height: 32px;\"><\/td>\n<\/tr>\n<\/tbody>\n<\/table>\n<p>&nbsp;<\/p>\n","protected":false},"excerpt":{"rendered":"<p>Publiquem els seg\u00fcents documents d\u2019escola: Pla d&#8217;Organitzaci\u00f3 de Centre pel curs 2023\/2024 Carta de Comprom\u00eds Educatiu vigent Mem\u00f2ria Anual de Centre curs 2022-2023 Projecte de Conviv\u00e8ncia Programaci\u00f3 General Anual (PGA)\u00a0 Pla Educatiu de Centre (PEC) Document Normes d&#8217;Organitzaci\u00f3 i Funcionamnet del Centre (NOFC) Pla Ling\u00fc\u00edstic de Centre Pla d&#8217;Emerg\u00e8ncia del Centre Acords del Consell Escolar [&hellip;]<\/p>\n","protected":false},"author":1,"featured_media":0,"parent":22,"menu_order":60,"comment_status":"closed","ping_status":"closed","template":"page-templates\/side-menu.php","meta":{"_bbp_topic_count":0,"_bbp_reply_count":0,"_bbp_total_topic_count":0,"_bbp_total_reply_count":0,"_bbp_voice_count":0,"_bbp_anonymous_reply_count":0,"_bbp_topic_count_hidden":0,"_bbp_reply_count_hidden":0,"_bbp_forum_subforum_count":0,"site-sidebar-layout":"default","site-content-layout":"","ast-site-content-layout":"","site-content-style":"default","site-sidebar-style":"default","ast-global-header-display":"","ast-banner-title-visibility":"","ast-main-header-display":"","ast-hfb-above-header-display":"","ast-hfb-below-header-display":"","ast-hfb-mobile-header-display":"","site-post-title":"","ast-breadcrumbs-content":"","ast-featured-img":"","footer-sml-layout":"","theme-transparent-header-meta":"","adv-header-id-meta":"","stick-header-meta":"","header-above-stick-meta":"","header-main-stick-meta":"","header-below-stick-meta":"","astra-migrate-meta-layouts":"default","ast-page-background-enabled":"default","ast-page-background-meta":{"desktop":{"background-color":"var(--ast-global-color-4)","background-image":"","background-repeat":"repeat","background-position":"center center","background-size":"auto","background-attachment":"scroll","background-type":"","background-media":"","overlay-type":"","overlay-color":"","overlay-opacity":"","overlay-gradient":""},"tablet":{"background-color":"","background-image":"","background-repeat":"repeat","background-position":"center center","background-size":"auto","background-attachment":"scroll","background-type":"","background-media":"","overlay-type":"","overlay-color":"","overlay-opacity":"","overlay-gradient":""},"mobile":{"background-color":"","background-image":"","background-repeat":"repeat","background-position":"center center","background-size":"auto","background-attachment":"scroll","background-type":"","background-media":"","overlay-type":"","overlay-color":"","overlay-opacity":"","overlay-gradient":""}},"ast-content-background-meta":{"desktop":{"background-color":"var(--ast-global-color-5)","background-image":"","background-repeat":"repeat","background-position":"center center","background-size":"auto","background-attachment":"scroll","background-type":"","background-media":"","overlay-type":"","overlay-color":"","overlay-opacity":"","overlay-gradient":""},"tablet":{"background-color":"var(--ast-global-color-5)","background-image":"","background-repeat":"repeat","background-position":"center center","background-size":"auto","background-attachment":"scroll","background-type":"","background-media":"","overlay-type":"","overlay-color":"","overlay-opacity":"","overlay-gradient":""},"mobile":{"background-color":"var(--ast-global-color-5)","background-image":"","background-repeat":"repeat","background-position":"center center","background-size":"auto","background-attachment":"scroll","background-type":"","background-media":"","overlay-type":"","overlay-color":"","overlay-opacity":"","overlay-gradient":""}},"footnotes":""},"class_list":["post-34","page","type-page","status-publish","hentry"],"post_mailing_queue_ids":[],"_links":{"self":[{"href":"https:\/\/agora.xtec.cat\/ceip-mariustorres\/wp-json\/wp\/v2\/pages\/34","targetHints":{"allow":["GET"]}}],"collection":[{"href":"https:\/\/agora.xtec.cat\/ceip-mariustorres\/wp-json\/wp\/v2\/pages"}],"about":[{"href":"https:\/\/agora.xtec.cat\/ceip-mariustorres\/wp-json\/wp\/v2\/types\/page"}],"author":[{"embeddable":true,"href":"https:\/\/agora.xtec.cat\/ceip-mariustorres\/wp-json\/wp\/v2\/users\/1"}],"replies":[{"embeddable":true,"href":"https:\/\/agora.xtec.cat\/ceip-mariustorres\/wp-json\/wp\/v2\/comments?post=34"}],"version-history":[{"count":6,"href":"https:\/\/agora.xtec.cat\/ceip-mariustorres\/wp-json\/wp\/v2\/pages\/34\/revisions"}],"predecessor-version":[{"id":2930,"href":"https:\/\/agora.xtec.cat\/ceip-mariustorres\/wp-json\/wp\/v2\/pages\/34\/revisions\/2930"}],"up":[{"embeddable":true,"href":"https:\/\/agora.xtec.cat\/ceip-mariustorres\/wp-json\/wp\/v2\/pages\/22"}],"wp:attachment":[{"href":"https:\/\/agora.xtec.cat\/ceip-mariustorres\/wp-json\/wp\/v2\/media?parent=34"}],"curies":[{"name":"wp","href":"https:\/\/api.w.org\/{rel}","templated":true}]}}