{"id":30,"date":"2014-09-18T12:30:23","date_gmt":"2014-09-18T11:30:23","guid":{"rendered":"http:\/\/agora.xtec.cat\/ceip-mariustorres\/?page_id=30"},"modified":"2026-02-20T08:57:57","modified_gmt":"2026-02-20T07:57:57","slug":"instal%c2%b7lacions","status":"publish","type":"page","link":"https:\/\/agora.xtec.cat\/ceip-mariustorres\/lescola\/instal%c2%b7lacions\/","title":{"rendered":"Horaris"},"content":{"rendered":"<p><strong>HORARI DEL CENTRE CURS 25\/26<\/strong><\/p>\n<p>L&#8217;horari lectiu del nostre centre \u00e9s el seg\u00fcent:<\/p>\n<p><strong>Educaci\u00f3 Infantil:<\/strong><\/p>\n<p>De 09.30 h a 13.00 h i de 15.00 h. a 16.30 h.<\/p>\n<p><strong>Educaci\u00f3 Prim\u00e0ria:<\/strong><\/p>\n<p>De 08.30 h a 13.00 h i de 15.00 h. a 16.30 h.<\/p>\n<p><strong>HORARI D&#8217;ATENCI\u00d3 A LES FAM\u00cdLIES<\/strong><\/p>\n<ul>\n<li><strong><u>EQUIP DIRECTIU<\/u><\/strong><\/li>\n<\/ul>\n<p>Consultes amb la directora i cap d\u2019estudis ( cal demanar cita pr\u00e8via al correu del centre)<\/p>\n<table>\n<tbody>\n<tr>\n<td width=\"576\"><strong>Horari de secretaria\u00a0<\/strong><\/p>\n<ul>\n<li><strong>Matins (secret\u00e0ria): <\/strong>Dilluns i dijous de 08.30 h a 10.30 h<\/li>\n<\/ul>\n<ul>\n<li><strong>Tarda (secret\u00e0ria):<\/strong> Dimarts de 15:00 h a 15:50 h<\/li>\n<\/ul>\n<\/td>\n<\/tr>\n<\/tbody>\n<\/table>\n<ul>\n<li><strong><u>ADMINISTRATIU DEL CENTRE<\/u><\/strong><\/li>\n<\/ul>\n<p>Gesti\u00f3 de certificats, beques, documentaci\u00f3, altes i baixes d\u2019alumnes\u2026<\/p>\n<table>\n<tbody>\n<tr>\n<td width=\"576\"><strong>De dilluns a divendres de 08.30 h a 13.15 h i de 15.00 h a 16.00 h<\/strong><\/td>\n<\/tr>\n<\/tbody>\n<\/table>\n<ul>\n<li><strong><u>COORDINADORA DE MENJADOR<\/u><\/strong><\/li>\n<\/ul>\n<p>Horari de la coordinadora de menjador per gestionar el tema de tiquets, beques menjador, altes, baixes&#8230;<\/p>\n<table>\n<tbody>\n<tr>\n<td width=\"576\"><strong>De dilluns a divendres de 9:00 h a 10.30 h<\/strong><\/td>\n<\/tr>\n<\/tbody>\n<\/table>\n","protected":false},"excerpt":{"rendered":"<p>HORARI DEL CENTRE CURS 25\/26 L&#8217;horari lectiu del nostre centre \u00e9s el seg\u00fcent: Educaci\u00f3 Infantil: De 09.30 h a 13.00 h i de 15.00 h. a 16.30 h. Educaci\u00f3 Prim\u00e0ria: De 08.30 h a 13.00 h i de 15.00 h. a 16.30 h. HORARI D&#8217;ATENCI\u00d3 A LES FAM\u00cdLIES EQUIP DIRECTIU Consultes amb la directora i [&hellip;]<\/p>\n","protected":false},"author":1,"featured_media":0,"parent":22,"menu_order":40,"comment_status":"closed","ping_status":"closed","template":"","meta":{"_bbp_topic_count":0,"_bbp_reply_count":0,"_bbp_total_topic_count":0,"_bbp_total_reply_count":0,"_bbp_voice_count":0,"_bbp_anonymous_reply_count":0,"_bbp_topic_count_hidden":0,"_bbp_reply_count_hidden":0,"_bbp_forum_subforum_count":0,"site-sidebar-layout":"default","site-content-layout":"","ast-site-content-layout":"default","site-content-style":"default","site-sidebar-style":"default","ast-global-header-display":"","ast-banner-title-visibility":"","ast-main-header-display":"","ast-hfb-above-header-display":"","ast-hfb-below-header-display":"","ast-hfb-mobile-header-display":"","site-post-title":"","ast-breadcrumbs-content":"","ast-featured-img":"","footer-sml-layout":"","theme-transparent-header-meta":"","adv-header-id-meta":"","stick-header-meta":"","header-above-stick-meta":"","header-main-stick-meta":"","header-below-stick-meta":"","astra-migrate-meta-layouts":"set","ast-page-background-enabled":"default","ast-page-background-meta":{"desktop":{"background-color":"var(--ast-global-color-4)","background-image":"","background-repeat":"repeat","background-position":"center center","background-size":"auto","background-attachment":"scroll","background-type":"","background-media":"","overlay-type":"","overlay-color":"","overlay-opacity":"","overlay-gradient":""},"tablet":{"background-color":"","background-image":"","background-repeat":"repeat","background-position":"center center","background-size":"auto","background-attachment":"scroll","background-type":"","background-media":"","overlay-type":"","overlay-color":"","overlay-opacity":"","overlay-gradient":""},"mobile":{"background-color":"","background-image":"","background-repeat":"repeat","background-position":"center center","background-size":"auto","background-attachment":"scroll","background-type":"","background-media":"","overlay-type":"","overlay-color":"","overlay-opacity":"","overlay-gradient":""}},"ast-content-background-meta":{"desktop":{"background-color":"var(--ast-global-color-5)","background-image":"","background-repeat":"repeat","background-position":"center center","background-size":"auto","background-attachment":"scroll","background-type":"","background-media":"","overlay-type":"","overlay-color":"","overlay-opacity":"","overlay-gradient":""},"tablet":{"background-color":"var(--ast-global-color-5)","background-image":"","background-repeat":"repeat","background-position":"center center","background-size":"auto","background-attachment":"scroll","background-type":"","background-media":"","overlay-type":"","overlay-color":"","overlay-opacity":"","overlay-gradient":""},"mobile":{"background-color":"var(--ast-global-color-5)","background-image":"","background-repeat":"repeat","background-position":"center center","background-size":"auto","background-attachment":"scroll","background-type":"","background-media":"","overlay-type":"","overlay-color":"","overlay-opacity":"","overlay-gradient":""}},"footnotes":""},"class_list":["post-30","page","type-page","status-publish","hentry"],"post_mailing_queue_ids":[],"_links":{"self":[{"href":"https:\/\/agora.xtec.cat\/ceip-mariustorres\/wp-json\/wp\/v2\/pages\/30","targetHints":{"allow":["GET"]}}],"collection":[{"href":"https:\/\/agora.xtec.cat\/ceip-mariustorres\/wp-json\/wp\/v2\/pages"}],"about":[{"href":"https:\/\/agora.xtec.cat\/ceip-mariustorres\/wp-json\/wp\/v2\/types\/page"}],"author":[{"embeddable":true,"href":"https:\/\/agora.xtec.cat\/ceip-mariustorres\/wp-json\/wp\/v2\/users\/1"}],"replies":[{"embeddable":true,"href":"https:\/\/agora.xtec.cat\/ceip-mariustorres\/wp-json\/wp\/v2\/comments?post=30"}],"version-history":[{"count":6,"href":"https:\/\/agora.xtec.cat\/ceip-mariustorres\/wp-json\/wp\/v2\/pages\/30\/revisions"}],"predecessor-version":[{"id":3431,"href":"https:\/\/agora.xtec.cat\/ceip-mariustorres\/wp-json\/wp\/v2\/pages\/30\/revisions\/3431"}],"up":[{"embeddable":true,"href":"https:\/\/agora.xtec.cat\/ceip-mariustorres\/wp-json\/wp\/v2\/pages\/22"}],"wp:attachment":[{"href":"https:\/\/agora.xtec.cat\/ceip-mariustorres\/wp-json\/wp\/v2\/media?parent=30"}],"curies":[{"name":"wp","href":"https:\/\/api.w.org\/{rel}","templated":true}]}}