{"id":26,"date":"2014-09-18T12:24:32","date_gmt":"2014-09-18T11:24:32","guid":{"rendered":"http:\/\/agora.xtec.cat\/ceip-mariustorres\/?page_id=26"},"modified":"2024-04-17T12:02:23","modified_gmt":"2024-04-17T10:02:23","slug":"historia","status":"publish","type":"page","link":"https:\/\/agora.xtec.cat\/ceip-mariustorres\/lescola\/historia\/","title":{"rendered":"Autoritzacions"},"content":{"rendered":"<table class=\"aligncenter\" style=\"height: 320px; width: 100%; border-collapse: collapse; border-style: dotted;\" border=\"2\">\n<tbody>\n<tr style=\"height: 32px;\">\n<td style=\"width: 50%; height: 32px;\"><strong>Declaraci\u00f3 responsable per a les fam\u00edlies d\u2019alumnes d\u2019educaci\u00f3 Infantil<\/strong><\/td>\n<td style=\"width: 50%; height: 32px;\"><a href=\"https:\/\/agora.xtec.cat\/ceip-mariustorres\/wp-content\/uploads\/usu915\/2021\/09\/declaracio-responsable-infantil.pdf\" target=\"_blank\" rel=\"noopener\">Descarrega Document<\/a><\/td>\n<\/tr>\n<tr style=\"height: 32px;\">\n<td style=\"width: 50%; height: 32px;\"><strong>Declaraci\u00f3 responsable per a les fam\u00edlies d\u2019alumnes d\u2019educaci\u00f3 prim\u00e0ria<\/strong><\/td>\n<td style=\"width: 50%; height: 32px;\"><em><a href=\"https:\/\/agora.xtec.cat\/ceip-mariustorres\/wp-content\/uploads\/usu915\/2021\/09\/Declaracio-responsable-Primaria.pdf\" target=\"_blank\" rel=\"noopener\">Descarrega<\/a><a href=\"https:\/\/agora.xtec.cat\/ceip-mariustorres\/wp-content\/uploads\/usu915\/2021\/09\/Declaracio-responsable-Primaria.pdf\" target=\"_blank\" rel=\"noopener\"> Document<\/a><\/em><\/td>\n<\/tr>\n<tr style=\"height: 32px;\">\n<td style=\"width: 50%; height: 32px;\"><strong>Autoritzaci\u00f3 relativa a l&#8217;\u00fas de serveis i recursos digitals i internet a l&#8217;aula<\/strong><\/td>\n<td style=\"width: 50%; height: 32px;\"><a href=\"https:\/\/agora.xtec.cat\/ceip-mariustorres\/wp-content\/uploads\/usu915\/2024\/04\/Autoritzacio-relativa-a-lus-de-serveis-i-recursos-digitals-i-internet-a-laula.pdf\">Descarrega Document<\/a><\/td>\n<\/tr>\n<tr style=\"height: 32px;\">\n<td style=\"width: 50%; height: 32px;\"><strong>Autoritzaci\u00f3 administraci\u00f3 medicaments a l&#8217;escola<\/strong><\/td>\n<td style=\"width: 50%; height: 32px;\"><em><a href=\"https:\/\/agora.xtec.cat\/ceip-mariustorres\/wp-content\/uploads\/usu915\/2021\/10\/7_AUTORITZACIO-MEDICAMENTS.doc.pdf\" target=\"_blank\" rel=\"noopener\">Descarrega Document<\/a><\/em><\/td>\n<\/tr>\n<tr style=\"height: 32px;\">\n<td style=\"width: 50%; height: 32px;\"><strong>Autoritzaci\u00f3 per deixar marxar als infants a casa sols<\/strong><\/td>\n<td style=\"width: 50%; height: 32px;\"><em><a href=\"https:\/\/agora.xtec.cat\/ceip-mariustorres\/wp-content\/uploads\/usu915\/2021\/10\/1-AUTORITZACIO-RECOLLIDA_ANAR-SOLS-21-22.doc.pdf\" target=\"_blank\" rel=\"noopener\">Descarrega Document<\/a><\/em><\/td>\n<\/tr>\n<tr style=\"height: 32px;\">\n<td style=\"width: 50%; height: 32px;\"><strong>Autoritzaci\u00f3 sortides<\/strong><\/td>\n<td style=\"width: 50%; height: 32px;\"><em><a href=\"https:\/\/agora.xtec.cat\/ceip-mariustorres\/wp-content\/uploads\/usu915\/2021\/10\/2_AUTORITZACIO-SORTIDES.docx.pdf\" target=\"_blank\" rel=\"noopener\">Descarrega Document<\/a><\/em><\/td>\n<\/tr>\n<tr style=\"height: 32px;\">\n<td style=\"width: 50%; height: 32px;\"><\/td>\n<td style=\"width: 50%; height: 32px;\"><\/td>\n<\/tr>\n<tr style=\"height: 32px;\">\n<td style=\"width: 50%; height: 32px;\"><\/td>\n<td style=\"width: 50%; height: 32px;\"><\/td>\n<\/tr>\n<tr style=\"height: 32px;\">\n<td style=\"width: 50%; height: 32px;\"><\/td>\n<td style=\"width: 50%; height: 32px;\"><\/td>\n<\/tr>\n<tr style=\"height: 32px;\">\n<td style=\"width: 50%; height: 32px;\"><\/td>\n<td style=\"width: 50%; height: 32px;\"><\/td>\n<\/tr>\n<\/tbody>\n<\/table>\n<p>&nbsp;<\/p>\n","protected":false},"excerpt":{"rendered":"<p>Declaraci\u00f3 responsable per a les fam\u00edlies d\u2019alumnes d\u2019educaci\u00f3 Infantil Descarrega Document Declaraci\u00f3 responsable per a les fam\u00edlies d\u2019alumnes d\u2019educaci\u00f3 prim\u00e0ria Descarrega Document Autoritzaci\u00f3 relativa a l&#8217;\u00fas de serveis i recursos digitals i internet a l&#8217;aula Descarrega Document Autoritzaci\u00f3 administraci\u00f3 medicaments a l&#8217;escola Descarrega Document Autoritzaci\u00f3 per deixar marxar als infants a casa sols Descarrega Document [&hellip;]<\/p>\n","protected":false},"author":1,"featured_media":0,"parent":22,"menu_order":20,"comment_status":"closed","ping_status":"closed","template":"page-templates\/side-menu.php","meta":{"_bbp_topic_count":0,"_bbp_reply_count":0,"_bbp_total_topic_count":0,"_bbp_total_reply_count":0,"_bbp_voice_count":0,"_bbp_anonymous_reply_count":0,"_bbp_topic_count_hidden":0,"_bbp_reply_count_hidden":0,"_bbp_forum_subforum_count":0,"site-sidebar-layout":"default","site-content-layout":"","ast-site-content-layout":"","site-content-style":"default","site-sidebar-style":"default","ast-global-header-display":"","ast-banner-title-visibility":"","ast-main-header-display":"","ast-hfb-above-header-display":"","ast-hfb-below-header-display":"","ast-hfb-mobile-header-display":"","site-post-title":"","ast-breadcrumbs-content":"","ast-featured-img":"","footer-sml-layout":"","theme-transparent-header-meta":"","adv-header-id-meta":"","stick-header-meta":"","header-above-stick-meta":"","header-main-stick-meta":"","header-below-stick-meta":"","astra-migrate-meta-layouts":"default","ast-page-background-enabled":"default","ast-page-background-meta":{"desktop":{"background-color":"var(--ast-global-color-4)","background-image":"","background-repeat":"repeat","background-position":"center center","background-size":"auto","background-attachment":"scroll","background-type":"","background-media":"","overlay-type":"","overlay-color":"","overlay-opacity":"","overlay-gradient":""},"tablet":{"background-color":"","background-image":"","background-repeat":"repeat","background-position":"center center","background-size":"auto","background-attachment":"scroll","background-type":"","background-media":"","overlay-type":"","overlay-color":"","overlay-opacity":"","overlay-gradient":""},"mobile":{"background-color":"","background-image":"","background-repeat":"repeat","background-position":"center center","background-size":"auto","background-attachment":"scroll","background-type":"","background-media":"","overlay-type":"","overlay-color":"","overlay-opacity":"","overlay-gradient":""}},"ast-content-background-meta":{"desktop":{"background-color":"var(--ast-global-color-5)","background-image":"","background-repeat":"repeat","background-position":"center center","background-size":"auto","background-attachment":"scroll","background-type":"","background-media":"","overlay-type":"","overlay-color":"","overlay-opacity":"","overlay-gradient":""},"tablet":{"background-color":"var(--ast-global-color-5)","background-image":"","background-repeat":"repeat","background-position":"center center","background-size":"auto","background-attachment":"scroll","background-type":"","background-media":"","overlay-type":"","overlay-color":"","overlay-opacity":"","overlay-gradient":""},"mobile":{"background-color":"var(--ast-global-color-5)","background-image":"","background-repeat":"repeat","background-position":"center center","background-size":"auto","background-attachment":"scroll","background-type":"","background-media":"","overlay-type":"","overlay-color":"","overlay-opacity":"","overlay-gradient":""}},"footnotes":""},"class_list":["post-26","page","type-page","status-publish","hentry"],"post_mailing_queue_ids":[],"_links":{"self":[{"href":"https:\/\/agora.xtec.cat\/ceip-mariustorres\/wp-json\/wp\/v2\/pages\/26","targetHints":{"allow":["GET"]}}],"collection":[{"href":"https:\/\/agora.xtec.cat\/ceip-mariustorres\/wp-json\/wp\/v2\/pages"}],"about":[{"href":"https:\/\/agora.xtec.cat\/ceip-mariustorres\/wp-json\/wp\/v2\/types\/page"}],"author":[{"embeddable":true,"href":"https:\/\/agora.xtec.cat\/ceip-mariustorres\/wp-json\/wp\/v2\/users\/1"}],"replies":[{"embeddable":true,"href":"https:\/\/agora.xtec.cat\/ceip-mariustorres\/wp-json\/wp\/v2\/comments?post=26"}],"version-history":[{"count":6,"href":"https:\/\/agora.xtec.cat\/ceip-mariustorres\/wp-json\/wp\/v2\/pages\/26\/revisions"}],"predecessor-version":[{"id":2921,"href":"https:\/\/agora.xtec.cat\/ceip-mariustorres\/wp-json\/wp\/v2\/pages\/26\/revisions\/2921"}],"up":[{"embeddable":true,"href":"https:\/\/agora.xtec.cat\/ceip-mariustorres\/wp-json\/wp\/v2\/pages\/22"}],"wp:attachment":[{"href":"https:\/\/agora.xtec.cat\/ceip-mariustorres\/wp-json\/wp\/v2\/media?parent=26"}],"curies":[{"name":"wp","href":"https:\/\/api.w.org\/{rel}","templated":true}]}}