{"id":237,"date":"2016-02-11T11:28:32","date_gmt":"2016-02-11T10:28:32","guid":{"rendered":"http:\/\/agora.xtec.cat\/ceip-mariustorres\/?page_id=237"},"modified":"2026-02-19T08:27:26","modified_gmt":"2026-02-19T07:27:26","slug":"infantil","status":"publish","type":"page","link":"https:\/\/agora.xtec.cat\/ceip-mariustorres\/oferta-educativa\/infantil\/","title":{"rendered":"Educaci\u00f3 Infantil"},"content":{"rendered":"<p>Durant l&#8217;etapa d&#8217;Educaci\u00f3 Infantil l&#8217;alumnat apr\u00e8n els sabers cabdals pel seu correcte desenvolupament i necessaris per a afrontar la seg\u00fcent etapa educativa. Durant els tres cursos es duen a terme activitats que cerquen treballar :<\/p>\n<ul>\n<li><strong>La consci\u00e8ncia del temps:<\/strong> a trav\u00e9s de rutines.<\/li>\n<li><strong>La cura personal <\/strong>a trav\u00e9s de l&#8217;aprenentatge dels h\u00e0bits d&#8217;higiene.<\/li>\n<li>El treball acurat de la <strong>psicomotricitat fina i gruixuda<\/strong>. Realitzaci\u00f3 d&#8217;activitats pl\u00e0stiques i manuals\u00a0 amb material divers. Una hora setmanal de psicomotricitat al gimn\u00e0s del centre amb material especialitzat: matalassos, rampes, pilotes, m\u00f2duls allargats etc&#8230;<\/li>\n<li>El <strong>desenvolupament\u00a0 de la compet\u00e8ncia matem\u00e0tica <\/strong>a trav\u00e9s racons manipulatius, de sistematitzaci\u00f3\u00a0 i de pensament computacional ( desendollat).<\/li>\n<li><strong>El treball seq\u00fcenciat<\/strong> de la lectoescriptura, tenint en compte el nivell maduratiu de l&#8217;infant .<\/li>\n<li><strong>Els ambients d&#8217;aprenentatge :<\/strong> metodologia que es fonamenta en<span class=\"Titolet CharOverride-9\"> l\u2019experimentaci\u00f3, la manipulaci\u00f3 i el joc i\u00a0 que genera preguntes necess\u00e0ries que\u00a0 ajuden a l&#8217;infant\u00a0 a descobrir el m\u00f3n que l\u2019envolta.<\/span><\/li>\n<li>La realitzaci\u00f3 d&#8217;<strong>activitats musicals<\/strong> per tal de desenvolupar la seva pr\u00f2pia creativitat,\u00a0 el ritme corporal i la mem\u00f2ria.<\/li>\n<li>L&#8217; atenci\u00f3 priorit\u00e0ria en la <strong>resoluci\u00f3 de conflictes<\/strong>. Treball interdisciplinari de l&#8217;<strong>educaci\u00f3 en valors<\/strong>.<\/li>\n<li><strong>Projecte anual<\/strong> del nom de la classe.\u00a0<\/li>\n<li><strong>Apadrinament lector<\/strong>: l&#8217;alumnat m\u00e9s gran del centre, fa un acompanyament lector als m\u00e9s menuts (I4-4rt, I5-5\u00e8, 1er-6\u00e8).<\/li>\n<\/ul>\n<p>A banda, durant aquesta etapa el centre disposa\u00a0 d&#8217;una <strong>mestra d&#8217;educaci\u00f3 especial<\/strong>\u00a0 a dedicaci\u00f3 plena al cicle, d&#8217;un<strong> referent de l&#8217;equip d&#8217;assessorament pedag\u00f2gic<\/strong>, d&#8217;una <strong>logopeda<\/strong> i d&#8217;una T<strong>\u00e8cnica d&#8217;Educaci\u00f3 Infantil<\/strong> per tal de que l&#8217;alumnat tingui una atenci\u00f3 m\u00e9s personalitzada.<\/p>\n\n\n<figure class=\"wp-block-image size-large\"><a href=\"https:\/\/agora.xtec.cat\/ceip-mariustorres\/wp-content\/uploads\/usu915\/2026\/02\/IMG_5764-2.jpeg\"><img loading=\"lazy\" decoding=\"async\" width=\"768\" height=\"1024\" src=\"https:\/\/agora.xtec.cat\/ceip-mariustorres\/wp-content\/uploads\/usu915\/2026\/02\/IMG_5764-2-768x1024.jpeg\" alt=\"\" class=\"wp-image-3198\" srcset=\"https:\/\/agora.xtec.cat\/ceip-mariustorres\/wp-content\/uploads\/usu915\/2026\/02\/IMG_5764-2-768x1024.jpeg 768w, https:\/\/agora.xtec.cat\/ceip-mariustorres\/wp-content\/uploads\/usu915\/2026\/02\/IMG_5764-2-225x300.jpeg 225w, https:\/\/agora.xtec.cat\/ceip-mariustorres\/wp-content\/uploads\/usu915\/2026\/02\/IMG_5764-2-1152x1536.jpeg 1152w, https:\/\/agora.xtec.cat\/ceip-mariustorres\/wp-content\/uploads\/usu915\/2026\/02\/IMG_5764-2.jpeg 1536w\" sizes=\"auto, (max-width: 768px) 100vw, 768px\" \/><\/a><\/figure>\n\n\n\n<figure class=\"wp-block-image size-large\"><a href=\"https:\/\/agora.xtec.cat\/ceip-mariustorres\/wp-content\/uploads\/usu915\/2026\/02\/IMG_5088-1.jpeg\"><img loading=\"lazy\" decoding=\"async\" width=\"768\" height=\"1024\" src=\"https:\/\/agora.xtec.cat\/ceip-mariustorres\/wp-content\/uploads\/usu915\/2026\/02\/IMG_5088-1-768x1024.jpeg\" alt=\"\" class=\"wp-image-3199\" srcset=\"https:\/\/agora.xtec.cat\/ceip-mariustorres\/wp-content\/uploads\/usu915\/2026\/02\/IMG_5088-1-768x1024.jpeg 768w, https:\/\/agora.xtec.cat\/ceip-mariustorres\/wp-content\/uploads\/usu915\/2026\/02\/IMG_5088-1-225x300.jpeg 225w, https:\/\/agora.xtec.cat\/ceip-mariustorres\/wp-content\/uploads\/usu915\/2026\/02\/IMG_5088-1-1152x1536.jpeg 1152w, https:\/\/agora.xtec.cat\/ceip-mariustorres\/wp-content\/uploads\/usu915\/2026\/02\/IMG_5088-1.jpeg 1536w\" sizes=\"auto, (max-width: 768px) 100vw, 768px\" \/><\/a><\/figure>\n\n\n\n<figure class=\"wp-block-image size-large\"><a href=\"https:\/\/agora.xtec.cat\/ceip-mariustorres\/wp-content\/uploads\/usu915\/2026\/02\/IMG_4556.jpeg\"><img loading=\"lazy\" decoding=\"async\" width=\"1024\" height=\"768\" src=\"https:\/\/agora.xtec.cat\/ceip-mariustorres\/wp-content\/uploads\/usu915\/2026\/02\/IMG_4556-1024x768.jpeg\" alt=\"\" class=\"wp-image-3200\" srcset=\"https:\/\/agora.xtec.cat\/ceip-mariustorres\/wp-content\/uploads\/usu915\/2026\/02\/IMG_4556-1024x768.jpeg 1024w, https:\/\/agora.xtec.cat\/ceip-mariustorres\/wp-content\/uploads\/usu915\/2026\/02\/IMG_4556-300x225.jpeg 300w, https:\/\/agora.xtec.cat\/ceip-mariustorres\/wp-content\/uploads\/usu915\/2026\/02\/IMG_4556-768x576.jpeg 768w, https:\/\/agora.xtec.cat\/ceip-mariustorres\/wp-content\/uploads\/usu915\/2026\/02\/IMG_4556-1536x1152.jpeg 1536w, https:\/\/agora.xtec.cat\/ceip-mariustorres\/wp-content\/uploads\/usu915\/2026\/02\/IMG_4556.jpeg 2048w\" sizes=\"auto, (max-width: 1024px) 100vw, 1024px\" \/><\/a><\/figure>\n\n\n\n<figure class=\"wp-block-image size-large\"><a href=\"https:\/\/agora.xtec.cat\/ceip-mariustorres\/wp-content\/uploads\/usu915\/2026\/02\/IMG_3591-1.jpeg\"><img loading=\"lazy\" decoding=\"async\" width=\"1024\" height=\"768\" src=\"https:\/\/agora.xtec.cat\/ceip-mariustorres\/wp-content\/uploads\/usu915\/2026\/02\/IMG_3591-1-1024x768.jpeg\" alt=\"\" class=\"wp-image-3201\" srcset=\"https:\/\/agora.xtec.cat\/ceip-mariustorres\/wp-content\/uploads\/usu915\/2026\/02\/IMG_3591-1-1024x768.jpeg 1024w, https:\/\/agora.xtec.cat\/ceip-mariustorres\/wp-content\/uploads\/usu915\/2026\/02\/IMG_3591-1-300x225.jpeg 300w, https:\/\/agora.xtec.cat\/ceip-mariustorres\/wp-content\/uploads\/usu915\/2026\/02\/IMG_3591-1-768x576.jpeg 768w, https:\/\/agora.xtec.cat\/ceip-mariustorres\/wp-content\/uploads\/usu915\/2026\/02\/IMG_3591-1-1536x1152.jpeg 1536w, https:\/\/agora.xtec.cat\/ceip-mariustorres\/wp-content\/uploads\/usu915\/2026\/02\/IMG_3591-1.jpeg 2048w\" sizes=\"auto, (max-width: 1024px) 100vw, 1024px\" \/><\/a><\/figure>\n\n\n\n<figure class=\"wp-block-image size-large\"><a href=\"https:\/\/agora.xtec.cat\/ceip-mariustorres\/wp-content\/uploads\/usu915\/2026\/02\/IMG_3592-1.jpeg\"><img loading=\"lazy\" decoding=\"async\" width=\"1024\" height=\"768\" src=\"https:\/\/agora.xtec.cat\/ceip-mariustorres\/wp-content\/uploads\/usu915\/2026\/02\/IMG_3592-1-1024x768.jpeg\" alt=\"\" class=\"wp-image-3202\" srcset=\"https:\/\/agora.xtec.cat\/ceip-mariustorres\/wp-content\/uploads\/usu915\/2026\/02\/IMG_3592-1-1024x768.jpeg 1024w, https:\/\/agora.xtec.cat\/ceip-mariustorres\/wp-content\/uploads\/usu915\/2026\/02\/IMG_3592-1-300x225.jpeg 300w, https:\/\/agora.xtec.cat\/ceip-mariustorres\/wp-content\/uploads\/usu915\/2026\/02\/IMG_3592-1-768x576.jpeg 768w, https:\/\/agora.xtec.cat\/ceip-mariustorres\/wp-content\/uploads\/usu915\/2026\/02\/IMG_3592-1-1536x1152.jpeg 1536w, https:\/\/agora.xtec.cat\/ceip-mariustorres\/wp-content\/uploads\/usu915\/2026\/02\/IMG_3592-1.jpeg 2048w\" sizes=\"auto, (max-width: 1024px) 100vw, 1024px\" \/><\/a><\/figure>\n\n\n\n<figure class=\"wp-block-image size-large\"><a href=\"https:\/\/agora.xtec.cat\/ceip-mariustorres\/wp-content\/uploads\/usu915\/2026\/02\/08609110-4BB4-440A-B515-F950EF3B1875-scaled.jpg\"><img loading=\"lazy\" decoding=\"async\" width=\"1024\" height=\"576\" src=\"https:\/\/agora.xtec.cat\/ceip-mariustorres\/wp-content\/uploads\/usu915\/2026\/02\/08609110-4BB4-440A-B515-F950EF3B1875-1024x576.jpg\" alt=\"\" class=\"wp-image-3204\" srcset=\"https:\/\/agora.xtec.cat\/ceip-mariustorres\/wp-content\/uploads\/usu915\/2026\/02\/08609110-4BB4-440A-B515-F950EF3B1875-1024x576.jpg 1024w, https:\/\/agora.xtec.cat\/ceip-mariustorres\/wp-content\/uploads\/usu915\/2026\/02\/08609110-4BB4-440A-B515-F950EF3B1875-300x169.jpg 300w, https:\/\/agora.xtec.cat\/ceip-mariustorres\/wp-content\/uploads\/usu915\/2026\/02\/08609110-4BB4-440A-B515-F950EF3B1875-768x432.jpg 768w, https:\/\/agora.xtec.cat\/ceip-mariustorres\/wp-content\/uploads\/usu915\/2026\/02\/08609110-4BB4-440A-B515-F950EF3B1875-1536x864.jpg 1536w, https:\/\/agora.xtec.cat\/ceip-mariustorres\/wp-content\/uploads\/usu915\/2026\/02\/08609110-4BB4-440A-B515-F950EF3B1875-2048x1152.jpg 2048w\" sizes=\"auto, (max-width: 1024px) 100vw, 1024px\" \/><\/a><\/figure>\n\n\n\n<figure class=\"wp-block-image size-large\"><a href=\"https:\/\/agora.xtec.cat\/ceip-mariustorres\/wp-content\/uploads\/usu915\/2026\/02\/0375874A-EBB2-4435-AABB-223B3297E6AF-scaled.jpg\"><img loading=\"lazy\" decoding=\"async\" width=\"1024\" height=\"545\" src=\"https:\/\/agora.xtec.cat\/ceip-mariustorres\/wp-content\/uploads\/usu915\/2026\/02\/0375874A-EBB2-4435-AABB-223B3297E6AF-1024x545.jpg\" alt=\"\" class=\"wp-image-3205\" srcset=\"https:\/\/agora.xtec.cat\/ceip-mariustorres\/wp-content\/uploads\/usu915\/2026\/02\/0375874A-EBB2-4435-AABB-223B3297E6AF-1024x545.jpg 1024w, https:\/\/agora.xtec.cat\/ceip-mariustorres\/wp-content\/uploads\/usu915\/2026\/02\/0375874A-EBB2-4435-AABB-223B3297E6AF-300x160.jpg 300w, https:\/\/agora.xtec.cat\/ceip-mariustorres\/wp-content\/uploads\/usu915\/2026\/02\/0375874A-EBB2-4435-AABB-223B3297E6AF-768x409.jpg 768w, https:\/\/agora.xtec.cat\/ceip-mariustorres\/wp-content\/uploads\/usu915\/2026\/02\/0375874A-EBB2-4435-AABB-223B3297E6AF-1536x818.jpg 1536w, https:\/\/agora.xtec.cat\/ceip-mariustorres\/wp-content\/uploads\/usu915\/2026\/02\/0375874A-EBB2-4435-AABB-223B3297E6AF-2048x1091.jpg 2048w\" sizes=\"auto, (max-width: 1024px) 100vw, 1024px\" \/><\/a><\/figure>\n\n\n\n<p><\/p>\n\n\n","protected":false},"excerpt":{"rendered":"<p>Durant l&#8217;etapa d&#8217;Educaci\u00f3 Infantil l&#8217;alumnat apr\u00e8n els sabers cabdals pel seu correcte desenvolupament i necessaris per a afrontar la seg\u00fcent etapa educativa. Durant els tres cursos es duen a terme activitats que cerquen treballar : La consci\u00e8ncia del temps: a trav\u00e9s de rutines. La cura personal a trav\u00e9s de l&#8217;aprenentatge dels h\u00e0bits d&#8217;higiene. El treball [&hellip;]<\/p>\n","protected":false},"author":1,"featured_media":0,"parent":3287,"menu_order":1,"comment_status":"closed","ping_status":"closed","template":"","meta":{"_bbp_topic_count":0,"_bbp_reply_count":0,"_bbp_total_topic_count":0,"_bbp_total_reply_count":0,"_bbp_voice_count":0,"_bbp_anonymous_reply_count":0,"_bbp_topic_count_hidden":0,"_bbp_reply_count_hidden":0,"_bbp_forum_subforum_count":0,"site-sidebar-layout":"default","site-content-layout":"","ast-site-content-layout":"full-width-container","site-content-style":"default","site-sidebar-style":"default","ast-global-header-display":"","ast-banner-title-visibility":"","ast-main-header-display":"","ast-hfb-above-header-display":"","ast-hfb-below-header-display":"","ast-hfb-mobile-header-display":"","site-post-title":"","ast-breadcrumbs-content":"","ast-featured-img":"","footer-sml-layout":"","theme-transparent-header-meta":"","adv-header-id-meta":"","stick-header-meta":"","header-above-stick-meta":"","header-main-stick-meta":"","header-below-stick-meta":"","astra-migrate-meta-layouts":"set","ast-page-background-enabled":"default","ast-page-background-meta":{"desktop":{"background-color":"var(--ast-global-color-4)","background-image":"","background-repeat":"repeat","background-position":"center center","background-size":"auto","background-attachment":"scroll","background-type":"","background-media":"","overlay-type":"","overlay-color":"","overlay-opacity":"","overlay-gradient":""},"tablet":{"background-color":"","background-image":"","background-repeat":"repeat","background-position":"center center","background-size":"auto","background-attachment":"scroll","background-type":"","background-media":"","overlay-type":"","overlay-color":"","overlay-opacity":"","overlay-gradient":""},"mobile":{"background-color":"","background-image":"","background-repeat":"repeat","background-position":"center center","background-size":"auto","background-attachment":"scroll","background-type":"","background-media":"","overlay-type":"","overlay-color":"","overlay-opacity":"","overlay-gradient":""}},"ast-content-background-meta":{"desktop":{"background-color":"var(--ast-global-color-5)","background-image":"","background-repeat":"repeat","background-position":"center center","background-size":"auto","background-attachment":"scroll","background-type":"","background-media":"","overlay-type":"","overlay-color":"","overlay-opacity":"","overlay-gradient":""},"tablet":{"background-color":"var(--ast-global-color-5)","background-image":"","background-repeat":"repeat","background-position":"center center","background-size":"auto","background-attachment":"scroll","background-type":"","background-media":"","overlay-type":"","overlay-color":"","overlay-opacity":"","overlay-gradient":""},"mobile":{"background-color":"var(--ast-global-color-5)","background-image":"","background-repeat":"repeat","background-position":"center center","background-size":"auto","background-attachment":"scroll","background-type":"","background-media":"","overlay-type":"","overlay-color":"","overlay-opacity":"","overlay-gradient":""}},"footnotes":""},"class_list":["post-237","page","type-page","status-publish","hentry"],"post_mailing_queue_ids":[],"_links":{"self":[{"href":"https:\/\/agora.xtec.cat\/ceip-mariustorres\/wp-json\/wp\/v2\/pages\/237","targetHints":{"allow":["GET"]}}],"collection":[{"href":"https:\/\/agora.xtec.cat\/ceip-mariustorres\/wp-json\/wp\/v2\/pages"}],"about":[{"href":"https:\/\/agora.xtec.cat\/ceip-mariustorres\/wp-json\/wp\/v2\/types\/page"}],"author":[{"embeddable":true,"href":"https:\/\/agora.xtec.cat\/ceip-mariustorres\/wp-json\/wp\/v2\/users\/1"}],"replies":[{"embeddable":true,"href":"https:\/\/agora.xtec.cat\/ceip-mariustorres\/wp-json\/wp\/v2\/comments?post=237"}],"version-history":[{"count":6,"href":"https:\/\/agora.xtec.cat\/ceip-mariustorres\/wp-json\/wp\/v2\/pages\/237\/revisions"}],"predecessor-version":[{"id":3409,"href":"https:\/\/agora.xtec.cat\/ceip-mariustorres\/wp-json\/wp\/v2\/pages\/237\/revisions\/3409"}],"up":[{"embeddable":true,"href":"https:\/\/agora.xtec.cat\/ceip-mariustorres\/wp-json\/wp\/v2\/pages\/3287"}],"wp:attachment":[{"href":"https:\/\/agora.xtec.cat\/ceip-mariustorres\/wp-json\/wp\/v2\/media?parent=237"}],"curies":[{"name":"wp","href":"https:\/\/api.w.org\/{rel}","templated":true}]}}