{"id":2,"date":"2014-09-12T11:10:47","date_gmt":"2014-09-12T10:10:47","guid":{"rendered":"http:\/\/agora.xtec.cat\/ceip-mariustorres\/?page_id=2"},"modified":"2026-04-08T11:47:03","modified_gmt":"2026-04-08T09:47:03","slug":"equip-docent","status":"publish","type":"page","link":"https:\/\/agora.xtec.cat\/ceip-mariustorres\/lescola\/equip-docent\/","title":{"rendered":"Professionals del centre"},"content":{"rendered":"\n<p><\/p>\n\n\n\n<p><strong>Educaci\u00f3 Infantil<\/strong><\/p>\n\n\n\n<figure class=\"wp-block-table\"><table class=\"has-fixed-layout\"><tbody><tr><td>I3A Tatiana J.<\/td><td>i3B Edel M.<\/td><td>I3C Carla A.<\/td><\/tr><tr><td>I4A Marta M.<\/td><td colspan=\"2\">I4B S\u00edlvia C<\/td><\/tr><tr><td>I5a N\u00faria N.<\/td><td colspan=\"2\">I5B S\u00edlvia B.<\/td><\/tr><tr><td>Refor\u00e7<\/td><td colspan=\"2\">Ariadna M, Imma B, N\u00faria R., Delfina T<\/td><\/tr><tr><td>TEI<\/td><td colspan=\"2\">Carmen N.<\/td><\/tr><tr><td>Mestra d\u2019educaci\u00f3 especial<\/td><td colspan=\"2\">Amparo G.&nbsp;<\/td><\/tr><tr><td>Coordinadora<\/td><td colspan=\"2\">Marta M.&nbsp;<\/td><\/tr><\/tbody><\/table><\/figure>\n\n\n\n<p><strong>Cicle Inicial<\/strong><\/p>\n\n\n\n<figure class=\"wp-block-table\"><table class=\"has-fixed-layout\"><tbody><tr><td>1er A Ester S.<\/td><td colspan=\"2\">1erB Elena M.<\/td><\/tr><tr><td>2nA Marta T.<\/td><td colspan=\"2\">2nB Helena M.&nbsp;<\/td><\/tr><tr><td>Refor\u00e7<\/td><td colspan=\"2\">Maria Carmen L,Imma B, \u00c1ngela S i Anna P<\/td><\/tr><tr><td>Mestra d\u2019angl\u00e8s<\/td><td colspan=\"2\">Patri D.<\/td><\/tr><tr><td>Mestra d\u2019educaci\u00f3 especial<\/td><td colspan=\"2\">Bel\u00e9n Ll.&nbsp;<\/td><\/tr><tr><td>Mestre d\u2019educaci\u00f3 f\u00edsica<\/td><td colspan=\"2\">Tom\u00e0s S.&nbsp;<\/td><\/tr><tr><td>Coordinadora<\/td><td colspan=\"2\">Ester S.&nbsp;<\/td><\/tr><\/tbody><\/table><\/figure>\n\n\n\n<p><strong>Cicle Mitj\u00e0<\/strong><\/p>\n\n\n\n<figure class=\"wp-block-table\"><table class=\"has-fixed-layout\"><tbody><tr><td>3erA M\u00f3nica L.<\/td><td>3er B Marcos C.<\/td><td>3erC Carla B.<\/td><\/tr><tr><td>4rtA&nbsp; Laia V.<\/td><td colspan=\"2\">4rtB Marina A.&nbsp;<\/td><\/tr><tr><td>Refor\u00e7<\/td><td colspan=\"2\">M\u00edriam B, Laura M.&nbsp;<\/td><\/tr><tr><td>Mestres d\u2019angl\u00e8s<\/td><td colspan=\"2\">Patri D (3er) i Miquel C. (4rt)<\/td><\/tr><tr><td>Mestra d\u2019educaci\u00f3 especial<\/td><td colspan=\"2\">Beatriz B.&nbsp;<\/td><\/tr><tr><td>Mestres d\u2019educaci\u00f3 f\u00edsica<\/td><td colspan=\"2\">Tom\u00e0s S (3er) Fede H. ( 4rt)<\/td><\/tr><tr><td>Mestra de m\u00fasica<\/td><td colspan=\"2\">Marta S.&nbsp;<\/td><\/tr><tr><td>Mestre de l\u2019aula d\u2019acollida<\/td><td colspan=\"2\">Eva R.&nbsp;<\/td><\/tr><tr><td>Coordinadora<\/td><td colspan=\"2\">Laia V.&nbsp;<\/td><\/tr><\/tbody><\/table><\/figure>\n\n\n\n<p><strong>CICLE SUPERIOR<\/strong><\/p>\n\n\n\n<figure class=\"wp-block-table\"><table class=\"has-fixed-layout\"><tbody><tr><td>5\u00e8A Pablo S.&nbsp;<\/td><td colspan=\"2\">5\u00e8A Laura G.&nbsp;<\/td><\/tr><tr><td>6\u00e8A Rosa A.&nbsp;<\/td><td colspan=\"2\">6\u00e8B M.Rosa S.&nbsp;<\/td><\/tr><tr><td>Refor\u00e7<\/td><td colspan=\"2\">Eva S.&nbsp;<\/td><\/tr><tr><td>Mestra d\u2019angl\u00e8s<\/td><td colspan=\"2\">Miquel C.&nbsp;<\/td><\/tr><tr><td>Mestra d\u2019educaci\u00f3 especial<\/td><td colspan=\"2\">Silvia H.&nbsp;&nbsp;<\/td><\/tr><tr><td>Mestre d\u2019educaci\u00f3 f\u00edsica<\/td><td colspan=\"2\">Fede H.<\/td><\/tr><tr><td>Mestra de m\u00fasica&nbsp;<\/td><td colspan=\"2\">Marta S<\/td><\/tr><tr><td>Mestra de l\u2019aula d\u2019acollida<\/td><td colspan=\"2\">Eva R.&nbsp;<\/td><\/tr><tr><td>Coordinadora<\/td><td colspan=\"2\">Laura G. <\/td><\/tr><\/tbody><\/table><\/figure>\n\n\n\n<figure class=\"wp-block-table\"><table class=\"has-fixed-layout\"><tbody><tr><td>Mestres de religi\u00f3<\/td><td colspan=\"2\">Montse G. i Ibon P<\/td><\/tr><tr><td>Vetlladors<\/td><td colspan=\"2\">Oscar, Sara, Clara<\/td><\/tr><tr><td>T\u00e8cnica d&#8217;integraci\u00f3 social<\/td><td colspan=\"2\">Mireia H.&nbsp;<\/td><\/tr><tr><td>Conserges<\/td><td colspan=\"2\">Eva R. Pedro&nbsp;<\/td><\/tr><tr><td>Coordinadora de menjador<\/td><td colspan=\"2\">Araceli&nbsp;<\/td><\/tr><tr><td>Administraci\u00f3 i documentaci\u00f3<\/td><td colspan=\"2\">Llu\u00eds G.&nbsp;<\/td><\/tr><tr><td>Professorat EMMCA (t\u00e0ndem)<\/td><td colspan=\"2\">Jos\u00e9 P.&nbsp;<\/td><\/tr><tr><td>EAP&nbsp;<\/td><td colspan=\"2\">Oriol P.&nbsp;<\/td><\/tr><tr><td>CREDA<\/td><td colspan=\"2\">Divina L.<\/td><\/tr><\/tbody><\/table><\/figure>\n\n\n\n<figure class=\"wp-block-table\"><table class=\"has-fixed-layout\"><tbody><tr><td>Directora<\/td><td colspan=\"2\">G\u00e0lia F.<\/td><\/tr><tr><td>Cap d\u2019estudis<\/td><td colspan=\"2\">M\u00edriam B.&nbsp;<\/td><\/tr><tr><td>Secret\u00e0ria<\/td><td colspan=\"2\">Alba M.&nbsp;<\/td><\/tr><\/tbody><\/table><\/figure>\n\n\n\n<p><\/p>\n","protected":false},"excerpt":{"rendered":"<p>Educaci\u00f3 Infantil I3A Tatiana J. i3B Edel M. I3C Carla A. I4A Marta M. I4B S\u00edlvia C I5a N\u00faria N. I5B S\u00edlvia B. Refor\u00e7 Ariadna M, Imma B, N\u00faria R., Delfina T TEI Carmen N. Mestra d\u2019educaci\u00f3 especial Amparo G.&nbsp; Coordinadora Marta M.&nbsp; Cicle Inicial 1er A Ester S. 1erB Elena M. 2nA Marta T. [&hellip;]<\/p>\n","protected":false},"author":1,"featured_media":0,"parent":22,"menu_order":10,"comment_status":"closed","ping_status":"closed","template":"","meta":{"_bbp_topic_count":0,"_bbp_reply_count":0,"_bbp_total_topic_count":0,"_bbp_total_reply_count":0,"_bbp_voice_count":0,"_bbp_anonymous_reply_count":0,"_bbp_topic_count_hidden":0,"_bbp_reply_count_hidden":0,"_bbp_forum_subforum_count":0,"site-sidebar-layout":"default","site-content-layout":"","ast-site-content-layout":"default","site-content-style":"default","site-sidebar-style":"default","ast-global-header-display":"","ast-banner-title-visibility":"","ast-main-header-display":"","ast-hfb-above-header-display":"","ast-hfb-below-header-display":"","ast-hfb-mobile-header-display":"","site-post-title":"","ast-breadcrumbs-content":"","ast-featured-img":"","footer-sml-layout":"","theme-transparent-header-meta":"","adv-header-id-meta":"","stick-header-meta":"","header-above-stick-meta":"","header-main-stick-meta":"","header-below-stick-meta":"","astra-migrate-meta-layouts":"set","ast-page-background-enabled":"default","ast-page-background-meta":{"desktop":{"background-color":"var(--ast-global-color-4)","background-image":"","background-repeat":"repeat","background-position":"center center","background-size":"auto","background-attachment":"scroll","background-type":"","background-media":"","overlay-type":"","overlay-color":"","overlay-opacity":"","overlay-gradient":""},"tablet":{"background-color":"","background-image":"","background-repeat":"repeat","background-position":"center center","background-size":"auto","background-attachment":"scroll","background-type":"","background-media":"","overlay-type":"","overlay-color":"","overlay-opacity":"","overlay-gradient":""},"mobile":{"background-color":"","background-image":"","background-repeat":"repeat","background-position":"center center","background-size":"auto","background-attachment":"scroll","background-type":"","background-media":"","overlay-type":"","overlay-color":"","overlay-opacity":"","overlay-gradient":""}},"ast-content-background-meta":{"desktop":{"background-color":"var(--ast-global-color-5)","background-image":"","background-repeat":"repeat","background-position":"center center","background-size":"auto","background-attachment":"scroll","background-type":"","background-media":"","overlay-type":"","overlay-color":"","overlay-opacity":"","overlay-gradient":""},"tablet":{"background-color":"var(--ast-global-color-5)","background-image":"","background-repeat":"repeat","background-position":"center center","background-size":"auto","background-attachment":"scroll","background-type":"","background-media":"","overlay-type":"","overlay-color":"","overlay-opacity":"","overlay-gradient":""},"mobile":{"background-color":"var(--ast-global-color-5)","background-image":"","background-repeat":"repeat","background-position":"center center","background-size":"auto","background-attachment":"scroll","background-type":"","background-media":"","overlay-type":"","overlay-color":"","overlay-opacity":"","overlay-gradient":""}},"footnotes":""},"class_list":["post-2","page","type-page","status-publish","hentry"],"post_mailing_queue_ids":[],"_links":{"self":[{"href":"https:\/\/agora.xtec.cat\/ceip-mariustorres\/wp-json\/wp\/v2\/pages\/2","targetHints":{"allow":["GET"]}}],"collection":[{"href":"https:\/\/agora.xtec.cat\/ceip-mariustorres\/wp-json\/wp\/v2\/pages"}],"about":[{"href":"https:\/\/agora.xtec.cat\/ceip-mariustorres\/wp-json\/wp\/v2\/types\/page"}],"author":[{"embeddable":true,"href":"https:\/\/agora.xtec.cat\/ceip-mariustorres\/wp-json\/wp\/v2\/users\/1"}],"replies":[{"embeddable":true,"href":"https:\/\/agora.xtec.cat\/ceip-mariustorres\/wp-json\/wp\/v2\/comments?post=2"}],"version-history":[{"count":6,"href":"https:\/\/agora.xtec.cat\/ceip-mariustorres\/wp-json\/wp\/v2\/pages\/2\/revisions"}],"predecessor-version":[{"id":3525,"href":"https:\/\/agora.xtec.cat\/ceip-mariustorres\/wp-json\/wp\/v2\/pages\/2\/revisions\/3525"}],"up":[{"embeddable":true,"href":"https:\/\/agora.xtec.cat\/ceip-mariustorres\/wp-json\/wp\/v2\/pages\/22"}],"wp:attachment":[{"href":"https:\/\/agora.xtec.cat\/ceip-mariustorres\/wp-json\/wp\/v2\/media?parent=2"}],"curies":[{"name":"wp","href":"https:\/\/api.w.org\/{rel}","templated":true}]}}