{"id":1723,"date":"2021-06-15T23:23:02","date_gmt":"2021-06-15T21:23:02","guid":{"rendered":"http:\/\/agora.xtec.cat\/ceip-mariustorres\/?page_id=1723"},"modified":"2026-04-09T15:21:06","modified_gmt":"2026-04-09T13:21:06","slug":"projecte-gep-generacio-plurilingue","status":"publish","type":"page","link":"https:\/\/agora.xtec.cat\/ceip-mariustorres\/projecte-gep-generacio-plurilingue\/","title":{"rendered":"L&#8217;AULA D&#8217;ACOLLIDA"},"content":{"rendered":"\n<p>L&#8217;escola disposa d&#8217;un espai molt ben equipat i adaptat a les necessitats de l&#8217;infant nouvingut anomenat: aula d&#8217;acollida. Aquest, est\u00e0 liderat per una mestra especialista, dedicada a l&#8217;aprenentatge de la llengua catalana de manera personalitzada. A banda, aquesta referent t\u00e9 especial cura de l&#8217;adaptaci\u00f3 de l&#8217;infant nouvingut i en fa un seguiment acurat, durant un m\u00ednim de dos anys. \u00c9s en aquest espai, on l&#8217;alumnat apr\u00e8n la llengua catalana, per\u00f2 tamb\u00e9 les nostres tradicions i com \u00e9s, el seu entorn proper.<\/p>\n\n\n\n<figure class=\"wp-block-gallery has-nested-images columns-default is-cropped wp-block-gallery-1 is-layout-flex wp-block-gallery-is-layout-flex\">\n<figure class=\"wp-block-image size-large\"><a href=\"https:\/\/agora.xtec.cat\/ceip-mariustorres\/wp-content\/uploads\/usu915\/2026\/02\/0e82f91c-46d0-45da-80af-0e6fc100889e-1.jpg\"><img loading=\"lazy\" decoding=\"async\" width=\"768\" height=\"1024\" data-id=\"3247\" src=\"https:\/\/agora.xtec.cat\/ceip-mariustorres\/wp-content\/uploads\/usu915\/2026\/02\/0e82f91c-46d0-45da-80af-0e6fc100889e-1-768x1024.jpg\" alt=\"\" class=\"wp-image-3247\" srcset=\"https:\/\/agora.xtec.cat\/ceip-mariustorres\/wp-content\/uploads\/usu915\/2026\/02\/0e82f91c-46d0-45da-80af-0e6fc100889e-1-768x1024.jpg 768w, https:\/\/agora.xtec.cat\/ceip-mariustorres\/wp-content\/uploads\/usu915\/2026\/02\/0e82f91c-46d0-45da-80af-0e6fc100889e-1-225x300.jpg 225w, https:\/\/agora.xtec.cat\/ceip-mariustorres\/wp-content\/uploads\/usu915\/2026\/02\/0e82f91c-46d0-45da-80af-0e6fc100889e-1-1152x1536.jpg 1152w, https:\/\/agora.xtec.cat\/ceip-mariustorres\/wp-content\/uploads\/usu915\/2026\/02\/0e82f91c-46d0-45da-80af-0e6fc100889e-1.jpg 1536w\" sizes=\"auto, (max-width: 768px) 100vw, 768px\" \/><\/a><\/figure>\n\n\n\n<figure class=\"wp-block-image size-large\"><a href=\"https:\/\/agora.xtec.cat\/ceip-mariustorres\/wp-content\/uploads\/usu915\/2026\/02\/12ed1c2c-f21f-4ae8-83ea-77495f7e8ed5-1.jpg\"><img loading=\"lazy\" decoding=\"async\" width=\"1024\" height=\"768\" data-id=\"3243\" src=\"https:\/\/agora.xtec.cat\/ceip-mariustorres\/wp-content\/uploads\/usu915\/2026\/02\/12ed1c2c-f21f-4ae8-83ea-77495f7e8ed5-1-1024x768.jpg\" alt=\"\" class=\"wp-image-3243\" srcset=\"https:\/\/agora.xtec.cat\/ceip-mariustorres\/wp-content\/uploads\/usu915\/2026\/02\/12ed1c2c-f21f-4ae8-83ea-77495f7e8ed5-1-1024x768.jpg 1024w, https:\/\/agora.xtec.cat\/ceip-mariustorres\/wp-content\/uploads\/usu915\/2026\/02\/12ed1c2c-f21f-4ae8-83ea-77495f7e8ed5-1-300x225.jpg 300w, https:\/\/agora.xtec.cat\/ceip-mariustorres\/wp-content\/uploads\/usu915\/2026\/02\/12ed1c2c-f21f-4ae8-83ea-77495f7e8ed5-1-768x576.jpg 768w, https:\/\/agora.xtec.cat\/ceip-mariustorres\/wp-content\/uploads\/usu915\/2026\/02\/12ed1c2c-f21f-4ae8-83ea-77495f7e8ed5-1-1536x1152.jpg 1536w, https:\/\/agora.xtec.cat\/ceip-mariustorres\/wp-content\/uploads\/usu915\/2026\/02\/12ed1c2c-f21f-4ae8-83ea-77495f7e8ed5-1.jpg 1600w\" sizes=\"auto, (max-width: 1024px) 100vw, 1024px\" \/><\/a><\/figure>\n\n\n\n<figure class=\"wp-block-image size-large\"><a href=\"https:\/\/agora.xtec.cat\/ceip-mariustorres\/wp-content\/uploads\/usu915\/2026\/02\/173cbb50-7266-405e-9008-ac09a2c8e83b-1.jpg\"><img loading=\"lazy\" decoding=\"async\" width=\"768\" height=\"1024\" data-id=\"3246\" src=\"https:\/\/agora.xtec.cat\/ceip-mariustorres\/wp-content\/uploads\/usu915\/2026\/02\/173cbb50-7266-405e-9008-ac09a2c8e83b-1-768x1024.jpg\" alt=\"\" class=\"wp-image-3246\" srcset=\"https:\/\/agora.xtec.cat\/ceip-mariustorres\/wp-content\/uploads\/usu915\/2026\/02\/173cbb50-7266-405e-9008-ac09a2c8e83b-1-768x1024.jpg 768w, https:\/\/agora.xtec.cat\/ceip-mariustorres\/wp-content\/uploads\/usu915\/2026\/02\/173cbb50-7266-405e-9008-ac09a2c8e83b-1-225x300.jpg 225w, https:\/\/agora.xtec.cat\/ceip-mariustorres\/wp-content\/uploads\/usu915\/2026\/02\/173cbb50-7266-405e-9008-ac09a2c8e83b-1-1152x1536.jpg 1152w, https:\/\/agora.xtec.cat\/ceip-mariustorres\/wp-content\/uploads\/usu915\/2026\/02\/173cbb50-7266-405e-9008-ac09a2c8e83b-1.jpg 1200w\" sizes=\"auto, (max-width: 768px) 100vw, 768px\" \/><\/a><\/figure>\n\n\n\n<figure class=\"wp-block-image size-large\"><a href=\"https:\/\/agora.xtec.cat\/ceip-mariustorres\/wp-content\/uploads\/usu915\/2026\/02\/be84c6e5-cf1e-4149-ae51-54dd930bbd38-1.jpg\"><img loading=\"lazy\" decoding=\"async\" width=\"768\" height=\"1024\" data-id=\"3245\" src=\"https:\/\/agora.xtec.cat\/ceip-mariustorres\/wp-content\/uploads\/usu915\/2026\/02\/be84c6e5-cf1e-4149-ae51-54dd930bbd38-1-768x1024.jpg\" alt=\"\" class=\"wp-image-3245\" srcset=\"https:\/\/agora.xtec.cat\/ceip-mariustorres\/wp-content\/uploads\/usu915\/2026\/02\/be84c6e5-cf1e-4149-ae51-54dd930bbd38-1-768x1024.jpg 768w, https:\/\/agora.xtec.cat\/ceip-mariustorres\/wp-content\/uploads\/usu915\/2026\/02\/be84c6e5-cf1e-4149-ae51-54dd930bbd38-1-225x300.jpg 225w, https:\/\/agora.xtec.cat\/ceip-mariustorres\/wp-content\/uploads\/usu915\/2026\/02\/be84c6e5-cf1e-4149-ae51-54dd930bbd38-1-1152x1536.jpg 1152w, https:\/\/agora.xtec.cat\/ceip-mariustorres\/wp-content\/uploads\/usu915\/2026\/02\/be84c6e5-cf1e-4149-ae51-54dd930bbd38-1.jpg 1200w\" sizes=\"auto, (max-width: 768px) 100vw, 768px\" \/><\/a><\/figure>\n\n\n\n<figure class=\"wp-block-image size-large\"><a href=\"https:\/\/agora.xtec.cat\/ceip-mariustorres\/wp-content\/uploads\/usu915\/2026\/02\/d173574d-997a-4782-996d-5cbbf54cbb31-1.jpg\"><img loading=\"lazy\" decoding=\"async\" width=\"768\" height=\"1024\" data-id=\"3244\" src=\"https:\/\/agora.xtec.cat\/ceip-mariustorres\/wp-content\/uploads\/usu915\/2026\/02\/d173574d-997a-4782-996d-5cbbf54cbb31-1-768x1024.jpg\" alt=\"\" class=\"wp-image-3244\" srcset=\"https:\/\/agora.xtec.cat\/ceip-mariustorres\/wp-content\/uploads\/usu915\/2026\/02\/d173574d-997a-4782-996d-5cbbf54cbb31-1-768x1024.jpg 768w, https:\/\/agora.xtec.cat\/ceip-mariustorres\/wp-content\/uploads\/usu915\/2026\/02\/d173574d-997a-4782-996d-5cbbf54cbb31-1-225x300.jpg 225w, https:\/\/agora.xtec.cat\/ceip-mariustorres\/wp-content\/uploads\/usu915\/2026\/02\/d173574d-997a-4782-996d-5cbbf54cbb31-1-1152x1536.jpg 1152w, https:\/\/agora.xtec.cat\/ceip-mariustorres\/wp-content\/uploads\/usu915\/2026\/02\/d173574d-997a-4782-996d-5cbbf54cbb31-1.jpg 1200w\" sizes=\"auto, (max-width: 768px) 100vw, 768px\" \/><\/a><\/figure>\n<\/figure>\n\n\n\n<figure class=\"wp-block-gallery has-nested-images columns-default is-cropped wp-block-gallery-2 is-layout-flex wp-block-gallery-is-layout-flex\"><\/figure>\n\n\n\n<p><\/p>\n","protected":false},"excerpt":{"rendered":"<p>L&#8217;escola disposa d&#8217;un espai molt ben equipat i adaptat a les necessitats de l&#8217;infant nouvingut anomenat: aula d&#8217;acollida. Aquest, est\u00e0 liderat per una mestra especialista, dedicada a l&#8217;aprenentatge de la llengua catalana de manera personalitzada. A banda, aquesta referent t\u00e9 especial cura de l&#8217;adaptaci\u00f3 de l&#8217;infant nouvingut i en fa un seguiment acurat, durant un [&hellip;]<\/p>\n","protected":false},"author":1,"featured_media":0,"parent":0,"menu_order":0,"comment_status":"closed","ping_status":"closed","template":"","meta":{"_bbp_topic_count":0,"_bbp_reply_count":0,"_bbp_total_topic_count":0,"_bbp_total_reply_count":0,"_bbp_voice_count":0,"_bbp_anonymous_reply_count":0,"_bbp_topic_count_hidden":0,"_bbp_reply_count_hidden":0,"_bbp_forum_subforum_count":0,"site-sidebar-layout":"default","site-content-layout":"","ast-site-content-layout":"default","site-content-style":"default","site-sidebar-style":"default","ast-global-header-display":"","ast-banner-title-visibility":"","ast-main-header-display":"","ast-hfb-above-header-display":"","ast-hfb-below-header-display":"","ast-hfb-mobile-header-display":"","site-post-title":"","ast-breadcrumbs-content":"","ast-featured-img":"","footer-sml-layout":"","theme-transparent-header-meta":"","adv-header-id-meta":"","stick-header-meta":"","header-above-stick-meta":"","header-main-stick-meta":"","header-below-stick-meta":"","astra-migrate-meta-layouts":"set","ast-page-background-enabled":"default","ast-page-background-meta":{"desktop":{"background-color":"var(--ast-global-color-4)","background-image":"","background-repeat":"repeat","background-position":"center center","background-size":"auto","background-attachment":"scroll","background-type":"","background-media":"","overlay-type":"","overlay-color":"","overlay-opacity":"","overlay-gradient":""},"tablet":{"background-color":"","background-image":"","background-repeat":"repeat","background-position":"center center","background-size":"auto","background-attachment":"scroll","background-type":"","background-media":"","overlay-type":"","overlay-color":"","overlay-opacity":"","overlay-gradient":""},"mobile":{"background-color":"","background-image":"","background-repeat":"repeat","background-position":"center center","background-size":"auto","background-attachment":"scroll","background-type":"","background-media":"","overlay-type":"","overlay-color":"","overlay-opacity":"","overlay-gradient":""}},"ast-content-background-meta":{"desktop":{"background-color":"var(--ast-global-color-5)","background-image":"","background-repeat":"repeat","background-position":"center center","background-size":"auto","background-attachment":"scroll","background-type":"","background-media":"","overlay-type":"","overlay-color":"","overlay-opacity":"","overlay-gradient":""},"tablet":{"background-color":"var(--ast-global-color-5)","background-image":"","background-repeat":"repeat","background-position":"center center","background-size":"auto","background-attachment":"scroll","background-type":"","background-media":"","overlay-type":"","overlay-color":"","overlay-opacity":"","overlay-gradient":""},"mobile":{"background-color":"var(--ast-global-color-5)","background-image":"","background-repeat":"repeat","background-position":"center center","background-size":"auto","background-attachment":"scroll","background-type":"","background-media":"","overlay-type":"","overlay-color":"","overlay-opacity":"","overlay-gradient":""}},"footnotes":""},"class_list":["post-1723","page","type-page","status-publish","hentry"],"post_mailing_queue_ids":[],"_links":{"self":[{"href":"https:\/\/agora.xtec.cat\/ceip-mariustorres\/wp-json\/wp\/v2\/pages\/1723","targetHints":{"allow":["GET"]}}],"collection":[{"href":"https:\/\/agora.xtec.cat\/ceip-mariustorres\/wp-json\/wp\/v2\/pages"}],"about":[{"href":"https:\/\/agora.xtec.cat\/ceip-mariustorres\/wp-json\/wp\/v2\/types\/page"}],"author":[{"embeddable":true,"href":"https:\/\/agora.xtec.cat\/ceip-mariustorres\/wp-json\/wp\/v2\/users\/1"}],"replies":[{"embeddable":true,"href":"https:\/\/agora.xtec.cat\/ceip-mariustorres\/wp-json\/wp\/v2\/comments?post=1723"}],"version-history":[{"count":6,"href":"https:\/\/agora.xtec.cat\/ceip-mariustorres\/wp-json\/wp\/v2\/pages\/1723\/revisions"}],"predecessor-version":[{"id":3528,"href":"https:\/\/agora.xtec.cat\/ceip-mariustorres\/wp-json\/wp\/v2\/pages\/1723\/revisions\/3528"}],"wp:attachment":[{"href":"https:\/\/agora.xtec.cat\/ceip-mariustorres\/wp-json\/wp\/v2\/media?parent=1723"}],"curies":[{"name":"wp","href":"https:\/\/api.w.org\/{rel}","templated":true}]}}