{"id":884,"date":"2019-11-06T16:44:53","date_gmt":"2019-11-06T15:44:53","guid":{"rendered":"https:\/\/agora.xtec.cat\/ceip-marinada\/?page_id=884"},"modified":"2025-10-09T13:50:13","modified_gmt":"2025-10-09T11:50:13","slug":"organigrama","status":"publish","type":"page","link":"https:\/\/agora.xtec.cat\/ceip-marinada\/lescola\/organigrama\/","title":{"rendered":"Organigrama"},"content":{"rendered":"<table style=\"border-collapse: collapse; width: 102.635%; height: 610px;\">\n<tbody>\n<tr style=\"height: 51px;\">\n<td style=\"width: 40.4055%; text-align: center; height: 51px;\" colspan=\"2\">\n<h6><span style=\"color: #0090d6;\">Educaci\u00f3 Infantil<\/span><\/h6>\n<\/td>\n<td style=\"width: 19.027%; text-align: center; height: 51px;\">\n<h6><span style=\"color: #0090d6;\">Cicle Inicial<\/span><\/h6>\n<\/td>\n<td style=\"width: 18.5083%; text-align: center; height: 51px;\">\n<h6><span style=\"color: #0090d6;\">Cicle Mitj\u00e0<\/span><\/h6>\n<\/td>\n<td style=\"width: 24.7051%; text-align: center; height: 51px;\">\n<h6><span style=\"color: #0090d6;\">Cicle Superior<\/span><\/h6>\n<\/td>\n<\/tr>\n<tr style=\"height: 52px;\">\n<td style=\"text-align: center; width: 22.0271%; height: 125px;\">\n<h6>Aula Vermella<\/h6>\n<p>Bea Var\u00f3n<\/td>\n<td style=\"text-align: center; width: 18.3784%; height: 125px;\">\n<h6>Aula Groga<\/h6>\n<p><span style=\"font-family: inherit; font-size: 16px;\">Bea D\u00edaz<\/span><\/td>\n<td style=\"text-align: center; width: 19.027%; height: 125px;\">\n<h6>1r<\/h6>\n<p>Miriam Ar\u00e9valo<\/td>\n<td style=\"text-align: center; width: 18.5083%; height: 125px;\">\n<h6>3r<\/h6>\n<p><span style=\"font-family: inherit; font-size: 16px;\">Marina Segu\u00e9s<\/span><\/td>\n<td style=\"text-align: center; width: 24.7051%; height: 125px;\">\n<h6>5\u00e8<\/h6>\n<p><span style=\"font-family: inherit; font-size: 16px;\">Mariona Chicot<\/span><\/td>\n<\/tr>\n<tr style=\"height: 144px;\">\n<td style=\"text-align: center; height: 149px; width: 22.0271%;\">\n<h6>Aula Verda<\/h6>\n<p><span style=\"font-family: inherit; font-size: 16px;\">S\u00f2nia Martin<\/span><\/td>\n<td style=\"text-align: center; height: 149px; width: 18.3784%;\">\n<h6>Aula Blava<\/h6>\n<p><span style=\"font-family: inherit; font-size: 16px;\">Laura <\/span><span style=\"font-family: inherit; font-size: 16px;\">Collantes<\/span><\/td>\n<td style=\"text-align: center; height: 149px; width: 19.027%;\">\n<h6>2n<\/h6>\n<p><span style=\"font-family: inherit; font-size: 16px;\">Menchu Asensio<\/span><\/td>\n<td style=\"text-align: center; height: 149px; width: 18.5083%;\">\n<h6>4t<\/h6>\n<p>Anna Bruguera \/ Xavi Pla<\/td>\n<td style=\"text-align: center; height: 149px; width: 24.7051%;\">\n<h6>6\u00e8<\/h6>\n<p><span style=\"font-family: inherit; font-size: 16px;\">Paula L\u00f3pez<\/span><\/td>\n<\/tr>\n<tr style=\"height: 225px;\">\n<td style=\"text-align: center; height: 150px; width: 40.4055%;\" colspan=\"2\">\n<h6><b><strong>Angl\u00e8s: <\/strong><\/b><\/h6>\n<p>S\u00f2nia Martin<\/p>\n<p>&nbsp;<\/td>\n<td style=\"text-align: center; height: 150px; width: 19.027%;\">\n<h6>Angl\u00e8s:<\/h6>\n<p>M\u00edriam Arevalo<\/p>\n<h6>Pl\u00e0stica:<\/h6>\n<p>Mar Gasc\u00f3<\/td>\n<td style=\"height: 150px; width: 18.5083%;\">\n<h6 style=\"text-align: center;\">Angl\u00e8s:<\/h6>\n<p style=\"text-align: center;\">Luc\u00eda Belda<\/p>\n<h6 style=\"text-align: center;\">Pl\u00e0stica:<\/h6>\n<p style=\"text-align: center;\">Mar Gasc\u00f3<\/p>\n<\/td>\n<td style=\"text-align: center; height: 150px; width: 24.7051%;\">\n<h6>Angl\u00e8s:<\/h6>\n<p><span style=\"font-family: inherit; font-size: 16px;\">Paula L\u00f3pez<\/span><\/p>\n<h6>Pl\u00e0stica:<\/h6>\n<p>Mariona Chicot<\/td>\n<\/tr>\n<tr style=\"height: 50px;\">\n<td style=\"text-align: center; height: 59px; width: 40.4055%;\" colspan=\"2\"><\/td>\n<td style=\"text-align: center; height: 59px; width: 62.2404%;\" colspan=\"3\">\n<h6>Educaci\u00f3 F\u00edsica:<\/h6>\n<p>Francesc Alemany<\/td>\n<\/tr>\n<tr style=\"height: 50px;\">\n<td style=\"text-align: center; height: 76px; width: 40.4055%;\" colspan=\"2\">\n<h6>Coordinadora Infantil:<\/h6>\n<p>Laura Collantes<\/td>\n<td style=\"text-align: center; height: 76px; width: 62.2404%;\" colspan=\"3\">\n<h6>Coordinadora Prim\u00e0ria:<\/h6>\n<p>Laura Espelt<\/td>\n<\/tr>\n<\/tbody>\n<\/table>\n<table style=\"border-collapse: collapse; width: 101.94%; height: 170px;\">\n<tbody>\n<tr style=\"height: 138px;\">\n<td style=\"width: 53.0612%; height: 160px;\">\n<p style=\"text-align: right;\"><strong>Educaci\u00f3 especial:<\/strong><\/p>\n<p style=\"text-align: right;\"><strong>M\u00fasica:\u00a0 \u00a0 \u00a0 \u00a0 \u00a0 \u00a0 \u00a0 \u00a0 \u00a0 \u00a0 \u00a0\u00a0<\/strong><\/p>\n<p style=\"text-align: right;\"><strong>Vetlladores:\u00a0 \u00a0 \u00a0 \u00a0 \u00a0 \u00a0 \u00a0<\/strong><\/p>\n<\/td>\n<td style=\"width: 46.9388%; height: 160px;\">Laura Espelt<\/p>\n<p>Carles Santonja<\/p>\n<p>Clara Camps\/Nuria Murlans<\/td>\n<\/tr>\n<\/tbody>\n<\/table>\n<h6>\u00a0 \u00a0 \u00a0 \u00a0 \u00a0 \u00a0 \u00a0 \u00a0 \u00a0 \u00a0 \u00a0 \u00a0 \u00a0 \u00a0 \u00a0 \u00a0 \u00a0 \u00a0 \u00a0 \u00a0 \u00a0 \u00a0 \u00a0 \u00a0 \u00a0 \u00a0 \u00a0 \u00a0 \u00a0 \u00a0 \u00a0 \u00a0 \u00a0 \u00a0 \u00a0 \u00a0 \u00a0 \u00a0 \u00a0 \u00a0 \u00a0 \u00a0 \u00a0 \u00a0 \u00a0 \u00a0 \u00a0 \u00a0<span style=\"color: #0090d6;\">Equip directiu<\/span><\/h6>\n<table>\n<tbody>\n<tr>\n<td style=\"text-align: right;\"><strong>Secretari\u00a0 \u00a0 \u00a0 \u00a0 \u00a0\u00a0<\/strong><\/td>\n<td>Francesc Alemany<\/td>\n<\/tr>\n<tr>\n<td style=\"text-align: right;\"><strong>Cap d\u2019estudis\u00a0<\/strong><\/td>\n<td>Carme Barragan<\/td>\n<\/tr>\n<tr>\n<td style=\"text-align: right;\"><strong>Directora\u00a0 \u00a0 \u00a0 \u00a0\u00a0<\/strong><\/td>\n<td>Maria Matas Garcia<\/td>\n<\/tr>\n<\/tbody>\n<\/table>\n","protected":false},"excerpt":{"rendered":"<p>Educaci\u00f3 Infantil Cicle Inicial Cicle Mitj\u00e0 Cicle Superior Aula Vermella Bea Var\u00f3n Aula Groga Bea D\u00edaz 1r Miriam Ar\u00e9valo 3r [&hellip;]<\/p>\n","protected":false},"author":1,"featured_media":0,"parent":4440,"menu_order":4,"comment_status":"closed","ping_status":"closed","template":"","meta":{"_bbp_topic_count":0,"_bbp_reply_count":0,"_bbp_total_topic_count":0,"_bbp_total_reply_count":0,"_bbp_voice_count":0,"_bbp_anonymous_reply_count":0,"_bbp_topic_count_hidden":0,"_bbp_reply_count_hidden":0,"_bbp_forum_subforum_count":0,"site-sidebar-layout":"default","site-content-layout":"","ast-site-content-layout":"default","site-content-style":"default","site-sidebar-style":"default","ast-global-header-display":"","ast-banner-title-visibility":"","ast-main-header-display":"","ast-hfb-above-header-display":"","ast-hfb-below-header-display":"","ast-hfb-mobile-header-display":"","site-post-title":"","ast-breadcrumbs-content":"","ast-featured-img":"","footer-sml-layout":"","theme-transparent-header-meta":"default","adv-header-id-meta":"","stick-header-meta":"","header-above-stick-meta":"","header-main-stick-meta":"","header-below-stick-meta":"","astra-migrate-meta-layouts":"set","ast-page-background-enabled":"default","ast-page-background-meta":{"desktop":{"background-color":"var(--ast-global-color-4)","background-image":"","background-repeat":"repeat","background-position":"center center","background-size":"auto","background-attachment":"scroll","background-type":"","background-media":"","overlay-type":"","overlay-color":"","overlay-opacity":"","overlay-gradient":""},"tablet":{"background-color":"","background-image":"","background-repeat":"repeat","background-position":"center center","background-size":"auto","background-attachment":"scroll","background-type":"","background-media":"","overlay-type":"","overlay-color":"","overlay-opacity":"","overlay-gradient":""},"mobile":{"background-color":"","background-image":"","background-repeat":"repeat","background-position":"center center","background-size":"auto","background-attachment":"scroll","background-type":"","background-media":"","overlay-type":"","overlay-color":"","overlay-opacity":"","overlay-gradient":""}},"ast-content-background-meta":{"desktop":{"background-color":"var(--ast-global-color-5)","background-image":"","background-repeat":"repeat","background-position":"center center","background-size":"auto","background-attachment":"scroll","background-type":"","background-media":"","overlay-type":"","overlay-color":"","overlay-opacity":"","overlay-gradient":""},"tablet":{"background-color":"var(--ast-global-color-5)","background-image":"","background-repeat":"repeat","background-position":"center center","background-size":"auto","background-attachment":"scroll","background-type":"","background-media":"","overlay-type":"","overlay-color":"","overlay-opacity":"","overlay-gradient":""},"mobile":{"background-color":"var(--ast-global-color-5)","background-image":"","background-repeat":"repeat","background-position":"center center","background-size":"auto","background-attachment":"scroll","background-type":"","background-media":"","overlay-type":"","overlay-color":"","overlay-opacity":"","overlay-gradient":""}},"footnotes":""},"class_list":["post-884","page","type-page","status-publish","hentry"],"post_mailing_queue_ids":[],"_links":{"self":[{"href":"https:\/\/agora.xtec.cat\/ceip-marinada\/wp-json\/wp\/v2\/pages\/884","targetHints":{"allow":["GET"]}}],"collection":[{"href":"https:\/\/agora.xtec.cat\/ceip-marinada\/wp-json\/wp\/v2\/pages"}],"about":[{"href":"https:\/\/agora.xtec.cat\/ceip-marinada\/wp-json\/wp\/v2\/types\/page"}],"author":[{"embeddable":true,"href":"https:\/\/agora.xtec.cat\/ceip-marinada\/wp-json\/wp\/v2\/users\/1"}],"replies":[{"embeddable":true,"href":"https:\/\/agora.xtec.cat\/ceip-marinada\/wp-json\/wp\/v2\/comments?post=884"}],"version-history":[{"count":8,"href":"https:\/\/agora.xtec.cat\/ceip-marinada\/wp-json\/wp\/v2\/pages\/884\/revisions"}],"predecessor-version":[{"id":4872,"href":"https:\/\/agora.xtec.cat\/ceip-marinada\/wp-json\/wp\/v2\/pages\/884\/revisions\/4872"}],"up":[{"embeddable":true,"href":"https:\/\/agora.xtec.cat\/ceip-marinada\/wp-json\/wp\/v2\/pages\/4440"}],"wp:attachment":[{"href":"https:\/\/agora.xtec.cat\/ceip-marinada\/wp-json\/wp\/v2\/media?parent=884"}],"curies":[{"name":"wp","href":"https:\/\/api.w.org\/{rel}","templated":true}]}}