{"id":5095,"date":"2026-03-01T21:01:13","date_gmt":"2026-03-01T20:01:13","guid":{"rendered":"https:\/\/agora.xtec.cat\/ceip-marinada\/?page_id=5095"},"modified":"2026-04-23T11:36:39","modified_gmt":"2026-04-23T09:36:39","slug":"preinscripcio-2026-2027","status":"publish","type":"page","link":"https:\/\/agora.xtec.cat\/ceip-marinada\/preinscripcio-2026-2027\/","title":{"rendered":"Preinscripci\u00f3 2026-2027"},"content":{"rendered":"<h4><img decoding=\"async\" src=\"https:\/\/preinscripcio.gencat.cat\/web\/.content\/inici\/imatge-impacte.jpg\" alt=\"Portal de preinscripci\u00f3 del Departament d\u2019Educaci\u00f3 i Formaci\u00f3 Professional\" \/><\/h4>\n<h4><\/h4>\n<p><strong>La preinscripci\u00f3 escolar a l\u2019educaci\u00f3 infantil i prim\u00e0ria:<\/strong><\/p>\n<ul>\n<li>\n<h5><strong style=\"font-size: 1.2em;\"><a href=\"https:\/\/preinscripcio.gencat.cat\/ca\/estudis\/infantil-3-6\/informat\/calendari\/\">Calendari i terminis<\/a><\/strong><\/h5>\n<\/li>\n<li>\n<h5><strong><a href=\"https:\/\/preinscripcio.gencat.cat\/ca\/estudis\/infantil-3-6\/informat\/criteris-assignacio\/\">Criteris de selecci\u00f3, prioritzaci\u00f3 i desempat<\/a><\/strong><\/h5>\n<\/li>\n<li>\n<h5><strong><a href=\"https:\/\/preinscripcio.gencat.cat\/ca\/estudis\/infantil-3-6\/inici\/\">Guia per a la preinscripci\u00f3 i matr\u00edcula 2026-2027<\/a><\/strong><\/h5>\n<\/li>\n<li>\n<h5><strong><a href=\"https:\/\/drive.google.com\/file\/d\/1NYkbdmQv8Lkhtp547Ku-80qzkiErH2Pi\/view?usp=sharing\">Oferta Inicial<\/a><\/strong><\/h5>\n<\/li>\n<li>\n<h5><a href=\"https:\/\/drive.google.com\/file\/d\/1F11DIiE_dNHk2P0H18R7l3nvAKQTemjd\/view?usp=sharing\">Llistat de sol\u00b7licituds amb la puntuaci\u00f3 provisional<\/a><\/h5>\n<\/li>\n<li>\n<h5>Presentaci\u00f3 de reclamacions: Del 15 al 20 d&#8217;abril de 2026.<\/h5>\n<\/li>\n<li>\n<h5><a href=\"https:\/\/drive.google.com\/file\/d\/11cyueRE1UYZgOe_0KDZLNO4Cj2VyRF6i\/view?usp=sharing\">Llistat de sol\u00b7licituds un cop resoltes les reclamacions<\/a><\/h5>\n<\/li>\n<\/ul>\n<h5>Durant aquest per\u00edode, si detectes alguna errada o anomalia en el barem assignat, pots presentar una reclamaci\u00f3 (utilitzant l&#8217;eina electr\u00f2nica per adjuntar reclamacions).<\/h5>\n","protected":false},"excerpt":{"rendered":"<p>La preinscripci\u00f3 escolar a l\u2019educaci\u00f3 infantil i prim\u00e0ria: Calendari i terminis Criteris de selecci\u00f3, prioritzaci\u00f3 i desempat Guia per a [&hellip;]<\/p>\n","protected":false},"author":1,"featured_media":0,"parent":0,"menu_order":0,"comment_status":"closed","ping_status":"closed","template":"","meta":{"_bbp_topic_count":0,"_bbp_reply_count":0,"_bbp_total_topic_count":0,"_bbp_total_reply_count":0,"_bbp_voice_count":0,"_bbp_anonymous_reply_count":0,"_bbp_topic_count_hidden":0,"_bbp_reply_count_hidden":0,"_bbp_forum_subforum_count":0,"site-sidebar-layout":"default","site-content-layout":"","ast-site-content-layout":"default","site-content-style":"default","site-sidebar-style":"default","ast-global-header-display":"","ast-banner-title-visibility":"","ast-main-header-display":"","ast-hfb-above-header-display":"","ast-hfb-below-header-display":"","ast-hfb-mobile-header-display":"","site-post-title":"","ast-breadcrumbs-content":"","ast-featured-img":"","footer-sml-layout":"","theme-transparent-header-meta":"default","adv-header-id-meta":"","stick-header-meta":"","header-above-stick-meta":"","header-main-stick-meta":"","header-below-stick-meta":"","astra-migrate-meta-layouts":"set","ast-page-background-enabled":"default","ast-page-background-meta":{"desktop":{"background-color":"var(--ast-global-color-4)","background-image":"","background-repeat":"repeat","background-position":"center center","background-size":"auto","background-attachment":"scroll","background-type":"","background-media":"","overlay-type":"","overlay-color":"","overlay-opacity":"","overlay-gradient":""},"tablet":{"background-color":"","background-image":"","background-repeat":"repeat","background-position":"center center","background-size":"auto","background-attachment":"scroll","background-type":"","background-media":"","overlay-type":"","overlay-color":"","overlay-opacity":"","overlay-gradient":""},"mobile":{"background-color":"","background-image":"","background-repeat":"repeat","background-position":"center center","background-size":"auto","background-attachment":"scroll","background-type":"","background-media":"","overlay-type":"","overlay-color":"","overlay-opacity":"","overlay-gradient":""}},"ast-content-background-meta":{"desktop":{"background-color":"var(--ast-global-color-5)","background-image":"","background-repeat":"repeat","background-position":"center center","background-size":"auto","background-attachment":"scroll","background-type":"","background-media":"","overlay-type":"","overlay-color":"","overlay-opacity":"","overlay-gradient":""},"tablet":{"background-color":"var(--ast-global-color-5)","background-image":"","background-repeat":"repeat","background-position":"center center","background-size":"auto","background-attachment":"scroll","background-type":"","background-media":"","overlay-type":"","overlay-color":"","overlay-opacity":"","overlay-gradient":""},"mobile":{"background-color":"var(--ast-global-color-5)","background-image":"","background-repeat":"repeat","background-position":"center center","background-size":"auto","background-attachment":"scroll","background-type":"","background-media":"","overlay-type":"","overlay-color":"","overlay-opacity":"","overlay-gradient":""}},"footnotes":""},"class_list":["post-5095","page","type-page","status-publish","hentry"],"post_mailing_queue_ids":[],"_links":{"self":[{"href":"https:\/\/agora.xtec.cat\/ceip-marinada\/wp-json\/wp\/v2\/pages\/5095","targetHints":{"allow":["GET"]}}],"collection":[{"href":"https:\/\/agora.xtec.cat\/ceip-marinada\/wp-json\/wp\/v2\/pages"}],"about":[{"href":"https:\/\/agora.xtec.cat\/ceip-marinada\/wp-json\/wp\/v2\/types\/page"}],"author":[{"embeddable":true,"href":"https:\/\/agora.xtec.cat\/ceip-marinada\/wp-json\/wp\/v2\/users\/1"}],"replies":[{"embeddable":true,"href":"https:\/\/agora.xtec.cat\/ceip-marinada\/wp-json\/wp\/v2\/comments?post=5095"}],"version-history":[{"count":8,"href":"https:\/\/agora.xtec.cat\/ceip-marinada\/wp-json\/wp\/v2\/pages\/5095\/revisions"}],"predecessor-version":[{"id":5310,"href":"https:\/\/agora.xtec.cat\/ceip-marinada\/wp-json\/wp\/v2\/pages\/5095\/revisions\/5310"}],"wp:attachment":[{"href":"https:\/\/agora.xtec.cat\/ceip-marinada\/wp-json\/wp\/v2\/media?parent=5095"}],"curies":[{"name":"wp","href":"https:\/\/api.w.org\/{rel}","templated":true}]}}