{"id":711,"date":"2018-01-28T18:15:30","date_gmt":"2018-01-28T17:15:30","guid":{"rendered":"http:\/\/agora.xtec.cat\/ceip-marinada-barcelona\/?page_id=711"},"modified":"2020-03-26T09:00:20","modified_gmt":"2020-03-26T08:00:20","slug":"recursos-educatius","status":"publish","type":"page","link":"https:\/\/agora.xtec.cat\/ceip-marinada-barcelona\/projecte-educatiu\/recursos-educatius\/","title":{"rendered":"Recursos educatius"},"content":{"rendered":"<p>Si vols treballar amb SCRATCH, clica la imatge.<\/p>\n<p><a href=\"https:\/\/sites.google.com\/a\/xtec.cat\/roboticaeducativa\/taller-scratch\" target=\"_blank\" rel=\"noopener noreferrer\"><img loading=\"lazy\" decoding=\"async\" class=\"wp-image-703 aligncenter\" src=\"http:\/\/agora.xtec.cat\/ceip-marinada-barcelona\/wp-content\/uploads\/usu1756\/2018\/01\/robots-1024x248.jpg\" alt=\"\" width=\"701\" height=\"170\" srcset=\"https:\/\/agora.xtec.cat\/ceip-marinada-barcelona\/wp-content\/uploads\/usu1756\/2018\/01\/robots-1024x248.jpg 1024w, https:\/\/agora.xtec.cat\/ceip-marinada-barcelona\/wp-content\/uploads\/usu1756\/2018\/01\/robots-300x73.jpg 300w, https:\/\/agora.xtec.cat\/ceip-marinada-barcelona\/wp-content\/uploads\/usu1756\/2018\/01\/robots-768x186.jpg 768w, https:\/\/agora.xtec.cat\/ceip-marinada-barcelona\/wp-content\/uploads\/usu1756\/2018\/01\/robots.jpg 1340w\" sizes=\"auto, (max-width: 701px) 100vw, 701px\" \/><\/a><\/p>\n<p align=\"center\"><b><span style=\"font-size: large;\">P\u00c0GINES WEBS D&#8217;INTER\u00c8S<\/span><\/b><\/p>\n<p><span style=\"color: #000000; font-size: medium;\">Aquest apartat \u00e9s un recull de p\u00e0gines WEBS que poden ser interessants per les fam\u00edlies i, sobretot, pels alumnes de la nostra escola. Aqu\u00ed\u00a0us donem diverses direccions on poder accedir d&#8217;una manera r\u00e0pida i f\u00e0cil i que ofereixen jocs i activitats per a treballar aspectes importants del seu desenvolupament educatiu.(Cliqueu sobre la imatge)<\/span><\/p>\n<p style=\"text-align: center;\"><strong>Recursos i activitats per alumnes de P3 a 2n<\/strong><\/p>\n<p style=\"text-align: center;\"><a href=\"http:\/\/www.ceip-diputacio.com\/portadaEI-CI.htm\" target=\"_blank\" rel=\"noopener noreferrer\"><img loading=\"lazy\" decoding=\"async\" class=\"alignnone wp-image-741\" src=\"http:\/\/agora.xtec.cat\/ceip-marinada-barcelona\/wp-content\/uploads\/usu1756\/2018\/01\/portada-recursos-CI.jpg\" alt=\"\" width=\"453\" height=\"294\" srcset=\"https:\/\/agora.xtec.cat\/ceip-marinada-barcelona\/wp-content\/uploads\/usu1756\/2018\/01\/portada-recursos-CI.jpg 956w, https:\/\/agora.xtec.cat\/ceip-marinada-barcelona\/wp-content\/uploads\/usu1756\/2018\/01\/portada-recursos-CI-300x195.jpg 300w, https:\/\/agora.xtec.cat\/ceip-marinada-barcelona\/wp-content\/uploads\/usu1756\/2018\/01\/portada-recursos-CI-768x499.jpg 768w\" sizes=\"auto, (max-width: 453px) 100vw, 453px\" \/><\/a><\/p>\n<p style=\"text-align: center;\"><strong>Recursos i activitats per alumnes de\u00a03r a\u00a06\u00e8<\/strong><\/p>\n<p style=\"text-align: center;\"><a href=\"http:\/\/www.ceip-diputacio.com\/portadaCM-CS.htm\" target=\"_blank\" rel=\"noopener noreferrer\"><img loading=\"lazy\" decoding=\"async\" class=\"alignnone wp-image-781\" src=\"http:\/\/agora.xtec.cat\/ceip-marinada-barcelona\/wp-content\/uploads\/usu1756\/2018\/02\/recursos-CS-1024x742.jpg\" alt=\"\" width=\"475\" height=\"344\" srcset=\"https:\/\/agora.xtec.cat\/ceip-marinada-barcelona\/wp-content\/uploads\/usu1756\/2018\/02\/recursos-CS-1024x742.jpg 1024w, https:\/\/agora.xtec.cat\/ceip-marinada-barcelona\/wp-content\/uploads\/usu1756\/2018\/02\/recursos-CS-300x217.jpg 300w, https:\/\/agora.xtec.cat\/ceip-marinada-barcelona\/wp-content\/uploads\/usu1756\/2018\/02\/recursos-CS-768x557.jpg 768w, https:\/\/agora.xtec.cat\/ceip-marinada-barcelona\/wp-content\/uploads\/usu1756\/2018\/02\/recursos-CS.jpg 1032w\" sizes=\"auto, (max-width: 475px) 100vw, 475px\" \/><\/a><\/p>\n<div style=\"text-align: center;\"><strong>ACTIVITATS I JOCS PER ENTRENAR EL C\u00c0LCUL MENTAL<\/strong><\/div>\n<div style=\"text-align: center;\"><\/div>\n<div><i>\u00a0Entrena el teu cervell i\u00a0 millora\u00a0el\u00a0teu nivell de c\u00e0lcul mental amb aquests exercicis. \u00a0<\/i><\/div>\n<div><\/div>\n<div><\/div>\n<p><a href=\"http:\/\/www3.gobiernodecanarias.org\/medusa\/eltanquematematico\/todo_mate\/calculo_m\/calculomental_p_p.html\" target=\"_blank\" rel=\"noopener noreferrer\"><img loading=\"lazy\" decoding=\"async\" class=\"wp-image-744 aligncenter\" src=\"http:\/\/agora.xtec.cat\/ceip-marinada-barcelona\/wp-content\/uploads\/usu1756\/2018\/01\/c\u00e0lcul-mental.jpg\" alt=\"\" width=\"305\" height=\"230\" srcset=\"https:\/\/agora.xtec.cat\/ceip-marinada-barcelona\/wp-content\/uploads\/usu1756\/2018\/01\/c\u00e0lcul-mental.jpg 865w, https:\/\/agora.xtec.cat\/ceip-marinada-barcelona\/wp-content\/uploads\/usu1756\/2018\/01\/c\u00e0lcul-mental-300x226.jpg 300w, https:\/\/agora.xtec.cat\/ceip-marinada-barcelona\/wp-content\/uploads\/usu1756\/2018\/01\/c\u00e0lcul-mental-768x579.jpg 768w, https:\/\/agora.xtec.cat\/ceip-marinada-barcelona\/wp-content\/uploads\/usu1756\/2018\/01\/c\u00e0lcul-mental-200x150.jpg 200w\" sizes=\"auto, (max-width: 305px) 100vw, 305px\" \/><\/a><\/p>\n<p><b>A<\/b><span style=\"font-size: medium;\"><i><span style=\"color: #ff9933;\">\u00a0Usa el Coco<\/span><\/i><\/span><b>\u00a0trobar\u00e0s gran quantitat d&#8217;exercicis matem\u00e0tics:\u00a0\u00a0resoluci\u00f3 de problemes, activitats de enraonament, criptogrames, pr\u00e0ctica\u00a0del c\u00e0lcul\u00a0mental, quadrats m\u00e0gics, s\u00e8ries matem\u00e0tiques, problemes de numeraci\u00f3, endevinalles, test&#8230;<\/b><\/p>\n<p style=\"text-align: center;\"><a href=\"http:\/\/www.usaelcoco.com\/\" target=\"_blank\" rel=\"noopener noreferrer\"><img loading=\"lazy\" decoding=\"async\" class=\"alignnone wp-image-838\" src=\"http:\/\/agora.xtec.cat\/ceip-marinada-barcelona\/wp-content\/uploads\/usu1756\/2018\/02\/mates.jpg\" alt=\"\" width=\"276\" height=\"245\" srcset=\"https:\/\/agora.xtec.cat\/ceip-marinada-barcelona\/wp-content\/uploads\/usu1756\/2018\/02\/mates.jpg 957w, https:\/\/agora.xtec.cat\/ceip-marinada-barcelona\/wp-content\/uploads\/usu1756\/2018\/02\/mates-300x266.jpg 300w, https:\/\/agora.xtec.cat\/ceip-marinada-barcelona\/wp-content\/uploads\/usu1756\/2018\/02\/mates-768x680.jpg 768w\" sizes=\"auto, (max-width: 276px) 100vw, 276px\" \/><\/a><\/p>\n<p>Us poseu a prova&#8230;.!Aqu\u00ed us deixem molts recursos de c\u00e0lcul mental a\u00a0prim\u00e0ria. Trobareu activitats de\u00a0sumes on cal descobrir el nombre que falta. M\u00e9s\u00a0de\u00a0200 fitxes\u00a0per\u00a0descarregar i imprimir on es treballa la numeraci\u00f3. M\u00e9s\u00a0de\u00a0600 fitxes\u00a0de\u00a0c\u00e0lcul\u00a0per\u00a0poder practicar molt\u00edssim i aprendre molt.<\/p>\n<p><a href=\"http:\/\/www.xtec.cat\/centres\/c5003822\/sisena_hora\/matematiques.htm\"><img loading=\"lazy\" decoding=\"async\" class=\"wp-image-3020 aligncenter\" src=\"https:\/\/agora.xtec.cat\/ceip-marinada-barcelona\/wp-content\/uploads\/usu1756\/2020\/03\/mates-divertides-1024x698.jpg\" alt=\"\" width=\"418\" height=\"285\" srcset=\"https:\/\/agora.xtec.cat\/ceip-marinada-barcelona\/wp-content\/uploads\/usu1756\/2020\/03\/mates-divertides.jpg 1024w, https:\/\/agora.xtec.cat\/ceip-marinada-barcelona\/wp-content\/uploads\/usu1756\/2020\/03\/mates-divertides-300x204.jpg 300w, https:\/\/agora.xtec.cat\/ceip-marinada-barcelona\/wp-content\/uploads\/usu1756\/2020\/03\/mates-divertides-768x524.jpg 768w\" sizes=\"auto, (max-width: 418px) 100vw, 418px\" \/><\/a><\/p>\n<h4>Manualitats<\/h4>\n<p>Penseu en tot all\u00f2 que puguem fer d\u2019una manera divertida i creativa per despertar la nostra imaginaci\u00f3. Hi trobareu un recull de manualitats amb materials diferents, la majoria els podeu trobar per casa o s\u00f3n barats i f\u00e0cils d\u2019aconseguir. Manualitats creatives amb cartr\u00f3, tubs de cartr\u00f3, pals de gelats o cartolines de colors. Tamb\u00e9 n\u2019hi ha manualitats perqu\u00e8 despr\u00e9s pugueu\u00a0 jugar o decorar la vostra habitaci\u00f3. Trobareu totes les manualitats per fer-les classificades segons el tipus de material utilitzat\u00a0 o segons la tem\u00e0tica.<a href=\"https:\/\/totnens.cat\/manualitats-amb-nens\/\"><img loading=\"lazy\" decoding=\"async\" class=\" wp-image-3022 aligncenter\" src=\"https:\/\/agora.xtec.cat\/ceip-marinada-barcelona\/wp-content\/uploads\/usu1756\/2020\/03\/manualitats.png\" alt=\"\" width=\"408\" height=\"199\" srcset=\"https:\/\/agora.xtec.cat\/ceip-marinada-barcelona\/wp-content\/uploads\/usu1756\/2020\/03\/manualitats.png 512w, https:\/\/agora.xtec.cat\/ceip-marinada-barcelona\/wp-content\/uploads\/usu1756\/2020\/03\/manualitats-300x146.png 300w\" sizes=\"auto, (max-width: 408px) 100vw, 408px\" \/><\/a><\/p>\n<p><a href=\"https:\/\/www.pequeocio.com\/manualidades-infantiles\/\"><img loading=\"lazy\" decoding=\"async\" class=\" wp-image-3023 aligncenter\" src=\"https:\/\/agora.xtec.cat\/ceip-marinada-barcelona\/wp-content\/uploads\/usu1756\/2020\/03\/manualitats-2.png\" alt=\"\" width=\"418\" height=\"140\" srcset=\"https:\/\/agora.xtec.cat\/ceip-marinada-barcelona\/wp-content\/uploads\/usu1756\/2020\/03\/manualitats-2.png 519w, https:\/\/agora.xtec.cat\/ceip-marinada-barcelona\/wp-content\/uploads\/usu1756\/2020\/03\/manualitats-2-300x101.png 300w\" sizes=\"auto, (max-width: 418px) 100vw, 418px\" \/><\/a><\/p>\n","protected":false},"excerpt":{"rendered":"<p>Si vols treballar amb SCRATCH, clica la imatge.<br \/>\n<a href=\"https:\/\/sites.google.com\/a\/xtec.cat\/roboticaeducativa\/taller-scratch\" target=\"_blank\" rel=\"noopener noreferrer\"><\/a><br \/>\nP\u00c0GINES WEBS D&#8217;INTER\u00c8S<br \/>\nAquest apartat \u00e9s un recull de p\u00e0gines WEBS que poden ser interessants per les fam\u00edlies i, sobretot, pels alumnes de la nostra escola. Aqu\u00ed\u00a0us donem diverses direccions on poder accedir d&#8217;una manera&hellip;  <a href=\"https:\/\/agora.xtec.cat\/ceip-marinada-barcelona\/projecte-educatiu\/recursos-educatius\/\" title=\"Read Recursos educatius\">Llegeix m\u00e9s\u00bb<\/a><\/p>\n","protected":false},"author":1,"featured_media":0,"parent":64,"menu_order":40,"comment_status":"closed","ping_status":"closed","template":"page-templates\/side-menu.php","meta":{"_bbp_topic_count":0,"_bbp_reply_count":0,"_bbp_total_topic_count":0,"_bbp_total_reply_count":0,"_bbp_voice_count":0,"_bbp_anonymous_reply_count":0,"_bbp_topic_count_hidden":0,"_bbp_reply_count_hidden":0,"_bbp_forum_subforum_count":0,"footnotes":""},"class_list":["post-711","page","type-page","status-publish","hentry"],"post_mailing_queue_ids":[],"_links":{"self":[{"href":"https:\/\/agora.xtec.cat\/ceip-marinada-barcelona\/wp-json\/wp\/v2\/pages\/711","targetHints":{"allow":["GET"]}}],"collection":[{"href":"https:\/\/agora.xtec.cat\/ceip-marinada-barcelona\/wp-json\/wp\/v2\/pages"}],"about":[{"href":"https:\/\/agora.xtec.cat\/ceip-marinada-barcelona\/wp-json\/wp\/v2\/types\/page"}],"author":[{"embeddable":true,"href":"https:\/\/agora.xtec.cat\/ceip-marinada-barcelona\/wp-json\/wp\/v2\/users\/1"}],"replies":[{"embeddable":true,"href":"https:\/\/agora.xtec.cat\/ceip-marinada-barcelona\/wp-json\/wp\/v2\/comments?post=711"}],"version-history":[{"count":3,"href":"https:\/\/agora.xtec.cat\/ceip-marinada-barcelona\/wp-json\/wp\/v2\/pages\/711\/revisions"}],"predecessor-version":[{"id":3024,"href":"https:\/\/agora.xtec.cat\/ceip-marinada-barcelona\/wp-json\/wp\/v2\/pages\/711\/revisions\/3024"}],"up":[{"embeddable":true,"href":"https:\/\/agora.xtec.cat\/ceip-marinada-barcelona\/wp-json\/wp\/v2\/pages\/64"}],"wp:attachment":[{"href":"https:\/\/agora.xtec.cat\/ceip-marinada-barcelona\/wp-json\/wp\/v2\/media?parent=711"}],"curies":[{"name":"wp","href":"https:\/\/api.w.org\/{rel}","templated":true}]}}