{"id":64,"date":"2018-01-05T12:39:08","date_gmt":"2018-01-05T11:39:08","guid":{"rendered":"http:\/\/agora.xtec.cat\/ceip-marinada-barcelona\/?page_id=64"},"modified":"2018-01-27T20:10:30","modified_gmt":"2018-01-27T19:10:30","slug":"projecte-educatiu","status":"publish","type":"page","link":"https:\/\/agora.xtec.cat\/ceip-marinada-barcelona\/projecte-educatiu\/","title":{"rendered":"Projecte educatiu"},"content":{"rendered":"<p>Els trets caracter\u00edstics que defineixen el nostre centre s\u00f3n:<\/p>\n<ul>\n<li>\u200b Escola inclusiva: entenem l&#8217;atenci\u00f3 de la diversitat de tot l&#8217;alumnat com a un dels nostres objectius principals. \u00a0Aconseguint d&#8217;aquesta manera la realitzaci\u00f3 de diferents aprenentatges que permetran configurar la identitat personal i cultural dels nostres alumnes.<\/li>\n<li>Escola que potencia l&#8217;assoliment de les Compet\u00e8ncies B\u00e0siques, desvetllant \u00a0l&#8217;inter\u00e8s per aprendre.<\/li>\n<li>Escola catalana que d\u00f3na coneixements de la realitat social i cultural de Catalunya.<\/li>\n<li>Escola que potencia els h\u00e0bits de treball, la conviv\u00e8ncia, el respecte i l&#8217;autoestima.<\/li>\n<li>Escola oberta a les tecnologies de la informaci\u00f3 i de la comunicaci\u00f3.<\/li>\n<li>Escola compromesa amb el medi ambient i oberta a l&#8217;entorn: Pretenem interrelacionar-nos amb l&#8217;entorn m\u00e9s proper creant uns h\u00e0bits \u00a0de respecte, conviv\u00e8ncia i de millora de l&#8217;entorn proper.<\/li>\n<li>Escola que fomenta la col\u00b7laboraci\u00f3 amb les fam\u00edlies.<\/li>\n<\/ul>\n<p><strong><br \/>\nPILARS PEDAG\u00d2GICS \/ BASES DEL MODEL EDUCATIU<\/strong><\/p>\n<p>Som una escola p\u00fablica d&#8217;una l\u00ednia que fonamenta la seva acci\u00f3 educativa en la coeducaci\u00f3, \u00a0el respecte a la diversitat, a l&#8217;entorn i als valors democr\u00e0tics.<\/p>\n<p>Entenem que l&#8217;educaci\u00f3 ha de garantir la igualtat d&#8217;oportunitats perqu\u00e8 cada alumne pugui assolir les fites educatives.<\/p>\n<p><strong><br \/>\nOBJECTIUS EDUCATIUS PRIORITARIS<\/strong><\/p>\n<p>Els nostres objectius prioritaris s\u00f3n:<\/p>\n<ul>\n<li>Personalitzar l&#8217;aprenentatge atenent les necessitats educatives i emocionals dels nostres alumnes.<\/li>\n<li>Promoure l&#8217;equitat \u00a0i la integraci\u00f3 escolar i social de l&#8217;alumnat.<\/li>\n<li>Orientar el treball escolar per afavorir l&#8217;assoliment de les compet\u00e8ncies b\u00e0siques.<\/li>\n<li>Consolidar la llengua catalana com a eix vertebrador d&#8217;un projecte pluriling\u00fce.<\/li>\n<li>Fomentar una actitud investigadora mitjan\u00e7ant l&#8217;observaci\u00f3, la recerca i l&#8217;experimentaci\u00f3.<\/li>\n<li>Potenciar l&#8217;\u00fas de les noves tecnologies, com a recurs pedag\u00f2gic habitual.<\/li>\n<\/ul>\n<p><strong>CRITERIS D\u2019ORGANITZACI\u00d3 PEDAG\u00d2GICA<\/strong><\/p>\n<p>L\u2019Escola es planteja l\u2019atenci\u00f3 a les necessitats educatives de tot l\u2019alumnat des de la\u00a0perspectiva global de centre i forma part de la seva planificaci\u00f3, identificant les nostres necessitats espec\u00edfiques confegim la resposta educativa basant-nos en diverses mesures: atenci\u00f3 de la mestra d&#8217;educaci\u00f3 especial, de la mestra d&#8217;acollida, el suport escolar personalitzat, agrupaments flexibles a les \u00e0rees instrumentals, suports, desdoblaments, tallers i racons.<\/p>\n<p>&nbsp;<\/p>\n<p><strong>PROJECTES I ACTIVITATS DESTACADES DEL CENTRE<\/strong><\/p>\n<p>A la nostra escola es duen a terme diferents projectes, alguns ja molt consolidats com: els racons de joc i treball, tallers intercicle, \u00a0 L&#8217;hort &#8211; Escola Verda, el pla experimental de lleng\u00fces estrangeres , la participaci\u00f3 en la Cant\u00e0nia , Dansa Ara, Sardanes \u00a0i altres activitats relacionades amb diferents \u00e0rees curriculars (Joc Perdut, Dragonada, Jocs tradicionals, esgrima, patinatge, biatl\u00f3&#8230;) per a diferents nivells educatius.\u00a0Tamb\u00e9 organitzem col\u00f2nies escolars.<\/p>\n<p>Altres projectes que portem a terme s\u00f3n la\u00a0socialitzaci\u00f3 de llibres, l&#8217;activitat de padrins lectors, biblioteca d&#8217;aula i de centre i el pla de consum de fruita.<\/p>\n<p>&nbsp;<\/p>\n<p><strong>\u00c0MBITS DE PARTICIPACI\u00d3 I COL\u00b7LABORACI\u00d3<\/strong><\/p>\n<p>La nostra escola t\u00e9 com a objectiu establir uns vincles de relaci\u00f3, comunicaci\u00f3 i col\u00b7laboraci\u00f3 entre tots els membres de la comunitat educativa. Les fam\u00edlies participen en la vida del centre de diverses maneres: com a delegats de classe, com a membres de l&#8217;AMPA, del Consell Escolar i col\u00b7laborant en diferents situacions educatives dins i fora de l&#8217;aula.<\/p>\n","protected":false},"excerpt":{"rendered":"<p>Els trets caracter\u00edstics que defineixen el nostre centre s\u00f3n:<\/p>\n<ul>\n<li>\u200b Escola inclusiva: entenem l&#8217;atenci\u00f3 de la diversitat de tot l&#8217;alumnat com a un dels nostres objectius principals. \u00a0Aconseguint d&#8217;aquesta manera la realitzaci\u00f3 de diferents aprenentatges que permetran configurar la identitat personal i cultural dels nostres alumnes.<\/li>\n<li>Escola&hellip;  <a href=\"https:\/\/agora.xtec.cat\/ceip-marinada-barcelona\/projecte-educatiu\/\" title=\"Read Projecte educatiu\">Llegeix m\u00e9s\u00bb<\/a><br \/>\n","protected":false},"author":1,"featured_media":0,"parent":0,"menu_order":0,"comment_status":"closed","ping_status":"closed","template":"page-templates\/side-menu.php","meta":{"_bbp_topic_count":0,"_bbp_reply_count":0,"_bbp_total_topic_count":0,"_bbp_total_reply_count":0,"_bbp_voice_count":0,"_bbp_anonymous_reply_count":0,"_bbp_topic_count_hidden":0,"_bbp_reply_count_hidden":0,"_bbp_forum_subforum_count":0,"footnotes":""},"class_list":["post-64","page","type-page","status-publish","hentry"],"post_mailing_queue_ids":[],"_links":{"self":[{"href":"https:\/\/agora.xtec.cat\/ceip-marinada-barcelona\/wp-json\/wp\/v2\/pages\/64","targetHints":{"allow":["GET"]}}],"collection":[{"href":"https:\/\/agora.xtec.cat\/ceip-marinada-barcelona\/wp-json\/wp\/v2\/pages"}],"about":[{"href":"https:\/\/agora.xtec.cat\/ceip-marinada-barcelona\/wp-json\/wp\/v2\/types\/page"}],"author":[{"embeddable":true,"href":"https:\/\/agora.xtec.cat\/ceip-marinada-barcelona\/wp-json\/wp\/v2\/users\/1"}],"replies":[{"embeddable":true,"href":"https:\/\/agora.xtec.cat\/ceip-marinada-barcelona\/wp-json\/wp\/v2\/comments?post=64"}],"version-history":[{"count":1,"href":"https:\/\/agora.xtec.cat\/ceip-marinada-barcelona\/wp-json\/wp\/v2\/pages\/64\/revisions"}],"predecessor-version":[{"id":633,"href":"https:\/\/agora.xtec.cat\/ceip-marinada-barcelona\/wp-json\/wp\/v2\/pages\/64\/revisions\/633"}],"wp:attachment":[{"href":"https:\/\/agora.xtec.cat\/ceip-marinada-barcelona\/wp-json\/wp\/v2\/media?parent=64"}],"curies":[{"name":"wp","href":"https:\/\/api.w.org\/{rel}","templated":true}]}}