{"id":637,"date":"2018-01-05T19:12:34","date_gmt":"2018-01-05T18:12:34","guid":{"rendered":"http:\/\/agora.xtec.cat\/ceip-marinada-barcelona\/?page_id=637"},"modified":"2019-01-30T18:38:40","modified_gmt":"2019-01-30T17:38:40","slug":"el-club-verd","status":"publish","type":"page","link":"https:\/\/agora.xtec.cat\/ceip-marinada-barcelona\/projecte-educatiu\/el-club-verd\/","title":{"rendered":"Escola Verda"},"content":{"rendered":"<p>El febrer del curs\u00a02015-16\u00a0es va iniciar la formaci\u00f3 de la Comissi\u00f3 d\u2019alumnes delegats.<a href=\"http:\/\/agora.xtec.cat\/ceip-marinada-barcelona\/wp-content\/uploads\/usu1756\/2018\/02\/escolaverda.jpg\"><img loading=\"lazy\" decoding=\"async\" class=\"wp-image-915 aligncenter\" src=\"http:\/\/agora.xtec.cat\/ceip-marinada-barcelona\/wp-content\/uploads\/usu1756\/2018\/02\/escolaverda.jpg\" alt=\"\" width=\"148\" height=\"151\" \/><\/a><\/p>\n<p>En aquella reuni\u00f3 es va comentar qu\u00e8 significa ser una escola sostenible i es planteja com volem que sigui la nostra escola i qu\u00e8 podem fer per a dur a terme els nostres objectius.<\/p>\n<p>En parlaran a les aules.<\/p>\n<p>Els alumnes van triar un s\u00edmbol per representar\u00a0 aquesta Comissi\u00f3 i un nom: El Club Verd.<\/p>\n<p style=\"text-align: center;\"><a href=\"http:\/\/agora.xtec.cat\/ceip-marinada-barcelona\/wp-content\/uploads\/usu1756\/2018\/01\/clubverd.jpg\"><img loading=\"lazy\" decoding=\"async\" class=\"alignnone wp-image-641\" src=\"http:\/\/agora.xtec.cat\/ceip-marinada-barcelona\/wp-content\/uploads\/usu1756\/2018\/01\/clubverd.jpg\" alt=\"\" width=\"253\" height=\"257\" srcset=\"https:\/\/agora.xtec.cat\/ceip-marinada-barcelona\/wp-content\/uploads\/usu1756\/2018\/01\/clubverd.jpg 302w, https:\/\/agora.xtec.cat\/ceip-marinada-barcelona\/wp-content\/uploads\/usu1756\/2018\/01\/clubverd-295x300.jpg 295w\" sizes=\"auto, (max-width: 253px) 100vw, 253px\" \/><\/a><\/p>\n<p>A principis d\u2019aquest curs es va formar el club.<\/p>\n<p style=\"text-align: center;\"><a href=\"http:\/\/agora.xtec.cat\/ceip-marinada-barcelona\/wp-content\/uploads\/usu1756\/2018\/01\/clubverd2.jpg\"><img loading=\"lazy\" decoding=\"async\" class=\"alignnone size-full wp-image-652\" src=\"http:\/\/agora.xtec.cat\/ceip-marinada-barcelona\/wp-content\/uploads\/usu1756\/2018\/01\/clubverd2.jpg\" alt=\"\" width=\"473\" height=\"370\" srcset=\"https:\/\/agora.xtec.cat\/ceip-marinada-barcelona\/wp-content\/uploads\/usu1756\/2018\/01\/clubverd2.jpg 473w, https:\/\/agora.xtec.cat\/ceip-marinada-barcelona\/wp-content\/uploads\/usu1756\/2018\/01\/clubverd2-300x235.jpg 300w\" sizes=\"auto, (max-width: 473px) 100vw, 473px\" \/><\/a><\/p>\n<p>Al novembre es va enviar una circular a les fam\u00edlies on explicit\u00e0vem el que es volia treballar aquest curs:<\/p>\n<ul>\n<li>Fer una <strong>RECOLLIDA DE JOCS I JOGUINES<\/strong>.<\/li>\n<\/ul>\n<p>Cal que estiguin en bon estat, per aprofitar-les a l\u2019escola.<\/p>\n<p>DATES de recollida: del 12 al 16 de desembre a Consergeria.<\/p>\n<ul>\n<li>Insistir en la <strong>REDUCCI\u00d3 D\u2019EMBOLCALLS.<\/strong><\/li>\n<\/ul>\n<p>Evitar l\u2019\u00fas de paper d\u2019alumini, pl\u00e0stics, brics&#8230;<\/p>\n<ul>\n<li>Fomentar els <strong>ESMORZARS SALUDABLES.<\/strong><\/li>\n<\/ul>\n<p>Esmorzar a casa. Entrepans, fruita&#8230;<\/p>\n<ul>\n<li>Millorar la <strong>RESPONSABILITAT AMB LA ROBA.<\/strong><\/li>\n<\/ul>\n<p>Posar noms a les jaquetes i abrics, reclamar la roba que es perd de seguida&#8230;<\/p>\n<p>&nbsp;<\/p>\n<p>Les joguines que vam recollir han estat repartides pels diferents cursos.<\/p>\n<p>Per evitar l\u2019\u00fas del paper d\u2019alumini en els embolcalls dels esmorzars vam fer un concurs: cada nivell va anar recollint aquest paper formant una bola.<\/p>\n<p>L\u2019acte es va realitzar al pati:<\/p>\n<p><a href=\"http:\/\/agora.xtec.cat\/ceip-marinada-barcelona\/wp-content\/uploads\/usu1756\/2018\/01\/muntatge-1.jpg\"><img loading=\"lazy\" decoding=\"async\" class=\"alignnone size-large wp-image-658\" src=\"http:\/\/agora.xtec.cat\/ceip-marinada-barcelona\/wp-content\/uploads\/usu1756\/2018\/01\/muntatge-1-1024x225.jpg\" alt=\"\" width=\"1024\" height=\"225\" srcset=\"https:\/\/agora.xtec.cat\/ceip-marinada-barcelona\/wp-content\/uploads\/usu1756\/2018\/01\/muntatge-1-1024x225.jpg 1024w, https:\/\/agora.xtec.cat\/ceip-marinada-barcelona\/wp-content\/uploads\/usu1756\/2018\/01\/muntatge-1-300x66.jpg 300w, https:\/\/agora.xtec.cat\/ceip-marinada-barcelona\/wp-content\/uploads\/usu1756\/2018\/01\/muntatge-1-768x169.jpg 768w, https:\/\/agora.xtec.cat\/ceip-marinada-barcelona\/wp-content\/uploads\/usu1756\/2018\/01\/muntatge-1.jpg 1595w\" sizes=\"auto, (max-width: 1024px) 100vw, 1024px\" \/><\/a><\/p>\n<p>En l\u2019\u00faltima\u00a0 reuni\u00f3,\u00a0 els alumnes han portat per escrit les propostes de la seva classe respecte a la Jornada Mediambiental que els agradaria fer el proper curs.\u00a0 De totes, se n\u2019han escollit tres que han estat les m\u00e9s votades en la reuni\u00f3 dels alumnes del Club Verd.<\/p>\n<p>S\u2019acorda que es retornar\u00e0 aquest resultat a la classe per triar un tema, que posteriorment es portar\u00e0 al Claustre de Professors per a la seva aprovaci\u00f3.\u00a0\u00a0 Tamb\u00e9 es queda que es recolliran les graelles dels esmorzars i embolcalls.<\/p>\n<p><a href=\"http:\/\/agora.xtec.cat\/ceip-marinada-barcelona\/wp-content\/uploads\/usu1756\/2018\/01\/muntatge-2.jpg\"><img loading=\"lazy\" decoding=\"async\" class=\"alignnone size-large wp-image-657\" src=\"http:\/\/agora.xtec.cat\/ceip-marinada-barcelona\/wp-content\/uploads\/usu1756\/2018\/01\/muntatge-2-1024x265.jpg\" alt=\"\" width=\"1024\" height=\"265\" srcset=\"https:\/\/agora.xtec.cat\/ceip-marinada-barcelona\/wp-content\/uploads\/usu1756\/2018\/01\/muntatge-2-1024x265.jpg 1024w, https:\/\/agora.xtec.cat\/ceip-marinada-barcelona\/wp-content\/uploads\/usu1756\/2018\/01\/muntatge-2-300x78.jpg 300w, https:\/\/agora.xtec.cat\/ceip-marinada-barcelona\/wp-content\/uploads\/usu1756\/2018\/01\/muntatge-2-768x199.jpg 768w, https:\/\/agora.xtec.cat\/ceip-marinada-barcelona\/wp-content\/uploads\/usu1756\/2018\/01\/muntatge-2.jpg 1320w\" sizes=\"auto, (max-width: 1024px) 100vw, 1024px\" \/><\/a>\u00a0Ens queda pendent valorar les graelles recollides i aprovar en el Claustre de Mestres la proposta m\u00e9s votada pels alumnes de tota l\u2019escola.<\/p>\n<p>Ho deixem pel curs vinent.<\/p>\n<p style=\"text-align: center;\">ARA TOCA GAUDIR DE L\u2019ESTIU SENSE OBLIDAR QUE CAL PENSAR EN VERD A L\u2019ESCOLA I ARREU.<\/p>\n<p>&nbsp;<\/p>\n<p>&nbsp;<\/p>\n<p>&nbsp;<\/p>\n","protected":false},"excerpt":{"rendered":"<p>El febrer del curs\u00a02015-16\u00a0es va iniciar la formaci\u00f3 de la Comissi\u00f3 d\u2019alumnes delegats.<a href=\"http:\/\/agora.xtec.cat\/ceip-marinada-barcelona\/wp-content\/uploads\/usu1756\/2018\/02\/escolaverda.jpg\"><\/a><br \/>\nEn aquella reuni\u00f3 es va comentar qu\u00e8 significa ser una escola sostenible i es planteja com volem que sigui la nostra escola i qu\u00e8 podem fer per a dur a terme els&hellip;  <a href=\"https:\/\/agora.xtec.cat\/ceip-marinada-barcelona\/projecte-educatiu\/el-club-verd\/\" title=\"Read Escola Verda\">Llegeix m\u00e9s\u00bb<\/a><\/p>\n","protected":false},"author":1,"featured_media":0,"parent":64,"menu_order":30,"comment_status":"closed","ping_status":"closed","template":"page-templates\/side-menu.php","meta":{"_bbp_topic_count":0,"_bbp_reply_count":0,"_bbp_total_topic_count":0,"_bbp_total_reply_count":0,"_bbp_voice_count":0,"_bbp_anonymous_reply_count":0,"_bbp_topic_count_hidden":0,"_bbp_reply_count_hidden":0,"_bbp_forum_subforum_count":0,"footnotes":""},"class_list":["post-637","page","type-page","status-publish","hentry"],"post_mailing_queue_ids":[],"_links":{"self":[{"href":"https:\/\/agora.xtec.cat\/ceip-marinada-barcelona\/wp-json\/wp\/v2\/pages\/637","targetHints":{"allow":["GET"]}}],"collection":[{"href":"https:\/\/agora.xtec.cat\/ceip-marinada-barcelona\/wp-json\/wp\/v2\/pages"}],"about":[{"href":"https:\/\/agora.xtec.cat\/ceip-marinada-barcelona\/wp-json\/wp\/v2\/types\/page"}],"author":[{"embeddable":true,"href":"https:\/\/agora.xtec.cat\/ceip-marinada-barcelona\/wp-json\/wp\/v2\/users\/1"}],"replies":[{"embeddable":true,"href":"https:\/\/agora.xtec.cat\/ceip-marinada-barcelona\/wp-json\/wp\/v2\/comments?post=637"}],"version-history":[{"count":4,"href":"https:\/\/agora.xtec.cat\/ceip-marinada-barcelona\/wp-json\/wp\/v2\/pages\/637\/revisions"}],"predecessor-version":[{"id":1747,"href":"https:\/\/agora.xtec.cat\/ceip-marinada-barcelona\/wp-json\/wp\/v2\/pages\/637\/revisions\/1747"}],"up":[{"embeddable":true,"href":"https:\/\/agora.xtec.cat\/ceip-marinada-barcelona\/wp-json\/wp\/v2\/pages\/64"}],"wp:attachment":[{"href":"https:\/\/agora.xtec.cat\/ceip-marinada-barcelona\/wp-json\/wp\/v2\/media?parent=637"}],"curies":[{"name":"wp","href":"https:\/\/api.w.org\/{rel}","templated":true}]}}