{"id":634,"date":"2018-01-26T18:21:23","date_gmt":"2018-01-26T17:21:23","guid":{"rendered":"http:\/\/agora.xtec.cat\/ceip-marinada-barcelona\/?page_id=634"},"modified":"2018-01-26T18:21:23","modified_gmt":"2018-01-26T17:21:23","slug":"padrins-lectors","status":"publish","type":"page","link":"https:\/\/agora.xtec.cat\/ceip-marinada-barcelona\/projecte-educatiu\/padrins-lectors\/","title":{"rendered":"Padrins lectors"},"content":{"rendered":"<p><strong>Padrins de lectura \u00e9s un projecte que portem a terme a la nostra escola entre els alumnes de P5 i els alumnes sis\u00e8.<\/strong><\/p>\n<p>El projecte consisteix en anomenar els alumnes grans \u201cpadrins de lectura\u201d d\u2019alumnes m\u00e9s petits que s\u00f3n els seus fillols de lectura. Els grans tenen cura del fillol, ajudant-lo a llegir, explicant-li contes, \u2026 creant una relaci\u00f3 afectiva.<\/p>\n<p>\u00c9s una experi\u00e8ncia d\u2019intercanvi entre petits i grans per a motivar el gust per la lectura.<\/p>\n<p>\u201c\u2026 Un lector es construeix en un proc\u00e9s llargu\u00edssim que comen\u00e7a molt aviat i no s\u2019acaba mai&#8230; ning\u00fa neix lector \u201c<\/p>\n<p style=\"text-align: right;\">GABRIEL JANER MANILA<\/p>\n<p><strong>Les compet\u00e8ncies que es treballen s\u00f3n:<\/strong><\/p>\n<ul>\n<li>Compet\u00e8ncia comunicativa i ling\u00fc\u00edstica<\/li>\n<li>Compet\u00e8ncia social i ciutadana<\/li>\n<li>Compet\u00e8ncia autonomia i iniciativa personal<\/li>\n<\/ul>\n<p><strong>Els objectius, capacitats i habilitats que es pretenen desenvolupar amb aquesta activitat s\u00f3n:<\/strong><\/p>\n<ol>\n<li>Potenciar la relaci\u00f3 de conviv\u00e8ncia i cooperaci\u00f3 entre els alumnes dels diferents cicles.<\/li>\n<li>Fomentar actituds d\u2019inter\u00e8s vers la lectura. Desitgem que tots els nostres alumnes trobin\u00a0 en la lectura un m\u00f3n interessant on\u00a0 somiar, compartir i viure conjuntament i amb il\u00b7lusi\u00f3 la m\u00e0gia dels llibres.<\/li>\n<li>Educar els alumnes m\u00e9s grans en la responsabilitat i en el comprom\u00eds. . Desitgem que es sentin \u201cimportants\u201d dins del proc\u00e9s lector dels m\u00e9s petits.<\/li>\n<li>Millorar la compet\u00e8ncia lectora dels alumnes. Volem que els nostres alumnes avancin en l\u2019aprenentatge de la lectura a trav\u00e9s de la motivaci\u00f3 i els vincles afectius entre les parelles de lectors.<\/li>\n<li>Ampliar el temps de comunicaci\u00f3 oral en la llengua vehicular de la nostra escola.<\/li>\n<li>Fer cr\u00e9ixer l\u2019autoestima. Els nens i nenes m\u00e9s grans que no tenen un bon concepte d\u2019ells mateixos i creuen que no seran capa\u00e7os de fer-ho b\u00e9, se n\u2019adonen que poden ajudar als m\u00e9s petits.<\/li>\n<li>Dur a terme una activitat d\u2019ensenyament-aprenentatge entre alumnes.<\/li>\n<\/ol>\n<p>Cal deixar clar que els padrins i padrines no ensenyen a llegir, sin\u00f3 que motiven i serveixen com a models de lectura als nens i nenes que estan en el proc\u00e9s d\u2019aprenentatge de la lectura.<br \/>\nEn principi, cada fillol o fillola \u00a0t\u00e9 el mateix padr\u00ed o padrina al llarg del curs.<\/p>\n<p>S\u2019inicia explicant als alumnes m\u00e9s grans i tamb\u00e9 als m\u00e9s petits que es far\u00e0 aquesta activitat, explicant-los en qu\u00e8 consistir\u00e0, com s\u2019organitzar\u00e0 i quines s\u00f3n les pautes i consignes a seguir durant l\u2019estona de lectura.<\/p>\n<p>Aquesta activitat es duu a terme en sessions de 45 minuts de manera quinzenal. Durant les sessions les parelles se situen en quatre espais diferents. Els grans van a buscar els petits.<\/p>\n<p>Les accions que duent\u00a0 a terme els alumnes padrins s\u00f3n:<\/p>\n<ul>\n<li>Explicar contes o llegir contes al fillol.<\/li>\n<li>Ajudar-los a fer una fitxa on posen el nom del llibre que els han explicat.<\/li>\n<li>Llegir i parlar plegats<\/li>\n<li>Escoltar la lectura del fillol per anar assolint la mec\u00e0nica lectora<\/li>\n<li>Fer preguntes sobre el qu\u00e8 s\u2019est\u00e0 llegint, afavorint la comprensi\u00f3 lectora i la conversa.<\/li>\n<\/ul>\n","protected":false},"excerpt":{"rendered":"<p>Padrins de lectura \u00e9s un projecte que portem a terme a la nostra escola entre els alumnes de P5 i els alumnes sis\u00e8.<br \/>\nEl projecte consisteix en anomenar els alumnes grans \u201cpadrins de lectura\u201d d\u2019alumnes m\u00e9s petits que s\u00f3n els seus fillols de lectura. Els grans&hellip;  <a href=\"https:\/\/agora.xtec.cat\/ceip-marinada-barcelona\/projecte-educatiu\/padrins-lectors\/\" title=\"Read Padrins lectors\">Llegeix m\u00e9s\u00bb<\/a><\/p>\n","protected":false},"author":1,"featured_media":0,"parent":64,"menu_order":10,"comment_status":"closed","ping_status":"closed","template":"page-templates\/side-menu.php","meta":{"_bbp_topic_count":0,"_bbp_reply_count":0,"_bbp_total_topic_count":0,"_bbp_total_reply_count":0,"_bbp_voice_count":0,"_bbp_anonymous_reply_count":0,"_bbp_topic_count_hidden":0,"_bbp_reply_count_hidden":0,"_bbp_forum_subforum_count":0,"footnotes":""},"class_list":["post-634","page","type-page","status-publish","hentry"],"post_mailing_queue_ids":[],"_links":{"self":[{"href":"https:\/\/agora.xtec.cat\/ceip-marinada-barcelona\/wp-json\/wp\/v2\/pages\/634","targetHints":{"allow":["GET"]}}],"collection":[{"href":"https:\/\/agora.xtec.cat\/ceip-marinada-barcelona\/wp-json\/wp\/v2\/pages"}],"about":[{"href":"https:\/\/agora.xtec.cat\/ceip-marinada-barcelona\/wp-json\/wp\/v2\/types\/page"}],"author":[{"embeddable":true,"href":"https:\/\/agora.xtec.cat\/ceip-marinada-barcelona\/wp-json\/wp\/v2\/users\/1"}],"replies":[{"embeddable":true,"href":"https:\/\/agora.xtec.cat\/ceip-marinada-barcelona\/wp-json\/wp\/v2\/comments?post=634"}],"version-history":[{"count":1,"href":"https:\/\/agora.xtec.cat\/ceip-marinada-barcelona\/wp-json\/wp\/v2\/pages\/634\/revisions"}],"predecessor-version":[{"id":635,"href":"https:\/\/agora.xtec.cat\/ceip-marinada-barcelona\/wp-json\/wp\/v2\/pages\/634\/revisions\/635"}],"up":[{"embeddable":true,"href":"https:\/\/agora.xtec.cat\/ceip-marinada-barcelona\/wp-json\/wp\/v2\/pages\/64"}],"wp:attachment":[{"href":"https:\/\/agora.xtec.cat\/ceip-marinada-barcelona\/wp-json\/wp\/v2\/media?parent=634"}],"curies":[{"name":"wp","href":"https:\/\/api.w.org\/{rel}","templated":true}]}}