{"id":6284,"date":"2023-04-18T12:05:00","date_gmt":"2023-04-18T10:05:00","guid":{"rendered":"https:\/\/agora.xtec.cat\/ceip-marinada-barcelona\/?page_id=6284"},"modified":"2023-04-18T12:34:53","modified_gmt":"2023-04-18T10:34:53","slug":"estrategia-digital-de-centre-edc","status":"publish","type":"page","link":"https:\/\/agora.xtec.cat\/ceip-marinada-barcelona\/lescola\/documents-descola\/estrategia-digital-de-centre-edc\/","title":{"rendered":"Estrat\u00e8gia Digital de Centre (EDC)"},"content":{"rendered":"<p><span style=\"font-weight: 400;\">L\u2019Estrat\u00e8gia Digital de Centre (EDC) defineix i concreta les l\u00ednies d\u2019actuaci\u00f3 d\u2019un centre que fan possible que docents, alumnat i centre assoleixin la compet\u00e8ncia digital. Per aconseguir aquesta compet\u00e8ncia digital, l\u2019EDC compr\u00e8n tots els \u00e0mbits del centre: organitzatius, metodol\u00f2gics, curriculars i comunicatius, els quals s\u2019han de veure necess\u00e0riament implicats i, si escau, transformats, des d\u2019una perspectiva d\u2019innovaci\u00f3 i de millora cont\u00ednua.<\/span><\/p>\n<p><span style=\"font-weight: 400;\">Els objectius de l\u2019EDC es poden agrupar en cinc \u00e0mbits, que tenen com a fita el m\u00e0xim assoliment de la compet\u00e8ncia digital de l\u2019alumnat, del professorat i del centre:<\/span><\/p>\n<ul>\n<li style=\"font-weight: 400;\" aria-level=\"1\"><span style=\"font-weight: 400;\">Assoliment de la compet\u00e8ncia digital<\/span><\/li>\n<li style=\"font-weight: 400;\" aria-level=\"1\"><span style=\"font-weight: 400;\">Planificaci\u00f3 estrat\u00e8gica i organitzaci\u00f3<\/span><\/li>\n<li style=\"font-weight: 400;\" aria-level=\"1\"><span style=\"font-weight: 400;\">Metodologies did\u00e0ctiques i innovaci\u00f3<\/span><\/li>\n<li style=\"font-weight: 400;\" aria-level=\"1\"><span style=\"font-weight: 400;\">Inclusi\u00f3 digital i de g\u00e8nere<\/span><\/li>\n<li style=\"font-weight: 400;\" aria-level=\"1\"><span style=\"font-weight: 400;\">Seguretat i protecci\u00f3 de dades<\/span><\/li>\n<\/ul>\n<h4><a href=\"https:\/\/sites.google.com\/xtec.cat\/escolamarinada\">EDC de l&#8217;escola Marinda<\/a><\/h4>\n","protected":false},"excerpt":{"rendered":"<p>L\u2019Estrat\u00e8gia Digital de Centre (EDC) defineix i concreta les l\u00ednies d\u2019actuaci\u00f3 d\u2019un centre que fan possible que docents, alumnat i centre assoleixin la compet\u00e8ncia digital. Per aconseguir aquesta compet\u00e8ncia digital, l\u2019EDC compr\u00e8n tots els \u00e0mbits del centre: organitzatius, metodol\u00f2gics, curriculars i comunicatius, els quals s\u2019han&hellip;  <a href=\"https:\/\/agora.xtec.cat\/ceip-marinada-barcelona\/lescola\/documents-descola\/estrategia-digital-de-centre-edc\/\" title=\"Read Estrat\u00e8gia Digital de Centre (EDC)\">Llegeix m\u00e9s\u00bb<\/a><\/p>\n","protected":false},"author":1,"featured_media":0,"parent":489,"menu_order":0,"comment_status":"closed","ping_status":"closed","template":"","meta":{"_bbp_topic_count":0,"_bbp_reply_count":0,"_bbp_total_topic_count":0,"_bbp_total_reply_count":0,"_bbp_voice_count":0,"_bbp_anonymous_reply_count":0,"_bbp_topic_count_hidden":0,"_bbp_reply_count_hidden":0,"_bbp_forum_subforum_count":0,"footnotes":""},"class_list":["post-6284","page","type-page","status-publish","hentry"],"post_mailing_queue_ids":[],"_links":{"self":[{"href":"https:\/\/agora.xtec.cat\/ceip-marinada-barcelona\/wp-json\/wp\/v2\/pages\/6284","targetHints":{"allow":["GET"]}}],"collection":[{"href":"https:\/\/agora.xtec.cat\/ceip-marinada-barcelona\/wp-json\/wp\/v2\/pages"}],"about":[{"href":"https:\/\/agora.xtec.cat\/ceip-marinada-barcelona\/wp-json\/wp\/v2\/types\/page"}],"author":[{"embeddable":true,"href":"https:\/\/agora.xtec.cat\/ceip-marinada-barcelona\/wp-json\/wp\/v2\/users\/1"}],"replies":[{"embeddable":true,"href":"https:\/\/agora.xtec.cat\/ceip-marinada-barcelona\/wp-json\/wp\/v2\/comments?post=6284"}],"version-history":[{"count":3,"href":"https:\/\/agora.xtec.cat\/ceip-marinada-barcelona\/wp-json\/wp\/v2\/pages\/6284\/revisions"}],"predecessor-version":[{"id":6292,"href":"https:\/\/agora.xtec.cat\/ceip-marinada-barcelona\/wp-json\/wp\/v2\/pages\/6284\/revisions\/6292"}],"up":[{"embeddable":true,"href":"https:\/\/agora.xtec.cat\/ceip-marinada-barcelona\/wp-json\/wp\/v2\/pages\/489"}],"wp:attachment":[{"href":"https:\/\/agora.xtec.cat\/ceip-marinada-barcelona\/wp-json\/wp\/v2\/media?parent=6284"}],"curies":[{"name":"wp","href":"https:\/\/api.w.org\/{rel}","templated":true}]}}