{"id":5313,"date":"2022-03-13T12:33:10","date_gmt":"2022-03-13T11:33:10","guid":{"rendered":"https:\/\/agora.xtec.cat\/ceip-marinada-barcelona\/?page_id=5313"},"modified":"2022-05-09T14:58:53","modified_gmt":"2022-05-09T12:58:53","slug":"menjadors-sans-i-sostenibles","status":"publish","type":"page","link":"https:\/\/agora.xtec.cat\/ceip-marinada-barcelona\/menjadors-sans-i-sostenibles\/","title":{"rendered":"Menjadors + sans i sostenibles"},"content":{"rendered":"<p>A la nostra escola ens preocupem molt per la salut dels nostres infants i, per aix\u00f2, estem dins del\u00a0projecte <strong>Menjadors m\u00e9s sans i sostenibles.<br \/>\n<\/strong>\u00a0Aquest \u00e9s una iniciativa de l\u2019Ajuntament de Barcelona i l\u2019Ag\u00e8ncia de Salut P\u00fablica de Barcelona (ASPB) que promou una <strong>alimentaci\u00f3 infantil m\u00e9s equilibrada, saludable i sostenible<\/strong>\u00a0tant a l\u2019escola com a casa. Per aix\u00f2, proposa men\u00fas escolars amb menys carn vermella o processada i m\u00e9s prote\u00efna d\u2019origen vegetal, i promou productes de proximitat i de temporada. La proposta tamb\u00e9 vol incorporar m\u00e9s amanida en la guarnici\u00f3 i fruita fresca en les postres, i insisteix en la import\u00e0ncia d\u2019utilitzar oli d\u2019oliva per amanir i cuinar, aix\u00ed com en oferir productes integrals. L\u2019<strong>Equip de Salut Comunit\u00e0ria de l\u2019ASPB<\/strong>\u00a0proporciona assessorament i formaci\u00f3 per la implementaci\u00f3 del projecte a les escoles.<br \/>\n<a href=\"https:\/\/agora.xtec.cat\/ceip-marinada-barcelona\/wp-content\/uploads\/usu1756\/2022\/03\/attachment-4211827-1._ASPBPiramidealimentaciosaludableactivitatfisica.pdf\" target=\"_blank\" rel=\"noopener\">Pir\u00e0mide de l&#8217;alimentaci\u00f3 sana i l&#8217;activitat f\u00edsica<\/a><br \/>\n<a href=\"https:\/\/agora.xtec.cat\/ceip-marinada-barcelona\/wp-content\/uploads\/usu1756\/2022\/03\/attachment-4306803-2._millorem_esmorzars_berenars.pdf\" target=\"_blank\" rel=\"noopener\">Millorem els esmorzars i berenars dels infants<\/a><br \/>\n<a href=\"https:\/\/agora.xtec.cat\/ceip-marinada-barcelona\/wp-content\/uploads\/usu1756\/2022\/03\/attachment-4371161-3._memss_Propostessopar.pdf\" target=\"_blank\" rel=\"noopener\">Propostes de sopars per complementar el dinar<\/a><br \/>\n<a href=\"https:\/\/agora.xtec.cat\/ceip-marinada-barcelona\/wp-content\/uploads\/usu1756\/2022\/03\/attachment-4371162-3._memss_PropostessoparCAST.pdf\" target=\"_blank\" rel=\"noopener\">Propuestas de cenas para complementar la comida<\/a><br \/>\n<a href=\"https:\/\/agora.xtec.cat\/ceip-marinada-barcelona\/wp-content\/uploads\/usu1756\/2022\/03\/attachment-4441792-4._memss_Primers_plats_dels_sopars.pdf\" target=\"_blank\" rel=\"noopener\">Sopars m\u00e9s sans i sostenibles<\/a><br \/>\n<a href=\"https:\/\/agora.xtec.cat\/ceip-marinada-barcelona\/wp-content\/uploads\/usu1756\/2022\/03\/5.-MEMSS-Triptic-Petits-canvis-menjar-millor-Triptic.pdf\" target=\"_blank\" rel=\"noopener\">Tr\u00edptic: Petits canvis per menjar millor<\/a><br \/>\n<a href=\"https:\/\/agora.xtec.cat\/ceip-marinada-barcelona\/wp-content\/uploads\/usu1756\/2022\/03\/5.-MEMSS-Triptic-petits-cambios-comer-mejor-CAST.pdf\" target=\"_blank\" rel=\"noopener\">Tr\u00edptico: Peque\u00f1os cambios para comer mejor<\/a><br \/>\n<a href=\"https:\/\/agora.xtec.cat\/ceip-marinada-barcelona\/wp-content\/uploads\/usu1756\/2022\/03\/5.-Poster-Petits-canvis-menjar-millor.pdf\">Cartell: Petits canvis per menjar millor<\/a><br \/>\n<a href=\"https:\/\/agora.xtec.cat\/ceip-marinada-barcelona\/wp-content\/uploads\/usu1756\/2022\/03\/5.-Poster-Petits-canvis-menjar-millor-CAST.pdf\" target=\"_blank\" rel=\"noopener\">Poster: peque\u00f1os cambios para comer mejor<\/a><br \/>\n<a href=\"https:\/\/agora.xtec.cat\/ceip-marinada-barcelona\/wp-content\/uploads\/usu1756\/2022\/04\/6.-Targetes_CalendariDeTemporada.pdf\" target=\"_blank\" rel=\"noopener\">Targetes- Calendari de temporada<\/a><br \/>\n<a href=\"https:\/\/agora.xtec.cat\/ceip-marinada-barcelona\/wp-content\/uploads\/usu1756\/2022\/04\/7.-guia_alimentacio_per-a-families-.pdf\" target=\"_blank\" rel=\"noopener\">Guia d&#8217;alimentaci\u00f3 per a les fam\u00edlies<\/a><br \/>\n<a href=\"https:\/\/agora.xtec.cat\/ceip-marinada-barcelona\/wp-content\/uploads\/usu1756\/2022\/05\/8.-memss-receptari-llegums-211119.pdf\" target=\"_blank\" rel=\"noopener\">Receptari de llegums<\/a><\/p>\n","protected":false},"excerpt":{"rendered":"<p>A la nostra escola ens preocupem molt per la salut dels nostres infants i, per aix\u00f2, estem dins del\u00a0projecte Menjadors m\u00e9s sans i sostenibles.<br \/>\n\u00a0Aquest \u00e9s una iniciativa de l\u2019Ajuntament de Barcelona i l\u2019Ag\u00e8ncia de Salut P\u00fablica de Barcelona (ASPB) que promou una alimentaci\u00f3 infantil m\u00e9s&hellip;  <a href=\"https:\/\/agora.xtec.cat\/ceip-marinada-barcelona\/menjadors-sans-i-sostenibles\/\" title=\"Read Menjadors + sans i sostenibles\">Llegeix m\u00e9s\u00bb<\/a><\/p>\n","protected":false},"author":1,"featured_media":0,"parent":0,"menu_order":0,"comment_status":"closed","ping_status":"closed","template":"","meta":{"_bbp_topic_count":0,"_bbp_reply_count":0,"_bbp_total_topic_count":0,"_bbp_total_reply_count":0,"_bbp_voice_count":0,"_bbp_anonymous_reply_count":0,"_bbp_topic_count_hidden":0,"_bbp_reply_count_hidden":0,"_bbp_forum_subforum_count":0,"footnotes":""},"class_list":["post-5313","page","type-page","status-publish","hentry"],"post_mailing_queue_ids":[],"_links":{"self":[{"href":"https:\/\/agora.xtec.cat\/ceip-marinada-barcelona\/wp-json\/wp\/v2\/pages\/5313","targetHints":{"allow":["GET"]}}],"collection":[{"href":"https:\/\/agora.xtec.cat\/ceip-marinada-barcelona\/wp-json\/wp\/v2\/pages"}],"about":[{"href":"https:\/\/agora.xtec.cat\/ceip-marinada-barcelona\/wp-json\/wp\/v2\/types\/page"}],"author":[{"embeddable":true,"href":"https:\/\/agora.xtec.cat\/ceip-marinada-barcelona\/wp-json\/wp\/v2\/users\/1"}],"replies":[{"embeddable":true,"href":"https:\/\/agora.xtec.cat\/ceip-marinada-barcelona\/wp-json\/wp\/v2\/comments?post=5313"}],"version-history":[{"count":3,"href":"https:\/\/agora.xtec.cat\/ceip-marinada-barcelona\/wp-json\/wp\/v2\/pages\/5313\/revisions"}],"predecessor-version":[{"id":5522,"href":"https:\/\/agora.xtec.cat\/ceip-marinada-barcelona\/wp-json\/wp\/v2\/pages\/5313\/revisions\/5522"}],"wp:attachment":[{"href":"https:\/\/agora.xtec.cat\/ceip-marinada-barcelona\/wp-json\/wp\/v2\/media?parent=5313"}],"curies":[{"name":"wp","href":"https:\/\/api.w.org\/{rel}","templated":true}]}}