{"id":478,"date":"2017-12-29T18:29:20","date_gmt":"2017-12-29T17:29:20","guid":{"rendered":"http:\/\/agora.xtec.cat\/ceip-marinada-barcelona\/?page_id=478"},"modified":"2025-09-09T18:55:50","modified_gmt":"2025-09-09T16:55:50","slug":"equip-huma","status":"publish","type":"page","link":"https:\/\/agora.xtec.cat\/ceip-marinada-barcelona\/lescola\/equip-huma\/","title":{"rendered":"Equip hum\u00e0"},"content":{"rendered":"<p>Aquest curs la nostra escola disposa d&#8217;una SIEI i a m\u00e9s dels mestres tutors, tenim una tutoria de la SIEI, mestres especialistes de m\u00fasica, d&#8217;educaci\u00f3 f\u00edsica, d&#8217;angl\u00e8s, d&#8217;educaci\u00f3 especial i mestres de suport. Hi ha un suport setmanal de l\u2019equip d\u2019assessorament. psicopedag\u00f2gic de la zona (EAP), una integradora social (TIS), una educadora social (TES)..<\/p>\n<table class=\" alignleft\" style=\"width: 65.8073%; height: 592px;\">\n<tbody>\n<tr style=\"height: 31px;\">\n<td style=\"width: 154.119%; height: 31px; text-align: center; vertical-align: middle;\" colspan=\"2\"><strong>Educaci\u00f3 infantil<\/strong><\/td>\n<\/tr>\n<tr style=\"height: 31px;\">\n<td style=\"width: 52.6316%; height: 31px;\">I3<\/td>\n<td style=\"width: 101.488%; height: 31px;\">Nina A.<\/td>\n<\/tr>\n<tr style=\"height: 31px;\">\n<td style=\"width: 52.6316%; height: 31px;\">I4<\/td>\n<td style=\"width: 101.488%; height: 31px;\">Beatriz A.<\/td>\n<\/tr>\n<tr style=\"height: 31px;\">\n<td style=\"width: 52.6316%; height: 31px;\">I5<\/td>\n<td style=\"width: 101.488%; height: 31px;\">Cristina S. \/ Anna A.<\/td>\n<\/tr>\n<tr>\n<td style=\"width: 52.6316%;\"><span style=\"background-color: #f9f9f9;\">Suport Educaci\u00f3 Infantil<\/span><\/td>\n<td style=\"width: 101.488%;\">Carmen L.<span style=\"background-color: #ffffff;\"><br \/>\n<\/span><\/td>\n<\/tr>\n<tr style=\"height: 31px;\">\n<td style=\"width: 52.6316%; height: 31px;\">TEI<\/td>\n<td style=\"width: 101.488%; height: 31px;\">M\u00f3nica D.<\/td>\n<\/tr>\n<tr style=\"height: 31px;\">\n<td style=\"width: 52.6316%; height: 31px; text-align: center;\" colspan=\"2\"><strong>Prim\u00e0ria<\/strong><\/td>\n<\/tr>\n<tr style=\"height: 31px;\">\n<td style=\"width: 52.6316%; height: 31px;\">1r<\/td>\n<td style=\"width: 101.488%; height: 31px;\">David C.<\/td>\n<\/tr>\n<tr style=\"height: 31px;\">\n<td style=\"width: 52.6316%; height: 31px;\">2n<\/td>\n<td style=\"width: 101.488%; height: 31px;\"><span style=\"background-color: #f9f9f9;\">Clara A.<\/span><\/td>\n<\/tr>\n<tr style=\"height: 31px;\">\n<td style=\"width: 52.6316%; height: 31px;\">3r<\/td>\n<td style=\"width: 101.488%; height: 31px;\"><span style=\"background-color: #ffffff;\">S\u00edlvia A.<\/span><\/td>\n<\/tr>\n<tr style=\"height: 31px;\">\n<td style=\"width: 52.6316%; height: 31px;\">4t<\/td>\n<td style=\"width: 101.488%; height: 31px;\">Eva de C.<\/td>\n<\/tr>\n<tr style=\"height: 31px;\">\n<td style=\"width: 52.6316%; height: 31px;\">5\u00e8<\/td>\n<td style=\"width: 101.488%; height: 31px;\"><span style=\"background-color: #ffffff;\">Jesica A.<\/span><\/td>\n<\/tr>\n<tr style=\"height: 31px;\">\n<td style=\"width: 52.6316%; height: 31px;\">6\u00e8<\/td>\n<td style=\"width: 101.488%; height: 31px;\">Robert P.<\/td>\n<\/tr>\n<tr>\n<td style=\"width: 52.6316%;\"><span style=\"background-color: #ffffff;\">Suport Prim\u00e0ria<\/span><\/td>\n<td style=\"width: 101.488%;\"><span style=\"background-color: #ffffff;\">Conchi L.\/ Jordi S. \/ Anna G.<\/span><\/td>\n<\/tr>\n<tr style=\"height: 31px;\">\n<td style=\"width: 52.6316%; height: 31px; text-align: center;\" colspan=\"2\"><strong>Especialistes<\/strong><\/td>\n<\/tr>\n<tr>\n<td style=\"width: 52.6316%;\">Educaci\u00f3 musical<strong><br \/>\n<\/strong><\/td>\n<td style=\"width: 101.488%;\">Gl\u00f2ria B. \/ Jordi S. <span style=\"background-color: #ffffff;\">\/ Anna G.<\/span><\/td>\n<\/tr>\n<tr style=\"height: 31px;\">\n<td style=\"width: 52.6316%; height: 31px;\"><span style=\"background-color: #ffffff;\">Llengua anglesa<\/span><\/td>\n<td style=\"width: 101.488%; height: 31px;\"><span style=\"background-color: #ffffff;\">F\u00e1tima M.<\/span><\/td>\n<\/tr>\n<tr style=\"height: 33px;\">\n<td style=\"width: 52.6316%; height: 33px;\"><span style=\"background-color: #ffffff;\">Educaci\u00f3 especial<\/span><\/td>\n<td style=\"width: 101.488%; height: 33px;\">Noelia B.<span style=\"background-color: #ffffff;\"><br \/>\n<\/span><\/td>\n<\/tr>\n<tr style=\"height: 31px;\">\n<td style=\"width: 52.6316%; height: 31px;\">Educaci\u00f3 F\u00edsica<\/td>\n<td style=\"width: 101.488%; height: 31px;\"><span style=\"background-color: #f9f9f9;\">Laura M.<\/span><\/td>\n<\/tr>\n<tr style=\"height: 33px;\">\n<td style=\"width: 52.6316%; height: 33px;\"><span style=\"background-color: #ffffff;\">Religi\u00f3<\/span><\/td>\n<td style=\"width: 101.488%; height: 33px;\"><span style=\"background-color: #ffffff;\">Presentaci\u00f3n P.<\/span><\/td>\n<\/tr>\n<tr style=\"height: 31px;\">\n<td style=\"width: 52.6316%; height: 31px;\">Vetlladora<\/td>\n<td style=\"width: 101.488%; height: 31px;\">Soledad G.<\/td>\n<\/tr>\n<tr>\n<td style=\"width: 52.6316%;\">Compet\u00e8ncia digital<\/td>\n<td style=\"width: 101.488%;\"><span style=\"background-color: #ffffff;\">Eva de Carquero<\/span><\/td>\n<\/tr>\n<tr>\n<td style=\"width: 52.6316%;\">Tutora SIEI<\/td>\n<td style=\"width: 101.488%;\"><span style=\"background-color: #ffffff;\">B\u00e0rbara A.<\/span><\/td>\n<\/tr>\n<\/tbody>\n<\/table>\n<p>&nbsp;<\/p>\n<p>&nbsp;<\/p>\n<p>&nbsp;<\/p>\n<p>&nbsp;<\/p>\n<p>&nbsp;<\/p>\n<p>&nbsp;<\/p>\n<p>&nbsp;<\/p>\n<p>&nbsp;<\/p>\n<p>&nbsp;<\/p>\n<p>&nbsp;<\/p>\n<p>&nbsp;<\/p>\n<p>&nbsp;<\/p>\n<p>&nbsp;<\/p>\n<p>&nbsp;<\/p>\n<p>&nbsp;<\/p>\n<p>&nbsp;<\/p>\n<p>&nbsp;<\/p>\n<p>&nbsp;<\/p>\n<table class=\" aligncenter\" style=\"width: 62.7481%; height: 154px;\">\n<tbody>\n<tr>\n<td style=\"width: 105.297%; text-align: center; vertical-align: middle;\" colspan=\"2\"><strong>Equip directiu<\/strong><\/td>\n<\/tr>\n<tr>\n<td style=\"width: 26.0204%;\"><strong>Direcci\u00f3<\/strong><\/td>\n<td style=\"width: 79.2762%;\">Gl\u00f2ria B.<\/td>\n<\/tr>\n<tr>\n<td style=\"width: 26.0204%;\"><strong>Cap d&#8217; Estudis<\/strong><\/td>\n<td style=\"width: 79.2762%;\">Noelia B.<\/td>\n<\/tr>\n<tr>\n<td style=\"width: 26.0204%;\"><strong>Secret\u00e0ria<\/strong><\/td>\n<td style=\"width: 79.2762%;\">Carmen L.<\/td>\n<\/tr>\n<\/tbody>\n<\/table>\n<p>&nbsp;<\/p>\n<table class=\" aligncenter\" style=\"width: 79.8897%; height: 273px;\">\n<tbody>\n<tr style=\"height: 31px;\">\n<td style=\"width: 145.738%; text-align: center; vertical-align: middle; height: 31px;\" colspan=\"2\"><strong>Administraci\u00f3 i Serveis<\/strong><\/td>\n<\/tr>\n<tr style=\"height: 84px;\">\n<td style=\"width: 37.1525%; height: 51px;\"><strong>TIS<br \/>\n<\/strong><span style=\"color: #0000ff;\">Cofinan\u00e7at pel programa europeu<\/span><\/td>\n<td style=\"width: 108.585%; height: 51px;\"><\/td>\n<\/tr>\n<tr style=\"height: 33px;\">\n<td style=\"width: 37.1525%; height: 33px;\"><strong>TES<\/strong><\/td>\n<td style=\"width: 108.585%; height: 33px;\">Claudia P.<\/td>\n<\/tr>\n<tr style=\"height: 31px;\">\n<td style=\"width: 37.1525%; height: 31px;\"><strong>Auxiliar administrativa<\/strong><\/td>\n<td style=\"width: 108.585%; height: 31px;\">Marga G.<\/td>\n<\/tr>\n<tr style=\"height: 31px;\">\n<td style=\"width: 37.1525%; height: 31px;\"><strong>Conserge<\/strong><\/td>\n<td style=\"width: 108.585%; text-align: left; height: 31px;\">Carles N.<\/td>\n<\/tr>\n<tr style=\"height: 64px;\">\n<td style=\"width: 37.1525%; height: 30px;\"><strong>Servei\u00a0de menjador<\/strong><\/td>\n<td style=\"width: 108.585%; text-align: left; height: 30px;\">Cuinera: Marga<br \/>\nCoordinadora dels monitors: Soledad G.<br \/>\nCoordinadora econ\u00f2mica: Mar\u00eda<\/td>\n<\/tr>\n<\/tbody>\n<\/table>\n<p>&nbsp;<\/p>\n","protected":false},"excerpt":{"rendered":"<p>Aquest curs la nostra escola disposa d&#8217;una SIEI i a m\u00e9s dels mestres tutors, tenim una tutoria de la SIEI, mestres especialistes de m\u00fasica, d&#8217;educaci\u00f3 f\u00edsica, d&#8217;angl\u00e8s, d&#8217;educaci\u00f3 especial i mestres de suport. Hi ha un suport setmanal de l\u2019equip d\u2019assessorament. psicopedag\u00f2gic de la zona&hellip;  <a href=\"https:\/\/agora.xtec.cat\/ceip-marinada-barcelona\/lescola\/equip-huma\/\" title=\"Read Equip hum\u00e0\">Llegeix m\u00e9s\u00bb<\/a><\/p>\n","protected":false},"author":1,"featured_media":0,"parent":22,"menu_order":25,"comment_status":"closed","ping_status":"closed","template":"page-templates\/side-menu.php","meta":{"_bbp_topic_count":0,"_bbp_reply_count":0,"_bbp_total_topic_count":0,"_bbp_total_reply_count":0,"_bbp_voice_count":0,"_bbp_anonymous_reply_count":0,"_bbp_topic_count_hidden":0,"_bbp_reply_count_hidden":0,"_bbp_forum_subforum_count":0,"footnotes":""},"class_list":["post-478","page","type-page","status-publish","hentry"],"post_mailing_queue_ids":[],"_links":{"self":[{"href":"https:\/\/agora.xtec.cat\/ceip-marinada-barcelona\/wp-json\/wp\/v2\/pages\/478","targetHints":{"allow":["GET"]}}],"collection":[{"href":"https:\/\/agora.xtec.cat\/ceip-marinada-barcelona\/wp-json\/wp\/v2\/pages"}],"about":[{"href":"https:\/\/agora.xtec.cat\/ceip-marinada-barcelona\/wp-json\/wp\/v2\/types\/page"}],"author":[{"embeddable":true,"href":"https:\/\/agora.xtec.cat\/ceip-marinada-barcelona\/wp-json\/wp\/v2\/users\/1"}],"replies":[{"embeddable":true,"href":"https:\/\/agora.xtec.cat\/ceip-marinada-barcelona\/wp-json\/wp\/v2\/comments?post=478"}],"version-history":[{"count":6,"href":"https:\/\/agora.xtec.cat\/ceip-marinada-barcelona\/wp-json\/wp\/v2\/pages\/478\/revisions"}],"predecessor-version":[{"id":7619,"href":"https:\/\/agora.xtec.cat\/ceip-marinada-barcelona\/wp-json\/wp\/v2\/pages\/478\/revisions\/7619"}],"up":[{"embeddable":true,"href":"https:\/\/agora.xtec.cat\/ceip-marinada-barcelona\/wp-json\/wp\/v2\/pages\/22"}],"wp:attachment":[{"href":"https:\/\/agora.xtec.cat\/ceip-marinada-barcelona\/wp-json\/wp\/v2\/media?parent=478"}],"curies":[{"name":"wp","href":"https:\/\/api.w.org\/{rel}","templated":true}]}}