{"id":3851,"date":"2021-02-13T11:33:35","date_gmt":"2021-02-13T10:33:35","guid":{"rendered":"http:\/\/agora.xtec.cat\/ceip-marinada-barcelona\/?page_id=3851"},"modified":"2021-02-13T12:05:48","modified_gmt":"2021-02-13T11:05:48","slug":"portes-obertes-2021-2022","status":"publish","type":"page","link":"https:\/\/agora.xtec.cat\/ceip-marinada-barcelona\/portes-obertes-2021-2022\/","title":{"rendered":"Portes obertes 2021\/2022"},"content":{"rendered":"<p>Benvolgudes fam\u00edlies,<\/p>\n<p>Aquest any, donada la situaci\u00f3 sanit\u00e0ria,les portes obertes del nostre centre es faran en grups redu\u00efts de 10 persones de forma presencial.<\/p>\n<p>Les dades de les jornades s\u00f3n:<\/p>\n<ul>\n<li><strong>Dijous 4 de mar\u00e7 a les 17:00 hores.<\/strong><\/li>\n<li><strong>Dimarts 9 de mar\u00e7 a les 17:00 hores.<\/strong><\/li>\n<\/ul>\n<p>Per poder assistir a una de les dues jornades heu de demanar-nos cita pr\u00e8via:<\/p>\n<p><a href=\"https:\/\/agora.xtec.cat\/ceip-marinada-barcelona\/wp-content\/uploads\/usu1756\/2020\/05\/kisspng-computer-icons-symbol-mobile-phone-accessories-cli-connection-5acf9e1b2e3701.9499011315235558671893.jpg\"><img loading=\"lazy\" decoding=\"async\" class=\"wp-image-3356 alignnone\" src=\"https:\/\/agora.xtec.cat\/ceip-marinada-barcelona\/wp-content\/uploads\/usu1756\/2020\/05\/kisspng-computer-icons-symbol-mobile-phone-accessories-cli-connection-5acf9e1b2e3701.9499011315235558671893.jpg\" alt=\"\" width=\"34\" height=\"46\" srcset=\"https:\/\/agora.xtec.cat\/ceip-marinada-barcelona\/wp-content\/uploads\/usu1756\/2020\/05\/kisspng-computer-icons-symbol-mobile-phone-accessories-cli-connection-5acf9e1b2e3701.9499011315235558671893.jpg 561w, https:\/\/agora.xtec.cat\/ceip-marinada-barcelona\/wp-content\/uploads\/usu1756\/2020\/05\/kisspng-computer-icons-symbol-mobile-phone-accessories-cli-connection-5acf9e1b2e3701.9499011315235558671893-223x300.jpg 223w\" sizes=\"auto, (max-width: 34px) 100vw, 34px\" \/><\/a> \u00a0 \u00a0Per tel\u00e8fon:\u00a0 \u00a0 \u00a0 \u00a093\u00b7354\u00b736\u00b716<br \/>\n<span style=\"color: #ffffff;\">llllllllllllllllllllllllllllllllllllllllllllll<\/span>603\u00b7579\u00b7919<\/p>\n<p><a href=\"https:\/\/agora.xtec.cat\/ceip-marinada-barcelona\/wp-content\/uploads\/usu1756\/2020\/05\/correo-electronico-1280x720.jpg\"><img loading=\"lazy\" decoding=\"async\" class=\"wp-image-3355 alignnone\" src=\"https:\/\/agora.xtec.cat\/ceip-marinada-barcelona\/wp-content\/uploads\/usu1756\/2020\/05\/correo-electronico-1280x720.jpg\" alt=\"\" width=\"50\" height=\"37\" srcset=\"https:\/\/agora.xtec.cat\/ceip-marinada-barcelona\/wp-content\/uploads\/usu1756\/2020\/05\/correo-electronico-1280x720.jpg 650w, https:\/\/agora.xtec.cat\/ceip-marinada-barcelona\/wp-content\/uploads\/usu1756\/2020\/05\/correo-electronico-1280x720-300x221.jpg 300w, https:\/\/agora.xtec.cat\/ceip-marinada-barcelona\/wp-content\/uploads\/usu1756\/2020\/05\/correo-electronico-1280x720-200x150.jpg 200w\" sizes=\"auto, (max-width: 50px) 100vw, 50px\" \/><\/a> Per correu electr\u00f2nic: <a class=\"rABsFf RffVmb AL18ce\" href=\"mailto:a8054022@xtec.cat\" target=\"_blank\" rel=\"noopener noreferrer\" data-tooltip=\"Del perfil de l'organitzaci\u00f3 de l'usuari\" data-tooltip-position=\"top\">a8054022<span class=\"atwho-query\">@xtec.cat<\/span><\/a><\/p>\n<p>A la trobada presencial nom\u00e9s hi pot assistir un membre per unitat familiar.<\/p>\n<p>Caldr\u00e0 seguir les mesures sanit\u00e0ries establertes per salut:<\/p>\n<ul>\n<li>Portar mascareta.<\/li>\n<li>Pressa de temperatura a l&#8217;entrada de l&#8217;escola.<\/li>\n<li>Rentat de mans amb gel hidroalcoh\u00f2lic.<\/li>\n<li>Mantenir la dist\u00e0ncia de seguretat entre tots els participants.<\/li>\n<li>No haver tingut s\u00edmptomes compatibles amb la COVID 19 en els darrers 10 dies.<\/li>\n<li>No haver tingut contacte estret amb cap persona diagnosticada amb COVID 19 en els darrers 10 dies.<\/li>\n<\/ul>\n<p>PREINSCRIPCI\u00d3 2021-2022\u00a0 EDUCACI\u00d3 INFANTIL I EDUCACI\u00d3 PRIM\u00c0RIA<\/p>\n<ul>\n<li>Del 15 al 24 de mar\u00e7 de 2021<\/li>\n<\/ul>\n<p>Per m\u00e9s informaci\u00f3 sobre el proc\u00e9s, podeu consultar el <a href=\"https:\/\/www.edubcn.cat\/ca\/alumnat_i_familia\/informacio_general_matriculacio\/preinscripcio\" target=\"_blank\" rel=\"noopener noreferrer\">web del Consorci d&#8217;Educaci\u00f3.<\/a><\/p>\n","protected":false},"excerpt":{"rendered":"<p>Benvolgudes fam\u00edlies,<br \/>\nAquest any, donada la situaci\u00f3 sanit\u00e0ria,les portes obertes del nostre centre es faran en grups redu\u00efts de 10 persones de forma presencial.<br \/>\nLes dades de les jornades s\u00f3n:<\/p>\n<ul>\n<li>Dijous 4 de mar\u00e7 a les 17:00 hores.<\/li>\n<li>Dimarts 9 de mar\u00e7 a les 17:00 hores.<\/li>\n<\/ul>\n<p>Per poder assistir a&hellip;  <a href=\"https:\/\/agora.xtec.cat\/ceip-marinada-barcelona\/portes-obertes-2021-2022\/\" title=\"Read Portes obertes 2021\/2022\">Llegeix m\u00e9s\u00bb<\/a><\/p>\n","protected":false},"author":1,"featured_media":0,"parent":0,"menu_order":0,"comment_status":"closed","ping_status":"closed","template":"","meta":{"_bbp_topic_count":0,"_bbp_reply_count":0,"_bbp_total_topic_count":0,"_bbp_total_reply_count":0,"_bbp_voice_count":0,"_bbp_anonymous_reply_count":0,"_bbp_topic_count_hidden":0,"_bbp_reply_count_hidden":0,"_bbp_forum_subforum_count":0,"footnotes":""},"class_list":["post-3851","page","type-page","status-publish","hentry"],"post_mailing_queue_ids":[],"_links":{"self":[{"href":"https:\/\/agora.xtec.cat\/ceip-marinada-barcelona\/wp-json\/wp\/v2\/pages\/3851","targetHints":{"allow":["GET"]}}],"collection":[{"href":"https:\/\/agora.xtec.cat\/ceip-marinada-barcelona\/wp-json\/wp\/v2\/pages"}],"about":[{"href":"https:\/\/agora.xtec.cat\/ceip-marinada-barcelona\/wp-json\/wp\/v2\/types\/page"}],"author":[{"embeddable":true,"href":"https:\/\/agora.xtec.cat\/ceip-marinada-barcelona\/wp-json\/wp\/v2\/users\/1"}],"replies":[{"embeddable":true,"href":"https:\/\/agora.xtec.cat\/ceip-marinada-barcelona\/wp-json\/wp\/v2\/comments?post=3851"}],"version-history":[{"count":3,"href":"https:\/\/agora.xtec.cat\/ceip-marinada-barcelona\/wp-json\/wp\/v2\/pages\/3851\/revisions"}],"predecessor-version":[{"id":3866,"href":"https:\/\/agora.xtec.cat\/ceip-marinada-barcelona\/wp-json\/wp\/v2\/pages\/3851\/revisions\/3866"}],"wp:attachment":[{"href":"https:\/\/agora.xtec.cat\/ceip-marinada-barcelona\/wp-json\/wp\/v2\/media?parent=3851"}],"curies":[{"name":"wp","href":"https:\/\/api.w.org\/{rel}","templated":true}]}}