{"id":38,"date":"2014-09-18T12:34:08","date_gmt":"2014-09-18T11:34:08","guid":{"rendered":"http:\/\/agora.xtec.cat\/ceip-marinada-barcelona\/?page_id=38"},"modified":"2018-02-16T18:32:41","modified_gmt":"2018-02-16T17:32:41","slug":"salut","status":"publish","type":"page","link":"https:\/\/agora.xtec.cat\/ceip-marinada-barcelona\/lescola\/salut\/","title":{"rendered":"Salut i higiene"},"content":{"rendered":"<p>Els alumnes han de presentar-se nets i polits en tot moment quant a roba, cabells, ungles &#8230; i han d&#8217;anar correctament vestits i cal\u00e7ats. Tamb\u00e9 han de mostrar en tot moment correcci\u00f3 en el parlar.<\/p>\n<p>En cas de trobar polls o altres par\u00e0sits heu d&#8217;aplicar les normes antiparasit\u00e0ries oportunes i avisar a l&#8217;escola.<br \/>\nRecomanem vigil\u00e0ncia peri\u00f2dica dels cabells.\u00a0 L&#8217;escola avisar\u00e0 a tothom quan es presenti el cas i donar\u00e0 les recomanacions sanit\u00e0ries adients.<br \/>\nEn cas que els par\u00e0sits es descobreixin en el Centre, es trucar\u00e0 immediatament a la fam\u00edlia per tal que es vingui a recollir el nen o la nena afectats.<\/p>\n<p>En cas d&#8217;alguna malaltia contagiosa, els alumnes no podran venir a l&#8217;escola fins que un metge ho certifiqui.<\/p>\n<p>En cas d&#8217;accident que els mestres considerin lleu (cal tenir en compte que els mestres no tenim coneixements m\u00e8dics) curarem a l&#8217;alumne en el Centre. Si considerem que ha de ser assistit per un metge, avisarem a la fam\u00edlia perqu\u00e8 ella se&#8217;n faci c\u00e0rrec. Nom\u00e9s en cas urgent i de no poder contactar amb la fam\u00edlia, el portar\u00e0 alg\u00fa del Centre.<\/p>\n<p>Les al\u00b7l\u00e8rgies han de ser comunicades als tutors o tutores, a la direcci\u00f3 i tamb\u00e9 a l&#8217;encarregada del\u00a0 menjador, si l&#8217;alumne\/a \u00e9s usuari del servei.<\/p>\n<p>A la nostra escola es du a terme l&#8217;administraci\u00f3 de vacunes als alumnes de 6\u00e8 d&#8217;Educaci\u00f3 prim\u00e0ria, seguint el Pla d&#8217;actuaci\u00f3 de l&#8217;Ag\u00e8ncia de Salut P\u00fablica.<\/p>\n<p>&nbsp;<\/p>\n<p>&nbsp;<\/p>\n<p>&nbsp;<\/p>\n<p>&nbsp;<\/p>\n<p>&nbsp;<\/p>\n","protected":false},"excerpt":{"rendered":"<p>Els alumnes han de presentar-se nets i polits en tot moment quant a roba, cabells, ungles &#8230; i han d&#8217;anar correctament vestits i cal\u00e7ats. Tamb\u00e9 han de mostrar en tot moment correcci\u00f3 en el parlar.<br \/>\nEn cas de trobar polls o altres par\u00e0sits heu d&#8217;aplicar les&hellip;  <a href=\"https:\/\/agora.xtec.cat\/ceip-marinada-barcelona\/lescola\/salut\/\" title=\"Read Salut i higiene\">Llegeix m\u00e9s\u00bb<\/a><\/p>\n","protected":false},"author":1,"featured_media":0,"parent":22,"menu_order":80,"comment_status":"closed","ping_status":"closed","template":"page-templates\/side-menu.php","meta":{"_bbp_topic_count":0,"_bbp_reply_count":0,"_bbp_total_topic_count":0,"_bbp_total_reply_count":0,"_bbp_voice_count":0,"_bbp_anonymous_reply_count":0,"_bbp_topic_count_hidden":0,"_bbp_reply_count_hidden":0,"_bbp_forum_subforum_count":0,"footnotes":""},"class_list":["post-38","page","type-page","status-publish","hentry"],"post_mailing_queue_ids":[],"_links":{"self":[{"href":"https:\/\/agora.xtec.cat\/ceip-marinada-barcelona\/wp-json\/wp\/v2\/pages\/38","targetHints":{"allow":["GET"]}}],"collection":[{"href":"https:\/\/agora.xtec.cat\/ceip-marinada-barcelona\/wp-json\/wp\/v2\/pages"}],"about":[{"href":"https:\/\/agora.xtec.cat\/ceip-marinada-barcelona\/wp-json\/wp\/v2\/types\/page"}],"author":[{"embeddable":true,"href":"https:\/\/agora.xtec.cat\/ceip-marinada-barcelona\/wp-json\/wp\/v2\/users\/1"}],"replies":[{"embeddable":true,"href":"https:\/\/agora.xtec.cat\/ceip-marinada-barcelona\/wp-json\/wp\/v2\/comments?post=38"}],"version-history":[{"count":3,"href":"https:\/\/agora.xtec.cat\/ceip-marinada-barcelona\/wp-json\/wp\/v2\/pages\/38\/revisions"}],"predecessor-version":[{"id":944,"href":"https:\/\/agora.xtec.cat\/ceip-marinada-barcelona\/wp-json\/wp\/v2\/pages\/38\/revisions\/944"}],"up":[{"embeddable":true,"href":"https:\/\/agora.xtec.cat\/ceip-marinada-barcelona\/wp-json\/wp\/v2\/pages\/22"}],"wp:attachment":[{"href":"https:\/\/agora.xtec.cat\/ceip-marinada-barcelona\/wp-json\/wp\/v2\/media?parent=38"}],"curies":[{"name":"wp","href":"https:\/\/api.w.org\/{rel}","templated":true}]}}