{"id":34,"date":"2018-01-05T12:32:18","date_gmt":"2018-01-05T11:32:18","guid":{"rendered":"http:\/\/agora.xtec.cat\/ceip-marinada-barcelona\/?page_id=34"},"modified":"2018-02-03T23:11:44","modified_gmt":"2018-02-03T22:11:44","slug":"oferta-educativa","status":"publish","type":"page","link":"https:\/\/agora.xtec.cat\/ceip-marinada-barcelona\/lescola\/oferta-educativa\/","title":{"rendered":"Qui som?"},"content":{"rendered":"<p>L&#8217;escola Marinada \u00e9s un centre p\u00fablic d&#8217;Educaci\u00f3 Infantil i Prim\u00e0ria.<\/p>\n<p>Som una comunitat educativa formada per un equip de professionals: mestres tutors, mestres especialistes, equip directiu, psicopedagoga, vetlladores, TEI, conserge, administrativa, cuinera, monitors de menjador, feineres&#8230; que treballem pels nostres alumnes i llurs fam\u00edlies.<\/p>\n<p>L&#8217;escola t\u00e9 com a llengua vehicular i d&#8217;ensenyament &#8211; aprenentatge la llengua catalana. Introdu\u00efm la llengua castellana al cicle inicial de prim\u00e0ria. Comencem l&#8217;aprenentatge de la llengua anglesa a P4.<\/p>\n<p>El nostre objectiu \u00e9s ajudar en el desenvolupament integral dels nens i nenes.<\/p>\n<p>L&#8217;escola t\u00e9 unes instal\u00b7lacions adequades als ensenyaments que imparteix: aules lluminoses, aules d&#8217;inform\u00e0tica i d&#8217;idiomes, aula de m\u00fasica, aula de r\u00edtmica, biblioteca, aula de ci\u00e8ncies, aula d&#8217;acollida, hort, pati de parvulari, pati cobert, pista esportiva i menjador amb cuina pr\u00f2pia.<\/p>\n<p>L&#8217;Escola Marinada \u00e9s una escola oberta al medi: participem en les activitats organitzades pel Districte, aix\u00ed com en altres activitats culturals de la ciutat. La nostra escola pertany a la Xarxa d&#8217;Escoles Sostenibles. Organitzem sortides i col\u00f2nies dins d&#8217;un entorn natural i d&#8217;acord amb els objectius educatius del curr\u00edculum.<\/p>\n<p>Els pares i les mares d&#8217;alumnes poden participar per diferents vies: fent-se socis de l&#8217;AMPA i participar dins la junta directiva, com a membres del Consell Escolar, en activitats puntuals del centre, com a pres delegats de curs i durant les entrevistes amb els mestres-tutors i\/o professores dels seus fills i filles.<\/p>\n<p>El nostre horari \u00e9s, als matins de 9:00 a 12:30 i a les tardes de 15:00 a 16:30 h., tant a Educaci\u00f3 Infantil com a Prim\u00e0ria.<\/p>\n<p>Els nostres dos\u00a0instituts de refer\u00e8ncia s\u00f3n l\u2019IES la\u00a0<a href=\"http:\/\/www.inslaguineueta.cat\/\">Guineueta<\/a>\u00a0i l\u2019IES\u00a0<a href=\"http:\/\/www.xtec.cat\/iesgalileo\/\">Galileo Galilei<\/a>.<\/p>\n","protected":false},"excerpt":{"rendered":"<p>L&#8217;escola Marinada \u00e9s un centre p\u00fablic d&#8217;Educaci\u00f3 Infantil i Prim\u00e0ria.<br \/>\nSom una comunitat educativa formada per un equip de professionals: mestres tutors, mestres especialistes, equip directiu, psicopedagoga, vetlladores, TEI, conserge, administrativa, cuinera, monitors de menjador, feineres&#8230; que treballem pels nostres alumnes i llurs fam\u00edlies.<br \/>\nL&#8217;escola t\u00e9 com&hellip;  <a href=\"https:\/\/agora.xtec.cat\/ceip-marinada-barcelona\/lescola\/oferta-educativa\/\" title=\"Read Qui som?\">Llegeix m\u00e9s\u00bb<\/a><\/p>\n","protected":false},"author":1,"featured_media":0,"parent":22,"menu_order":60,"comment_status":"closed","ping_status":"closed","template":"page-templates\/side-menu.php","meta":{"_bbp_topic_count":0,"_bbp_reply_count":0,"_bbp_total_topic_count":0,"_bbp_total_reply_count":0,"_bbp_voice_count":0,"_bbp_anonymous_reply_count":0,"_bbp_topic_count_hidden":0,"_bbp_reply_count_hidden":0,"_bbp_forum_subforum_count":0,"footnotes":""},"class_list":["post-34","page","type-page","status-publish","hentry"],"post_mailing_queue_ids":[],"_links":{"self":[{"href":"https:\/\/agora.xtec.cat\/ceip-marinada-barcelona\/wp-json\/wp\/v2\/pages\/34","targetHints":{"allow":["GET"]}}],"collection":[{"href":"https:\/\/agora.xtec.cat\/ceip-marinada-barcelona\/wp-json\/wp\/v2\/pages"}],"about":[{"href":"https:\/\/agora.xtec.cat\/ceip-marinada-barcelona\/wp-json\/wp\/v2\/types\/page"}],"author":[{"embeddable":true,"href":"https:\/\/agora.xtec.cat\/ceip-marinada-barcelona\/wp-json\/wp\/v2\/users\/1"}],"replies":[{"embeddable":true,"href":"https:\/\/agora.xtec.cat\/ceip-marinada-barcelona\/wp-json\/wp\/v2\/comments?post=34"}],"version-history":[{"count":3,"href":"https:\/\/agora.xtec.cat\/ceip-marinada-barcelona\/wp-json\/wp\/v2\/pages\/34\/revisions"}],"predecessor-version":[{"id":826,"href":"https:\/\/agora.xtec.cat\/ceip-marinada-barcelona\/wp-json\/wp\/v2\/pages\/34\/revisions\/826"}],"up":[{"embeddable":true,"href":"https:\/\/agora.xtec.cat\/ceip-marinada-barcelona\/wp-json\/wp\/v2\/pages\/22"}],"wp:attachment":[{"href":"https:\/\/agora.xtec.cat\/ceip-marinada-barcelona\/wp-json\/wp\/v2\/media?parent=34"}],"curies":[{"name":"wp","href":"https:\/\/api.w.org\/{rel}","templated":true}]}}