{"id":30,"date":"2018-01-05T12:30:23","date_gmt":"2018-01-05T11:30:23","guid":{"rendered":"http:\/\/agora.xtec.cat\/ceip-marinada-barcelona\/?page_id=30"},"modified":"2018-02-12T19:40:48","modified_gmt":"2018-02-12T18:40:48","slug":"instal%c2%b7lacions","status":"publish","type":"page","link":"https:\/\/agora.xtec.cat\/ceip-marinada-barcelona\/lescola\/instal%c2%b7lacions\/","title":{"rendered":"Instal\u00b7lacions"},"content":{"rendered":"<p>Les aules i les altres depend\u00e8ncies estan distribu\u00efdes en tres plantes segons els nivells i les necessitats educatives.\u00a0Amb\u00a0 barreres arquitect\u00f2niques.<\/p>\n<p><strong>Disposem de:<\/strong><\/p>\n<p>\u2013 Aula de m\u00fasica.<\/p>\n<p><a href=\"http:\/\/agora.xtec.cat\/ceip-marinada-barcelona\/wp-content\/uploads\/usu1756\/2018\/02\/m\u00fasica.jpg\"><img loading=\"lazy\" decoding=\"async\" class=\"wp-image-887 aligncenter\" src=\"http:\/\/agora.xtec.cat\/ceip-marinada-barcelona\/wp-content\/uploads\/usu1756\/2018\/02\/m\u00fasica-1024x389.jpg\" alt=\"\" width=\"572\" height=\"217\" srcset=\"https:\/\/agora.xtec.cat\/ceip-marinada-barcelona\/wp-content\/uploads\/usu1756\/2018\/02\/m\u00fasica-1024x389.jpg 1024w, https:\/\/agora.xtec.cat\/ceip-marinada-barcelona\/wp-content\/uploads\/usu1756\/2018\/02\/m\u00fasica-300x114.jpg 300w, https:\/\/agora.xtec.cat\/ceip-marinada-barcelona\/wp-content\/uploads\/usu1756\/2018\/02\/m\u00fasica-768x292.jpg 768w, https:\/\/agora.xtec.cat\/ceip-marinada-barcelona\/wp-content\/uploads\/usu1756\/2018\/02\/m\u00fasica.jpg 1057w\" sizes=\"auto, (max-width: 572px) 100vw, 572px\" \/><\/a>\u2013 Aula i espai de Psicomotricitat.<\/p>\n<p><a href=\"http:\/\/agora.xtec.cat\/ceip-marinada-barcelona\/wp-content\/uploads\/usu1756\/2018\/02\/psicomotricitat.jpg\"><img loading=\"lazy\" decoding=\"async\" class=\"wp-image-894 aligncenter\" src=\"http:\/\/agora.xtec.cat\/ceip-marinada-barcelona\/wp-content\/uploads\/usu1756\/2018\/02\/psicomotricitat-1024x408.jpg\" alt=\"\" width=\"582\" height=\"232\" srcset=\"https:\/\/agora.xtec.cat\/ceip-marinada-barcelona\/wp-content\/uploads\/usu1756\/2018\/02\/psicomotricitat-1024x408.jpg 1024w, https:\/\/agora.xtec.cat\/ceip-marinada-barcelona\/wp-content\/uploads\/usu1756\/2018\/02\/psicomotricitat-300x119.jpg 300w, https:\/\/agora.xtec.cat\/ceip-marinada-barcelona\/wp-content\/uploads\/usu1756\/2018\/02\/psicomotricitat-768x306.jpg 768w, https:\/\/agora.xtec.cat\/ceip-marinada-barcelona\/wp-content\/uploads\/usu1756\/2018\/02\/psicomotricitat.jpg 1349w\" sizes=\"auto, (max-width: 582px) 100vw, 582px\" \/><\/a><br \/>\n\u2013 Aula TAC.<\/p>\n<p><a href=\"http:\/\/agora.xtec.cat\/ceip-marinada-barcelona\/wp-content\/uploads\/usu1756\/2018\/02\/inform\u00e0tica.jpg\"><img loading=\"lazy\" decoding=\"async\" class=\"wp-image-889 aligncenter\" src=\"http:\/\/agora.xtec.cat\/ceip-marinada-barcelona\/wp-content\/uploads\/usu1756\/2018\/02\/inform\u00e0tica.jpg\" alt=\"\" width=\"410\" height=\"305\" srcset=\"https:\/\/agora.xtec.cat\/ceip-marinada-barcelona\/wp-content\/uploads\/usu1756\/2018\/02\/inform\u00e0tica.jpg 639w, https:\/\/agora.xtec.cat\/ceip-marinada-barcelona\/wp-content\/uploads\/usu1756\/2018\/02\/inform\u00e0tica-300x223.jpg 300w, https:\/\/agora.xtec.cat\/ceip-marinada-barcelona\/wp-content\/uploads\/usu1756\/2018\/02\/inform\u00e0tica-200x150.jpg 200w\" sizes=\"auto, (max-width: 410px) 100vw, 410px\" \/><\/a><br \/>\n\u2013 Aula rac\u00f3 inform\u00e0tic pels m\u00e9s petits..<\/p>\n<p><a href=\"http:\/\/agora.xtec.cat\/ceip-marinada-barcelona\/wp-content\/uploads\/usu1756\/2014\/09\/raconet-inform\u00e0tic.jpg\"><img loading=\"lazy\" decoding=\"async\" class=\"wp-image-897 aligncenter\" src=\"http:\/\/agora.xtec.cat\/ceip-marinada-barcelona\/wp-content\/uploads\/usu1756\/2014\/09\/raconet-inform\u00e0tic-1024x705.jpg\" alt=\"\" width=\"440\" height=\"303\" srcset=\"https:\/\/agora.xtec.cat\/ceip-marinada-barcelona\/wp-content\/uploads\/usu1756\/2014\/09\/raconet-inform\u00e0tic-1024x705.jpg 1024w, https:\/\/agora.xtec.cat\/ceip-marinada-barcelona\/wp-content\/uploads\/usu1756\/2014\/09\/raconet-inform\u00e0tic-300x206.jpg 300w, https:\/\/agora.xtec.cat\/ceip-marinada-barcelona\/wp-content\/uploads\/usu1756\/2014\/09\/raconet-inform\u00e0tic-768x529.jpg 768w, https:\/\/agora.xtec.cat\/ceip-marinada-barcelona\/wp-content\/uploads\/usu1756\/2014\/09\/raconet-inform\u00e0tic.jpg 1347w\" sizes=\"auto, (max-width: 440px) 100vw, 440px\" \/><\/a><br \/>\n\u2013 Aula d\u2019Acollida.<\/p>\n<p><a href=\"http:\/\/agora.xtec.cat\/ceip-marinada-barcelona\/wp-content\/uploads\/usu1756\/2018\/02\/aula-acollida.jpg\"><img loading=\"lazy\" decoding=\"async\" class=\"wp-image-895 aligncenter\" src=\"http:\/\/agora.xtec.cat\/ceip-marinada-barcelona\/wp-content\/uploads\/usu1756\/2018\/02\/aula-acollida-1024x340.jpg\" alt=\"\" width=\"491\" height=\"163\" srcset=\"https:\/\/agora.xtec.cat\/ceip-marinada-barcelona\/wp-content\/uploads\/usu1756\/2018\/02\/aula-acollida-1024x340.jpg 1024w, https:\/\/agora.xtec.cat\/ceip-marinada-barcelona\/wp-content\/uploads\/usu1756\/2018\/02\/aula-acollida-300x100.jpg 300w, https:\/\/agora.xtec.cat\/ceip-marinada-barcelona\/wp-content\/uploads\/usu1756\/2018\/02\/aula-acollida-768x255.jpg 768w\" sizes=\"auto, (max-width: 491px) 100vw, 491px\" \/><\/a><br \/>\n\u2013 Aula d\u2019Educaci\u00f3 Especial.<br \/>\n<a href=\"http:\/\/agora.xtec.cat\/ceip-marinada-barcelona\/wp-content\/uploads\/usu1756\/2018\/02\/educaci\u00f3-especial.jpg\"><img loading=\"lazy\" decoding=\"async\" class=\" wp-image-896 aligncenter\" src=\"http:\/\/agora.xtec.cat\/ceip-marinada-barcelona\/wp-content\/uploads\/usu1756\/2018\/02\/educaci\u00f3-especial.jpg\" alt=\"\" width=\"438\" height=\"297\" srcset=\"https:\/\/agora.xtec.cat\/ceip-marinada-barcelona\/wp-content\/uploads\/usu1756\/2018\/02\/educaci\u00f3-especial.jpg 523w, https:\/\/agora.xtec.cat\/ceip-marinada-barcelona\/wp-content\/uploads\/usu1756\/2018\/02\/educaci\u00f3-especial-300x204.jpg 300w\" sizes=\"auto, (max-width: 438px) 100vw, 438px\" \/><\/a><br \/>\n\u2013 Biblioteca.<\/p>\n<p><a href=\"http:\/\/agora.xtec.cat\/ceip-marinada-barcelona\/wp-content\/uploads\/usu1756\/2018\/02\/biblioteca.jpg\"><img loading=\"lazy\" decoding=\"async\" class=\" wp-image-893 aligncenter\" src=\"http:\/\/agora.xtec.cat\/ceip-marinada-barcelona\/wp-content\/uploads\/usu1756\/2018\/02\/biblioteca.jpg\" alt=\"\" width=\"407\" height=\"310\" srcset=\"https:\/\/agora.xtec.cat\/ceip-marinada-barcelona\/wp-content\/uploads\/usu1756\/2018\/02\/biblioteca.jpg 460w, https:\/\/agora.xtec.cat\/ceip-marinada-barcelona\/wp-content\/uploads\/usu1756\/2018\/02\/biblioteca-300x228.jpg 300w\" sizes=\"auto, (max-width: 407px) 100vw, 407px\" \/><\/a><br \/>\n\u2013 Cuina pr\u00f2pia\u00a0i menjador.<\/p>\n<p><a href=\"http:\/\/agora.xtec.cat\/ceip-marinada-barcelona\/wp-content\/uploads\/usu1756\/2018\/02\/menjador.jpg\"><img loading=\"lazy\" decoding=\"async\" class=\"wp-image-890 aligncenter\" src=\"http:\/\/agora.xtec.cat\/ceip-marinada-barcelona\/wp-content\/uploads\/usu1756\/2018\/02\/menjador.jpg\" alt=\"\" width=\"422\" height=\"281\" srcset=\"https:\/\/agora.xtec.cat\/ceip-marinada-barcelona\/wp-content\/uploads\/usu1756\/2018\/02\/menjador.jpg 518w, https:\/\/agora.xtec.cat\/ceip-marinada-barcelona\/wp-content\/uploads\/usu1756\/2018\/02\/menjador-300x200.jpg 300w\" sizes=\"auto, (max-width: 422px) 100vw, 422px\" \/><\/a><br \/>\n\u2013 Un\u00a0 pati de sorra amb arbres.<\/p>\n<p><a href=\"http:\/\/agora.xtec.cat\/ceip-marinada-barcelona\/wp-content\/uploads\/usu1756\/2018\/02\/pati-infantil.jpg\"><img loading=\"lazy\" decoding=\"async\" class=\"wp-image-888 aligncenter\" src=\"http:\/\/agora.xtec.cat\/ceip-marinada-barcelona\/wp-content\/uploads\/usu1756\/2018\/02\/pati-infantil-1024x419.jpg\" alt=\"\" width=\"581\" height=\"238\" srcset=\"https:\/\/agora.xtec.cat\/ceip-marinada-barcelona\/wp-content\/uploads\/usu1756\/2018\/02\/pati-infantil-1024x419.jpg 1024w, https:\/\/agora.xtec.cat\/ceip-marinada-barcelona\/wp-content\/uploads\/usu1756\/2018\/02\/pati-infantil-300x123.jpg 300w, https:\/\/agora.xtec.cat\/ceip-marinada-barcelona\/wp-content\/uploads\/usu1756\/2018\/02\/pati-infantil-768x314.jpg 768w, https:\/\/agora.xtec.cat\/ceip-marinada-barcelona\/wp-content\/uploads\/usu1756\/2018\/02\/pati-infantil.jpg 1419w\" sizes=\"auto, (max-width: 581px) 100vw, 581px\" \/><\/a><br \/>\n\u2013 Un\u00a0petit hort.<\/p>\n<p><a href=\"http:\/\/agora.xtec.cat\/ceip-marinada-barcelona\/wp-content\/uploads\/usu1756\/2018\/02\/hort-1.jpg\"><img loading=\"lazy\" decoding=\"async\" class=\"wp-image-884 aligncenter\" src=\"http:\/\/agora.xtec.cat\/ceip-marinada-barcelona\/wp-content\/uploads\/usu1756\/2018\/02\/hort-1-1024x203.jpg\" alt=\"\" width=\"765\" height=\"152\" srcset=\"https:\/\/agora.xtec.cat\/ceip-marinada-barcelona\/wp-content\/uploads\/usu1756\/2018\/02\/hort-1-1024x203.jpg 1024w, https:\/\/agora.xtec.cat\/ceip-marinada-barcelona\/wp-content\/uploads\/usu1756\/2018\/02\/hort-1-300x60.jpg 300w, https:\/\/agora.xtec.cat\/ceip-marinada-barcelona\/wp-content\/uploads\/usu1756\/2018\/02\/hort-1-768x152.jpg 768w, https:\/\/agora.xtec.cat\/ceip-marinada-barcelona\/wp-content\/uploads\/usu1756\/2018\/02\/hort-1.jpg 1919w\" sizes=\"auto, (max-width: 765px) 100vw, 765px\" \/><\/a><\/p>\n<p>&#8211; Pati i pistes d&#8217;esports.<\/p>\n<p><a href=\"http:\/\/agora.xtec.cat\/ceip-marinada-barcelona\/wp-content\/uploads\/usu1756\/2018\/02\/pati-grans.jpg\"><img loading=\"lazy\" decoding=\"async\" class=\"wp-image-892 aligncenter\" src=\"http:\/\/agora.xtec.cat\/ceip-marinada-barcelona\/wp-content\/uploads\/usu1756\/2018\/02\/pati-grans-1024x725.jpg\" alt=\"\" width=\"526\" height=\"372\" srcset=\"https:\/\/agora.xtec.cat\/ceip-marinada-barcelona\/wp-content\/uploads\/usu1756\/2018\/02\/pati-grans-1024x725.jpg 1024w, https:\/\/agora.xtec.cat\/ceip-marinada-barcelona\/wp-content\/uploads\/usu1756\/2018\/02\/pati-grans-300x212.jpg 300w, https:\/\/agora.xtec.cat\/ceip-marinada-barcelona\/wp-content\/uploads\/usu1756\/2018\/02\/pati-grans-768x544.jpg 768w, https:\/\/agora.xtec.cat\/ceip-marinada-barcelona\/wp-content\/uploads\/usu1756\/2018\/02\/pati-grans.jpg 1385w\" sizes=\"auto, (max-width: 526px) 100vw, 526px\" \/><\/a><\/p>\n","protected":false},"excerpt":{"rendered":"<p>Les aules i les altres depend\u00e8ncies estan distribu\u00efdes en tres plantes segons els nivells i les necessitats educatives.\u00a0Amb\u00a0 barreres arquitect\u00f2niques.<br \/>\nDisposem de:<br \/>\n\u2013 Aula de m\u00fasica.<br \/>\n<a href=\"http:\/\/agora.xtec.cat\/ceip-marinada-barcelona\/wp-content\/uploads\/usu1756\/2018\/02\/m\u00fasica.jpg\"><\/a>\u2013 Aula i espai de Psicomotricitat.<br \/>\n<a href=\"http:\/\/agora.xtec.cat\/ceip-marinada-barcelona\/wp-content\/uploads\/usu1756\/2018\/02\/psicomotricitat.jpg\"><\/a><br \/>\n\u2013 Aula TAC.<br \/>\n<a href=\"http:\/\/agora.xtec.cat\/ceip-marinada-barcelona\/wp-content\/uploads\/usu1756\/2018\/02\/inform\u00e0tica.jpg\"><\/a><br \/>\n\u2013 Aula rac\u00f3 inform\u00e0tic pels m\u00e9s petits..<br \/>\n<a href=\"http:\/\/agora.xtec.cat\/ceip-marinada-barcelona\/wp-content\/uploads\/usu1756\/2014\/09\/raconet-inform\u00e0tic.jpg\"><\/a><br \/>\n\u2013 Aula d\u2019Acollida.<br \/>\n<a href=\"http:\/\/agora.xtec.cat\/ceip-marinada-barcelona\/wp-content\/uploads\/usu1756\/2018\/02\/aula-acollida.jpg\"><\/a><br \/>\n\u2013 Aula&hellip;  <a href=\"https:\/\/agora.xtec.cat\/ceip-marinada-barcelona\/lescola\/instal%c2%b7lacions\/\" title=\"Read Instal\u00b7lacions\">Llegeix m\u00e9s\u00bb<\/a><\/p>\n","protected":false},"author":1,"featured_media":0,"parent":22,"menu_order":40,"comment_status":"closed","ping_status":"closed","template":"page-templates\/side-menu.php","meta":{"_bbp_topic_count":0,"_bbp_reply_count":0,"_bbp_total_topic_count":0,"_bbp_total_reply_count":0,"_bbp_voice_count":0,"_bbp_anonymous_reply_count":0,"_bbp_topic_count_hidden":0,"_bbp_reply_count_hidden":0,"_bbp_forum_subforum_count":0,"footnotes":""},"class_list":["post-30","page","type-page","status-publish","hentry"],"post_mailing_queue_ids":[],"_links":{"self":[{"href":"https:\/\/agora.xtec.cat\/ceip-marinada-barcelona\/wp-json\/wp\/v2\/pages\/30","targetHints":{"allow":["GET"]}}],"collection":[{"href":"https:\/\/agora.xtec.cat\/ceip-marinada-barcelona\/wp-json\/wp\/v2\/pages"}],"about":[{"href":"https:\/\/agora.xtec.cat\/ceip-marinada-barcelona\/wp-json\/wp\/v2\/types\/page"}],"author":[{"embeddable":true,"href":"https:\/\/agora.xtec.cat\/ceip-marinada-barcelona\/wp-json\/wp\/v2\/users\/1"}],"replies":[{"embeddable":true,"href":"https:\/\/agora.xtec.cat\/ceip-marinada-barcelona\/wp-json\/wp\/v2\/comments?post=30"}],"version-history":[{"count":3,"href":"https:\/\/agora.xtec.cat\/ceip-marinada-barcelona\/wp-json\/wp\/v2\/pages\/30\/revisions"}],"predecessor-version":[{"id":899,"href":"https:\/\/agora.xtec.cat\/ceip-marinada-barcelona\/wp-json\/wp\/v2\/pages\/30\/revisions\/899"}],"up":[{"embeddable":true,"href":"https:\/\/agora.xtec.cat\/ceip-marinada-barcelona\/wp-json\/wp\/v2\/pages\/22"}],"wp:attachment":[{"href":"https:\/\/agora.xtec.cat\/ceip-marinada-barcelona\/wp-json\/wp\/v2\/media?parent=30"}],"curies":[{"name":"wp","href":"https:\/\/api.w.org\/{rel}","templated":true}]}}