{"id":24,"date":"2014-09-18T12:23:15","date_gmt":"2014-09-18T11:23:15","guid":{"rendered":"http:\/\/agora.xtec.cat\/ceip-marinada-barcelona\/?page_id=24"},"modified":"2020-05-09T19:15:05","modified_gmt":"2020-05-09T17:15:05","slug":"on-som","status":"publish","type":"page","link":"https:\/\/agora.xtec.cat\/ceip-marinada-barcelona\/lescola\/on-som\/","title":{"rendered":"On som"},"content":{"rendered":"<p><strong>Escola Marinada<br \/>\n<\/strong>Rambla del Ca\u00e7ador,17<br \/>\n08042 Barcelona<\/p>\n<p>M\u00f2bil : 603 579 919<br \/>\nTel. 933\u00a0543\u00a0616<br \/>\nadre\u00e7a electr\u00f2nica: a8054022@xtec.cat<\/p>\n<p><iframe loading=\"lazy\" src=\"https:\/\/www.google.com\/maps\/embed?pb=!1m18!1m12!1m3!1d2990.9225167593663!2d2.1675092148318025!3d41.44090287925923!2m3!1f0!2f0!3f0!3m2!1i1024!2i768!4f13.1!3m3!1m2!1s0x12a4bd3e0324dba7%3A0xe9bada20e573a56f!2sCol%C2%B7legi+P%C3%BAblic+Marinada!5e0!3m2!1ses!2ses!4v1514564973896\" width=\"600\" height=\"450\" frameborder=\"0\"><\/iframe><\/p>\n<h6><strong>Com arribar-hi:<\/strong><\/h6>\n<p><strong>Metro:<\/strong>\u00a0L\u00ednia 4 : estaci\u00f3 Llucmajor. L\u00ednia 3: estaci\u00f3 Canyelles.<br \/>\n<strong>Bus: 47, H4, 32, 76.<\/strong><\/p>\n<p>&nbsp;<\/p>\n","protected":false},"excerpt":{"rendered":"<p>Escola Marinada<br \/>\nRambla del Ca\u00e7ador,17<br \/>\n08042 Barcelona<br \/>\nM\u00f2bil : 603 579 919<br \/>\nTel. 933\u00a0543\u00a0616<br \/>\nadre\u00e7a electr\u00f2nica: a8054022@xtec.cat<\/p>\n<p>Com arribar-hi:<br \/>\nMetro:\u00a0L\u00ednia 4 : estaci\u00f3 Llucmajor. L\u00ednia 3: estaci\u00f3 Canyelles.<br \/>\nBus: 47, H4, 32, 76.<br \/>\n&nbsp;<\/p>\n","protected":false},"author":1,"featured_media":0,"parent":22,"menu_order":10,"comment_status":"closed","ping_status":"closed","template":"page-templates\/side-menu.php","meta":{"_bbp_topic_count":0,"_bbp_reply_count":0,"_bbp_total_topic_count":0,"_bbp_total_reply_count":0,"_bbp_voice_count":0,"_bbp_anonymous_reply_count":0,"_bbp_topic_count_hidden":0,"_bbp_reply_count_hidden":0,"_bbp_forum_subforum_count":0,"footnotes":""},"class_list":["post-24","page","type-page","status-publish","hentry"],"post_mailing_queue_ids":[],"_links":{"self":[{"href":"https:\/\/agora.xtec.cat\/ceip-marinada-barcelona\/wp-json\/wp\/v2\/pages\/24","targetHints":{"allow":["GET"]}}],"collection":[{"href":"https:\/\/agora.xtec.cat\/ceip-marinada-barcelona\/wp-json\/wp\/v2\/pages"}],"about":[{"href":"https:\/\/agora.xtec.cat\/ceip-marinada-barcelona\/wp-json\/wp\/v2\/types\/page"}],"author":[{"embeddable":true,"href":"https:\/\/agora.xtec.cat\/ceip-marinada-barcelona\/wp-json\/wp\/v2\/users\/1"}],"replies":[{"embeddable":true,"href":"https:\/\/agora.xtec.cat\/ceip-marinada-barcelona\/wp-json\/wp\/v2\/comments?post=24"}],"version-history":[{"count":4,"href":"https:\/\/agora.xtec.cat\/ceip-marinada-barcelona\/wp-json\/wp\/v2\/pages\/24\/revisions"}],"predecessor-version":[{"id":3403,"href":"https:\/\/agora.xtec.cat\/ceip-marinada-barcelona\/wp-json\/wp\/v2\/pages\/24\/revisions\/3403"}],"up":[{"embeddable":true,"href":"https:\/\/agora.xtec.cat\/ceip-marinada-barcelona\/wp-json\/wp\/v2\/pages\/22"}],"wp:attachment":[{"href":"https:\/\/agora.xtec.cat\/ceip-marinada-barcelona\/wp-json\/wp\/v2\/media?parent=24"}],"curies":[{"name":"wp","href":"https:\/\/api.w.org\/{rel}","templated":true}]}}