{"id":1880,"date":"2019-02-28T19:33:18","date_gmt":"2019-02-28T18:33:18","guid":{"rendered":"http:\/\/agora.xtec.cat\/ceip-marinada-barcelona\/?page_id=1880"},"modified":"2019-02-28T19:33:18","modified_gmt":"2019-02-28T18:33:18","slug":"programa-cicle-superior","status":"publish","type":"page","link":"https:\/\/agora.xtec.cat\/ceip-marinada-barcelona\/projecte-educatiu\/programa-cicle-superior\/","title":{"rendered":"Programa Cicle Superior"},"content":{"rendered":"<h4><strong>Programes de promoci\u00f3 de la salut a les escoles<\/strong><\/h4>\n<h4>Pla de consum de fruita<\/h4>\n<p>Des de ja fa uns anys la nostra escola participa en el Pla de consum de fruita impulsat per als Departaments\u00a0d\u2019Agricultura, Salut i Ensenyament en el marc d\u2019una iniciativa de la Uni\u00f3 Europea.<\/p>\n<p>El pla consisteix a\u00a0<strong>distribuir gratu\u00eftament fruita i verdura fresca a tots els alumnes de l\u2019escola, aproximadament quatre dies al mes<\/strong>.<\/p>\n<p><strong>El dia que hi ha fruita a l\u2019escola NO CAL PORTAR ESMORZAR DE CASA<\/strong>. El pla \u00e9s per a tothom, i per aix\u00f2 es demana no dur altres tipologies d\u2019esmorzar. Amb aquesta iniciativa s\u2019impulsen h\u00e0bits saludables de consum de fruita, con\u00e8ixer varietats de fruita que habitualment no es consumeixen a casa, i aprendre a consumir correctament les diferents fruites (pelar-les adequadament, rentar-les, etc.).<\/p>\n<p><strong>Els objectius s\u00f3n:<\/strong><\/p>\n<ul>\n<li>Oferir fruita gratu\u00efta en els esmorzars dins del centre escolar.<\/li>\n<li>Informar sobre els beneficis de incrementar el consum de fruites i verdures, i sobre la seva diversitat, caracter\u00edstiques, producci\u00f3, l\u2019estacionalitat, etc.<\/li>\n<li>Proposar el consum de fruites com una alternativa excel\u00b7lent al consum d\u2019altres aliments amb menys qualitat nutricional.<\/li>\n<\/ul>\n<p>Es pret\u00e9n potenciar accions que afavoreixin la salut dels infants, com ara augmentar el consum de fruites i verdures, fruita seca, llegums, aigua i joc actiu. I reduir el consum llaminadures, begudes refrescants, brioxeria i videojocs sedentaris.<a href=\"https:\/\/agora.xtec.cat\/ceip-marinada-barcelona\/wp-content\/uploads\/usu1756\/2019\/02\/fruita.jpg\"><img loading=\"lazy\" decoding=\"async\" class=\"wp-image-1870 aligncenter\" src=\"https:\/\/agora.xtec.cat\/ceip-marinada-barcelona\/wp-content\/uploads\/usu1756\/2019\/02\/fruita.jpg\" alt=\"\" width=\"304\" height=\"303\" srcset=\"https:\/\/agora.xtec.cat\/ceip-marinada-barcelona\/wp-content\/uploads\/usu1756\/2019\/02\/fruita.jpg 478w, https:\/\/agora.xtec.cat\/ceip-marinada-barcelona\/wp-content\/uploads\/usu1756\/2019\/02\/fruita-150x150.jpg 150w, https:\/\/agora.xtec.cat\/ceip-marinada-barcelona\/wp-content\/uploads\/usu1756\/2019\/02\/fruita-300x300.jpg 300w\" sizes=\"auto, (max-width: 304px) 100vw, 304px\" \/><\/a><\/p>\n<h6><a href=\"http:\/\/agricultura.gencat.cat\/ca\/ambits\/alimentacio\/fruita-llet-escoles\/llet-escoles\/\">http:\/\/agricultura.gencat.cat\/ca\/ambits\/alimentacio\/fruita-llet-escoles\/llet-escoles\/<\/a><\/h6>\n<h4>Pla de consum de la llet<\/h4>\n<p>Des de fa dos anys la nostra escola participa en el Pla de consum de la llet impulsat tamb\u00e9 per als Departaments\u00a0d\u2019Agricultura, Salut i Ensenyament en el marc d\u2019una iniciativa de la Uni\u00f3 Europea.<\/p>\n<p>Es tracta d\u2019oferir llet gratu\u00efta en els esmorzars del centre escolar.<\/p>\n<p>Els objectius s\u00f3n:<\/p>\n<ul>\n<li>Augmentar la sensibilitzaci\u00f3 per una\u00a0<strong>bona alimentaci\u00f3\u00a0<\/strong>i la transmissi\u00f3 de conductes d&#8217;h\u00e0bits saludables a trav\u00e9s de la\u00a0<strong>distribuci\u00f3 de llet sencera UHT<\/strong>\u00a0.<\/li>\n<li>Donar a con\u00e8ixer el paper de la llet com a\u00a0<strong>aliment important<\/strong>(o de consum diari) dins d&#8217;una\u00a0<strong>alimentaci\u00f3 variada i saludable<\/strong>, i de les seves propietats nutricionals.<\/li>\n<li>Implicar tota la comunitat educativa (alumnat, docents i fam\u00edlies), perqu\u00e8 els h\u00e0bits alimentaris adquirits en la inf\u00e0ncia s\u00f3n\u00a0<strong>decisius en el comportament alimentari en l&#8217;edat adulta<\/strong>.<\/li>\n<\/ul>\n<p><a href=\"https:\/\/agora.xtec.cat\/ceip-marinada-barcelona\/wp-content\/uploads\/usu1756\/2019\/02\/llet.jpg\"><img loading=\"lazy\" decoding=\"async\" class=\"wp-image-1871 aligncenter\" src=\"https:\/\/agora.xtec.cat\/ceip-marinada-barcelona\/wp-content\/uploads\/usu1756\/2019\/02\/llet.jpg\" alt=\"\" width=\"267\" height=\"266\" srcset=\"https:\/\/agora.xtec.cat\/ceip-marinada-barcelona\/wp-content\/uploads\/usu1756\/2019\/02\/llet.jpg 467w, https:\/\/agora.xtec.cat\/ceip-marinada-barcelona\/wp-content\/uploads\/usu1756\/2019\/02\/llet-150x150.jpg 150w, https:\/\/agora.xtec.cat\/ceip-marinada-barcelona\/wp-content\/uploads\/usu1756\/2019\/02\/llet-300x300.jpg 300w\" sizes=\"auto, (max-width: 267px) 100vw, 267px\" \/><\/a><\/p>\n<h6><a href=\"http:\/\/agricultura.gencat.cat\/ca\/ambits\/alimentacio\/fruita-llet-escoles\/llet-escoles\/\">http:\/\/agricultura.gencat.cat\/ca\/ambits\/alimentacio\/fruita-llet-escoles\/llet-escoles\/<\/a><\/h6>\n<h4><strong><br \/>\n<\/strong><strong>Creixem m\u00e9s sans<\/strong><\/h4>\n<p><strong>\u00a0<\/strong>\u00c9s una\u00a0<strong>intervenci\u00f3 de refor\u00e7 per a 6\u00e8 Prim\u00e0ria<\/strong>\u00a0per tal de donar continu\u00eftat als continguts treballats pr\u00e8viament a 4t. amb el programa Creixem sans\u00a0<strong>de l\u2019alimentaci\u00f3 i nutrici\u00f3 saludable aix\u00ed com de l\u2019activitat f\u00edsica i un descans equilibrat.<\/strong><\/p>\n<p>El programa es desenvolupa a l\u2019aula pel mateix\u00a0professorat dels centres educatius. A m\u00e9s, les escoles interessades poden complementar el programa demanant una activitat per treballar amb les fam\u00edlies. Els\u00a0<strong>Equips de Salut Comunit\u00e0ria\u00a0<\/strong>de l\u2019Ag\u00e8ncia de Salut P\u00fablica de Barcelona proporcionen\u00a0<strong>assessorament<\/strong>\u00a0continu per a la implementaci\u00f3 del programa.<\/p>\n<h4><strong>Reptes saludables<\/strong><\/h4>\n<p>Dins del programa\u00a0 \u201cL\u2019escola fa esport a la ciutat\u201d , aquest curs els alumnes de 5\u00e8 han iniciat el programa \u201cTomando Conciencia \u2013 Los retos de \u00c1lex, Sam y Noa\u201d.<\/p>\n<p>El seu objectiu principal \u00e9s conscienciar als nens i nenes sobre els h\u00e0bits saludables i la sostenibilitat. Es basa en sis pilars: alimentaci\u00f3, activitat f\u00edsica, gesti\u00f3 de les emocions, coneixement del cos i del cor, prevenci\u00f3 del consum a les subst\u00e0ncies t\u00f2xiques i la sostenibilitat.<\/p>\n<p>El programa consta de 12 lli\u00e7ons multim\u00e8dia online que es poden realitzar a l\u2019escola o a casa. Cada lli\u00e7\u00f3 inclou un v\u00eddeo realitzat per alguna persona coneguda, medi\u00e0tica i propera a l\u2019alumnat.<\/p>\n<h4><strong>DEA Salvem una vida <\/strong><\/h4>\n<p>Aquest any hem tingut la sort de ser una de les quatre escoles de Nou Barris seleccionades per a participar en un projecte d\u2019aprenentatge i Servei portat a terme per l\u2019IES Guineueta.<\/p>\n<p>Els participants del projecte \u201cSalva una vida\u201d s\u00f3n alumnes del cicle formatiu de grau mitj\u00e0 de T\u00e8cnic en Emerg\u00e8ncies Sanit\u00e0ries, que realitzaran el M\u00f2dul de S\u00edntesi portant a terme aquesta experi\u00e8ncia d\u2019aprenentatge &#8211; servei.<\/p>\n<p>Les persones destinat\u00e0ries s\u00f3n els nostres alumnes de 6\u00e8 de prim\u00e0ria.<\/p>\n<p>Aquesta activitat t\u00e9 com objectiu principal formar a l\u2019alumnat de 6\u00e8 d\u2019 EP en maniobres de primers auxilis (MRC) i prendre consci\u00e8ncia de la import\u00e0ncia d\u2019actuar en cas d\u2019emerg\u00e8ncia vital.<\/p>\n<p>Per\u00f2 tamb\u00e9 pret\u00e9n fomentar els valors de participaci\u00f3, solidaritat i comprom\u00eds social, desenvolupar l\u2019aprenentatge entre iguals ( joves i nens) i\u00a0 crear un vincle entre els joves de l\u2019IES Guineueta i els centres d\u2019EP del seu entorn.<\/p>\n<p>Creiem que aquest projecte \u00e9s una aportaci\u00f3 de millora a la formaci\u00f3 en primers auxilis de la poblaci\u00f3 de joves i infants en cas d\u2019emerg\u00e8ncia vital.<\/p>\n<h4><strong>Programa \u00c8xit<\/strong><\/h4>\n<p>El programa \u00c8xit \u00e9s un projecte de l\u2019\u00c0rea d\u2019Innovaci\u00f3, Programes i Formaci\u00f3 del Consorci d\u2019Educaci\u00f3 de Barcelona que es desenvolupa en corresponsabilitat amb els centres educatius. Vol millorar els aprenentatges b\u00e0sics i facilitar l\u2019escolaritat en el pas de la prim\u00e0ria a la secund\u00e0ria i per aix\u00f2 s\u2019adre\u00e7a a l\u2019alumnat de 5\u00e8 i 6\u00e8 de prim\u00e0ria. Compta amb la implicaci\u00f3 dels tutors de l\u2019alumnat participant i amb l\u2019acci\u00f3 de suport educatiu per part de joves estudiants, anomenats amics grans.<\/p>\n<p>A la nostra escola alguns alumnes de 5\u00e8 i 6\u00e8 participen en el projecte \u00c8xit.\u00a0\u00a0 Les sessions de suport educatiu\u00a0 tenen lloc als espais de l\u2019institut Guineueta dues tardes a la setmana, en dies alterns, en sessions d\u2019una hora i mitja. Els amics@grans es responsabilitzen de recollir l\u2019alumnat de prim\u00e0ria a la sortida de l\u2019escola i acompanyar-lo fins a l\u2019institut.<\/p>\n<h4><strong>Dragonada<\/strong><\/h4>\n<p>El Club d\u00b4Atletisme de Nou Barris organitza una jornada d\u00b4iniciaci\u00f3 a l\u00b4atletisme per als alumnes de cicle superior de prim\u00e0ria del districte. Els nostres alumnes de 5\u00e8 van un mat\u00ed a gaudir d\u2019aquesta jornada l\u00fadica i esportiva amb altres centres i s\u2019inicien en l&#8217;atletisme, en diferents modalitats: tanques, velocitat, salt de longitud, salt d&#8217;al\u00e7ada, llan\u00e7ament, relleus i resist\u00e8ncia.<\/p>\n<p>L\u2019objectiu principal \u00e9s fomentar la pr\u00e0ctica esportiva i donar a con\u00e8ixer i practicar diverses modalitats d\u2019atletisme. Es vol potenciar el treball col\u00b7laboratiu dins de l\u2019esport amb nois i noies d\u2019altres centres i en col\u00b7laboraci\u00f3 entre el professorat.<\/p>\n<h4><strong>Escalada<\/strong><\/h4>\n<p>Realitzem aquesta activitat amb els alumnes de 5\u00e8 i es realitza dins del programa \u201cL\u2019escola fa esport a la ciutat\u201d . La seva intenci\u00f3 es promoure modalitats esportives o d\u2019activitat f\u00edsica poc practicades entre l\u2019alumnat de la nostra ciutat.<\/p>\n<p>Despr\u00e9s de posar a l\u2019abast del professorat el material i la formaci\u00f3 adequada per l\u2019ensenyament de l\u2019escalada, se\u2019ls d\u00f3na l\u2019oportunitat de realitzar l\u2019activitat en un centre preparat per l\u2019escalada amb el seu alumnat, al <em>Centre Municipal d&#8217;Escalada de la Foixarda.<\/em><\/p>\n<h4><strong>Apropa\u2019t al m\u00f3n de les persones amb discapacitat<\/strong><\/h4>\n<p>\u00c9s una activitat promoguda per l\u2019Institut Municipal de Persones amb Discapacitat IMD, Districte de Nou Barris.<\/p>\n<p>Ja fa molts anys que els alumnes de 5\u00e8 de la nostra escola fan una activitat dirigida a la sensibilitzaci\u00f3 i la coneixen\u00e7a de la situaci\u00f3 en qu\u00e8 es troben les persones amb discapacitat. Pretenem fomentar conductes i actituds inclusives de l \u0301alumnat a les persones amb discapacitat.<\/p>\n<p>L\u2019activitat consta de dues parts:<\/p>\n<ul>\n<li>Una Xerrada de sensibilitzaci\u00f3 que es realitza en el mateix centre educatiu.<\/li>\n<li>Una Jornada de sensibilitzaci\u00f3 amb un circu\u00eft de tallers i jocs, amb la participaci\u00f3 d\u2019alumnes i mestres, que es realitza al mes d\u2019abril, al Pati de la Seu del Districte.<\/li>\n<\/ul>\n<h4><strong>Jocs Florals escolars<\/strong><\/h4>\n<p>Aquesta activitat \u00e9s a c\u00e0rrec del CRP de Nou Barris i el Districte de Nou Barris.<\/p>\n<p>Els Jocs Florals escolars pretenen potenciar l \u0301escriptura i la creativitat liter\u00e0ria en l \u0301alumnat. \u00c9s una activitat adre\u00e7ada a tot l\u2019alumnat de prim\u00e0ria i secund\u00e0ria.<\/p>\n<p>La nostra escola participa de manera activa en aquesta activitat amb produccions fetes per l\u2019alumnat de 2n a 6\u00e8.<\/p>\n<p>Cada any es fa una selecci\u00f3 de les millors produccions i es porten al concurs literari\u00a0 que organitza el Districte de Nou Barris.<\/p>\n<h4><strong>Bibliomaleta per a cicle superior de prim\u00e0ria<\/strong><\/h4>\n<p>El CRP (centre de recursos pedag\u00f2gics) de Nou Barris ens deixa en pr\u00e9stec, cada curs, unes maletes amb una selecci\u00f3 de llibres de literatura apropiats per a infants de 10 a 13 anys, editats en diferents \u00e8poques perqu\u00e8 tots els nens i nenes de cicle superior puguin gaudir d\u2019ells durant un mes.<\/p>\n<p>L\u2019objectiu principal \u00e9s facilitar recursos als centres educatius per potenciar i dinamitzar el gust per a la lectura.<\/p>\n<h4><strong>Bibliomaleta de poesia per a prim\u00e0ria<\/strong><\/h4>\n<p>El CRP (centre de recursos pedag\u00f2gics) de Nou Barris ens deixa en pr\u00e9stec, cada curs, unes maletes amb una selecci\u00f3 de llibres de poesia, apropiats per a infants de 3 a 12 anys, editats en diferents \u00e8poques perqu\u00e8 tots els nens i nenes puguin gaudir d\u2019ells durant un mes.<\/p>\n<p>L\u2019objectiu principal \u00e9s facilitar recursos als centres educatius per potenciar i dinamitzar el gust per a la lectura i en especial per acostar la poesia als infants i descobrir el llenguatge po\u00e8tic.<\/p>\n<h4><strong>Bibliomaleta de llibres de ci\u00e8ncia <\/strong><\/h4>\n<p>El CRP (centre de recursos pedag\u00f2gics) de Nou Barris ens deixa en pr\u00e9stec, cada curs, unes maletes amb una selecci\u00f3 de llibres al voltant de diferents tem\u00e0tiques cient\u00edfiques apropiats per a tots els cicles de prim\u00e0ria perqu\u00e8 tots els nens i nenes puguin gaudir d\u2019ells durant un mes.<\/p>\n<p>L\u2019objectiu principal \u00e9s facilitar recursos als centres educatius per fomentar una mirada din\u00e0mica i experimental de la ci\u00e8ncia, per potenciar el gust per ella.<\/p>\n<h4><strong>Maleta pedag\u00f2gica de les emocions<\/strong><\/h4>\n<p>El CRP (centre de recursos pedag\u00f2gics) de Nou Barris ens deixa en pr\u00e9stec, cada curs, una maleta amb una selecci\u00f3 de materials: llibres, objectes, l\u00e0mines, etc., acompanyades d\u2019una guia de propostes did\u00e0ctiques per fer a l\u2019aula. La finalitat \u00e9s facilitar que l\u2019alumne prengui consci\u00e8ncia de les seves emocions, les reconegui, les relacioni amb diferents situacions viscudes i vagi adonant-se de les seves pr\u00f2pies actituds i possibles formes de superaci\u00f3. L\u2019objectiu principal \u00e9s facilitar recursos als centres educatius, que ajudin a tractar amb els alumnes q\u00fcestions emocionals b\u00e0siques (por, tristesa, f\u00e0stic, enuig, alegria, sorpresa, amor)<\/p>\n<h4><strong>Maleta toquem les mates <\/strong><\/h4>\n<p>El CRP (centre de recursos pedag\u00f2gics) de Nou Barris ens deixa en pr\u00e9stec, cada curs, una maleta amb una selecci\u00f3 de materials, principalment jocs, adient al Cicle Mitja i Superior de prim\u00e0ria on poder treballar les matem\u00e0tiques d\u2019una forma m\u00e9s l\u00fadica, atractiva i motivadora. Els jocs estan pensats perqu\u00e8 desenvolupin: la capacitat de concentraci\u00f3, de reflexi\u00f3, el raonament i el pensament l\u00f2gic, les estrat\u00e8gies i la coordinaci\u00f3; aix\u00ed com : el treball cooperatiu, el respecte, l\u2019autonomia, la presa de decisions.<\/p>\n<p>Dins d\u2019aquesta maleta trobem jocs com: My Rummy, \u00a0Quoridor, Prof, Marbles, Les C\u00fapules De Leonardo, Cuboro Standard, Triovisi\u00f3n, Awale, Zahlem \u2013 Mobile, Gobblet!, El Joc Dels Gratacels, Laboratori De Matem\u00e0tiques i D-Iced.<\/p>\n","protected":false},"excerpt":{"rendered":"<p>Programes de promoci\u00f3 de la salut a les escoles<br \/>\nPla de consum de fruita<br \/>\nDes de ja fa uns anys la nostra escola participa en el Pla de consum de fruita impulsat per als Departaments\u00a0d\u2019Agricultura, Salut i Ensenyament en el marc d\u2019una iniciativa de la Uni\u00f3 Europea.<br \/>\nEl&hellip;  <a href=\"https:\/\/agora.xtec.cat\/ceip-marinada-barcelona\/projecte-educatiu\/programa-cicle-superior\/\" title=\"Read Programa Cicle Superior\">Llegeix m\u00e9s\u00bb<\/a><\/p>\n","protected":false},"author":1,"featured_media":0,"parent":64,"menu_order":80,"comment_status":"closed","ping_status":"closed","template":"page-templates\/side-menu.php","meta":{"_bbp_topic_count":0,"_bbp_reply_count":0,"_bbp_total_topic_count":0,"_bbp_total_reply_count":0,"_bbp_voice_count":0,"_bbp_anonymous_reply_count":0,"_bbp_topic_count_hidden":0,"_bbp_reply_count_hidden":0,"_bbp_forum_subforum_count":0,"footnotes":""},"class_list":["post-1880","page","type-page","status-publish","hentry"],"post_mailing_queue_ids":[],"_links":{"self":[{"href":"https:\/\/agora.xtec.cat\/ceip-marinada-barcelona\/wp-json\/wp\/v2\/pages\/1880","targetHints":{"allow":["GET"]}}],"collection":[{"href":"https:\/\/agora.xtec.cat\/ceip-marinada-barcelona\/wp-json\/wp\/v2\/pages"}],"about":[{"href":"https:\/\/agora.xtec.cat\/ceip-marinada-barcelona\/wp-json\/wp\/v2\/types\/page"}],"author":[{"embeddable":true,"href":"https:\/\/agora.xtec.cat\/ceip-marinada-barcelona\/wp-json\/wp\/v2\/users\/1"}],"replies":[{"embeddable":true,"href":"https:\/\/agora.xtec.cat\/ceip-marinada-barcelona\/wp-json\/wp\/v2\/comments?post=1880"}],"version-history":[{"count":1,"href":"https:\/\/agora.xtec.cat\/ceip-marinada-barcelona\/wp-json\/wp\/v2\/pages\/1880\/revisions"}],"predecessor-version":[{"id":1881,"href":"https:\/\/agora.xtec.cat\/ceip-marinada-barcelona\/wp-json\/wp\/v2\/pages\/1880\/revisions\/1881"}],"up":[{"embeddable":true,"href":"https:\/\/agora.xtec.cat\/ceip-marinada-barcelona\/wp-json\/wp\/v2\/pages\/64"}],"wp:attachment":[{"href":"https:\/\/agora.xtec.cat\/ceip-marinada-barcelona\/wp-json\/wp\/v2\/media?parent=1880"}],"curies":[{"name":"wp","href":"https:\/\/api.w.org\/{rel}","templated":true}]}}