{"id":1878,"date":"2019-02-28T19:26:50","date_gmt":"2019-02-28T18:26:50","guid":{"rendered":"http:\/\/agora.xtec.cat\/ceip-marinada-barcelona\/?page_id=1878"},"modified":"2019-02-28T19:26:50","modified_gmt":"2019-02-28T18:26:50","slug":"programa-cicle-mitja","status":"publish","type":"page","link":"https:\/\/agora.xtec.cat\/ceip-marinada-barcelona\/projecte-educatiu\/programa-cicle-mitja\/","title":{"rendered":"Programa Cicle Mitj\u00e0"},"content":{"rendered":"<h4><strong>Programes de promoci\u00f3 de la salut a les escoles<\/strong><\/h4>\n<h4>Pla de consum de fruita<\/h4>\n<p>Des de ja fa uns anys la nostra escola participa en el Pla de consum de fruita impulsat per als Departaments\u00a0d\u2019Agricultura, Salut i Ensenyament en el marc d\u2019una iniciativa de la Uni\u00f3 Europea.<\/p>\n<p>El pla consisteix a\u00a0<strong>distribuir gratu\u00eftament fruita i verdura fresca a tots els alumnes de l\u2019escola, aproximadament quatre dies al mes<\/strong>.<\/p>\n<p><strong>El dia que hi ha fruita a l\u2019escola NO CAL PORTAR ESMORZAR DE CASA<\/strong>. El pla \u00e9s per a tothom, i per aix\u00f2 es demana no dur altres tipologies d\u2019esmorzar. Amb aquesta iniciativa s\u2019impulsen h\u00e0bits saludables de consum de fruita, con\u00e8ixer varietats de fruita que habitualment no es consumeixen a casa, i aprendre a consumir correctament les diferents fruites (pelar-les adequadament, rentar-les, etc.).<\/p>\n<p><strong>Els objectius s\u00f3n:<\/strong><\/p>\n<ul>\n<li>Oferir fruita gratu\u00efta en els esmorzars dins del centre escolar.<\/li>\n<li>Informar sobre els beneficis de incrementar el consum de fruites i verdures, i sobre la seva diversitat, caracter\u00edstiques, producci\u00f3, l\u2019estacionalitat, etc.<\/li>\n<li>Proposar el consum de fruites com una alternativa excel\u00b7lent al consum d\u2019altres aliments amb menys qualitat nutricional.<\/li>\n<\/ul>\n<p>Es pret\u00e9n potenciar accions que afavoreixin la salut dels infants, com ara augmentar el consum de fruites i verdures, fruita seca, llegums, aigua i joc actiu. I reduir el consum llaminadures, begudes refrescants, brioxeria i videojocs sedentaris.<\/p>\n<p><a href=\"https:\/\/agora.xtec.cat\/ceip-marinada-barcelona\/wp-content\/uploads\/usu1756\/2019\/02\/fruita.jpg\"><img loading=\"lazy\" decoding=\"async\" class=\"wp-image-1870 aligncenter\" src=\"https:\/\/agora.xtec.cat\/ceip-marinada-barcelona\/wp-content\/uploads\/usu1756\/2019\/02\/fruita.jpg\" alt=\"\" width=\"258\" height=\"257\" srcset=\"https:\/\/agora.xtec.cat\/ceip-marinada-barcelona\/wp-content\/uploads\/usu1756\/2019\/02\/fruita.jpg 478w, https:\/\/agora.xtec.cat\/ceip-marinada-barcelona\/wp-content\/uploads\/usu1756\/2019\/02\/fruita-150x150.jpg 150w, https:\/\/agora.xtec.cat\/ceip-marinada-barcelona\/wp-content\/uploads\/usu1756\/2019\/02\/fruita-300x300.jpg 300w\" sizes=\"auto, (max-width: 258px) 100vw, 258px\" \/><\/a><\/p>\n<h6><a href=\"http:\/\/agricultura.gencat.cat\/ca\/ambits\/alimentacio\/fruita-llet-escoles\/llet-escoles\/\">http:\/\/agricultura.gencat.cat\/ca\/ambits\/alimentacio\/fruita-llet-escoles\/llet-escoles\/<\/a><\/h6>\n<h4>Pla de consum de la llet<\/h4>\n<p>Des de fa dos anys la nostra escola participa en el Pla de consum de la llet impulsat tamb\u00e9 per als Departaments\u00a0d\u2019Agricultura, Salut i Ensenyament en el marc d\u2019una iniciativa de la Uni\u00f3 Europea.<\/p>\n<p>Es tracta d\u2019oferir llet gratu\u00efta en els esmorzars del centre escolar.<\/p>\n<p>Els objectius s\u00f3n:<\/p>\n<ul>\n<li>Augmentar la sensibilitzaci\u00f3 per una\u00a0<strong>bona alimentaci\u00f3<\/strong>i la transmissi\u00f3 de conductes d&#8217;h\u00e0bits saludables a trav\u00e9s de la\u00a0<strong>distribuci\u00f3 de llet sencera UHT<\/strong>\u00a0.<\/li>\n<li>Donar a con\u00e8ixer el paper de la llet com a\u00a0<strong>aliment important<\/strong>(o de consum diari) dins d&#8217;una\u00a0<strong>alimentaci\u00f3 variada i saludable<\/strong>, i de les seves propietats nutricionals.<\/li>\n<li>Implicar tota la comunitat educativa (alumnat, docents i fam\u00edlies), perqu\u00e8 els h\u00e0bits alimentaris adquirits en la inf\u00e0ncia s\u00f3n\u00a0<strong>decisius en el comportament alimentari en l&#8217;edat adulta<\/strong>.<\/li>\n<\/ul>\n<p><a href=\"https:\/\/agora.xtec.cat\/ceip-marinada-barcelona\/wp-content\/uploads\/usu1756\/2019\/02\/llet.jpg\"><img loading=\"lazy\" decoding=\"async\" class=\"wp-image-1871 aligncenter\" src=\"https:\/\/agora.xtec.cat\/ceip-marinada-barcelona\/wp-content\/uploads\/usu1756\/2019\/02\/llet.jpg\" alt=\"\" width=\"271\" height=\"270\" srcset=\"https:\/\/agora.xtec.cat\/ceip-marinada-barcelona\/wp-content\/uploads\/usu1756\/2019\/02\/llet.jpg 467w, https:\/\/agora.xtec.cat\/ceip-marinada-barcelona\/wp-content\/uploads\/usu1756\/2019\/02\/llet-150x150.jpg 150w, https:\/\/agora.xtec.cat\/ceip-marinada-barcelona\/wp-content\/uploads\/usu1756\/2019\/02\/llet-300x300.jpg 300w\" sizes=\"auto, (max-width: 271px) 100vw, 271px\" \/><\/a><\/p>\n<h6><a href=\"http:\/\/agricultura.gencat.cat\/ca\/ambits\/alimentacio\/fruita-llet-escoles\/llet-escoles\/\">http:\/\/agricultura.gencat.cat\/ca\/ambits\/alimentacio\/fruita-llet-escoles\/llet-escoles\/<\/a><\/h6>\n<h6><strong>\u00a0<\/strong><\/h6>\n<h4><strong>Creixem sans<\/strong><\/h4>\n<p><strong>Creixem sans<\/strong>\u00a0\u00e9s un programa de promoci\u00f3 de l\u2019<strong>alimentaci\u00f3 i nutrici\u00f3 saludable,<\/strong>\u00a0aix\u00ed com de l\u2019<strong>activitat f\u00edsica i un descans equilibrat<\/strong>. El programa est\u00e0 adre\u00e7at a alumnes de 4t de Prim\u00e0ria.<\/p>\n<p>El programa es desenvolupa a l\u2019aula pel mateix\u00a0<strong>professorat dels centres educatius<\/strong>. A m\u00e9s, les escoles interessades poden complementar el programa demanant una\u00a0<strong>activitat per treballar amb les fam\u00edlies<\/strong>. Els\u00a0<strong>Equips de Salut Comunit\u00e0ria<\/strong>\u00a0de l\u2019Ag\u00e8ncia de Salut P\u00fablica de Barcelona proporcionen\u00a0assessorament\u00a0continu per a la implementaci\u00f3 del programa.<\/p>\n<h4><strong>Jocs tradicionals<\/strong><\/h4>\n<p>Els Jocs Tradicionals \u00e9s una jornada l\u00fadica que realitzen els nostres alumnes de 3r de prim\u00e0ria.\u00a0 \u00c9s una activitat que pret\u00e9n donar a con\u00e8ixer diferents tipus de jocs del m\u00f3n i fomentar el joc com a mitj\u00e0 de comunicaci\u00f3 entre l\u2019alumnat.<\/p>\n<p>Durant un mat\u00ed l\u2019alumnat realitzar\u00e0 un circuit on participar\u00e0 en els diferents jocs proposats, potenciant tamb\u00e9 aix\u00ed la relaci\u00f3 de l\u2019alumnat de diferents centres escolars i la col\u00b7laboraci\u00f3 entre el professorat.<\/p>\n<p>\u00c9s una activitat coordinada entre el professorat d\u2019Educaci\u00f3 F\u00edsica dels centres participants i el professorat i alumnat de Cicles formatius de l\u2019Escola del Treball.<\/p>\n<h4>Cant\u00e0nia<\/h4>\n<p>La Cant\u00e0nia \u00e9s una activitat musical participativa dirigida a escolars de cicle mitj\u00e0 i superior de prim\u00e0ria.<\/p>\n<p>A la nostra escola la realitzen els alumnes de 4t. Durant el curs la preparen amb la mestra de m\u00fasica. L\u2019activitat finalitza amb una actuaci\u00f3 final conjuntament amb altres escoles a l\u2019Auditori de Barcelona.<\/p>\n<p>Cada temporada s\u2019encarrega una obra nova per a un gran cor de nens i nenes, a compositors i escriptors catalans de reconegut prestigi.\u00a0Durant tot el curs es treballa tant des de l\u2019Auditori com des de l\u2019escola.<\/p>\n<p>A la nostra escola anem m\u00e9s enll\u00e0 del treball espec\u00edfic del repertori musical.\u00a0\u00a0\u00a0\u00a0 Ja fa uns quants anys que aprofitem la tem\u00e0tica de la Cant\u00e0nia per a treballar el projecte interdisciplinar de l\u2019alumnat de 4t.\u00a0\u00a0 En aquestes altres \u00e0rees: catal\u00e0, Coneixement del Medi i Educaci\u00f3 Pl\u00e0stica, \u00e9s el tutor qui s\u2019encarrega de dur a terme el projecte, qui conjuntament amb la mestra de m\u00fasica, aconsegueixen portar a terme un treball globalitzat.<\/p>\n<p>L\u2019objectiu \u00e9s organitzar un acte per als alumnes que, per la qualitat i per la implicaci\u00f3 personal i col\u00b7lectiva en l\u2019acte, es converteixi en una viv\u00e8ncia musical inoblidable per a tots.<\/p>\n<h4><strong>Patinatge sobre gel<\/strong><\/h4>\n<p>L&#8217;Institut Barcelona Esports promou el programa en horari escolar <strong>&#8220;L&#8217;Escola fa esport a la ciutat&#8221;.<\/strong><\/p>\n<p>Els alumnes de 3r de la nostra escola participen en el programa de patinatge sobre gel des de fa uns anys i durant quatre setmanes, els nens i nenes practiquen\u00a0 aquest esport a una de les pistes de patinatge de la ciutat: Skating o al FCB.<\/p>\n<h4><strong>Sardanes i balls de bastons<\/strong><\/h4>\n<p>El programa \u201cEl pa\u00eds a l\u2019escola\u201d \u00e9s un programa educatiu pret\u00e9n apropar el nostre patrimoni cultural als nostres alumnes, en el nostre cas, als alumnes de 3r.<br \/>\nAl llarg de 12 sessions d\u2019una hora, una monitora de la Confederaci\u00f3 Sardanista de Catalunya ensenya, de manera did\u00e0ctica,\u00a0 a ballar sardanes i balls de bastons als nostres alumnes.<br \/>\nL\u2019activitat conclou amb una gran cloenda que es realitza davant d\u2019un lloc emblem\u00e0tic com \u00e9s la catedral de Barcelona, juntament amb moltes altres escoles inscrites i amb la companyia dels familiars que han volgut compartir-ho amb nosaltres.<\/p>\n<h4><strong>Jocs Florals escolars<\/strong><\/h4>\n<p>Aquesta activitat \u00e9s a c\u00e0rrec del CRP de Nou Barris i el Districte de Nou Barris.<\/p>\n<p>Els Jocs Florals escolars pretenen potenciar l \u0301escriptura i la creativitat liter\u00e0ria en l \u0301alumnat. \u00c9s una activitat adre\u00e7ada a tot l\u2019alumnat de prim\u00e0ria i secund\u00e0ria.<\/p>\n<p>La nostra escola participa de manera activa en aquesta activitat amb produccions fetes per l\u2019alumnat de 2n a 6\u00e8.<\/p>\n<p>Cada any es fa una selecci\u00f3 de les millors produccions i es porten al concurs literari\u00a0 que organitza el Districte de Nou Barris.<\/p>\n<h4><strong>Bibliomaleta per a cicle mitj\u00e0 de prim\u00e0ria<\/strong><\/h4>\n<p>El CRP (centre de recursos pedag\u00f2gics) de Nou Barris ens deixa en pr\u00e9stec, cada curs, unes maletes amb una selecci\u00f3 de llibres de literatura apropiats per a infants de 7 a 10 anys, editats en diferents \u00e8poques perqu\u00e8 tots els nens i nenes de cicle mitja puguin gaudir d\u2019ells durant un mes.<\/p>\n<p>L\u2019objectiu principal \u00e9s facilitar recursos als centres educatius per potenciar i dinamitzar el gust per a la lectura.<\/p>\n<h4><strong>Bibliomaleta de llibres de ci\u00e8ncia <\/strong><\/h4>\n<p>El CRP (centre de recursos pedag\u00f2gics) de Nou Barris ens deixa en pr\u00e9stec, cada curs, unes maletes amb una selecci\u00f3 de llibres al voltant de diferents tem\u00e0tiques cient\u00edfiques apropiats per a tots els cicles de prim\u00e0ria perqu\u00e8 tots els nens i nenes puguin gaudir d\u2019ells durant un mes.<\/p>\n<p>L\u2019objectiu principal \u00e9s facilitar recursos als centres educatius per fomentar una mirada din\u00e0mica i experimental de la ci\u00e8ncia, per potenciar el gust per ella.<\/p>\n<h4><strong>Maleta pedag\u00f2gica de les emocions<\/strong><\/h4>\n<p>El CRP (centre de recursos pedag\u00f2gics) de Nou Barris ens deixa en pr\u00e9stec, cada curs, una maleta amb una selecci\u00f3 de materials: llibres, objectes, l\u00e0mines, etc., acompanyades d\u2019una guia de propostes did\u00e0ctiques per fer a l\u2019aula. La finalitat \u00e9s facilitar que l\u2019alumne prengui consci\u00e8ncia de les seves emocions, les reconegui, les relacioni amb diferents situacions viscudes i vagi adonant-se de les seves pr\u00f2pies actituds i possibles formes de superaci\u00f3. L\u2019objectiu principal \u00e9s facilitar recursos als centres educatius, que ajudin a tractar amb els alumnes q\u00fcestions emocionals b\u00e0siques (por, tristesa, f\u00e0stic, enuig, alegria, sorpresa, amor)<\/p>\n<h4><strong>Maleta toquem les mates <\/strong><\/h4>\n<p>El CRP (centre de recursos pedag\u00f2gics) de Nou Barris ens deixa en pr\u00e9stec, cada curs, una maleta amb una selecci\u00f3 de materials, principalment jocs, adient al Cicle Mitja i Superior de prim\u00e0ria on poder treballar les matem\u00e0tiques d\u2019una forma m\u00e9s l\u00fadica, atractiva i motivadora. Els jocs estan pensats perqu\u00e8 desenvolupin: la capacitat de concentraci\u00f3, de reflexi\u00f3, el raonament i el pensament l\u00f2gic, les estrat\u00e8gies i la coordinaci\u00f3; aix\u00ed com : el treball cooperatiu, el respecte, l\u2019autonomia, la presa de decisions.<\/p>\n<p>Dins d\u2019aquesta maleta trobem jocs com: My Rummy, \u00a0Quoridor, Prof, Marbles, Les C\u00fapules De Leonardo, Cuboro Standard, Triovisi\u00f3n, Awale, Zahlem \u2013 Mobile, Gobblet!, El Joc Dels Gratacels, Laboratori De Matem\u00e0tiques i D-Iced.<\/p>\n","protected":false},"excerpt":{"rendered":"<p>Programes de promoci\u00f3 de la salut a les escoles<br \/>\nPla de consum de fruita<br \/>\nDes de ja fa uns anys la nostra escola participa en el Pla de consum de fruita impulsat per als Departaments\u00a0d\u2019Agricultura, Salut i Ensenyament en el marc d\u2019una iniciativa de la Uni\u00f3 Europea.<br \/>\nEl&hellip;  <a href=\"https:\/\/agora.xtec.cat\/ceip-marinada-barcelona\/projecte-educatiu\/programa-cicle-mitja\/\" title=\"Read Programa Cicle Mitj\u00e0\">Llegeix m\u00e9s\u00bb<\/a><\/p>\n","protected":false},"author":1,"featured_media":0,"parent":64,"menu_order":70,"comment_status":"closed","ping_status":"closed","template":"page-templates\/side-menu.php","meta":{"_bbp_topic_count":0,"_bbp_reply_count":0,"_bbp_total_topic_count":0,"_bbp_total_reply_count":0,"_bbp_voice_count":0,"_bbp_anonymous_reply_count":0,"_bbp_topic_count_hidden":0,"_bbp_reply_count_hidden":0,"_bbp_forum_subforum_count":0,"footnotes":""},"class_list":["post-1878","page","type-page","status-publish","hentry"],"post_mailing_queue_ids":[],"_links":{"self":[{"href":"https:\/\/agora.xtec.cat\/ceip-marinada-barcelona\/wp-json\/wp\/v2\/pages\/1878","targetHints":{"allow":["GET"]}}],"collection":[{"href":"https:\/\/agora.xtec.cat\/ceip-marinada-barcelona\/wp-json\/wp\/v2\/pages"}],"about":[{"href":"https:\/\/agora.xtec.cat\/ceip-marinada-barcelona\/wp-json\/wp\/v2\/types\/page"}],"author":[{"embeddable":true,"href":"https:\/\/agora.xtec.cat\/ceip-marinada-barcelona\/wp-json\/wp\/v2\/users\/1"}],"replies":[{"embeddable":true,"href":"https:\/\/agora.xtec.cat\/ceip-marinada-barcelona\/wp-json\/wp\/v2\/comments?post=1878"}],"version-history":[{"count":1,"href":"https:\/\/agora.xtec.cat\/ceip-marinada-barcelona\/wp-json\/wp\/v2\/pages\/1878\/revisions"}],"predecessor-version":[{"id":1879,"href":"https:\/\/agora.xtec.cat\/ceip-marinada-barcelona\/wp-json\/wp\/v2\/pages\/1878\/revisions\/1879"}],"up":[{"embeddable":true,"href":"https:\/\/agora.xtec.cat\/ceip-marinada-barcelona\/wp-json\/wp\/v2\/pages\/64"}],"wp:attachment":[{"href":"https:\/\/agora.xtec.cat\/ceip-marinada-barcelona\/wp-json\/wp\/v2\/media?parent=1878"}],"curies":[{"name":"wp","href":"https:\/\/api.w.org\/{rel}","templated":true}]}}